{"id":17174,"date":"2021-03-10T15:02:25","date_gmt":"2021-03-10T07:02:25","guid":{"rendered":"https:\/\/www.fjpremium.com\/?post_type=product&#038;p=17174"},"modified":"2023-09-18T15:47:09","modified_gmt":"2023-09-18T07:47:09","slug":"usb-c-male-to-hdmi-male-adapter-cable-up-to-8k60hz","status":"publish","type":"product","link":"https:\/\/www.fjpremium.com\/de\/product\/usb-c-male-to-hdmi-male-adapter-cable-up-to-8k60hz\/","title":{"rendered":"Stecker auf Stecker USB Typ C HDMI Adapterkabel, bis zu 8K@60Hz"},"content":{"rendered":"<p>Dieses Kabel bietet eine zuverl\u00e4ssige, hochwertige Verbindung von Ger\u00e4ten mit USB-Typ-C-Anschl\u00fcssen zu HDMI-f\u00e4higen Bildschirmen wie HDTVs, Monitoren oder Projektoren.<\/p>\n<p>Er unterst\u00fctzt eine beeindruckende Aufl\u00f6sung von bis zu 8K@60Hz und sorgt so f\u00fcr eine herausragende visuelle Wiedergabetreue. Zu den kompatiblen Ger\u00e4ten geh\u00f6ren au\u00dferdem Smartphones, Tablets und Computer.<\/p>\n<p>Das Kabel verf\u00fcgt \u00fcber vergoldete Kontakte und Geh\u00e4use sowie einen reversiblen, symmetrischen USB-Typ-C-Stecker f\u00fcr eine einfache Nutzung.<\/p>\n<p>Bemerkenswert ist auch die robuste Konstruktion mit einem verzinnten Kupferleiter und dreifacher Abschirmung.<\/p>\n<p>Seine Spezifikationen:<\/p>\n<ul>\n<li>Anschluss 1: USB Typ-C Stecker<\/li>\n<li>Anschluss 2: HDMI 19 Pin Stecker<\/li>\n<li>Isolierung: Gesch\u00e4umte PE-Haut\/HDPE<\/li>\n<li>Drahtst\u00e4rke: 32\/32\/26AWG<\/li>\n<li>Geh\u00e4use: ABS\/Aluminium-Schale<\/li>\n<li>Chipsatz: RTD2171U oder AG9310 oder RTD2172U<\/li>\n<li>Mantel: PVC<\/li>\n<li>\u00c4u\u00dferer Durchmesser: 4,5\u00b10,2mm<\/li>\n<\/ul>\n<p>Dar\u00fcber hinaus werden all diese Funktionen in einem Paket angeboten, das die RoHS-, REACH- und CE-Richtlinien erf\u00fcllt, was seine \u00fcberragende Qualit\u00e4t unterstreicht.<\/p>\n<p>Kontaktieren Sie uns also noch heute und investieren Sie in unser USB Typ C HDMI Adapterkabel.<\/p>","protected":false},"excerpt":{"rendered":"<p>Wir pr\u00e4sentieren unser USB-Typ-C-HDMI-Adapterkabel, das eine optimale Videoqualit\u00e4t von bis zu 8K@60Hz gew\u00e4hrleistet und sich perfekt f\u00fcr Ger\u00e4te mit einem USB-C-Anschluss zum Anschluss an HDMI-Displays eignet.<\/p>","protected":false},"featured_media":17176,"template":"","meta":{"_acf_changed":false,"_seopress_robots_primary_cat":"","_seopress_titles_title":"Best Male to Male USB Type C HDMI Adapter Cable - Farsince","_seopress_titles_desc":"","_seopress_robots_index":"","site-sidebar-layout":"default","site-content-layout":"default","ast-site-content-layout":"default","site-content-style":"default","site-sidebar-style":"default","ast-global-header-display":"","ast-banner-title-visibility":"","ast-main-header-display":"","ast-hfb-above-header-display":"","ast-hfb-below-header-display":"","ast-hfb-mobile-header-display":"","site-post-title":"","ast-breadcrumbs-content":"","ast-featured-img":"","footer-sml-layout":"","ast-disable-related-posts":"","theme-transparent-header-meta":"default","adv-header-id-meta":"","stick-header-meta":"","header-above-stick-meta":"","header-main-stick-meta":"","header-below-stick-meta":"","astra-migrate-meta-layouts":"set","ast-page-background-enabled":"default","ast-page-background-meta":{"desktop":{"background-color":"","background-image":"","background-repeat":"repeat","background-position":"center center","background-size":"auto","background-attachment":"scroll","background-type":"","background-media":"","overlay-type":"","overlay-color":"","overlay-opacity":"","overlay-gradient":""},"tablet":{"background-color":"","background-image":"","background-repeat":"repeat","background-position":"center center","background-size":"auto","background-attachment":"scroll","background-type":"","background-media":"","overlay-type":"","overlay-color":"","overlay-opacity":"","overlay-gradient":""},"mobile":{"background-color":"","background-image":"","background-repeat":"repeat","background-position":"center center","background-size":"auto","background-attachment":"scroll","background-type":"","background-media":"","overlay-type":"","overlay-color":"","overlay-opacity":"","overlay-gradient":""}},"ast-content-background-meta":{"desktop":{"background-color":"var(--ast-global-color-5)","background-image":"","background-repeat":"repeat","background-position":"center center","background-size":"auto","background-attachment":"scroll","background-type":"","background-media":"","overlay-type":"","overlay-color":"","overlay-opacity":"","overlay-gradient":""},"tablet":{"background-color":"var(--ast-global-color-5)","background-image":"","background-repeat":"repeat","background-position":"center center","background-size":"auto","background-attachment":"scroll","background-type":"","background-media":"","overlay-type":"","overlay-color":"","overlay-opacity":"","overlay-gradient":""},"mobile":{"background-color":"var(--ast-global-color-5)","background-image":"","background-repeat":"repeat","background-position":"center center","background-size":"auto","background-attachment":"scroll","background-type":"","background-media":"","overlay-type":"","overlay-color":"","overlay-opacity":"","overlay-gradient":""}},"iawp_total_views":10},"product_brand":[],"product_cat":[222],"product_tag":[],"class_list":{"0":"post-17174","1":"product","2":"type-product","3":"status-publish","4":"has-post-thumbnail","6":"product_cat-usb-c-cables","7":"desktop-align-left","8":"tablet-align-left","9":"mobile-align-left","11":"first","12":"instock","13":"shipping-taxable","14":"purchasable","15":"product-type-simple"},"acf":[],"_links":{"self":[{"href":"https:\/\/www.fjpremium.com\/de\/wp-json\/wp\/v2\/product\/17174","targetHints":{"allow":["GET"]}}],"collection":[{"href":"https:\/\/www.fjpremium.com\/de\/wp-json\/wp\/v2\/product"}],"about":[{"href":"https:\/\/www.fjpremium.com\/de\/wp-json\/wp\/v2\/types\/product"}],"wp:featuredmedia":[{"embeddable":true,"href":"https:\/\/www.fjpremium.com\/de\/wp-json\/wp\/v2\/media\/17176"}],"wp:attachment":[{"href":"https:\/\/www.fjpremium.com\/de\/wp-json\/wp\/v2\/media?parent=17174"}],"wp:term":[{"taxonomy":"product_brand","embeddable":true,"href":"https:\/\/www.fjpremium.com\/de\/wp-json\/wp\/v2\/product_brand?post=17174"},{"taxonomy":"product_cat","embeddable":true,"href":"https:\/\/www.fjpremium.com\/de\/wp-json\/wp\/v2\/product_cat?post=17174"},{"taxonomy":"product_tag","embeddable":true,"href":"https:\/\/www.fjpremium.com\/de\/wp-json\/wp\/v2\/product_tag?post=17174"}],"curies":[{"name":"wp","href":"https:\/\/api.w.org\/{rel}","templated":true}]}}