{"id":17165,"date":"2021-03-10T14:59:53","date_gmt":"2021-03-10T06:59:53","guid":{"rendered":"https:\/\/www.fjpremium.com\/?post_type=product&#038;p=17165"},"modified":"2023-09-20T10:38:56","modified_gmt":"2023-09-20T02:38:56","slug":"usb-type-c-11-in-1-hub-usb-c-to-hdmi-3usb-3-0-gigabit-lan-vga-displayport-or-mini-displayport-sd-tf-3-5mm-audio-and-pd-adapter-2","status":"publish","type":"product","link":"https:\/\/www.fjpremium.com\/de\/product\/usb-type-c-11-in-1-hub-usb-c-to-hdmi-3usb-3-0-gigabit-lan-vga-displayport-or-mini-displayport-sd-tf-3-5mm-audio-and-pd-adapter-2\/","title":{"rendered":"USB Typ C 11 in 1 Hub USB C zu HDMI 3USB 3.0 Gigabit lan VGA, DisplayPort\/oder Mini DisplayPort SD TF 3.5mm Audio, und PD Adapter"},"content":{"rendered":"<p>Unser USB Typ C 11 in 1 Hub ist eine vielseitige L\u00f6sung, um die M\u00f6glichkeiten Ihres Ger\u00e4ts zu erweitern.<\/p>\n<p>Er wird \u00fcber einen USB-Typ-C-Stecker mit Ihrem Ger\u00e4t verbunden und bietet eine Reihe von Anschl\u00fcssen, darunter HDMI, VGA, drei USB 3.0-Anschl\u00fcsse, Gigabit-LAN, DisplayPort\/Mini DisplayPort, SD, TF, 3,5 mm Audio und PD.<\/p>\n<p>Au\u00dferdem bietet es 4K-Aufl\u00f6sung bei 30 Hz \u00fcber HDMI und DisplayPort\/Mini DisplayPort, 1080P \u00fcber VGA, High-Speed-USB 3.0-\u00dcbertragung mit bis zu 5 Gbit\/s, Gigabit-Ethernet-Unterst\u00fctzung mit bis zu 1000 Mbit\/s und PD-Laden mit bis zu 87 W.<\/p>\n<p>Seine Spezifikationen:<\/p>\n<ul>\n<li>Vergoldeter Kontakt, vergoldetes Geh\u00e4use<\/li>\n<li>Kabel-Leiter: Verzinntes Kupfer<\/li>\n<li>Isolierung: Gesch\u00e4umte PE-Haut\/HDPE<\/li>\n<li>Drahtst\u00e4rke: 32\/32\/26AWG<\/li>\n<li>Dreifach abgeschirmt: verdrilltes Paar aus Aluminiumfolie, Gesamtaluminiumfolie, Geflecht<\/li>\n<li>Geh\u00e4use: Aluminium-Schale<\/li>\n<li>Chip: Optional<\/li>\n<li>Mantel: PVC<\/li>\n<li>\u00c4u\u00dferer Durchmesser: 4,2\u00b10,2mm<\/li>\n<li>Einhaltung der Vorschriften: RoHS, REACH, CE<\/li>\n<\/ul>\n<p>Au\u00dferdem ist f\u00fcr den Betrieb kein zus\u00e4tzlicher Treiber erforderlich. Kontaktieren Sie uns also noch heute und bestellen Sie unsere kompakte und dennoch leistungsstarke Nabe.<\/p>","protected":false},"excerpt":{"rendered":"<p>Der USB Type C 11-in-1-Hub von Farsince ist das ultimative Konnektivit\u00e4tszubeh\u00f6r und bietet HDMI-, VGA-, USB 3.0-, Gigabit-LAN-, DisplayPort\/Mini DisplayPort-, SD-, TF-, Audio- und PD-Anschl\u00fcsse.<\/p>","protected":false},"featured_media":17166,"template":"","meta":{"_acf_changed":false,"_seopress_robots_primary_cat":"","_seopress_titles_title":"Best USB Type C 11 in 1 Hub - Farsince","_seopress_titles_desc":"","_seopress_robots_index":"","site-sidebar-layout":"default","site-content-layout":"default","ast-site-content-layout":"default","site-content-style":"default","site-sidebar-style":"default","ast-global-header-display":"","ast-banner-title-visibility":"","ast-main-header-display":"","ast-hfb-above-header-display":"","ast-hfb-below-header-display":"","ast-hfb-mobile-header-display":"","site-post-title":"","ast-breadcrumbs-content":"","ast-featured-img":"","footer-sml-layout":"","ast-disable-related-posts":"","theme-transparent-header-meta":"default","adv-header-id-meta":"","stick-header-meta":"","header-above-stick-meta":"","header-main-stick-meta":"","header-below-stick-meta":"","astra-migrate-meta-layouts":"set","ast-page-background-enabled":"default","ast-page-background-meta":{"desktop":{"background-color":"","background-image":"","background-repeat":"repeat","background-position":"center center","background-size":"auto","background-attachment":"scroll","background-type":"","background-media":"","overlay-type":"","overlay-color":"","overlay-opacity":"","overlay-gradient":""},"tablet":{"background-color":"","background-image":"","background-repeat":"repeat","background-position":"center center","background-size":"auto","background-attachment":"scroll","background-type":"","background-media":"","overlay-type":"","overlay-color":"","overlay-opacity":"","overlay-gradient":""},"mobile":{"background-color":"","background-image":"","background-repeat":"repeat","background-position":"center center","background-size":"auto","background-attachment":"scroll","background-type":"","background-media":"","overlay-type":"","overlay-color":"","overlay-opacity":"","overlay-gradient":""}},"ast-content-background-meta":{"desktop":{"background-color":"var(--ast-global-color-5)","background-image":"","background-repeat":"repeat","background-position":"center center","background-size":"auto","background-attachment":"scroll","background-type":"","background-media":"","overlay-type":"","overlay-color":"","overlay-opacity":"","overlay-gradient":""},"tablet":{"background-color":"var(--ast-global-color-5)","background-image":"","background-repeat":"repeat","background-position":"center center","background-size":"auto","background-attachment":"scroll","background-type":"","background-media":"","overlay-type":"","overlay-color":"","overlay-opacity":"","overlay-gradient":""},"mobile":{"background-color":"var(--ast-global-color-5)","background-image":"","background-repeat":"repeat","background-position":"center center","background-size":"auto","background-attachment":"scroll","background-type":"","background-media":"","overlay-type":"","overlay-color":"","overlay-opacity":"","overlay-gradient":""}},"iawp_total_views":10},"product_brand":[],"product_cat":[222],"product_tag":[],"class_list":{"0":"post-17165","1":"product","2":"type-product","3":"status-publish","4":"has-post-thumbnail","6":"product_cat-usb-c-cables","7":"desktop-align-left","8":"tablet-align-left","9":"mobile-align-left","11":"first","12":"instock","13":"shipping-taxable","14":"purchasable","15":"product-type-simple"},"acf":[],"_links":{"self":[{"href":"https:\/\/www.fjpremium.com\/de\/wp-json\/wp\/v2\/product\/17165","targetHints":{"allow":["GET"]}}],"collection":[{"href":"https:\/\/www.fjpremium.com\/de\/wp-json\/wp\/v2\/product"}],"about":[{"href":"https:\/\/www.fjpremium.com\/de\/wp-json\/wp\/v2\/types\/product"}],"wp:featuredmedia":[{"embeddable":true,"href":"https:\/\/www.fjpremium.com\/de\/wp-json\/wp\/v2\/media\/17166"}],"wp:attachment":[{"href":"https:\/\/www.fjpremium.com\/de\/wp-json\/wp\/v2\/media?parent=17165"}],"wp:term":[{"taxonomy":"product_brand","embeddable":true,"href":"https:\/\/www.fjpremium.com\/de\/wp-json\/wp\/v2\/product_brand?post=17165"},{"taxonomy":"product_cat","embeddable":true,"href":"https:\/\/www.fjpremium.com\/de\/wp-json\/wp\/v2\/product_cat?post=17165"},{"taxonomy":"product_tag","embeddable":true,"href":"https:\/\/www.fjpremium.com\/de\/wp-json\/wp\/v2\/product_tag?post=17165"}],"curies":[{"name":"wp","href":"https:\/\/api.w.org\/{rel}","templated":true}]}}