{"id":17160,"date":"2021-03-10T14:57:56","date_gmt":"2021-03-10T06:57:56","guid":{"rendered":"https:\/\/www.fjpremium.com\/?post_type=product&#038;p=17160"},"modified":"2023-09-18T15:41:07","modified_gmt":"2023-09-18T07:41:07","slug":"usb-type-c-11-in-1-hub-usb-c-to-hdmi-3usb-3-0-gigabit-lan-vga-displayport-or-mini-displayport-sd-tf-3-5mm-audio-and-pd-adapter","status":"publish","type":"product","link":"https:\/\/www.fjpremium.com\/de\/product\/usb-type-c-11-in-1-hub-usb-c-to-hdmi-3usb-3-0-gigabit-lan-vga-displayport-or-mini-displayport-sd-tf-3-5mm-audio-and-pd-adapter\/","title":{"rendered":"USB Typ C 11 in 1 Hub USB C zu HDMI 3USB 3.0 Gigabit Lan VGA, DisplayPort\/or Mini DisplayPort SD TF 3.5mm Audio und PD Adapter"},"content":{"rendered":"<p>Der Hub erm\u00f6glicht es Ihrem Ger\u00e4t, seine Anschlussm\u00f6glichkeiten mit einer Vielzahl von Anschl\u00fcssen zu erweitern, darunter HDMI, VGA, 3USB 3.0, ein Gigabit-LAN, DisplayPort\/Mini DisplayPort, SD, TF, 3,5 mm Audio und ein USB-C PD-Adapter.<\/p>\n<p>Genie\u00dfen Sie eine erstklassige Aufl\u00f6sung mit HDMI bis zu 4K@30Hz und VGA bis zu 1080P@60Hz, oder \u00fcbertragen Sie Daten schnell mit USB 3.0, das Geschwindigkeiten von bis zu 5Gbps erreicht.<\/p>\n<p>Die SD- und TF-Kartenleser k\u00f6nnen \u00dcbertragungen mit bis zu 100 M\/s verarbeiten, w\u00e4hrend der Gigabit-Ethernet-Anschluss schnelle kabelgebundene Verbindungen erm\u00f6glicht.<\/p>\n<p>Mit einem PD-Ladeanschluss, der bis zu 87 W unterst\u00fctzt, ist unser Hub immer mit hoher Leistung ausgestattet.<\/p>\n<p>Seine Spezifikationen:<\/p>\n<ul>\n<li>Vergoldeter Kontakt; vergoldetes Geh\u00e4use<\/li>\n<li>Kabel-Leiter: Verzinntes Kupfer<\/li>\n<li>Isolierung: Gesch\u00e4umte PE-Haut\/HDPE<\/li>\n<li>Drahtst\u00e4rke: 32\/32\/26AWG<\/li>\n<li>Dreifach abgeschirmt: verdrilltes Paar aus Aluminiumfolie, Gesamtaluminiumfolie, Geflecht<\/li>\n<li>Geh\u00e4use: Aluminium-Schale<\/li>\n<li>Chip: Optional<\/li>\n<li>Mantel: PVC<\/li>\n<li>\u00c4u\u00dferer Durchmesser: 4,2\u00b10,2mm<\/li>\n<li>Einhaltung der Vorschriften: RoHS, REACH, CE<\/li>\n<\/ul>\n<p>Au\u00dferdem werden keine Treiber ben\u00f6tigt, einfach einstecken und loslegen. Daher kontaktieren Sie uns noch heute und bestellen Sie diesen Typ C 11 in 1 Hub.<\/p>","protected":false},"excerpt":{"rendered":"<p>Erleben Sie maximale Konnektivit\u00e4t und Leistung mit dem 11-in-1-Hub Typ C von Farsince, der \u00fcber Anschl\u00fcsse f\u00fcr HDMI, VGA, USB 3.0, Gigabit-LAN und mehr verf\u00fcgt.<\/p>","protected":false},"featured_media":17161,"template":"","meta":{"_acf_changed":false,"_seopress_robots_primary_cat":"","_seopress_titles_title":"USB Type C 11 in 1 Hub USB C to HDMI 3USB 3.0 Gigabit Lan VGA - Farsince","_seopress_titles_desc":"","_seopress_robots_index":"","site-sidebar-layout":"default","site-content-layout":"default","ast-site-content-layout":"default","site-content-style":"default","site-sidebar-style":"default","ast-global-header-display":"","ast-banner-title-visibility":"","ast-main-header-display":"","ast-hfb-above-header-display":"","ast-hfb-below-header-display":"","ast-hfb-mobile-header-display":"","site-post-title":"","ast-breadcrumbs-content":"","ast-featured-img":"","footer-sml-layout":"","ast-disable-related-posts":"","theme-transparent-header-meta":"default","adv-header-id-meta":"","stick-header-meta":"","header-above-stick-meta":"","header-main-stick-meta":"","header-below-stick-meta":"","astra-migrate-meta-layouts":"set","ast-page-background-enabled":"default","ast-page-background-meta":{"desktop":{"background-color":"","background-image":"","background-repeat":"repeat","background-position":"center center","background-size":"auto","background-attachment":"scroll","background-type":"","background-media":"","overlay-type":"","overlay-color":"","overlay-opacity":"","overlay-gradient":""},"tablet":{"background-color":"","background-image":"","background-repeat":"repeat","background-position":"center center","background-size":"auto","background-attachment":"scroll","background-type":"","background-media":"","overlay-type":"","overlay-color":"","overlay-opacity":"","overlay-gradient":""},"mobile":{"background-color":"","background-image":"","background-repeat":"repeat","background-position":"center center","background-size":"auto","background-attachment":"scroll","background-type":"","background-media":"","overlay-type":"","overlay-color":"","overlay-opacity":"","overlay-gradient":""}},"ast-content-background-meta":{"desktop":{"background-color":"var(--ast-global-color-5)","background-image":"","background-repeat":"repeat","background-position":"center center","background-size":"auto","background-attachment":"scroll","background-type":"","background-media":"","overlay-type":"","overlay-color":"","overlay-opacity":"","overlay-gradient":""},"tablet":{"background-color":"var(--ast-global-color-5)","background-image":"","background-repeat":"repeat","background-position":"center center","background-size":"auto","background-attachment":"scroll","background-type":"","background-media":"","overlay-type":"","overlay-color":"","overlay-opacity":"","overlay-gradient":""},"mobile":{"background-color":"var(--ast-global-color-5)","background-image":"","background-repeat":"repeat","background-position":"center center","background-size":"auto","background-attachment":"scroll","background-type":"","background-media":"","overlay-type":"","overlay-color":"","overlay-opacity":"","overlay-gradient":""}},"iawp_total_views":3},"product_brand":[],"product_cat":[222],"product_tag":[],"class_list":{"0":"post-17160","1":"product","2":"type-product","3":"status-publish","4":"has-post-thumbnail","6":"product_cat-usb-c-cables","7":"desktop-align-left","8":"tablet-align-left","9":"mobile-align-left","11":"first","12":"instock","13":"shipping-taxable","14":"purchasable","15":"product-type-simple"},"acf":[],"_links":{"self":[{"href":"https:\/\/www.fjpremium.com\/de\/wp-json\/wp\/v2\/product\/17160","targetHints":{"allow":["GET"]}}],"collection":[{"href":"https:\/\/www.fjpremium.com\/de\/wp-json\/wp\/v2\/product"}],"about":[{"href":"https:\/\/www.fjpremium.com\/de\/wp-json\/wp\/v2\/types\/product"}],"wp:featuredmedia":[{"embeddable":true,"href":"https:\/\/www.fjpremium.com\/de\/wp-json\/wp\/v2\/media\/17161"}],"wp:attachment":[{"href":"https:\/\/www.fjpremium.com\/de\/wp-json\/wp\/v2\/media?parent=17160"}],"wp:term":[{"taxonomy":"product_brand","embeddable":true,"href":"https:\/\/www.fjpremium.com\/de\/wp-json\/wp\/v2\/product_brand?post=17160"},{"taxonomy":"product_cat","embeddable":true,"href":"https:\/\/www.fjpremium.com\/de\/wp-json\/wp\/v2\/product_cat?post=17160"},{"taxonomy":"product_tag","embeddable":true,"href":"https:\/\/www.fjpremium.com\/de\/wp-json\/wp\/v2\/product_tag?post=17160"}],"curies":[{"name":"wp","href":"https:\/\/api.w.org\/{rel}","templated":true}]}}