{"id":17157,"date":"2021-03-10T14:57:10","date_gmt":"2021-03-10T06:57:10","guid":{"rendered":"https:\/\/www.fjpremium.com\/?post_type=product&#038;p=17157"},"modified":"2023-09-18T15:39:25","modified_gmt":"2023-09-18T07:39:25","slug":"usb-type-c-10-in-1-hub-usb-c-to-hdmi-3usb-3-0-gigabit-ethernet-vga-sd-tf-audio-and-pd-adapter-2","status":"publish","type":"product","link":"https:\/\/www.fjpremium.com\/de\/product\/usb-type-c-10-in-1-hub-usb-c-to-hdmi-3usb-3-0-gigabit-ethernet-vga-sd-tf-audio-and-pd-adapter-2\/","title":{"rendered":"USB Typ C 10 in 1 Hub USB C zu HDMI 3USB 3.0, Gigabit-Ethernet, VGA, SD, TF, Audio und PD Adapter"},"content":{"rendered":"<p>Unser Hub erm\u00f6glicht Ihnen alles, von der Bildschirmfreigabe bis zur Daten\u00fcbertragung.<\/p>\n<p>Sie k\u00f6nnen die Funktionen Ihres Ger\u00e4ts mit HDMI, VGA, 3USB 3.0-Anschl\u00fcssen, einem SD- und TF-Kartenleser, 3,5-mm-Audio, Gigabit-Ethernet und einem PD-Adapter erweitern.<\/p>\n<p>Und Sie k\u00f6nnen Ihre Arbeit auf einem gr\u00f6\u00dferen Bildschirm mit 4K@30Hz HDMI- und 1080P@60Hz VGA-Funktionen anzeigen.<\/p>\n<p>Die USB 3.0-Anschl\u00fcsse bieten eine Hochgeschwindigkeits-Daten\u00fcbertragung von bis zu 5 Gbps, w\u00e4hrend die SD- und TF-Kartensteckpl\u00e4tze Geschwindigkeiten von bis zu 100M\/s erm\u00f6glichen.<\/p>\n<p>Dieser Hub bleibt mit dem Gigabit-Ethernet-Anschluss verbunden und h\u00e4lt Ihr Ger\u00e4t mit dem 87-W-PD-Adapter geladen.<\/p>\n<p>Seine Spezifikationen:<\/p>\n<ul>\n<li>Vergoldeter Kontakt; vergoldetes Geh\u00e4use<\/li>\n<li>Kabel-Leiter: Verzinntes Kupfer<\/li>\n<li>Isolierung: Gesch\u00e4umte PE-Haut\/HDPE<\/li>\n<li>Drahtst\u00e4rke: 32\/32\/26AWG<\/li>\n<li>Dreifach abgeschirmt: verdrilltes Paar aus Aluminiumfolie, Gesamtaluminiumfolie, Geflecht<\/li>\n<li>Geh\u00e4use: Aluminium-Schale<\/li>\n<li>Chip: Optional<\/li>\n<li>Mantel: PVC<\/li>\n<li>\u00c4u\u00dferer Durchmesser: 4,2\u00b10,2mm<\/li>\n<li>Einhaltung der Vorschriften: RoHS, REACH, CE<\/li>\n<\/ul>\n<p>Au\u00dferdem ist er bereit f\u00fcr Plug-and-Play ohne zus\u00e4tzliche Treiber. Kontaktieren Sie uns also noch heute und bestellen Sie den Typ C 10 in 1 Hub.<\/p>","protected":false},"excerpt":{"rendered":"<p>Steigern Sie Ihr Technikerlebnis mit dem 10-in-1-Hub Typ C von Farsince. Er bietet schnelle Daten\u00fcbertragung und klare Anzeigefunktionen und ist ganz bequem Plug-and-Play-bereit.<\/p>","protected":false},"featured_media":17158,"template":"","meta":{"_acf_changed":false,"_seopress_robots_primary_cat":"","_seopress_titles_title":"Best USB Type C 10 in 1 hub USB C to HDMI 3USB 3.0 - Farsince","_seopress_titles_desc":"","_seopress_robots_index":"","site-sidebar-layout":"default","site-content-layout":"default","ast-site-content-layout":"default","site-content-style":"default","site-sidebar-style":"default","ast-global-header-display":"","ast-banner-title-visibility":"","ast-main-header-display":"","ast-hfb-above-header-display":"","ast-hfb-below-header-display":"","ast-hfb-mobile-header-display":"","site-post-title":"","ast-breadcrumbs-content":"","ast-featured-img":"","footer-sml-layout":"","ast-disable-related-posts":"","theme-transparent-header-meta":"default","adv-header-id-meta":"","stick-header-meta":"","header-above-stick-meta":"","header-main-stick-meta":"","header-below-stick-meta":"","astra-migrate-meta-layouts":"set","ast-page-background-enabled":"default","ast-page-background-meta":{"desktop":{"background-color":"","background-image":"","background-repeat":"repeat","background-position":"center center","background-size":"auto","background-attachment":"scroll","background-type":"","background-media":"","overlay-type":"","overlay-color":"","overlay-opacity":"","overlay-gradient":""},"tablet":{"background-color":"","background-image":"","background-repeat":"repeat","background-position":"center center","background-size":"auto","background-attachment":"scroll","background-type":"","background-media":"","overlay-type":"","overlay-color":"","overlay-opacity":"","overlay-gradient":""},"mobile":{"background-color":"","background-image":"","background-repeat":"repeat","background-position":"center center","background-size":"auto","background-attachment":"scroll","background-type":"","background-media":"","overlay-type":"","overlay-color":"","overlay-opacity":"","overlay-gradient":""}},"ast-content-background-meta":{"desktop":{"background-color":"var(--ast-global-color-5)","background-image":"","background-repeat":"repeat","background-position":"center center","background-size":"auto","background-attachment":"scroll","background-type":"","background-media":"","overlay-type":"","overlay-color":"","overlay-opacity":"","overlay-gradient":""},"tablet":{"background-color":"var(--ast-global-color-5)","background-image":"","background-repeat":"repeat","background-position":"center center","background-size":"auto","background-attachment":"scroll","background-type":"","background-media":"","overlay-type":"","overlay-color":"","overlay-opacity":"","overlay-gradient":""},"mobile":{"background-color":"var(--ast-global-color-5)","background-image":"","background-repeat":"repeat","background-position":"center center","background-size":"auto","background-attachment":"scroll","background-type":"","background-media":"","overlay-type":"","overlay-color":"","overlay-opacity":"","overlay-gradient":""}},"iawp_total_views":12},"product_brand":[],"product_cat":[222],"product_tag":[],"class_list":{"0":"post-17157","1":"product","2":"type-product","3":"status-publish","4":"has-post-thumbnail","6":"product_cat-usb-c-cables","7":"desktop-align-left","8":"tablet-align-left","9":"mobile-align-left","11":"first","12":"instock","13":"shipping-taxable","14":"purchasable","15":"product-type-simple"},"acf":[],"_links":{"self":[{"href":"https:\/\/www.fjpremium.com\/de\/wp-json\/wp\/v2\/product\/17157","targetHints":{"allow":["GET"]}}],"collection":[{"href":"https:\/\/www.fjpremium.com\/de\/wp-json\/wp\/v2\/product"}],"about":[{"href":"https:\/\/www.fjpremium.com\/de\/wp-json\/wp\/v2\/types\/product"}],"wp:featuredmedia":[{"embeddable":true,"href":"https:\/\/www.fjpremium.com\/de\/wp-json\/wp\/v2\/media\/17158"}],"wp:attachment":[{"href":"https:\/\/www.fjpremium.com\/de\/wp-json\/wp\/v2\/media?parent=17157"}],"wp:term":[{"taxonomy":"product_brand","embeddable":true,"href":"https:\/\/www.fjpremium.com\/de\/wp-json\/wp\/v2\/product_brand?post=17157"},{"taxonomy":"product_cat","embeddable":true,"href":"https:\/\/www.fjpremium.com\/de\/wp-json\/wp\/v2\/product_cat?post=17157"},{"taxonomy":"product_tag","embeddable":true,"href":"https:\/\/www.fjpremium.com\/de\/wp-json\/wp\/v2\/product_tag?post=17157"}],"curies":[{"name":"wp","href":"https:\/\/api.w.org\/{rel}","templated":true}]}}