{"id":17133,"date":"2021-03-10T14:50:26","date_gmt":"2021-03-10T06:50:26","guid":{"rendered":"https:\/\/www.fjpremium.com\/?post_type=product&#038;p=17133"},"modified":"2023-09-18T15:12:47","modified_gmt":"2023-09-18T07:12:47","slug":"usb-type-c-to-hdmi-2usb-3-0-gigabit-lan-vga-sd-3-5mm-audio-and-pd-8-in-1-usb-c-hub-adapter","status":"publish","type":"product","link":"https:\/\/www.fjpremium.com\/de\/product\/usb-type-c-to-hdmi-2usb-3-0-gigabit-lan-vga-sd-3-5mm-audio-and-pd-8-in-1-usb-c-hub-adapter\/","title":{"rendered":"USB Typ C 8 in 1 Bester USB C Hub Adapter"},"content":{"rendered":"<p>Der auf Effizienz ausgelegte Hub verf\u00fcgt \u00fcber 4K@30Hz HDMI- und 1080P VGA-Funktionen f\u00fcr eine hervorragende visuelle Ausgabe.<\/p>\n<p>Die 2USB 3.0-Anschl\u00fcsse bieten eine schnelle \u00dcbertragungsrate von 5 Gbps f\u00fcr Ihre Peripherieger\u00e4te, w\u00e4hrend der integrierte SD-Steckplatz einen schnellen Dateizugriff mit bis zu 100M\/s erm\u00f6glicht.<\/p>\n<p>Unser Hub bleibt mit dem robusten Gigabit-Ethernet-Port online und unterst\u00fctzt 1000M Kabelverbindungen.<\/p>\n<p>Und die Power Delivery (PD) liefert bis zu 87 W, damit Ihre Ger\u00e4te immer voll geladen sind.<\/p>\n<p>Seine Spezifikationen:<\/p>\n<ul>\n<li>Vergoldeter Kontakt; vergoldetes Geh\u00e4use<\/li>\n<li>Kabel-Leiter: Verzinntes Kupfer<\/li>\n<li>Isolierung: Gesch\u00e4umte PE-Haut\/HDPE<\/li>\n<li>Drahtst\u00e4rke: 32\/32\/26AWG<\/li>\n<li>Dreifach abgeschirmt: verdrilltes Paar aus Aluminiumfolie, Gesamtaluminiumfolie, Geflecht<\/li>\n<li>Geh\u00e4use: Aluminium-Schale<\/li>\n<li>Chip: Optional<\/li>\n<li>Mantel: PVC<\/li>\n<li>\u00c4u\u00dferer Durchmesser: 4,2\u00b10,2mm<\/li>\n<li>Einhaltung der Vorschriften: RoHS, REACH, CE<\/li>\n<\/ul>\n<p>Au\u00dferdem sind keine zus\u00e4tzlichen Treiber erforderlich; einfach einstecken und loslegen.<\/p>\n<p>Das kompakte, leichte und elegante Design aus raumgrauem Aluminium ist das ultimative Zubeh\u00f6r f\u00fcr Ihren Laptop, Computer, Ihr Tablet oder Ihr Mobiltelefon.<\/p>\n<p>Zusammenfassend l\u00e4sst sich sagen, dass Sie uns noch heute kontaktieren und diesen besten USB-C-Hub-Adapter bestellen sollten.<\/p>","protected":false},"excerpt":{"rendered":"<p>Revolutionieren Sie das Konnektivit\u00e4tserlebnis mit dem besten 8-in-1-USB-C-Hub-Adapter von Farsince, leicht, kompakt und elegant f\u00fcr den modernen Benutzer gestaltet.<\/p>","protected":false},"featured_media":17134,"template":"","meta":{"_acf_changed":false,"_seopress_robots_primary_cat":"","_seopress_titles_title":"USB Type C 8 in 1 Best USB C Hub Adapter - FARSINCE","_seopress_titles_desc":"","_seopress_robots_index":"","site-sidebar-layout":"default","site-content-layout":"default","ast-site-content-layout":"default","site-content-style":"default","site-sidebar-style":"default","ast-global-header-display":"","ast-banner-title-visibility":"","ast-main-header-display":"","ast-hfb-above-header-display":"","ast-hfb-below-header-display":"","ast-hfb-mobile-header-display":"","site-post-title":"","ast-breadcrumbs-content":"","ast-featured-img":"","footer-sml-layout":"","ast-disable-related-posts":"","theme-transparent-header-meta":"default","adv-header-id-meta":"","stick-header-meta":"","header-above-stick-meta":"","header-main-stick-meta":"","header-below-stick-meta":"","astra-migrate-meta-layouts":"set","ast-page-background-enabled":"default","ast-page-background-meta":{"desktop":{"background-color":"","background-image":"","background-repeat":"repeat","background-position":"center center","background-size":"auto","background-attachment":"scroll","background-type":"","background-media":"","overlay-type":"","overlay-color":"","overlay-opacity":"","overlay-gradient":""},"tablet":{"background-color":"","background-image":"","background-repeat":"repeat","background-position":"center center","background-size":"auto","background-attachment":"scroll","background-type":"","background-media":"","overlay-type":"","overlay-color":"","overlay-opacity":"","overlay-gradient":""},"mobile":{"background-color":"","background-image":"","background-repeat":"repeat","background-position":"center center","background-size":"auto","background-attachment":"scroll","background-type":"","background-media":"","overlay-type":"","overlay-color":"","overlay-opacity":"","overlay-gradient":""}},"ast-content-background-meta":{"desktop":{"background-color":"var(--ast-global-color-5)","background-image":"","background-repeat":"repeat","background-position":"center center","background-size":"auto","background-attachment":"scroll","background-type":"","background-media":"","overlay-type":"","overlay-color":"","overlay-opacity":"","overlay-gradient":""},"tablet":{"background-color":"var(--ast-global-color-5)","background-image":"","background-repeat":"repeat","background-position":"center center","background-size":"auto","background-attachment":"scroll","background-type":"","background-media":"","overlay-type":"","overlay-color":"","overlay-opacity":"","overlay-gradient":""},"mobile":{"background-color":"var(--ast-global-color-5)","background-image":"","background-repeat":"repeat","background-position":"center center","background-size":"auto","background-attachment":"scroll","background-type":"","background-media":"","overlay-type":"","overlay-color":"","overlay-opacity":"","overlay-gradient":""}},"iawp_total_views":7},"product_brand":[],"product_cat":[222],"product_tag":[],"class_list":{"0":"post-17133","1":"product","2":"type-product","3":"status-publish","4":"has-post-thumbnail","6":"product_cat-usb-c-cables","7":"desktop-align-left","8":"tablet-align-left","9":"mobile-align-left","11":"first","12":"instock","13":"shipping-taxable","14":"purchasable","15":"product-type-simple"},"acf":[],"_links":{"self":[{"href":"https:\/\/www.fjpremium.com\/de\/wp-json\/wp\/v2\/product\/17133","targetHints":{"allow":["GET"]}}],"collection":[{"href":"https:\/\/www.fjpremium.com\/de\/wp-json\/wp\/v2\/product"}],"about":[{"href":"https:\/\/www.fjpremium.com\/de\/wp-json\/wp\/v2\/types\/product"}],"wp:featuredmedia":[{"embeddable":true,"href":"https:\/\/www.fjpremium.com\/de\/wp-json\/wp\/v2\/media\/17134"}],"wp:attachment":[{"href":"https:\/\/www.fjpremium.com\/de\/wp-json\/wp\/v2\/media?parent=17133"}],"wp:term":[{"taxonomy":"product_brand","embeddable":true,"href":"https:\/\/www.fjpremium.com\/de\/wp-json\/wp\/v2\/product_brand?post=17133"},{"taxonomy":"product_cat","embeddable":true,"href":"https:\/\/www.fjpremium.com\/de\/wp-json\/wp\/v2\/product_cat?post=17133"},{"taxonomy":"product_tag","embeddable":true,"href":"https:\/\/www.fjpremium.com\/de\/wp-json\/wp\/v2\/product_tag?post=17133"}],"curies":[{"name":"wp","href":"https:\/\/api.w.org\/{rel}","templated":true}]}}