{"id":17124,"date":"2021-03-10T14:48:50","date_gmt":"2021-03-10T06:48:50","guid":{"rendered":"https:\/\/www.fjpremium.com\/?post_type=product&#038;p=17124"},"modified":"2023-09-18T15:10:05","modified_gmt":"2023-09-18T07:10:05","slug":"usb-type-c-to-hdm-gigabit-ethernet-2usb3-0-sd-tf-and-pd-7-in-1-usb-c-hub-adapter","status":"publish","type":"product","link":"https:\/\/www.fjpremium.com\/de\/product\/usb-type-c-to-hdm-gigabit-ethernet-2usb3-0-sd-tf-and-pd-7-in-1-usb-c-hub-adapter\/","title":{"rendered":"7 in 1 USB C Hub Adapter, USB Typ C auf HDM Gigabit Ethernet 2USB3.0 SD TF und PD"},"content":{"rendered":"<p>Mit seiner unvergleichlichen Leistung unterst\u00fctzt unser kompakter Hub-Adapter High-Definition-HDMI-Displays mit bis zu 4K@30Hz, blitzschnelle USB 3.0-\u00dcbertragungsgeschwindigkeiten von 5Gbps und eine schnelle SD\/TF-Karten-Daten\u00fcbertragung mit atemberaubenden 100M\/s.<\/p>\n<p>Mit einem Gigabit-Ethernet-Anschluss bleibt es nahtlos verbunden und verspricht ein stabiles 10\/100\/1000-Mbps-Netzwerk. Au\u00dferdem sorgt die PD-Funktionalit\u00e4t f\u00fcr eine schnelle Aufladung mit bis zu kolossalen 87 W, sodass in kritischen Momenten keine Stromausf\u00e4lle zu bef\u00fcrchten sind.<\/p>\n<p>Dieser Hub bietet au\u00dferdem Plug-and-Play-Komfort, und es werden keine zus\u00e4tzlichen Treiber ben\u00f6tigt.<\/p>\n<p>Seine Spezifikationen:<\/p>\n<ul>\n<li>Vergoldeter Kontakt; vergoldetes Geh\u00e4use<\/li>\n<li>Kabel-Leiter: Verzinntes Kupfer<\/li>\n<li>Isolierung: Gesch\u00e4umte PE-Haut\/HDPE<\/li>\n<li>Drahtst\u00e4rke: 32\/32\/26AWG<\/li>\n<li>Dreifach abgeschirmt: verdrilltes Paar aus Aluminiumfolie, Gesamtaluminiumfolie, Geflecht<\/li>\n<li>Chip: Optional<\/li>\n<li>Mantel: PVC<\/li>\n<li>\u00c4u\u00dferer Durchmesser: 4,2\u00b10,2mm<\/li>\n<li>Einhaltung der Vorschriften: RoHS, REACH, CE<\/li>\n<\/ul>\n<p>Und sein stilvolles, platzsparendes Design, umh\u00fcllt von glattem, raumgrauem Aluminium. Nehmen Sie also noch heute Kontakt mit uns auf und investieren Sie in den 7 in 1 USB C Hub Adapter.<\/p>","protected":false},"excerpt":{"rendered":"<p>Steigern Sie die Effizienz mit dem 7-in-1-USB-C-Hub-Adapter von Farsince. Erleben Sie unvergleichliche 4K-HDMI-Anzeige, ultraschnelles USB 3.0 und schnelle SD\/TF-Karten\u00fcbertragungen.<\/p>","protected":false},"featured_media":17125,"template":"","meta":{"_acf_changed":false,"_seopress_robots_primary_cat":"","_seopress_titles_title":"Best 7 in 1 USB C Hub Adapter - Farsince","_seopress_titles_desc":"","_seopress_robots_index":"","site-sidebar-layout":"default","site-content-layout":"default","ast-site-content-layout":"default","site-content-style":"default","site-sidebar-style":"default","ast-global-header-display":"","ast-banner-title-visibility":"","ast-main-header-display":"","ast-hfb-above-header-display":"","ast-hfb-below-header-display":"","ast-hfb-mobile-header-display":"","site-post-title":"","ast-breadcrumbs-content":"","ast-featured-img":"","footer-sml-layout":"","ast-disable-related-posts":"","theme-transparent-header-meta":"default","adv-header-id-meta":"","stick-header-meta":"","header-above-stick-meta":"","header-main-stick-meta":"","header-below-stick-meta":"","astra-migrate-meta-layouts":"set","ast-page-background-enabled":"default","ast-page-background-meta":{"desktop":{"background-color":"","background-image":"","background-repeat":"repeat","background-position":"center center","background-size":"auto","background-attachment":"scroll","background-type":"","background-media":"","overlay-type":"","overlay-color":"","overlay-opacity":"","overlay-gradient":""},"tablet":{"background-color":"","background-image":"","background-repeat":"repeat","background-position":"center center","background-size":"auto","background-attachment":"scroll","background-type":"","background-media":"","overlay-type":"","overlay-color":"","overlay-opacity":"","overlay-gradient":""},"mobile":{"background-color":"","background-image":"","background-repeat":"repeat","background-position":"center center","background-size":"auto","background-attachment":"scroll","background-type":"","background-media":"","overlay-type":"","overlay-color":"","overlay-opacity":"","overlay-gradient":""}},"ast-content-background-meta":{"desktop":{"background-color":"var(--ast-global-color-5)","background-image":"","background-repeat":"repeat","background-position":"center center","background-size":"auto","background-attachment":"scroll","background-type":"","background-media":"","overlay-type":"","overlay-color":"","overlay-opacity":"","overlay-gradient":""},"tablet":{"background-color":"var(--ast-global-color-5)","background-image":"","background-repeat":"repeat","background-position":"center center","background-size":"auto","background-attachment":"scroll","background-type":"","background-media":"","overlay-type":"","overlay-color":"","overlay-opacity":"","overlay-gradient":""},"mobile":{"background-color":"var(--ast-global-color-5)","background-image":"","background-repeat":"repeat","background-position":"center center","background-size":"auto","background-attachment":"scroll","background-type":"","background-media":"","overlay-type":"","overlay-color":"","overlay-opacity":"","overlay-gradient":""}},"iawp_total_views":8},"product_brand":[],"product_cat":[222],"product_tag":[],"class_list":{"0":"post-17124","1":"product","2":"type-product","3":"status-publish","4":"has-post-thumbnail","6":"product_cat-usb-c-cables","7":"desktop-align-left","8":"tablet-align-left","9":"mobile-align-left","11":"first","12":"instock","13":"shipping-taxable","14":"purchasable","15":"product-type-simple"},"acf":[],"_links":{"self":[{"href":"https:\/\/www.fjpremium.com\/de\/wp-json\/wp\/v2\/product\/17124","targetHints":{"allow":["GET"]}}],"collection":[{"href":"https:\/\/www.fjpremium.com\/de\/wp-json\/wp\/v2\/product"}],"about":[{"href":"https:\/\/www.fjpremium.com\/de\/wp-json\/wp\/v2\/types\/product"}],"wp:featuredmedia":[{"embeddable":true,"href":"https:\/\/www.fjpremium.com\/de\/wp-json\/wp\/v2\/media\/17125"}],"wp:attachment":[{"href":"https:\/\/www.fjpremium.com\/de\/wp-json\/wp\/v2\/media?parent=17124"}],"wp:term":[{"taxonomy":"product_brand","embeddable":true,"href":"https:\/\/www.fjpremium.com\/de\/wp-json\/wp\/v2\/product_brand?post=17124"},{"taxonomy":"product_cat","embeddable":true,"href":"https:\/\/www.fjpremium.com\/de\/wp-json\/wp\/v2\/product_cat?post=17124"},{"taxonomy":"product_tag","embeddable":true,"href":"https:\/\/www.fjpremium.com\/de\/wp-json\/wp\/v2\/product_tag?post=17124"}],"curies":[{"name":"wp","href":"https:\/\/api.w.org\/{rel}","templated":true}]}}