{"id":17115,"date":"2021-03-10T14:47:25","date_gmt":"2021-03-10T06:47:25","guid":{"rendered":"https:\/\/www.fjpremium.com\/?post_type=product&#038;p=17115"},"modified":"2023-09-18T15:07:13","modified_gmt":"2023-09-18T07:07:13","slug":"usb-type-c-to-hdm-2usb-3-0-sd-tf-thunderbolt-3-and-pd-7-in-1-usb-c-combo","status":"publish","type":"product","link":"https:\/\/www.fjpremium.com\/de\/product\/usb-type-c-to-hdm-2usb-3-0-sd-tf-thunderbolt-3-and-pd-7-in-1-usb-c-combo\/","title":{"rendered":"USB Typ C zu USB 3.0, SD TF Thunderbolt 3 und PD 7 in 1 USB-C Combo"},"content":{"rendered":"<p>Ausgestattet mit HDMI 4K@30Hz-F\u00e4higkeiten, Hochgeschwindigkeits-USB 3.0-\u00dcbertragungen mit beeindruckenden 5 Gbps und schnellen SD\/TF-Karten-Daten\u00fcbertragungen mit 100M\/s ist dieser Hub die ultimative Erg\u00e4nzung f\u00fcr Ihr Technologiepaket.<\/p>\n<p>Ausgestattet mit einem Thunderbolt 3-Anschluss bietet er eine erstaunliche Daten\u00fcbertragung von 40 Gbit\/s und eine Video\u00fcbertragung von 5K@60Hz, was Ihr Multimedia-Erlebnis auf ein neues Niveau hebt.<\/p>\n<p>Der Hub verf\u00fcgt au\u00dferdem \u00fcber einen leistungsstarken PD, der Schnellladungen mit bis zu 87 W unterst\u00fctzt und daf\u00fcr sorgt, dass Sie immer mit Strom versorgt sind. Dank seiner Plug-and-Play-Funktion sind keine zus\u00e4tzlichen Treiber erforderlich.<\/p>\n<p>Seine Spezifikationen:<\/p>\n<ul>\n<li>Vergoldeter Kontakt; vergoldetes Geh\u00e4use<\/li>\n<li>Kabel-Leiter: Verzinntes Kupfer<\/li>\n<li>Isolierung: Gesch\u00e4umte PE-Haut\/HDPE<\/li>\n<li>Drahtst\u00e4rke: 32\/32\/26AWG<\/li>\n<li>Dreifach abgeschirmt: verdrilltes Paar aus Aluminiumfolie, Gesamtaluminiumfolie, Geflecht<\/li>\n<li>Geh\u00e4use: Aluminium-Schale<\/li>\n<li>Chip: Optional<\/li>\n<li>Mantel: PVC<\/li>\n<li>\u00c4u\u00dferer Durchmesser: 4,2\u00b10,2mm<\/li>\n<li>Einhaltung der Vorschriften: RoHS, REACH, CE<\/li>\n<\/ul>\n<p>Au\u00dferdem besticht er durch sein kompaktes, leichtes Design in elegantem, raumgrauen Aluminium. Kontaktieren Sie uns noch heute und investieren Sie in unseren 7-in-1 USB Typ C zu USB 3.0 Hub.<\/p>","protected":false},"excerpt":{"rendered":"<p>Genie\u00dfen Sie die Zukunft mit unserem 7-in-1-USB-Typ-C-auf-USB-3.0-Hub, der mit 4K-HDMI, schnellen SD\/TF-Karten\u00fcbertragungen und einem unvergleichlichen Thunderbolt-3-Anschluss ausgestattet ist.<\/p>","protected":false},"featured_media":17116,"template":"","meta":{"_acf_changed":false,"_seopress_robots_primary_cat":"","_seopress_titles_title":"Best USB Type C to USB 3.0 - Farsince","_seopress_titles_desc":"","_seopress_robots_index":"","site-sidebar-layout":"default","site-content-layout":"default","ast-site-content-layout":"default","site-content-style":"default","site-sidebar-style":"default","ast-global-header-display":"","ast-banner-title-visibility":"","ast-main-header-display":"","ast-hfb-above-header-display":"","ast-hfb-below-header-display":"","ast-hfb-mobile-header-display":"","site-post-title":"","ast-breadcrumbs-content":"","ast-featured-img":"","footer-sml-layout":"","ast-disable-related-posts":"","theme-transparent-header-meta":"default","adv-header-id-meta":"","stick-header-meta":"","header-above-stick-meta":"","header-main-stick-meta":"","header-below-stick-meta":"","astra-migrate-meta-layouts":"set","ast-page-background-enabled":"default","ast-page-background-meta":{"desktop":{"background-color":"","background-image":"","background-repeat":"repeat","background-position":"center center","background-size":"auto","background-attachment":"scroll","background-type":"","background-media":"","overlay-type":"","overlay-color":"","overlay-opacity":"","overlay-gradient":""},"tablet":{"background-color":"","background-image":"","background-repeat":"repeat","background-position":"center center","background-size":"auto","background-attachment":"scroll","background-type":"","background-media":"","overlay-type":"","overlay-color":"","overlay-opacity":"","overlay-gradient":""},"mobile":{"background-color":"","background-image":"","background-repeat":"repeat","background-position":"center center","background-size":"auto","background-attachment":"scroll","background-type":"","background-media":"","overlay-type":"","overlay-color":"","overlay-opacity":"","overlay-gradient":""}},"ast-content-background-meta":{"desktop":{"background-color":"var(--ast-global-color-5)","background-image":"","background-repeat":"repeat","background-position":"center center","background-size":"auto","background-attachment":"scroll","background-type":"","background-media":"","overlay-type":"","overlay-color":"","overlay-opacity":"","overlay-gradient":""},"tablet":{"background-color":"var(--ast-global-color-5)","background-image":"","background-repeat":"repeat","background-position":"center center","background-size":"auto","background-attachment":"scroll","background-type":"","background-media":"","overlay-type":"","overlay-color":"","overlay-opacity":"","overlay-gradient":""},"mobile":{"background-color":"var(--ast-global-color-5)","background-image":"","background-repeat":"repeat","background-position":"center center","background-size":"auto","background-attachment":"scroll","background-type":"","background-media":"","overlay-type":"","overlay-color":"","overlay-opacity":"","overlay-gradient":""}},"iawp_total_views":8},"product_brand":[],"product_cat":[222],"product_tag":[],"class_list":{"0":"post-17115","1":"product","2":"type-product","3":"status-publish","4":"has-post-thumbnail","6":"product_cat-usb-c-cables","7":"desktop-align-left","8":"tablet-align-left","9":"mobile-align-left","11":"first","12":"instock","13":"shipping-taxable","14":"purchasable","15":"product-type-simple"},"acf":[],"_links":{"self":[{"href":"https:\/\/www.fjpremium.com\/de\/wp-json\/wp\/v2\/product\/17115","targetHints":{"allow":["GET"]}}],"collection":[{"href":"https:\/\/www.fjpremium.com\/de\/wp-json\/wp\/v2\/product"}],"about":[{"href":"https:\/\/www.fjpremium.com\/de\/wp-json\/wp\/v2\/types\/product"}],"wp:featuredmedia":[{"embeddable":true,"href":"https:\/\/www.fjpremium.com\/de\/wp-json\/wp\/v2\/media\/17116"}],"wp:attachment":[{"href":"https:\/\/www.fjpremium.com\/de\/wp-json\/wp\/v2\/media?parent=17115"}],"wp:term":[{"taxonomy":"product_brand","embeddable":true,"href":"https:\/\/www.fjpremium.com\/de\/wp-json\/wp\/v2\/product_brand?post=17115"},{"taxonomy":"product_cat","embeddable":true,"href":"https:\/\/www.fjpremium.com\/de\/wp-json\/wp\/v2\/product_cat?post=17115"},{"taxonomy":"product_tag","embeddable":true,"href":"https:\/\/www.fjpremium.com\/de\/wp-json\/wp\/v2\/product_tag?post=17115"}],"curies":[{"name":"wp","href":"https:\/\/api.w.org\/{rel}","templated":true}]}}