{"id":17106,"date":"2021-03-10T14:45:53","date_gmt":"2021-03-10T06:45:53","guid":{"rendered":"https:\/\/www.fjpremium.com\/?post_type=product&#038;p=17106"},"modified":"2023-09-18T15:05:11","modified_gmt":"2023-09-18T07:05:11","slug":"usb-type-c-to-hdm-3usb3-0-sd-tf-and-pd-7-in-1-usb-c-hub-adapter","status":"publish","type":"product","link":"https:\/\/www.fjpremium.com\/de\/product\/usb-type-c-to-hdm-3usb3-0-sd-tf-and-pd-7-in-1-usb-c-hub-adapter\/","title":{"rendered":"USB Typ C zu HDMI Adapter SD TF und PD 7 in 1 Hub"},"content":{"rendered":"<p>Unser Adapter bietet eine beneidenswerte Mischung aus \u00fcberlegener Technologie und praktischem Nutzen und unterst\u00fctzt HDMI-Darstellung mit 4K@30Hz, schnelle USB 3.0-\u00dcbertragungen mit einer Rate von 5 Gbps und schnelle SD\/TF-Karten-Daten\u00fcbertragungen mit bis zu 100M\/s.<\/p>\n<p>Sie k\u00f6nnen Ihre Produktivit\u00e4t mit drei USB 3.0-Anschl\u00fcssen steigern, die f\u00fcr den einfachen Anschluss von Peripherieger\u00e4ten konzipiert sind.<\/p>\n<p>Dieser zuverl\u00e4ssige Begleiter sorgt daf\u00fcr, dass Ihnen nie der Strom ausgeht, denn er bietet eine PD-Funktion, die eine bemerkenswerte Schnellladung von 87 W unterst\u00fctzt. Die Plug-and-Play-Funktion vereinfacht Ihre technischen Interaktionen und macht zus\u00e4tzliche Treiber \u00fcberfl\u00fcssig.<\/p>\n<p>Seine Spezifikationen:<\/p>\n<ul>\n<li>Vergoldeter Kontakt; vergoldetes Geh\u00e4use<\/li>\n<li>Kabel-Leiter: Verzinntes Kupfer<\/li>\n<li>Isolierung: Gesch\u00e4umte PE-Haut\/HDPE<\/li>\n<li>Drahtst\u00e4rke: 32\/32\/26AWG<\/li>\n<li>Dreifach abgeschirmt: verdrilltes Paar aus Aluminiumfolie, Gesamtaluminiumfolie, Geflecht<\/li>\n<li>Geh\u00e4use: Aluminium-Schale<\/li>\n<li>Chip: AG9311, GL3510, GL3224<\/li>\n<li>Mantel: PVC<\/li>\n<li>\u00c4u\u00dferer Durchmesser: 4,2\u00b10,2mm<\/li>\n<li>Einhaltung der Vorschriften: RoHS, REACH, CE<\/li>\n<\/ul>\n<p>Die kompakte Gr\u00f6\u00dfe, das federleichte Gewicht und die beeindruckende raumgraue Aluminiumoberfl\u00e4che stehen f\u00fcr Eleganz und Tragbarkeit. Kontaktieren Sie uns also noch heute und investieren Sie in den 7-in-1 USB Typ C zu HDMI Adapter.<\/p>","protected":false},"excerpt":{"rendered":"<p>\u00dcberschreiten Sie die Grenzen der Innovation mit diesem USB-Typ-C-auf-HDMI-Adapter, der mit einem 4K-HDMI-Display, schnellen USB-3.0-\u00dcbertragungen und mehr aufwartet.<\/p>","protected":false},"featured_media":17107,"template":"","meta":{"_acf_changed":false,"_seopress_robots_primary_cat":"","_seopress_titles_title":"Best USB Type C to HDMI Adapter - Farsince","_seopress_titles_desc":"","_seopress_robots_index":"","site-sidebar-layout":"default","site-content-layout":"default","ast-site-content-layout":"default","site-content-style":"default","site-sidebar-style":"default","ast-global-header-display":"","ast-banner-title-visibility":"","ast-main-header-display":"","ast-hfb-above-header-display":"","ast-hfb-below-header-display":"","ast-hfb-mobile-header-display":"","site-post-title":"","ast-breadcrumbs-content":"","ast-featured-img":"","footer-sml-layout":"","ast-disable-related-posts":"","theme-transparent-header-meta":"default","adv-header-id-meta":"","stick-header-meta":"","header-above-stick-meta":"","header-main-stick-meta":"","header-below-stick-meta":"","astra-migrate-meta-layouts":"set","ast-page-background-enabled":"default","ast-page-background-meta":{"desktop":{"background-color":"","background-image":"","background-repeat":"repeat","background-position":"center center","background-size":"auto","background-attachment":"scroll","background-type":"","background-media":"","overlay-type":"","overlay-color":"","overlay-opacity":"","overlay-gradient":""},"tablet":{"background-color":"","background-image":"","background-repeat":"repeat","background-position":"center center","background-size":"auto","background-attachment":"scroll","background-type":"","background-media":"","overlay-type":"","overlay-color":"","overlay-opacity":"","overlay-gradient":""},"mobile":{"background-color":"","background-image":"","background-repeat":"repeat","background-position":"center center","background-size":"auto","background-attachment":"scroll","background-type":"","background-media":"","overlay-type":"","overlay-color":"","overlay-opacity":"","overlay-gradient":""}},"ast-content-background-meta":{"desktop":{"background-color":"var(--ast-global-color-5)","background-image":"","background-repeat":"repeat","background-position":"center center","background-size":"auto","background-attachment":"scroll","background-type":"","background-media":"","overlay-type":"","overlay-color":"","overlay-opacity":"","overlay-gradient":""},"tablet":{"background-color":"var(--ast-global-color-5)","background-image":"","background-repeat":"repeat","background-position":"center center","background-size":"auto","background-attachment":"scroll","background-type":"","background-media":"","overlay-type":"","overlay-color":"","overlay-opacity":"","overlay-gradient":""},"mobile":{"background-color":"var(--ast-global-color-5)","background-image":"","background-repeat":"repeat","background-position":"center center","background-size":"auto","background-attachment":"scroll","background-type":"","background-media":"","overlay-type":"","overlay-color":"","overlay-opacity":"","overlay-gradient":""}},"iawp_total_views":5},"product_brand":[],"product_cat":[222],"product_tag":[],"class_list":{"0":"post-17106","1":"product","2":"type-product","3":"status-publish","4":"has-post-thumbnail","6":"product_cat-usb-c-cables","7":"desktop-align-left","8":"tablet-align-left","9":"mobile-align-left","11":"first","12":"instock","13":"shipping-taxable","14":"purchasable","15":"product-type-simple"},"acf":[],"_links":{"self":[{"href":"https:\/\/www.fjpremium.com\/de\/wp-json\/wp\/v2\/product\/17106","targetHints":{"allow":["GET"]}}],"collection":[{"href":"https:\/\/www.fjpremium.com\/de\/wp-json\/wp\/v2\/product"}],"about":[{"href":"https:\/\/www.fjpremium.com\/de\/wp-json\/wp\/v2\/types\/product"}],"wp:featuredmedia":[{"embeddable":true,"href":"https:\/\/www.fjpremium.com\/de\/wp-json\/wp\/v2\/media\/17107"}],"wp:attachment":[{"href":"https:\/\/www.fjpremium.com\/de\/wp-json\/wp\/v2\/media?parent=17106"}],"wp:term":[{"taxonomy":"product_brand","embeddable":true,"href":"https:\/\/www.fjpremium.com\/de\/wp-json\/wp\/v2\/product_brand?post=17106"},{"taxonomy":"product_cat","embeddable":true,"href":"https:\/\/www.fjpremium.com\/de\/wp-json\/wp\/v2\/product_cat?post=17106"},{"taxonomy":"product_tag","embeddable":true,"href":"https:\/\/www.fjpremium.com\/de\/wp-json\/wp\/v2\/product_tag?post=17106"}],"curies":[{"name":"wp","href":"https:\/\/api.w.org\/{rel}","templated":true}]}}