{"id":17075,"date":"2021-03-10T14:40:04","date_gmt":"2021-03-10T06:40:04","guid":{"rendered":"https:\/\/www.fjpremium.com\/?post_type=product&#038;p=17075"},"modified":"2023-09-18T14:58:14","modified_gmt":"2023-09-18T06:58:14","slug":"usb-c-to-hdm-2-usb3-0-sd-tf-5-in-1-hub-combo-2","status":"publish","type":"product","link":"https:\/\/www.fjpremium.com\/de\/product\/usb-c-to-hdm-2-usb3-0-sd-tf-5-in-1-hub-combo-2\/","title":{"rendered":"USB3.0 USB-C zu HDMI, SD TF 5 in 1 USB C Hub Combo"},"content":{"rendered":"<p>Der leistungsstarke Hub verf\u00fcgt \u00fcber HDMI-Unterst\u00fctzung mit 4K@30Hz-Aufl\u00f6sung und bringt lebendige Bilder direkt auf Ihre Bildschirme.<\/p>\n<p>Zwei USB 3.0-Anschl\u00fcsse sorgen f\u00fcr eine schnelle Daten\u00fcbertragung mit 5 Gbit\/s und erm\u00f6glichen den problemlosen Einsatz von Tastaturen, M\u00e4usen und Flash-Laufwerken.<\/p>\n<p>Unser Hub verf\u00fcgt au\u00dferdem \u00fcber SD- und TF-Anschl\u00fcsse, die eine blitzschnelle \u00dcbertragungsgeschwindigkeit von bis zu 100 M\/s bieten und eine schnelle gemeinsame Nutzung und Speicherung von Dateien gew\u00e4hrleisten.<\/p>\n<p>Und es sind keine zus\u00e4tzlichen Treiber erforderlich; es ist ein Plug-and-Play-Ger\u00e4t, kompakt und leicht.<\/p>\n<p>Seine Spezifikationen:<\/p>\n<ul>\n<li>Vergoldeter Kontakt; vergoldetes Geh\u00e4use<\/li>\n<li>Kabel-Leiter: Verzinntes Kupfer<\/li>\n<li>Isolierung: Gesch\u00e4umte PE-Haut\/HDPE<\/li>\n<li>Drahtst\u00e4rke: 32\/32\/26AWG<\/li>\n<li>Dreifach abgeschirmt: verdrilltes Paar aus Aluminiumfolie, Gesamtaluminiumfolie, Geflecht<\/li>\n<li>Geh\u00e4use: Aluminium-Schale<\/li>\n<li>Chip: Optional<\/li>\n<li>Mantel: PVC<\/li>\n<li>\u00c4u\u00dferer Durchmesser: 4,2\u00b10,2mm<\/li>\n<li>Einhaltung der Vorschriften: RoHS, REACH, CE<\/li>\n<\/ul>\n<p>Au\u00dferdem ist er in einem raumgrauen Aluminiumgeh\u00e4use untergebracht, das die \u00c4sthetik eines jeden Apple-Ger\u00e4ts erg\u00e4nzt. Zusammenfassend l\u00e4sst sich sagen, dass Sie uns noch heute kontaktieren und den 5 in 1 USB C Hub bestellen sollten.<\/p>","protected":false},"excerpt":{"rendered":"<p>Erleben Sie die Magie der Multifunktionalit\u00e4t mit dem 5-in-1-USB-C-Hub von Farsince, dem ultimativen digitalen Begleiter f\u00fcr Laptops, Computer, Tablets und Mobiltelefone.<\/p>","protected":false},"featured_media":17076,"template":"","meta":{"_acf_changed":false,"_seopress_robots_primary_cat":"","_seopress_titles_title":"Best SD TF 5 in 1 USB C Hub Combo - Farsince","_seopress_titles_desc":"","_seopress_robots_index":"","site-sidebar-layout":"default","site-content-layout":"default","ast-site-content-layout":"default","site-content-style":"default","site-sidebar-style":"default","ast-global-header-display":"","ast-banner-title-visibility":"","ast-main-header-display":"","ast-hfb-above-header-display":"","ast-hfb-below-header-display":"","ast-hfb-mobile-header-display":"","site-post-title":"","ast-breadcrumbs-content":"","ast-featured-img":"","footer-sml-layout":"","ast-disable-related-posts":"","theme-transparent-header-meta":"default","adv-header-id-meta":"","stick-header-meta":"","header-above-stick-meta":"","header-main-stick-meta":"","header-below-stick-meta":"","astra-migrate-meta-layouts":"set","ast-page-background-enabled":"default","ast-page-background-meta":{"desktop":{"background-color":"","background-image":"","background-repeat":"repeat","background-position":"center center","background-size":"auto","background-attachment":"scroll","background-type":"","background-media":"","overlay-type":"","overlay-color":"","overlay-opacity":"","overlay-gradient":""},"tablet":{"background-color":"","background-image":"","background-repeat":"repeat","background-position":"center center","background-size":"auto","background-attachment":"scroll","background-type":"","background-media":"","overlay-type":"","overlay-color":"","overlay-opacity":"","overlay-gradient":""},"mobile":{"background-color":"","background-image":"","background-repeat":"repeat","background-position":"center center","background-size":"auto","background-attachment":"scroll","background-type":"","background-media":"","overlay-type":"","overlay-color":"","overlay-opacity":"","overlay-gradient":""}},"ast-content-background-meta":{"desktop":{"background-color":"var(--ast-global-color-5)","background-image":"","background-repeat":"repeat","background-position":"center center","background-size":"auto","background-attachment":"scroll","background-type":"","background-media":"","overlay-type":"","overlay-color":"","overlay-opacity":"","overlay-gradient":""},"tablet":{"background-color":"var(--ast-global-color-5)","background-image":"","background-repeat":"repeat","background-position":"center center","background-size":"auto","background-attachment":"scroll","background-type":"","background-media":"","overlay-type":"","overlay-color":"","overlay-opacity":"","overlay-gradient":""},"mobile":{"background-color":"var(--ast-global-color-5)","background-image":"","background-repeat":"repeat","background-position":"center center","background-size":"auto","background-attachment":"scroll","background-type":"","background-media":"","overlay-type":"","overlay-color":"","overlay-opacity":"","overlay-gradient":""}},"iawp_total_views":5},"product_brand":[],"product_cat":[222],"product_tag":[],"class_list":{"0":"post-17075","1":"product","2":"type-product","3":"status-publish","4":"has-post-thumbnail","6":"product_cat-usb-c-cables","7":"desktop-align-left","8":"tablet-align-left","9":"mobile-align-left","11":"first","12":"instock","13":"shipping-taxable","14":"purchasable","15":"product-type-simple"},"acf":[],"_links":{"self":[{"href":"https:\/\/www.fjpremium.com\/de\/wp-json\/wp\/v2\/product\/17075","targetHints":{"allow":["GET"]}}],"collection":[{"href":"https:\/\/www.fjpremium.com\/de\/wp-json\/wp\/v2\/product"}],"about":[{"href":"https:\/\/www.fjpremium.com\/de\/wp-json\/wp\/v2\/types\/product"}],"wp:featuredmedia":[{"embeddable":true,"href":"https:\/\/www.fjpremium.com\/de\/wp-json\/wp\/v2\/media\/17076"}],"wp:attachment":[{"href":"https:\/\/www.fjpremium.com\/de\/wp-json\/wp\/v2\/media?parent=17075"}],"wp:term":[{"taxonomy":"product_brand","embeddable":true,"href":"https:\/\/www.fjpremium.com\/de\/wp-json\/wp\/v2\/product_brand?post=17075"},{"taxonomy":"product_cat","embeddable":true,"href":"https:\/\/www.fjpremium.com\/de\/wp-json\/wp\/v2\/product_cat?post=17075"},{"taxonomy":"product_tag","embeddable":true,"href":"https:\/\/www.fjpremium.com\/de\/wp-json\/wp\/v2\/product_tag?post=17075"}],"curies":[{"name":"wp","href":"https:\/\/api.w.org\/{rel}","templated":true}]}}