{"id":17042,"date":"2021-03-09T10:41:42","date_gmt":"2021-03-09T02:41:42","guid":{"rendered":"https:\/\/www.fjpremium.com\/?post_type=product&#038;p=17042"},"modified":"2023-09-18T14:47:40","modified_gmt":"2023-09-18T06:47:40","slug":"usb-c-to-hdm-with-2-usb-3-0-and-pd-4-in-1-hub-adapter","status":"publish","type":"product","link":"https:\/\/www.fjpremium.com\/de\/product\/usb-c-to-hdm-with-2-usb-3-0-and-pd-4-in-1-hub-adapter\/","title":{"rendered":"USB 3.0 USB-C auf HDMI 4 in 1 USB-C-Hub-Adapter"},"content":{"rendered":"<p>Diese Adapter sind fantastische Hilfsmittel f\u00fcr Laptops, Computer, Tablets und Mobiltelefone und statten Ihr Ger\u00e4t mit vier zus\u00e4tzlichen Anschl\u00fcssen aus.<\/p>\n<p>Dazu geh\u00f6ren ein HDMI-Anschluss, der eine Aufl\u00f6sung von bis zu 4K@30Hz unterst\u00fctzt, zwei USB 3.0-Anschl\u00fcsse, die eine Hochgeschwindigkeitsdaten\u00fcbertragung von 5Gbps erm\u00f6glichen, und ein PD-Anschluss, der eine Schnellladung mit bis zu 87W unterst\u00fctzt.<\/p>\n<p>Die Adapter sind so einfach wie Plug-and-Play, ohne zus\u00e4tzliche Treiber.<\/p>\n<p>Seine Spezifikationen:<\/p>\n<ul>\n<li>Vergoldeter Kontakt; vergoldetes Geh\u00e4use<\/li>\n<li>Kabel-Leiter: Verzinntes Kupfer<\/li>\n<li>Isolierung: Gesch\u00e4umte PE-Haut\/HDPE<\/li>\n<li>Drahtst\u00e4rke: 32\/32\/26AWG<\/li>\n<li>Dreifach abgeschirmt: verdrilltes Paar aus Aluminiumfolie, Gesamtaluminiumfolie, Geflecht<\/li>\n<li>Geh\u00e4use: Aluminium-Schale<\/li>\n<li>Mantel: PVC<\/li>\n<li>\u00c4u\u00dferer Durchmesser: 4,2\u00b10,2mm<\/li>\n<li>Einhaltung der Vorschriften: RoHS, REACH, CE<\/li>\n<\/ul>\n<p>Sie sind kompakt und leicht und verf\u00fcgen \u00fcber ein Design im Mac-Stil in einem raumgrauen Aluminiumgeh\u00e4use. Kontaktieren Sie uns also noch heute und investieren Sie in unsere USB-C-Hub-Adapter.<\/p>","protected":false},"excerpt":{"rendered":"<p>Entdecken Sie die Vielseitigkeit mit den 4-in-1-USB-C-Hub-Adaptern von Farsince f\u00fcr hochaufl\u00f6sende Bilder, blitzschnelle Daten\u00fcbertragung und schnelles Aufladen.<\/p>","protected":false},"featured_media":17043,"template":"","meta":{"_acf_changed":false,"_seopress_robots_primary_cat":"","_seopress_titles_title":"Best USB 3.0 USB-C to HDMI 4 in 1 USB C Hub Adapters - FARSINCE","_seopress_titles_desc":"","_seopress_robots_index":"","site-sidebar-layout":"default","site-content-layout":"default","ast-site-content-layout":"default","site-content-style":"default","site-sidebar-style":"default","ast-global-header-display":"","ast-banner-title-visibility":"","ast-main-header-display":"","ast-hfb-above-header-display":"","ast-hfb-below-header-display":"","ast-hfb-mobile-header-display":"","site-post-title":"","ast-breadcrumbs-content":"","ast-featured-img":"","footer-sml-layout":"","ast-disable-related-posts":"","theme-transparent-header-meta":"default","adv-header-id-meta":"","stick-header-meta":"","header-above-stick-meta":"","header-main-stick-meta":"","header-below-stick-meta":"","astra-migrate-meta-layouts":"set","ast-page-background-enabled":"default","ast-page-background-meta":{"desktop":{"background-color":"","background-image":"","background-repeat":"repeat","background-position":"center center","background-size":"auto","background-attachment":"scroll","background-type":"","background-media":"","overlay-type":"","overlay-color":"","overlay-opacity":"","overlay-gradient":""},"tablet":{"background-color":"","background-image":"","background-repeat":"repeat","background-position":"center center","background-size":"auto","background-attachment":"scroll","background-type":"","background-media":"","overlay-type":"","overlay-color":"","overlay-opacity":"","overlay-gradient":""},"mobile":{"background-color":"","background-image":"","background-repeat":"repeat","background-position":"center center","background-size":"auto","background-attachment":"scroll","background-type":"","background-media":"","overlay-type":"","overlay-color":"","overlay-opacity":"","overlay-gradient":""}},"ast-content-background-meta":{"desktop":{"background-color":"var(--ast-global-color-5)","background-image":"","background-repeat":"repeat","background-position":"center center","background-size":"auto","background-attachment":"scroll","background-type":"","background-media":"","overlay-type":"","overlay-color":"","overlay-opacity":"","overlay-gradient":""},"tablet":{"background-color":"var(--ast-global-color-5)","background-image":"","background-repeat":"repeat","background-position":"center center","background-size":"auto","background-attachment":"scroll","background-type":"","background-media":"","overlay-type":"","overlay-color":"","overlay-opacity":"","overlay-gradient":""},"mobile":{"background-color":"var(--ast-global-color-5)","background-image":"","background-repeat":"repeat","background-position":"center center","background-size":"auto","background-attachment":"scroll","background-type":"","background-media":"","overlay-type":"","overlay-color":"","overlay-opacity":"","overlay-gradient":""}},"iawp_total_views":2},"product_brand":[],"product_cat":[222],"product_tag":[],"class_list":{"0":"post-17042","1":"product","2":"type-product","3":"status-publish","4":"has-post-thumbnail","6":"product_cat-usb-c-cables","7":"desktop-align-left","8":"tablet-align-left","9":"mobile-align-left","11":"first","12":"instock","13":"shipping-taxable","14":"purchasable","15":"product-type-simple"},"acf":[],"_links":{"self":[{"href":"https:\/\/www.fjpremium.com\/de\/wp-json\/wp\/v2\/product\/17042","targetHints":{"allow":["GET"]}}],"collection":[{"href":"https:\/\/www.fjpremium.com\/de\/wp-json\/wp\/v2\/product"}],"about":[{"href":"https:\/\/www.fjpremium.com\/de\/wp-json\/wp\/v2\/types\/product"}],"wp:featuredmedia":[{"embeddable":true,"href":"https:\/\/www.fjpremium.com\/de\/wp-json\/wp\/v2\/media\/17043"}],"wp:attachment":[{"href":"https:\/\/www.fjpremium.com\/de\/wp-json\/wp\/v2\/media?parent=17042"}],"wp:term":[{"taxonomy":"product_brand","embeddable":true,"href":"https:\/\/www.fjpremium.com\/de\/wp-json\/wp\/v2\/product_brand?post=17042"},{"taxonomy":"product_cat","embeddable":true,"href":"https:\/\/www.fjpremium.com\/de\/wp-json\/wp\/v2\/product_cat?post=17042"},{"taxonomy":"product_tag","embeddable":true,"href":"https:\/\/www.fjpremium.com\/de\/wp-json\/wp\/v2\/product_tag?post=17042"}],"curies":[{"name":"wp","href":"https:\/\/api.w.org\/{rel}","templated":true}]}}