{"id":17036,"date":"2021-03-09T10:30:47","date_gmt":"2021-03-09T02:30:47","guid":{"rendered":"https:\/\/www.fjpremium.com\/?post_type=product&#038;p=17036"},"modified":"2023-09-18T15:54:00","modified_gmt":"2023-09-18T07:54:00","slug":"usb-c-to-dual-hdm-9-in-1-hub-with-vga-rj45-2usb-3-0-sd-tf-and-pd-adapter","status":"publish","type":"product","link":"https:\/\/www.fjpremium.com\/de\/product\/usb-c-to-dual-hdm-9-in-1-hub-with-vga-rj45-2usb-3-0-sd-tf-and-pd-adapter\/","title":{"rendered":"USB-C zu Dual HDM 9 in 1 Hub mit VGA RJ45 2USB 3.0, SD TF, und PD Adapter"},"content":{"rendered":"<p>Dieser 9-in-1-Hub verf\u00fcgt \u00fcber zwei HDMI-Anschl\u00fcsse, die eine Aufl\u00f6sung von bis zu 4K unterst\u00fctzen, einen VGA-Anschluss f\u00fcr die visuelle Ausgabe von 1080P, einen Gigabit-Ethernet-Anschluss f\u00fcr eine Hochgeschwindigkeits-Internetverbindung und zwei USB 3.0-Anschl\u00fcsse f\u00fcr eine schnelle Daten\u00fcbertragung.<\/p>\n<p>Es verf\u00fcgt \u00fcber einen SD-Kartensteckplatz, einen TF-Kartensteckplatz und einen PD-Anschluss zum schnellen Aufladen mit bis zu 87 W.<\/p>\n<p>Der kompakte und leichte Hub im handtellergro\u00dfen Aluminiumdesign ist der perfekte Begleiter f\u00fcr MAC OS-, Windows-, Android- oder Linux-Ger\u00e4te.<\/p>\n<p>Seine Spezifikationen:<\/p>\n<ul>\n<li>Vergoldeter Kontakt, vergoldetes Geh\u00e4use<\/li>\n<li>Kabel-Leiter: Verzinntes Kupfer<\/li>\n<li>Isolierung: Gesch\u00e4umte PE-Haut\/HDPE<\/li>\n<li>Drahtst\u00e4rke: 32\/32\/26AWG<\/li>\n<li>Dreifach abgeschirmt: verdrilltes Paar aus Aluminiumfolie, Gesamtaluminiumfolie, Geflecht<\/li>\n<li>Geh\u00e4use: Aluminium-Schale<\/li>\n<li>Chip: LT8712EXI<\/li>\n<li>Mantel: PVC<\/li>\n<li>\u00c4u\u00dferer Durchmesser: 4,2\u00b10,2mm<\/li>\n<li>Einhaltung der Vorschriften: RoHS, REACH, CE<\/li>\n<\/ul>\n<p>Au\u00dferdem sind dank der Plug-and-Play-Funktion keine zus\u00e4tzlichen Treiber erforderlich. Kontaktieren Sie uns also noch heute und bestellen Sie unseren Hub.<\/p>","protected":false},"excerpt":{"rendered":"<p>Steigern Sie die Produktivit\u00e4t Ihres Laptops mit dem 9-in-1-Hub von Farsince, der zwei HDMI-, VGA-, RJ45- und 2 USB 3.0-Anschl\u00fcsse, SD\/TF-Steckpl\u00e4tze und einen PD-Adapter bietet.<\/p>","protected":false},"featured_media":17037,"template":"","meta":{"_acf_changed":false,"_seopress_robots_primary_cat":"","_seopress_titles_title":"USB-C to Dual HDM 9 in 1 Hub with VGA RJ45 2USB 3.0 - Farsince","_seopress_titles_desc":"","_seopress_robots_index":"","site-sidebar-layout":"default","site-content-layout":"default","ast-site-content-layout":"default","site-content-style":"default","site-sidebar-style":"default","ast-global-header-display":"","ast-banner-title-visibility":"","ast-main-header-display":"","ast-hfb-above-header-display":"","ast-hfb-below-header-display":"","ast-hfb-mobile-header-display":"","site-post-title":"","ast-breadcrumbs-content":"","ast-featured-img":"","footer-sml-layout":"","ast-disable-related-posts":"","theme-transparent-header-meta":"default","adv-header-id-meta":"","stick-header-meta":"","header-above-stick-meta":"","header-main-stick-meta":"","header-below-stick-meta":"","astra-migrate-meta-layouts":"set","ast-page-background-enabled":"default","ast-page-background-meta":{"desktop":{"background-color":"","background-image":"","background-repeat":"repeat","background-position":"center center","background-size":"auto","background-attachment":"scroll","background-type":"","background-media":"","overlay-type":"","overlay-color":"","overlay-opacity":"","overlay-gradient":""},"tablet":{"background-color":"","background-image":"","background-repeat":"repeat","background-position":"center center","background-size":"auto","background-attachment":"scroll","background-type":"","background-media":"","overlay-type":"","overlay-color":"","overlay-opacity":"","overlay-gradient":""},"mobile":{"background-color":"","background-image":"","background-repeat":"repeat","background-position":"center center","background-size":"auto","background-attachment":"scroll","background-type":"","background-media":"","overlay-type":"","overlay-color":"","overlay-opacity":"","overlay-gradient":""}},"ast-content-background-meta":{"desktop":{"background-color":"var(--ast-global-color-5)","background-image":"","background-repeat":"repeat","background-position":"center center","background-size":"auto","background-attachment":"scroll","background-type":"","background-media":"","overlay-type":"","overlay-color":"","overlay-opacity":"","overlay-gradient":""},"tablet":{"background-color":"var(--ast-global-color-5)","background-image":"","background-repeat":"repeat","background-position":"center center","background-size":"auto","background-attachment":"scroll","background-type":"","background-media":"","overlay-type":"","overlay-color":"","overlay-opacity":"","overlay-gradient":""},"mobile":{"background-color":"var(--ast-global-color-5)","background-image":"","background-repeat":"repeat","background-position":"center center","background-size":"auto","background-attachment":"scroll","background-type":"","background-media":"","overlay-type":"","overlay-color":"","overlay-opacity":"","overlay-gradient":""}},"iawp_total_views":6},"product_brand":[],"product_cat":[222],"product_tag":[],"class_list":{"0":"post-17036","1":"product","2":"type-product","3":"status-publish","4":"has-post-thumbnail","6":"product_cat-usb-c-cables","7":"desktop-align-left","8":"tablet-align-left","9":"mobile-align-left","11":"first","12":"instock","13":"shipping-taxable","14":"purchasable","15":"product-type-simple"},"acf":[],"_links":{"self":[{"href":"https:\/\/www.fjpremium.com\/de\/wp-json\/wp\/v2\/product\/17036","targetHints":{"allow":["GET"]}}],"collection":[{"href":"https:\/\/www.fjpremium.com\/de\/wp-json\/wp\/v2\/product"}],"about":[{"href":"https:\/\/www.fjpremium.com\/de\/wp-json\/wp\/v2\/types\/product"}],"wp:featuredmedia":[{"embeddable":true,"href":"https:\/\/www.fjpremium.com\/de\/wp-json\/wp\/v2\/media\/17037"}],"wp:attachment":[{"href":"https:\/\/www.fjpremium.com\/de\/wp-json\/wp\/v2\/media?parent=17036"}],"wp:term":[{"taxonomy":"product_brand","embeddable":true,"href":"https:\/\/www.fjpremium.com\/de\/wp-json\/wp\/v2\/product_brand?post=17036"},{"taxonomy":"product_cat","embeddable":true,"href":"https:\/\/www.fjpremium.com\/de\/wp-json\/wp\/v2\/product_cat?post=17036"},{"taxonomy":"product_tag","embeddable":true,"href":"https:\/\/www.fjpremium.com\/de\/wp-json\/wp\/v2\/product_tag?post=17036"}],"curies":[{"name":"wp","href":"https:\/\/api.w.org\/{rel}","templated":true}]}}