{"id":17030,"date":"2021-03-09T10:19:34","date_gmt":"2021-03-09T02:19:34","guid":{"rendered":"https:\/\/www.fjpremium.com\/?post_type=product&#038;p=17030"},"modified":"2023-09-18T16:05:13","modified_gmt":"2023-09-18T08:05:13","slug":"usb-c-to-dual-hdmi-mst-ssl-hub-4-in-1-4k-hub-with-usb-3-0-and-pd","status":"publish","type":"product","link":"https:\/\/www.fjpremium.com\/de\/product\/usb-c-to-dual-hdmi-mst-ssl-hub-4-in-1-4k-hub-with-usb-3-0-and-pd\/","title":{"rendered":"USB-C zu Dual HDMI MST SSL Hub 4 in 1 4K Hub mit USB 3.0 und PD"},"content":{"rendered":"<p>Mit zwei HDMI-Anschl\u00fcssen, einem USB 3.0-Anschluss und einem PD-Anschluss verspricht unser Hub eine nahtlose Verbindung zu verschiedenen Peripherieger\u00e4ten und unterst\u00fctzt gleichzeitig eine 4K-Aufl\u00f6sung (3840\u00d72160 @ 60Hz) f\u00fcr eine atemberaubende Optik.<\/p>\n<p>Er optimiert die Daten\u00fcbertragung mit einer Geschwindigkeit von bis zu 5 Gbit\/s und erm\u00f6glicht ein schnelles Aufladen mit bis zu 20 V\/3 A, wodurch ein Energieverlust w\u00e4hrend der Nutzung verhindert wird.<\/p>\n<p>Der Hub ist mit MAC OS, Windows, Android und Linux kompatibel und unterst\u00fctzt sowohl den Mirror- als auch den Extend-Modus (MST nur f\u00fcr Windows).<\/p>\n<p>Seine Spezifikationen:<\/p>\n<ul>\n<li>Vergoldeter Kontakt, vergoldetes Geh\u00e4use<\/li>\n<li>Kabel-Leiter: Verzinntes Kupfer<\/li>\n<li>Isolierung: Gesch\u00e4umte PE-Haut\/HDPE<\/li>\n<li>Drahtst\u00e4rke: 32\/32\/26AWG<\/li>\n<li>Dreifach abgeschirmt: verdrilltes Paar aus Aluminiumfolie, Gesamtaluminiumfolie, Geflecht<\/li>\n<li>Geh\u00e4use: Aluminium-Schale<\/li>\n<li>Chip: LT8712EXI<\/li>\n<li>Mantel: PVC<\/li>\n<li>\u00c4u\u00dferer Durchmesser: 4,2\u00b10,2mm<\/li>\n<li>Einhaltung der Vorschriften: RoHS, REACH, CE<\/li>\n<\/ul>\n<p>F\u00fcr einen optimalen Betrieb sollten Sie au\u00dferdem sicherstellen, dass Ihr Ger\u00e4t die Videoausgabe oder den DP Alt Mode unterst\u00fctzt.<\/p>\n<p>Zusammenfassend l\u00e4sst sich sagen, dass Sie in diesen 4 in 1 4K-Hub investieren und seine Vielseitigkeit genie\u00dfen sollten, die ideal f\u00fcr BYOD-Anwendungen ist.<\/p>","protected":false},"excerpt":{"rendered":"<p>Verbessern Sie die Konnektivit\u00e4t des Ger\u00e4ts mit dem 4-in-1-4K-Hub von Farsinece f\u00fcr Hochgeschwindigkeitsdaten\u00fcbertragung, schnelles PD-Laden und breite Betriebssystemkompatibilit\u00e4t.<\/p>","protected":false},"featured_media":17031,"template":"","meta":{"_acf_changed":false,"_seopress_robots_primary_cat":"","_seopress_titles_title":"4 in 1 4K Hub with USB 3.0 and PD - Farsince","_seopress_titles_desc":"","_seopress_robots_index":"","site-sidebar-layout":"default","site-content-layout":"default","ast-site-content-layout":"default","site-content-style":"default","site-sidebar-style":"default","ast-global-header-display":"","ast-banner-title-visibility":"","ast-main-header-display":"","ast-hfb-above-header-display":"","ast-hfb-below-header-display":"","ast-hfb-mobile-header-display":"","site-post-title":"","ast-breadcrumbs-content":"","ast-featured-img":"","footer-sml-layout":"","ast-disable-related-posts":"","theme-transparent-header-meta":"default","adv-header-id-meta":"","stick-header-meta":"","header-above-stick-meta":"","header-main-stick-meta":"","header-below-stick-meta":"","astra-migrate-meta-layouts":"set","ast-page-background-enabled":"default","ast-page-background-meta":{"desktop":{"background-color":"","background-image":"","background-repeat":"repeat","background-position":"center center","background-size":"auto","background-attachment":"scroll","background-type":"","background-media":"","overlay-type":"","overlay-color":"","overlay-opacity":"","overlay-gradient":""},"tablet":{"background-color":"","background-image":"","background-repeat":"repeat","background-position":"center center","background-size":"auto","background-attachment":"scroll","background-type":"","background-media":"","overlay-type":"","overlay-color":"","overlay-opacity":"","overlay-gradient":""},"mobile":{"background-color":"","background-image":"","background-repeat":"repeat","background-position":"center center","background-size":"auto","background-attachment":"scroll","background-type":"","background-media":"","overlay-type":"","overlay-color":"","overlay-opacity":"","overlay-gradient":""}},"ast-content-background-meta":{"desktop":{"background-color":"var(--ast-global-color-5)","background-image":"","background-repeat":"repeat","background-position":"center center","background-size":"auto","background-attachment":"scroll","background-type":"","background-media":"","overlay-type":"","overlay-color":"","overlay-opacity":"","overlay-gradient":""},"tablet":{"background-color":"var(--ast-global-color-5)","background-image":"","background-repeat":"repeat","background-position":"center center","background-size":"auto","background-attachment":"scroll","background-type":"","background-media":"","overlay-type":"","overlay-color":"","overlay-opacity":"","overlay-gradient":""},"mobile":{"background-color":"var(--ast-global-color-5)","background-image":"","background-repeat":"repeat","background-position":"center center","background-size":"auto","background-attachment":"scroll","background-type":"","background-media":"","overlay-type":"","overlay-color":"","overlay-opacity":"","overlay-gradient":""}},"iawp_total_views":104},"product_brand":[],"product_cat":[222],"product_tag":[],"class_list":{"0":"post-17030","1":"product","2":"type-product","3":"status-publish","4":"has-post-thumbnail","6":"product_cat-usb-c-cables","7":"desktop-align-left","8":"tablet-align-left","9":"mobile-align-left","11":"first","12":"instock","13":"shipping-taxable","14":"purchasable","15":"product-type-simple"},"acf":[],"_links":{"self":[{"href":"https:\/\/www.fjpremium.com\/de\/wp-json\/wp\/v2\/product\/17030","targetHints":{"allow":["GET"]}}],"collection":[{"href":"https:\/\/www.fjpremium.com\/de\/wp-json\/wp\/v2\/product"}],"about":[{"href":"https:\/\/www.fjpremium.com\/de\/wp-json\/wp\/v2\/types\/product"}],"wp:featuredmedia":[{"embeddable":true,"href":"https:\/\/www.fjpremium.com\/de\/wp-json\/wp\/v2\/media\/17031"}],"wp:attachment":[{"href":"https:\/\/www.fjpremium.com\/de\/wp-json\/wp\/v2\/media?parent=17030"}],"wp:term":[{"taxonomy":"product_brand","embeddable":true,"href":"https:\/\/www.fjpremium.com\/de\/wp-json\/wp\/v2\/product_brand?post=17030"},{"taxonomy":"product_cat","embeddable":true,"href":"https:\/\/www.fjpremium.com\/de\/wp-json\/wp\/v2\/product_cat?post=17030"},{"taxonomy":"product_tag","embeddable":true,"href":"https:\/\/www.fjpremium.com\/de\/wp-json\/wp\/v2\/product_tag?post=17030"}],"curies":[{"name":"wp","href":"https:\/\/api.w.org\/{rel}","templated":true}]}}