{"id":17021,"date":"2021-03-09T10:17:40","date_gmt":"2021-03-09T02:17:40","guid":{"rendered":"https:\/\/www.fjpremium.com\/?post_type=product&#038;p=17021"},"modified":"2023-09-18T16:08:51","modified_gmt":"2023-09-18T08:08:51","slug":"usb-c-to-dual-hdmi-displayport-mst-ssl-hub-2-in-1-4k-adapter","status":"publish","type":"product","link":"https:\/\/www.fjpremium.com\/de\/product\/usb-c-to-dual-hdmi-displayport-mst-ssl-hub-2-in-1-4k-adapter\/","title":{"rendered":"MST SSL Hub 2 in 1 4K USB-C zu Dual HDMI Adapter"},"content":{"rendered":"<p>Unser fortschrittliches Ger\u00e4t verbindet Ihr Smartphone, Tablet oder Ihren Computer mit einem USB-Typ-C-Anschluss mit zwei HDTV-Ger\u00e4ten, Monitoren, Projektoren oder anderen Bildschirmen und erm\u00f6glicht so eine \u00fcberragende Bildqualit\u00e4t mit einer Aufl\u00f6sung von bis zu 4K (3840\u00d72160 @ 60Hz).<\/p>\n<p>Ob ein Film oder eine Arbeitspr\u00e4sentation, es ist perfekt f\u00fcr BYOD-Anwendungen in Unternehmen oder Bildungseinrichtungen.<\/p>\n<p>Der USB-C-auf-Dual-HDMI-Adapter unterst\u00fctzt den Mirror Mode (SST) und den Extend Mode (MST) f\u00fcr Windows und gew\u00e4hrleistet so die Kompatibilit\u00e4t mit MAC OS, Windows, Android und Linux-Systemen.<\/p>\n<p>Bitte beachten Sie, dass der MST-Modus nur unter Windows verschiedene Bilder streamt und unter Mac OS das gleiche Bild spiegelt.<\/p>\n<p>Und Sie sollten immer sicherstellen, dass Ihr Ger\u00e4t die Videoausgabe oder den DP Alt Mode unterst\u00fctzt, um eine optimale Funktionalit\u00e4t zu gew\u00e4hrleisten.<\/p>\n<p>Seine Spezifikationen:<\/p>\n<ul>\n<li>Vergoldeter Kontakt, vergoldetes Geh\u00e4use<\/li>\n<li>Kabel-Leiter: Verzinntes Kupfer<\/li>\n<li>Isolierung: Gesch\u00e4umte PE-Haut\/HDPE<\/li>\n<li>Drahtst\u00e4rke: 32\/32\/26AWG<\/li>\n<li>Dreifach abgeschirmt: verdrilltes Paar aus Aluminiumfolie, Gesamtaluminiumfolie, Geflecht<\/li>\n<li>Geh\u00e4use: Aluminium-Schale<\/li>\n<li>Chip: LT8712EXI oder STDP4320+VL100+SN75149<\/li>\n<li>Mantel: PVC<\/li>\n<li>\u00c4u\u00dferer Durchmesser: 4,2\u00b10,2mm<\/li>\n<li>Einhaltung der Vorschriften: RoHS, REACH, CE<\/li>\n<\/ul>\n<p>Dar\u00fcber hinaus bietet unser USB-C-auf-Dual-HDMI-Adapter dank Plug-and-Play-F\u00e4higkeit und ohne zus\u00e4tzliche Treiber eine benutzerfreundliche Bedienung.<\/p>\n<p>Kurzum: Bestellen Sie es und erleben Sie die Zukunft der digitalen Konnektivit\u00e4t noch heute.<\/p>","protected":false},"excerpt":{"rendered":"<p>Erleben Sie die visuelle Kraft dieses MST SSL Hub 2 in 1 4K USB-C auf Dual-HDMI-Adapter, der Ihre Unterhaltung auf mehreren Bildschirmen mit atemberaubender 4K-Aufl\u00f6sung zum Leben erweckt.<\/p>","protected":false},"featured_media":17022,"template":"","meta":{"_acf_changed":false,"_seopress_robots_primary_cat":"","_seopress_titles_title":"MST SSL Hub 2 in 1 4K USB-C to Dual HDMI Adapter - FARSINCE","_seopress_titles_desc":"Experience the visual power of this USB-C to dual HDMI adapter, bringing your entertainment to life on multiple screens with stunning 4K resolution.","_seopress_robots_index":"","site-sidebar-layout":"default","site-content-layout":"default","ast-site-content-layout":"default","site-content-style":"default","site-sidebar-style":"default","ast-global-header-display":"","ast-banner-title-visibility":"","ast-main-header-display":"","ast-hfb-above-header-display":"","ast-hfb-below-header-display":"","ast-hfb-mobile-header-display":"","site-post-title":"","ast-breadcrumbs-content":"","ast-featured-img":"","footer-sml-layout":"","ast-disable-related-posts":"","theme-transparent-header-meta":"default","adv-header-id-meta":"","stick-header-meta":"","header-above-stick-meta":"","header-main-stick-meta":"","header-below-stick-meta":"","astra-migrate-meta-layouts":"set","ast-page-background-enabled":"default","ast-page-background-meta":{"desktop":{"background-color":"","background-image":"","background-repeat":"repeat","background-position":"center center","background-size":"auto","background-attachment":"scroll","background-type":"","background-media":"","overlay-type":"","overlay-color":"","overlay-opacity":"","overlay-gradient":""},"tablet":{"background-color":"","background-image":"","background-repeat":"repeat","background-position":"center center","background-size":"auto","background-attachment":"scroll","background-type":"","background-media":"","overlay-type":"","overlay-color":"","overlay-opacity":"","overlay-gradient":""},"mobile":{"background-color":"","background-image":"","background-repeat":"repeat","background-position":"center center","background-size":"auto","background-attachment":"scroll","background-type":"","background-media":"","overlay-type":"","overlay-color":"","overlay-opacity":"","overlay-gradient":""}},"ast-content-background-meta":{"desktop":{"background-color":"var(--ast-global-color-5)","background-image":"","background-repeat":"repeat","background-position":"center center","background-size":"auto","background-attachment":"scroll","background-type":"","background-media":"","overlay-type":"","overlay-color":"","overlay-opacity":"","overlay-gradient":""},"tablet":{"background-color":"var(--ast-global-color-5)","background-image":"","background-repeat":"repeat","background-position":"center center","background-size":"auto","background-attachment":"scroll","background-type":"","background-media":"","overlay-type":"","overlay-color":"","overlay-opacity":"","overlay-gradient":""},"mobile":{"background-color":"var(--ast-global-color-5)","background-image":"","background-repeat":"repeat","background-position":"center center","background-size":"auto","background-attachment":"scroll","background-type":"","background-media":"","overlay-type":"","overlay-color":"","overlay-opacity":"","overlay-gradient":""}},"iawp_total_views":10},"product_brand":[],"product_cat":[222],"product_tag":[],"class_list":{"0":"post-17021","1":"product","2":"type-product","3":"status-publish","4":"has-post-thumbnail","6":"product_cat-usb-c-cables","7":"desktop-align-left","8":"tablet-align-left","9":"mobile-align-left","11":"first","12":"instock","13":"shipping-taxable","14":"purchasable","15":"product-type-simple"},"acf":[],"_links":{"self":[{"href":"https:\/\/www.fjpremium.com\/de\/wp-json\/wp\/v2\/product\/17021","targetHints":{"allow":["GET"]}}],"collection":[{"href":"https:\/\/www.fjpremium.com\/de\/wp-json\/wp\/v2\/product"}],"about":[{"href":"https:\/\/www.fjpremium.com\/de\/wp-json\/wp\/v2\/types\/product"}],"wp:featuredmedia":[{"embeddable":true,"href":"https:\/\/www.fjpremium.com\/de\/wp-json\/wp\/v2\/media\/17022"}],"wp:attachment":[{"href":"https:\/\/www.fjpremium.com\/de\/wp-json\/wp\/v2\/media?parent=17021"}],"wp:term":[{"taxonomy":"product_brand","embeddable":true,"href":"https:\/\/www.fjpremium.com\/de\/wp-json\/wp\/v2\/product_brand?post=17021"},{"taxonomy":"product_cat","embeddable":true,"href":"https:\/\/www.fjpremium.com\/de\/wp-json\/wp\/v2\/product_cat?post=17021"},{"taxonomy":"product_tag","embeddable":true,"href":"https:\/\/www.fjpremium.com\/de\/wp-json\/wp\/v2\/product_tag?post=17021"}],"curies":[{"name":"wp","href":"https:\/\/api.w.org\/{rel}","templated":true}]}}