{"id":17012,"date":"2021-03-09T10:01:53","date_gmt":"2021-03-09T02:01:53","guid":{"rendered":"https:\/\/www.fjpremium.com\/?post_type=product&#038;p=17012"},"modified":"2023-09-18T16:15:02","modified_gmt":"2023-09-18T08:15:02","slug":"usb-c-to-3-port-usb-3-0-with-with-rj45-gigabit-ethernet-lan-4-in-1-hub","status":"publish","type":"product","link":"https:\/\/www.fjpremium.com\/de\/product\/usb-c-to-3-port-usb-3-0-with-with-rj45-gigabit-ethernet-lan-4-in-1-hub\/","title":{"rendered":"4 in 1 USB-C zu USB 3.0 mit RJ45 Gigabit 3 Port Ethernet Hub"},"content":{"rendered":"<p>Das unverzichtbare Zubeh\u00f6r verwandelt einen einzigen Typ-C-Anschluss in drei separate USB Typ-A 3.1-Anschl\u00fcsse und erm\u00f6glicht so den Anschluss von verschiedenen Peripherieger\u00e4ten.<\/p>\n<p>Er bietet schnelle, stabile und zuverl\u00e4ssige kabelgebundene Netzwerkverbindungen \u00fcber den integrierten Gigabit-Ethernet-Anschluss.<\/p>\n<p>Mit Daten\u00fcbertragungsgeschwindigkeiten von bis zu 5 Gbit\/s und Internetzugang mit bis zu 1000 Mbit\/s \u00fcbertrifft dieses Kabel WiFi-Verbindungen. Und sein reversibles USB-C-Design sorgt f\u00fcr einfache Verbindungen.<\/p>\n<p>Seine Spezifikationen:<\/p>\n<ul>\n<li>Vergoldeter Kontakt, vernickeltes Geh\u00e4use<\/li>\n<li>Kabel-Leiter: Verzinntes Kupfer<\/li>\n<li>Isolierung: Gesch\u00e4umte PE-Haut\/HDPE<\/li>\n<li>Drahtst\u00e4rke: 32\/32\/26AWG<\/li>\n<li>Dreifach abgeschirmt: verdrilltes Paar aus Aluminiumfolie, Gesamtaluminiumfolie, Geflecht<\/li>\n<li>Geh\u00e4use: ABS\/Aluminium-Schale<\/li>\n<li>Mantel: PVC<\/li>\n<li>\u00c4u\u00dferer Durchmesser: 4,2\u00b10,2mm<\/li>\n<li>Einhaltung der Vorschriften: RoHS, REACH, CE<\/li>\n<\/ul>\n<p>Dar\u00fcber hinaus ist die Kompatibilit\u00e4t mit Windows 10\/8.1\/8, Mac OS und Chrome gegeben, ohne dass Treiber oder Stromadapter erforderlich sind.<\/p>\n<p>Sie k\u00f6nnen nahtlose Plug-and-Play-Konnektivit\u00e4t genie\u00dfen, ohne dass zus\u00e4tzliche Software erforderlich ist. Wenden Sie sich daher noch heute an uns und bestellen Sie unseren 3-Port-Ethernet-Hub.<\/p>","protected":false},"excerpt":{"rendered":"<p>Verwandeln Sie Ihr USB-C-Ger\u00e4t mit unserem 4-in-1-USB-C-auf-USB-3.0-Hub mit RJ45-Gigabit-3-Port-Ethernet f\u00fcr Hochgeschwindigkeitsdaten\u00fcbertragungen.<\/p>","protected":false},"featured_media":17013,"template":"","meta":{"_acf_changed":false,"_seopress_robots_primary_cat":"","_seopress_titles_title":"Best 3 Port Ethernet Hub - Farsince","_seopress_titles_desc":"","_seopress_robots_index":"","site-sidebar-layout":"default","site-content-layout":"default","ast-site-content-layout":"default","site-content-style":"default","site-sidebar-style":"default","ast-global-header-display":"","ast-banner-title-visibility":"","ast-main-header-display":"","ast-hfb-above-header-display":"","ast-hfb-below-header-display":"","ast-hfb-mobile-header-display":"","site-post-title":"","ast-breadcrumbs-content":"","ast-featured-img":"","footer-sml-layout":"","ast-disable-related-posts":"","theme-transparent-header-meta":"default","adv-header-id-meta":"","stick-header-meta":"","header-above-stick-meta":"","header-main-stick-meta":"","header-below-stick-meta":"","astra-migrate-meta-layouts":"set","ast-page-background-enabled":"default","ast-page-background-meta":{"desktop":{"background-color":"","background-image":"","background-repeat":"repeat","background-position":"center center","background-size":"auto","background-attachment":"scroll","background-type":"","background-media":"","overlay-type":"","overlay-color":"","overlay-opacity":"","overlay-gradient":""},"tablet":{"background-color":"","background-image":"","background-repeat":"repeat","background-position":"center center","background-size":"auto","background-attachment":"scroll","background-type":"","background-media":"","overlay-type":"","overlay-color":"","overlay-opacity":"","overlay-gradient":""},"mobile":{"background-color":"","background-image":"","background-repeat":"repeat","background-position":"center center","background-size":"auto","background-attachment":"scroll","background-type":"","background-media":"","overlay-type":"","overlay-color":"","overlay-opacity":"","overlay-gradient":""}},"ast-content-background-meta":{"desktop":{"background-color":"var(--ast-global-color-5)","background-image":"","background-repeat":"repeat","background-position":"center center","background-size":"auto","background-attachment":"scroll","background-type":"","background-media":"","overlay-type":"","overlay-color":"","overlay-opacity":"","overlay-gradient":""},"tablet":{"background-color":"var(--ast-global-color-5)","background-image":"","background-repeat":"repeat","background-position":"center center","background-size":"auto","background-attachment":"scroll","background-type":"","background-media":"","overlay-type":"","overlay-color":"","overlay-opacity":"","overlay-gradient":""},"mobile":{"background-color":"var(--ast-global-color-5)","background-image":"","background-repeat":"repeat","background-position":"center center","background-size":"auto","background-attachment":"scroll","background-type":"","background-media":"","overlay-type":"","overlay-color":"","overlay-opacity":"","overlay-gradient":""}},"iawp_total_views":6},"product_brand":[],"product_cat":[222],"product_tag":[],"class_list":{"0":"post-17012","1":"product","2":"type-product","3":"status-publish","4":"has-post-thumbnail","6":"product_cat-usb-c-cables","7":"desktop-align-left","8":"tablet-align-left","9":"mobile-align-left","11":"first","12":"instock","13":"shipping-taxable","14":"purchasable","15":"product-type-simple"},"acf":[],"_links":{"self":[{"href":"https:\/\/www.fjpremium.com\/de\/wp-json\/wp\/v2\/product\/17012","targetHints":{"allow":["GET"]}}],"collection":[{"href":"https:\/\/www.fjpremium.com\/de\/wp-json\/wp\/v2\/product"}],"about":[{"href":"https:\/\/www.fjpremium.com\/de\/wp-json\/wp\/v2\/types\/product"}],"wp:featuredmedia":[{"embeddable":true,"href":"https:\/\/www.fjpremium.com\/de\/wp-json\/wp\/v2\/media\/17013"}],"wp:attachment":[{"href":"https:\/\/www.fjpremium.com\/de\/wp-json\/wp\/v2\/media?parent=17012"}],"wp:term":[{"taxonomy":"product_brand","embeddable":true,"href":"https:\/\/www.fjpremium.com\/de\/wp-json\/wp\/v2\/product_brand?post=17012"},{"taxonomy":"product_cat","embeddable":true,"href":"https:\/\/www.fjpremium.com\/de\/wp-json\/wp\/v2\/product_cat?post=17012"},{"taxonomy":"product_tag","embeddable":true,"href":"https:\/\/www.fjpremium.com\/de\/wp-json\/wp\/v2\/product_tag?post=17012"}],"curies":[{"name":"wp","href":"https:\/\/api.w.org\/{rel}","templated":true}]}}