{"id":16990,"date":"2021-03-09T09:56:16","date_gmt":"2021-03-09T01:56:16","guid":{"rendered":"https:\/\/www.fjpremium.com\/?post_type=product&#038;p=16990"},"modified":"2023-09-18T16:21:16","modified_gmt":"2023-09-18T08:21:16","slug":"usb-c-male-to-3-5mm-female-stereo-audio-adapter","status":"publish","type":"product","link":"https:\/\/www.fjpremium.com\/de\/product\/usb-c-male-to-3-5mm-female-stereo-audio-adapter\/","title":{"rendered":"Stecker auf Buchse USB C auf 3.5mm Audio Adapter"},"content":{"rendered":"<p>Mit diesem genialen Tool k\u00f6nnen Sie jedes mit USB-C ausgestattete Ger\u00e4t, wie z. B. Handys, Tablets oder andere mobile Ger\u00e4te, an eine 3,5-mm-Buchse an CD-Playern, Autoradios, Lautsprechern, PC-\/TV-Tunern und mehr anschlie\u00dfen.<\/p>\n<p>Dank des symmetrischen USB-C-Designs m\u00fcssen Sie sich keine Gedanken dar\u00fcber machen, wie Sie ihn einstecken. Au\u00dferdem ist es mit verschiedenen Ger\u00e4ten kompatibel, darunter das neue iPad Pro, Macbook, Google Pixel, Samsung Galaxy und mehr.<\/p>\n<p>Der Original-Audio-Chip unseres Adapters gew\u00e4hrleistet eine stabile, verlustfreie \u00dcbertragung f\u00fcr Hi-Fi-Soundqualit\u00e4t.<\/p>\n<p>Seine Spezifikationen:<\/p>\n<ul>\n<li>Vergoldeter Kontakt, vergoldetes Geh\u00e4use<\/li>\n<li>Kabel-Leiter: Lackierter Draht<\/li>\n<li>Isolierung: Gesch\u00e4umte PE-Haut\/HDPE<\/li>\n<li>Drahtst\u00e4rke: 30AWG 7\/0.10mm<\/li>\n<li>Geh\u00e4use: ABS\/Aluminium<\/li>\n<li>Chip: Digitales Schiff<\/li>\n<li>Mantel: TPE<\/li>\n<li>\u00c4u\u00dferer Durchmesser: 3,2\u00b10,2mm<\/li>\n<li>Einhaltung der Vorschriften: RoHS, REACH, CE<\/li>\n<\/ul>\n<p>Dar\u00fcber hinaus bietet das robuste, nylongeflochtene Kabel maximale Haltbarkeit. Kontaktieren Sie uns also noch heute und bestellen Sie den USB C auf 3,5mm Audio Adapter.<\/p>","protected":false},"excerpt":{"rendered":"<p>Erleben Sie einwandfreie Musik\u00fcbertragung und \u00fcberragende Haltbarkeit mit dem USB-C-auf-3,5-mm-Audioadapter (Stecker auf Buchse) von Farsince.<\/p>","protected":false},"featured_media":16991,"template":"","meta":{"_acf_changed":false,"_seopress_robots_primary_cat":"","_seopress_titles_title":"Best Male to Female USB C to 3.5mm Audio Adapter - FARSINCE","_seopress_titles_desc":"","_seopress_robots_index":"","site-sidebar-layout":"default","site-content-layout":"default","ast-site-content-layout":"default","site-content-style":"default","site-sidebar-style":"default","ast-global-header-display":"","ast-banner-title-visibility":"","ast-main-header-display":"","ast-hfb-above-header-display":"","ast-hfb-below-header-display":"","ast-hfb-mobile-header-display":"","site-post-title":"","ast-breadcrumbs-content":"","ast-featured-img":"","footer-sml-layout":"","ast-disable-related-posts":"","theme-transparent-header-meta":"default","adv-header-id-meta":"","stick-header-meta":"","header-above-stick-meta":"","header-main-stick-meta":"","header-below-stick-meta":"","astra-migrate-meta-layouts":"set","ast-page-background-enabled":"default","ast-page-background-meta":{"desktop":{"background-color":"","background-image":"","background-repeat":"repeat","background-position":"center center","background-size":"auto","background-attachment":"scroll","background-type":"","background-media":"","overlay-type":"","overlay-color":"","overlay-opacity":"","overlay-gradient":""},"tablet":{"background-color":"","background-image":"","background-repeat":"repeat","background-position":"center center","background-size":"auto","background-attachment":"scroll","background-type":"","background-media":"","overlay-type":"","overlay-color":"","overlay-opacity":"","overlay-gradient":""},"mobile":{"background-color":"","background-image":"","background-repeat":"repeat","background-position":"center center","background-size":"auto","background-attachment":"scroll","background-type":"","background-media":"","overlay-type":"","overlay-color":"","overlay-opacity":"","overlay-gradient":""}},"ast-content-background-meta":{"desktop":{"background-color":"var(--ast-global-color-5)","background-image":"","background-repeat":"repeat","background-position":"center center","background-size":"auto","background-attachment":"scroll","background-type":"","background-media":"","overlay-type":"","overlay-color":"","overlay-opacity":"","overlay-gradient":""},"tablet":{"background-color":"var(--ast-global-color-5)","background-image":"","background-repeat":"repeat","background-position":"center center","background-size":"auto","background-attachment":"scroll","background-type":"","background-media":"","overlay-type":"","overlay-color":"","overlay-opacity":"","overlay-gradient":""},"mobile":{"background-color":"var(--ast-global-color-5)","background-image":"","background-repeat":"repeat","background-position":"center center","background-size":"auto","background-attachment":"scroll","background-type":"","background-media":"","overlay-type":"","overlay-color":"","overlay-opacity":"","overlay-gradient":""}},"iawp_total_views":3},"product_brand":[],"product_cat":[222],"product_tag":[],"class_list":{"0":"post-16990","1":"product","2":"type-product","3":"status-publish","4":"has-post-thumbnail","6":"product_cat-usb-c-cables","7":"desktop-align-left","8":"tablet-align-left","9":"mobile-align-left","11":"first","12":"instock","13":"shipping-taxable","14":"purchasable","15":"product-type-simple"},"acf":[],"_links":{"self":[{"href":"https:\/\/www.fjpremium.com\/de\/wp-json\/wp\/v2\/product\/16990","targetHints":{"allow":["GET"]}}],"collection":[{"href":"https:\/\/www.fjpremium.com\/de\/wp-json\/wp\/v2\/product"}],"about":[{"href":"https:\/\/www.fjpremium.com\/de\/wp-json\/wp\/v2\/types\/product"}],"wp:featuredmedia":[{"embeddable":true,"href":"https:\/\/www.fjpremium.com\/de\/wp-json\/wp\/v2\/media\/16991"}],"wp:attachment":[{"href":"https:\/\/www.fjpremium.com\/de\/wp-json\/wp\/v2\/media?parent=16990"}],"wp:term":[{"taxonomy":"product_brand","embeddable":true,"href":"https:\/\/www.fjpremium.com\/de\/wp-json\/wp\/v2\/product_brand?post=16990"},{"taxonomy":"product_cat","embeddable":true,"href":"https:\/\/www.fjpremium.com\/de\/wp-json\/wp\/v2\/product_cat?post=16990"},{"taxonomy":"product_tag","embeddable":true,"href":"https:\/\/www.fjpremium.com\/de\/wp-json\/wp\/v2\/product_tag?post=16990"}],"curies":[{"name":"wp","href":"https:\/\/api.w.org\/{rel}","templated":true}]}}