{"id":16989,"date":"2021-03-09T09:56:15","date_gmt":"2021-03-09T01:56:15","guid":{"rendered":"https:\/\/www.fjpremium.com\/?post_type=product&#038;p=16989"},"modified":"2023-09-18T16:24:00","modified_gmt":"2023-09-18T08:24:00","slug":"usb-c-male-to-3-5mm-female-stereo-audio-adapter-with-pd-charging","status":"publish","type":"product","link":"https:\/\/www.fjpremium.com\/de\/product\/usb-c-male-to-3-5mm-female-stereo-audio-adapter-with-pd-charging\/","title":{"rendered":"3,5-mm-USB-C-Audio-Adapter (Stecker auf Buchse) mit Ladefunktion"},"content":{"rendered":"<p>Unser Adapter wurde entwickelt, um mit den meisten Android-, Typ-C- oder USB-C-Ger\u00e4ten zu harmonieren, und unterst\u00fctzt Ihre Multimedia-Reise, w\u00e4hrend er daf\u00fcr sorgt, dass Ihr Ger\u00e4t immer mit Strom versorgt ist. Die PD-Schnellladefunktion liefert bis zu 60 W (20 V \/ 3 A) Ausgangsleistung.<\/p>\n<p>Wenn Sie diesen Adapter an Ihr Type-C-f\u00e4higes Ger\u00e4t anschlie\u00dfen, erleben Sie satten Klang \u00fcber Ihre 3,5-mm-Audiokopfh\u00f6rer, Headsets, Lautsprecher oder Mikrofone.<\/p>\n<p>Seine Spezifikationen:<\/p>\n<ul>\n<li>Vergoldeter Kontakt, vergoldetes Geh\u00e4use<\/li>\n<li>Kabel-Leiter: Lackierter Draht<\/li>\n<li>Isolierung: Gesch\u00e4umte PE-Haut\/HDPE<\/li>\n<li>Drahtst\u00e4rke: 30AWG 7\/0.10mm<\/li>\n<li>Geh\u00e4use: ABS oder Aluminium<\/li>\n<li>Mantel: TPE<\/li>\n<li>\u00c4u\u00dferer Durchmesser: 3,2\u00b10,2mm<\/li>\n<li>Einhaltung der Vorschriften: RoHS, REACH, CE<\/li>\n<\/ul>\n<p>Dar\u00fcber hinaus verbessert der integrierte fortschrittliche BES- oder Realtek-DAC-Chip den Klang durch die Entfernung von Rauschen und unterst\u00fctzt High-Res-Audio mit bis zu 32 Bit\/384 KHz. Und mit dem reversiblen USB-C-Anschluss gibt es keinen falschen Weg zum Einstecken.<\/p>\n<p>Kontaktieren Sie uns also noch heute und bestellen Sie den USB-C-Audioadapter mit Ladefunktion.<\/p>","protected":false},"excerpt":{"rendered":"<p>Entfesseln Sie nahtlose Lade- und Audioerlebnisse mit dem 3,5-mm-USB-C-Audioadapter mit Ladefunktion (Stecker auf Buchse) von Farsince.<\/p>","protected":false},"featured_media":16999,"template":"","meta":{"_acf_changed":false,"_seopress_robots_primary_cat":"","_seopress_titles_title":"Best USB C Audio Adapter with Charging - Farsince","_seopress_titles_desc":"","_seopress_robots_index":"","site-sidebar-layout":"default","site-content-layout":"default","ast-site-content-layout":"default","site-content-style":"default","site-sidebar-style":"default","ast-global-header-display":"","ast-banner-title-visibility":"","ast-main-header-display":"","ast-hfb-above-header-display":"","ast-hfb-below-header-display":"","ast-hfb-mobile-header-display":"","site-post-title":"","ast-breadcrumbs-content":"","ast-featured-img":"","footer-sml-layout":"","ast-disable-related-posts":"","theme-transparent-header-meta":"default","adv-header-id-meta":"","stick-header-meta":"","header-above-stick-meta":"","header-main-stick-meta":"","header-below-stick-meta":"","astra-migrate-meta-layouts":"set","ast-page-background-enabled":"default","ast-page-background-meta":{"desktop":{"background-color":"","background-image":"","background-repeat":"repeat","background-position":"center center","background-size":"auto","background-attachment":"scroll","background-type":"","background-media":"","overlay-type":"","overlay-color":"","overlay-opacity":"","overlay-gradient":""},"tablet":{"background-color":"","background-image":"","background-repeat":"repeat","background-position":"center center","background-size":"auto","background-attachment":"scroll","background-type":"","background-media":"","overlay-type":"","overlay-color":"","overlay-opacity":"","overlay-gradient":""},"mobile":{"background-color":"","background-image":"","background-repeat":"repeat","background-position":"center center","background-size":"auto","background-attachment":"scroll","background-type":"","background-media":"","overlay-type":"","overlay-color":"","overlay-opacity":"","overlay-gradient":""}},"ast-content-background-meta":{"desktop":{"background-color":"var(--ast-global-color-5)","background-image":"","background-repeat":"repeat","background-position":"center center","background-size":"auto","background-attachment":"scroll","background-type":"","background-media":"","overlay-type":"","overlay-color":"","overlay-opacity":"","overlay-gradient":""},"tablet":{"background-color":"var(--ast-global-color-5)","background-image":"","background-repeat":"repeat","background-position":"center center","background-size":"auto","background-attachment":"scroll","background-type":"","background-media":"","overlay-type":"","overlay-color":"","overlay-opacity":"","overlay-gradient":""},"mobile":{"background-color":"var(--ast-global-color-5)","background-image":"","background-repeat":"repeat","background-position":"center center","background-size":"auto","background-attachment":"scroll","background-type":"","background-media":"","overlay-type":"","overlay-color":"","overlay-opacity":"","overlay-gradient":""}},"iawp_total_views":3},"product_brand":[],"product_cat":[222],"product_tag":[],"class_list":{"0":"post-16989","1":"product","2":"type-product","3":"status-publish","4":"has-post-thumbnail","6":"product_cat-usb-c-cables","7":"desktop-align-left","8":"tablet-align-left","9":"mobile-align-left","11":"first","12":"instock","13":"shipping-taxable","14":"purchasable","15":"product-type-simple"},"acf":[],"_links":{"self":[{"href":"https:\/\/www.fjpremium.com\/de\/wp-json\/wp\/v2\/product\/16989","targetHints":{"allow":["GET"]}}],"collection":[{"href":"https:\/\/www.fjpremium.com\/de\/wp-json\/wp\/v2\/product"}],"about":[{"href":"https:\/\/www.fjpremium.com\/de\/wp-json\/wp\/v2\/types\/product"}],"wp:featuredmedia":[{"embeddable":true,"href":"https:\/\/www.fjpremium.com\/de\/wp-json\/wp\/v2\/media\/16999"}],"wp:attachment":[{"href":"https:\/\/www.fjpremium.com\/de\/wp-json\/wp\/v2\/media?parent=16989"}],"wp:term":[{"taxonomy":"product_brand","embeddable":true,"href":"https:\/\/www.fjpremium.com\/de\/wp-json\/wp\/v2\/product_brand?post=16989"},{"taxonomy":"product_cat","embeddable":true,"href":"https:\/\/www.fjpremium.com\/de\/wp-json\/wp\/v2\/product_cat?post=16989"},{"taxonomy":"product_tag","embeddable":true,"href":"https:\/\/www.fjpremium.com\/de\/wp-json\/wp\/v2\/product_tag?post=16989"}],"curies":[{"name":"wp","href":"https:\/\/api.w.org\/{rel}","templated":true}]}}