{"id":16988,"date":"2021-03-09T09:56:14","date_gmt":"2021-03-09T01:56:14","guid":{"rendered":"https:\/\/www.fjpremium.com\/?post_type=product&#038;p=16988"},"modified":"2023-09-18T16:45:06","modified_gmt":"2023-09-18T08:45:06","slug":"usb-c-male-to-3-5mm-female-stereo-audio-adapter-with-pd-charging-2","status":"publish","type":"product","link":"https:\/\/www.fjpremium.com\/de\/product\/usb-c-male-to-3-5mm-female-stereo-audio-adapter-with-pd-charging-2\/","title":{"rendered":"USB-C-Stecker auf 3,5-mm-Stereo-Audio-PD-Ladeadapter"},"content":{"rendered":"<p>Der Adapter ist f\u00fcr die meisten Android-, Typ-C- oder USB-C-Ger\u00e4te geeignet. Mit einer Ausgangsleistung von bis zu 60 W (20 V\/3 A) k\u00f6nnen Sie schnelles PD-Schnellladen und ein tadelloses Audioerlebnis genie\u00dfen.<\/p>\n<p>Und Sie m\u00fcssen sich keine Sorgen machen, dass der Akku bei intensiven Spielesessions oder langen Telefonaten leer wird.<\/p>\n<p>Die Kompatibilit\u00e4t unseres Adapters erstreckt sich auf 3,5-mm-Audiokopfh\u00f6rer, Lautsprecher oder Mikrofone. Dank des integrierten fortschrittlichen BES- oder Realtek-DAC-Chips k\u00f6nnen Sie sich auf rauschfreie, hochaufl\u00f6sende Audiosignale mit bis zu 32 Bit\/384 KHz verlassen.<\/p>\n<p>Seine Spezifikationen:<\/p>\n<ul>\n<li>Vergoldeter Kontakt, vergoldetes Geh\u00e4use<\/li>\n<li>Kabel-Leiter: Lackierter Draht<\/li>\n<li>Isolierung: Gesch\u00e4umte PE-Haut\/HDPE<\/li>\n<li>Drahtst\u00e4rke: 30AWG 7\/0.10mm<\/li>\n<li>Geh\u00e4use: ABS oder Aluminium<\/li>\n<li>Mantel: TPE<\/li>\n<li>\u00c4u\u00dferer Durchmesser: 3,2\u00b10,2mm<\/li>\n<li>Einhaltung der Vorschriften: RoHS, REACH, CE<\/li>\n<\/ul>\n<p>Au\u00dferdem sorgt der reversible USB-C-Anschluss f\u00fcr ein einfaches Einstecken. Kontaktieren Sie uns also noch heute und investieren Sie in diesen PD-Ladeadapter.<\/p>","protected":false},"excerpt":{"rendered":"<p>Erleben Sie unterbrechungsfreie Musik und schnelles Aufladen mit dem Farsince USB-C-Stecker auf 3,5-mm-Buchse Stereo-Audio-PD-Ladeadapter, kompatibel mit den meisten Android-, Typ-C- oder USB-C-Ger\u00e4ten.<\/p>","protected":false},"featured_media":17005,"template":"","meta":{"_acf_changed":false,"_seopress_robots_primary_cat":"","_seopress_titles_title":"Best Stereo Audio PD Charging Adapter - Farsince","_seopress_titles_desc":"Experience uninterrupted music and fast charging with the Farsince USB-C male to 3.5mm female stereo audio PD charging adapter.","_seopress_robots_index":"","site-sidebar-layout":"default","site-content-layout":"default","ast-site-content-layout":"default","site-content-style":"default","site-sidebar-style":"default","ast-global-header-display":"","ast-banner-title-visibility":"","ast-main-header-display":"","ast-hfb-above-header-display":"","ast-hfb-below-header-display":"","ast-hfb-mobile-header-display":"","site-post-title":"","ast-breadcrumbs-content":"","ast-featured-img":"","footer-sml-layout":"","ast-disable-related-posts":"","theme-transparent-header-meta":"default","adv-header-id-meta":"","stick-header-meta":"","header-above-stick-meta":"","header-main-stick-meta":"","header-below-stick-meta":"","astra-migrate-meta-layouts":"set","ast-page-background-enabled":"default","ast-page-background-meta":{"desktop":{"background-color":"","background-image":"","background-repeat":"repeat","background-position":"center center","background-size":"auto","background-attachment":"scroll","background-type":"","background-media":"","overlay-type":"","overlay-color":"","overlay-opacity":"","overlay-gradient":""},"tablet":{"background-color":"","background-image":"","background-repeat":"repeat","background-position":"center center","background-size":"auto","background-attachment":"scroll","background-type":"","background-media":"","overlay-type":"","overlay-color":"","overlay-opacity":"","overlay-gradient":""},"mobile":{"background-color":"","background-image":"","background-repeat":"repeat","background-position":"center center","background-size":"auto","background-attachment":"scroll","background-type":"","background-media":"","overlay-type":"","overlay-color":"","overlay-opacity":"","overlay-gradient":""}},"ast-content-background-meta":{"desktop":{"background-color":"var(--ast-global-color-5)","background-image":"","background-repeat":"repeat","background-position":"center center","background-size":"auto","background-attachment":"scroll","background-type":"","background-media":"","overlay-type":"","overlay-color":"","overlay-opacity":"","overlay-gradient":""},"tablet":{"background-color":"var(--ast-global-color-5)","background-image":"","background-repeat":"repeat","background-position":"center center","background-size":"auto","background-attachment":"scroll","background-type":"","background-media":"","overlay-type":"","overlay-color":"","overlay-opacity":"","overlay-gradient":""},"mobile":{"background-color":"var(--ast-global-color-5)","background-image":"","background-repeat":"repeat","background-position":"center center","background-size":"auto","background-attachment":"scroll","background-type":"","background-media":"","overlay-type":"","overlay-color":"","overlay-opacity":"","overlay-gradient":""}},"iawp_total_views":4},"product_brand":[],"product_cat":[222],"product_tag":[],"class_list":{"0":"post-16988","1":"product","2":"type-product","3":"status-publish","4":"has-post-thumbnail","6":"product_cat-usb-c-cables","7":"desktop-align-left","8":"tablet-align-left","9":"mobile-align-left","11":"first","12":"instock","13":"shipping-taxable","14":"purchasable","15":"product-type-simple"},"acf":[],"_links":{"self":[{"href":"https:\/\/www.fjpremium.com\/de\/wp-json\/wp\/v2\/product\/16988","targetHints":{"allow":["GET"]}}],"collection":[{"href":"https:\/\/www.fjpremium.com\/de\/wp-json\/wp\/v2\/product"}],"about":[{"href":"https:\/\/www.fjpremium.com\/de\/wp-json\/wp\/v2\/types\/product"}],"wp:featuredmedia":[{"embeddable":true,"href":"https:\/\/www.fjpremium.com\/de\/wp-json\/wp\/v2\/media\/17005"}],"wp:attachment":[{"href":"https:\/\/www.fjpremium.com\/de\/wp-json\/wp\/v2\/media?parent=16988"}],"wp:term":[{"taxonomy":"product_brand","embeddable":true,"href":"https:\/\/www.fjpremium.com\/de\/wp-json\/wp\/v2\/product_brand?post=16988"},{"taxonomy":"product_cat","embeddable":true,"href":"https:\/\/www.fjpremium.com\/de\/wp-json\/wp\/v2\/product_cat?post=16988"},{"taxonomy":"product_tag","embeddable":true,"href":"https:\/\/www.fjpremium.com\/de\/wp-json\/wp\/v2\/product_tag?post=16988"}],"curies":[{"name":"wp","href":"https:\/\/api.w.org\/{rel}","templated":true}]}}