{"id":16945,"date":"2021-03-09T09:28:24","date_gmt":"2021-03-09T01:28:24","guid":{"rendered":"https:\/\/www.fjpremium.com\/?post_type=product&#038;p=16945"},"modified":"2023-09-18T16:48:59","modified_gmt":"2023-09-18T08:48:59","slug":"usb-3-0-type-c-male-to-usb-3-0-type-b-male-cable","status":"publish","type":"product","link":"https:\/\/www.fjpremium.com\/de\/product\/usb-3-0-type-c-male-to-usb-3-0-type-b-male-cable\/","title":{"rendered":"Stecker auf Stecker USB 3.0 Typ C auf Typ B Kabel"},"content":{"rendered":"<p>Unser Kabel wurde f\u00fcr nahtlose Verbindungen zwischen Ihrem Computer, Tablet oder anderen USB-Typ-C-Ger\u00e4ten und beliebigen USB-3.0-Typ-B-Ger\u00e4ten wie Druckern, Scannern oder Hubs entwickelt. Mit einer beeindruckenden \u00dcbertragungsrate von bis zu 5 Gbit\/s erm\u00f6glicht es einen schnellen und effizienten Datenverkehr.<\/p>\n<p>Dank des symmetrischen USB-C-Steckers dieses Kabels k\u00f6nnen Sie es bedenkenlos in beide Richtungen einstecken.<\/p>\n<p>EMI\/RFI-St\u00f6rungen werden dank der Folien- und Geflechtabschirmung vollst\u00e4ndig eliminiert, und die Twisted-Pair-Konstruktion reduziert das \u00dcbersprechen und gew\u00e4hrleistet eine schnelle, fehlerfreie Daten\u00fcbertragung.<\/p>\n<p>Seine Spezifikationen:<\/p>\n<ul>\n<li>Vergoldeter Kontakt, vernickeltes Geh\u00e4use<\/li>\n<li>Kabel-Leiter: Blanke Kupfer<\/li>\n<li>Isolierung: Gesch\u00e4umte PE-Haut\/HDPE<\/li>\n<li>Drahtst\u00e4rke: 32\/24\/32AWG<\/li>\n<li>Geh\u00e4use: Spritzgussform<\/li>\n<li>Chip: N\/M<\/li>\n<li>\u00c4u\u00dferer Durchmesser: 4,5\u00b10,2mm<\/li>\n<li>Einhaltung der Vorschriften: RoHS, REACH<\/li>\n<\/ul>\n<p>Der robuste und dennoch flexible PVC-Mantel verbessert zudem die Gesamtleistung und Haltbarkeit des Kabels. Kontaktieren Sie uns noch heute und bestellen Sie das USB 3.0 Typ C auf Typ B Kabel.<\/p>","protected":false},"excerpt":{"rendered":"<p>Revolutionieren Sie Ihre digitale Konnektivit\u00e4t mit dem Farsince USB 3.0 Typ C auf Typ B Kabel f\u00fcr Hochgeschwindigkeitsdaten\u00fcbertragung und einfachen Anschluss.<\/p>","protected":false},"featured_media":16977,"template":"","meta":{"_acf_changed":false,"_seopress_robots_primary_cat":"","_seopress_titles_title":"Best Male to Male USB 3.0 Type C to Type B Cable - Farsince","_seopress_titles_desc":"","_seopress_robots_index":"","site-sidebar-layout":"default","site-content-layout":"default","ast-site-content-layout":"default","site-content-style":"default","site-sidebar-style":"default","ast-global-header-display":"","ast-banner-title-visibility":"","ast-main-header-display":"","ast-hfb-above-header-display":"","ast-hfb-below-header-display":"","ast-hfb-mobile-header-display":"","site-post-title":"","ast-breadcrumbs-content":"","ast-featured-img":"","footer-sml-layout":"","ast-disable-related-posts":"","theme-transparent-header-meta":"default","adv-header-id-meta":"","stick-header-meta":"","header-above-stick-meta":"","header-main-stick-meta":"","header-below-stick-meta":"","astra-migrate-meta-layouts":"set","ast-page-background-enabled":"default","ast-page-background-meta":{"desktop":{"background-color":"","background-image":"","background-repeat":"repeat","background-position":"center center","background-size":"auto","background-attachment":"scroll","background-type":"","background-media":"","overlay-type":"","overlay-color":"","overlay-opacity":"","overlay-gradient":""},"tablet":{"background-color":"","background-image":"","background-repeat":"repeat","background-position":"center center","background-size":"auto","background-attachment":"scroll","background-type":"","background-media":"","overlay-type":"","overlay-color":"","overlay-opacity":"","overlay-gradient":""},"mobile":{"background-color":"","background-image":"","background-repeat":"repeat","background-position":"center center","background-size":"auto","background-attachment":"scroll","background-type":"","background-media":"","overlay-type":"","overlay-color":"","overlay-opacity":"","overlay-gradient":""}},"ast-content-background-meta":{"desktop":{"background-color":"var(--ast-global-color-5)","background-image":"","background-repeat":"repeat","background-position":"center center","background-size":"auto","background-attachment":"scroll","background-type":"","background-media":"","overlay-type":"","overlay-color":"","overlay-opacity":"","overlay-gradient":""},"tablet":{"background-color":"var(--ast-global-color-5)","background-image":"","background-repeat":"repeat","background-position":"center center","background-size":"auto","background-attachment":"scroll","background-type":"","background-media":"","overlay-type":"","overlay-color":"","overlay-opacity":"","overlay-gradient":""},"mobile":{"background-color":"var(--ast-global-color-5)","background-image":"","background-repeat":"repeat","background-position":"center center","background-size":"auto","background-attachment":"scroll","background-type":"","background-media":"","overlay-type":"","overlay-color":"","overlay-opacity":"","overlay-gradient":""}},"iawp_total_views":5},"product_brand":[],"product_cat":[222],"product_tag":[],"class_list":{"0":"post-16945","1":"product","2":"type-product","3":"status-publish","4":"has-post-thumbnail","6":"product_cat-usb-c-cables","7":"desktop-align-left","8":"tablet-align-left","9":"mobile-align-left","11":"first","12":"instock","13":"shipping-taxable","14":"purchasable","15":"product-type-simple"},"acf":[],"_links":{"self":[{"href":"https:\/\/www.fjpremium.com\/de\/wp-json\/wp\/v2\/product\/16945","targetHints":{"allow":["GET"]}}],"collection":[{"href":"https:\/\/www.fjpremium.com\/de\/wp-json\/wp\/v2\/product"}],"about":[{"href":"https:\/\/www.fjpremium.com\/de\/wp-json\/wp\/v2\/types\/product"}],"wp:featuredmedia":[{"embeddable":true,"href":"https:\/\/www.fjpremium.com\/de\/wp-json\/wp\/v2\/media\/16977"}],"wp:attachment":[{"href":"https:\/\/www.fjpremium.com\/de\/wp-json\/wp\/v2\/media?parent=16945"}],"wp:term":[{"taxonomy":"product_brand","embeddable":true,"href":"https:\/\/www.fjpremium.com\/de\/wp-json\/wp\/v2\/product_brand?post=16945"},{"taxonomy":"product_cat","embeddable":true,"href":"https:\/\/www.fjpremium.com\/de\/wp-json\/wp\/v2\/product_cat?post=16945"},{"taxonomy":"product_tag","embeddable":true,"href":"https:\/\/www.fjpremium.com\/de\/wp-json\/wp\/v2\/product_tag?post=16945"}],"curies":[{"name":"wp","href":"https:\/\/api.w.org\/{rel}","templated":true}]}}