{"id":16943,"date":"2021-03-09T09:28:20","date_gmt":"2021-03-09T01:28:20","guid":{"rendered":"https:\/\/www.fjpremium.com\/?post_type=product&#038;p=16943"},"modified":"2023-06-19T15:48:13","modified_gmt":"2023-06-19T07:48:13","slug":"usb-2-0-type-c-male-to-usb-2-0-micro-usb-male-cable","status":"publish","type":"product","link":"https:\/\/www.fjpremium.com\/de\/product\/usb-2-0-type-c-male-to-usb-2-0-micro-usb-male-cable\/","title":{"rendered":"Stecker auf Stecker USB 2.0 Typ C auf Micro USB Kabel"},"content":{"rendered":"<p>Dieses Kabel wurde entwickelt, um Kompatibilit\u00e4t in Ihre digitale Welt zu bringen. Es verbindet Ihre Smartphones, Tablets oder andere Mikro-USB-f\u00e4hige Ger\u00e4te mit Ihrem Computer, Tablet oder Ger\u00e4t, das \u00fcber einen USB-Typ-C-Anschluss verf\u00fcgt.<\/p>\n<p>Das einzigartige Design unterst\u00fctzt sowohl die Schnellladetechnologie 2.0 mit einer Ausgangsleistung von 5 V und 2,4 A als auch eine Hochgeschwindigkeits-Daten\u00fcbertragungsrate von bis zu 480 Mbit\/s.<\/p>\n<p>Der reversible USB-C-Anschluss, der mit einem 56-kOhm-Pull-up-Widerstand ausgestattet ist, l\u00e4sst sich jedes Mal nahtlos einstecken und bietet Sicherheit f\u00fcr den Anschluss Ihres Ger\u00e4ts.<\/p>\n<p>Seine Spezifikationen:<\/p>\n<ul>\n<li>Vergoldeter Kontakt, vernickeltes Geh\u00e4use<\/li>\n<li>Kabel-Leiter: Blanke Kupfer<\/li>\n<li>Isolierung: Gesch\u00e4umte PE-Haut\/HDPE<\/li>\n<li>Kabelquerschnitt: 28\/24AWG<\/li>\n<li>Geh\u00e4use: Spritzgussform<\/li>\n<li>Chip: N\/M<\/li>\n<li>Mantel: PVC<\/li>\n<li>\u00c4u\u00dferer Durchmesser: 4,5\u00b10,2mm<\/li>\n<li>Einhaltung der Vorschriften: RoHS, REACH<\/li>\n<\/ul>\n<p>Die Abschirmungsmechanismen des Kabels, wie z. B. die Folie, die Geflechtabschirmung und die Twisted-Pair-Konstruktion, reduzieren das \u00dcbersprechen und sch\u00fctzen vor EMI\/RFI-Interferenzen.<\/p>\n<p>Und das sorgt f\u00fcr eine schnelle, fehlerfreie Daten\u00fcbertragung zwischen den Ger\u00e4ten, was es zu einer bemerkenswerten L\u00f6sung f\u00fcr Ihre digitalen Bed\u00fcrfnisse macht. Kurzum, kontaktieren Sie uns noch heute und bestellen Sie unser Typ-C-auf-Micro-USB-Kabel.<\/p>","protected":false},"excerpt":{"rendered":"<p>Verbessern Sie Ihre digitale Konnektivit\u00e4t mit dem USB 2.0 Typ C-auf-Micro-USB-Kabel von Farsince, das Hochgeschwindigkeitsdaten\u00fcbertragung und Quick Charge 2.0-Unterst\u00fctzung bietet.<\/p>","protected":false},"featured_media":16965,"template":"","meta":{"_acf_changed":false,"_seopress_robots_primary_cat":"","_seopress_titles_title":"","_seopress_titles_desc":"","_seopress_robots_index":"","site-sidebar-layout":"default","site-content-layout":"default","ast-site-content-layout":"default","site-content-style":"default","site-sidebar-style":"default","ast-global-header-display":"","ast-banner-title-visibility":"","ast-main-header-display":"","ast-hfb-above-header-display":"","ast-hfb-below-header-display":"","ast-hfb-mobile-header-display":"","site-post-title":"","ast-breadcrumbs-content":"","ast-featured-img":"","footer-sml-layout":"","ast-disable-related-posts":"","theme-transparent-header-meta":"default","adv-header-id-meta":"","stick-header-meta":"","header-above-stick-meta":"","header-main-stick-meta":"","header-below-stick-meta":"","astra-migrate-meta-layouts":"default","ast-page-background-enabled":"default","ast-page-background-meta":{"desktop":{"background-color":"","background-image":"","background-repeat":"repeat","background-position":"center center","background-size":"auto","background-attachment":"scroll","background-type":"","background-media":"","overlay-type":"","overlay-color":"","overlay-opacity":"","overlay-gradient":""},"tablet":{"background-color":"","background-image":"","background-repeat":"repeat","background-position":"center center","background-size":"auto","background-attachment":"scroll","background-type":"","background-media":"","overlay-type":"","overlay-color":"","overlay-opacity":"","overlay-gradient":""},"mobile":{"background-color":"","background-image":"","background-repeat":"repeat","background-position":"center center","background-size":"auto","background-attachment":"scroll","background-type":"","background-media":"","overlay-type":"","overlay-color":"","overlay-opacity":"","overlay-gradient":""}},"ast-content-background-meta":{"desktop":{"background-color":"var(--ast-global-color-5)","background-image":"","background-repeat":"repeat","background-position":"center center","background-size":"auto","background-attachment":"scroll","background-type":"","background-media":"","overlay-type":"","overlay-color":"","overlay-opacity":"","overlay-gradient":""},"tablet":{"background-color":"var(--ast-global-color-5)","background-image":"","background-repeat":"repeat","background-position":"center center","background-size":"auto","background-attachment":"scroll","background-type":"","background-media":"","overlay-type":"","overlay-color":"","overlay-opacity":"","overlay-gradient":""},"mobile":{"background-color":"var(--ast-global-color-5)","background-image":"","background-repeat":"repeat","background-position":"center center","background-size":"auto","background-attachment":"scroll","background-type":"","background-media":"","overlay-type":"","overlay-color":"","overlay-opacity":"","overlay-gradient":""}},"iawp_total_views":5},"product_brand":[],"product_cat":[222],"product_tag":[],"class_list":{"0":"post-16943","1":"product","2":"type-product","3":"status-publish","4":"has-post-thumbnail","6":"product_cat-usb-c-cables","7":"desktop-align-left","8":"tablet-align-left","9":"mobile-align-left","11":"first","12":"instock","13":"shipping-taxable","14":"purchasable","15":"product-type-simple"},"acf":[],"_links":{"self":[{"href":"https:\/\/www.fjpremium.com\/de\/wp-json\/wp\/v2\/product\/16943","targetHints":{"allow":["GET"]}}],"collection":[{"href":"https:\/\/www.fjpremium.com\/de\/wp-json\/wp\/v2\/product"}],"about":[{"href":"https:\/\/www.fjpremium.com\/de\/wp-json\/wp\/v2\/types\/product"}],"wp:featuredmedia":[{"embeddable":true,"href":"https:\/\/www.fjpremium.com\/de\/wp-json\/wp\/v2\/media\/16965"}],"wp:attachment":[{"href":"https:\/\/www.fjpremium.com\/de\/wp-json\/wp\/v2\/media?parent=16943"}],"wp:term":[{"taxonomy":"product_brand","embeddable":true,"href":"https:\/\/www.fjpremium.com\/de\/wp-json\/wp\/v2\/product_brand?post=16943"},{"taxonomy":"product_cat","embeddable":true,"href":"https:\/\/www.fjpremium.com\/de\/wp-json\/wp\/v2\/product_cat?post=16943"},{"taxonomy":"product_tag","embeddable":true,"href":"https:\/\/www.fjpremium.com\/de\/wp-json\/wp\/v2\/product_tag?post=16943"}],"curies":[{"name":"wp","href":"https:\/\/api.w.org\/{rel}","templated":true}]}}