{"id":16942,"date":"2021-03-09T09:28:18","date_gmt":"2021-03-09T01:28:18","guid":{"rendered":"https:\/\/www.fjpremium.com\/?post_type=product&#038;p=16942"},"modified":"2023-09-18T16:54:59","modified_gmt":"2023-09-18T08:54:59","slug":"usb-2-0-type-c-male-to-usb-2-0-mini-usb-male-cable","status":"publish","type":"product","link":"https:\/\/www.fjpremium.com\/de\/product\/usb-2-0-type-c-male-to-usb-2-0-mini-usb-male-cable\/","title":{"rendered":"Stecker auf Stecker USB 2.0 Typ C auf Mini USB Kabel"},"content":{"rendered":"<p>Das Kabel verbindet Ihr Smartphone, Ihren Game-Controller, Ihr GPS, Ihre Kamera oder andere Ger\u00e4te mit einem USB-Mini-B-Anschluss nahtlos mit jedem Computer, Tablet oder Ger\u00e4t, das mit einem USB-Typ-C-Anschluss ausgestattet ist.<\/p>\n<p>Seine F\u00e4higkeit, Hochgeschwindigkeitsdaten\u00fcbertragungen von bis zu 480 Mbit\/s und eine Stromversorgung von bis zu 5 Volt und 2,4 Ampere zu unterst\u00fctzen, gew\u00e4hrleistet eine schnelle und effiziente Leistung.<\/p>\n<p>Das Design des USB-C-Steckers ist symmetrisch und gew\u00e4hrleistet eine einfache Nutzung unabh\u00e4ngig von der Steckrichtung.<\/p>\n<p>Seine Spezifikationen:<\/p>\n<ul>\n<li>Vergoldeter Kontakt, vernickeltes Geh\u00e4use<\/li>\n<li>Kabel-Leiter: Blanke Kupfer<\/li>\n<li>Isolierung: Gesch\u00e4umte PE-Haut\/HDPE<\/li>\n<li>Kabelquerschnitt: 28\/24AWG<\/li>\n<li>Geh\u00e4use: Spritzgussform<\/li>\n<li>Chip: N\/M<\/li>\n<li>Mantel: PVC<\/li>\n<li>\u00c4u\u00dferer Durchmesser: 4,5\u00b10,2mm<\/li>\n<li>Einhaltung der Vorschriften: RoHS, REACH<\/li>\n<\/ul>\n<p>Au\u00dferdem ist unser Typ-C-auf-Mini-USB-Kabel mit Folie und Geflecht abgeschirmt und verf\u00fcgt \u00fcber ein Twisted-Pair-Design, das Ihre Daten vor EMI\/RFI-St\u00f6rungen und Nebensprechen sch\u00fctzt und eine zuverl\u00e4ssige, schnelle und fehlerfreie Daten\u00fcbertragung gew\u00e4hrleistet.<\/p>\n<p>Nehmen Sie daher noch heute Kontakt mit uns auf und bestellen Sie das Kabel.<\/p>","protected":false},"excerpt":{"rendered":"<p>Entdecken Sie dieses USB 2.0 Typ-C-auf-Mini-USB-Kabel, das schnelle und sichere Daten\u00fcbertragungs- und Ladefunktionen bietet und eine zuverl\u00e4ssige Verbindung zu Ger\u00e4ten erm\u00f6glicht.<\/p>","protected":false},"featured_media":16959,"template":"","meta":{"_acf_changed":false,"_seopress_robots_primary_cat":"","_seopress_titles_title":"Male to Male USB 2.0 Type C to Mini USB Cable - FARSINCE","_seopress_titles_desc":"","_seopress_robots_index":"","site-sidebar-layout":"default","site-content-layout":"default","ast-site-content-layout":"default","site-content-style":"default","site-sidebar-style":"default","ast-global-header-display":"","ast-banner-title-visibility":"","ast-main-header-display":"","ast-hfb-above-header-display":"","ast-hfb-below-header-display":"","ast-hfb-mobile-header-display":"","site-post-title":"","ast-breadcrumbs-content":"","ast-featured-img":"","footer-sml-layout":"","ast-disable-related-posts":"","theme-transparent-header-meta":"default","adv-header-id-meta":"","stick-header-meta":"","header-above-stick-meta":"","header-main-stick-meta":"","header-below-stick-meta":"","astra-migrate-meta-layouts":"set","ast-page-background-enabled":"default","ast-page-background-meta":{"desktop":{"background-color":"","background-image":"","background-repeat":"repeat","background-position":"center center","background-size":"auto","background-attachment":"scroll","background-type":"","background-media":"","overlay-type":"","overlay-color":"","overlay-opacity":"","overlay-gradient":""},"tablet":{"background-color":"","background-image":"","background-repeat":"repeat","background-position":"center center","background-size":"auto","background-attachment":"scroll","background-type":"","background-media":"","overlay-type":"","overlay-color":"","overlay-opacity":"","overlay-gradient":""},"mobile":{"background-color":"","background-image":"","background-repeat":"repeat","background-position":"center center","background-size":"auto","background-attachment":"scroll","background-type":"","background-media":"","overlay-type":"","overlay-color":"","overlay-opacity":"","overlay-gradient":""}},"ast-content-background-meta":{"desktop":{"background-color":"var(--ast-global-color-5)","background-image":"","background-repeat":"repeat","background-position":"center center","background-size":"auto","background-attachment":"scroll","background-type":"","background-media":"","overlay-type":"","overlay-color":"","overlay-opacity":"","overlay-gradient":""},"tablet":{"background-color":"var(--ast-global-color-5)","background-image":"","background-repeat":"repeat","background-position":"center center","background-size":"auto","background-attachment":"scroll","background-type":"","background-media":"","overlay-type":"","overlay-color":"","overlay-opacity":"","overlay-gradient":""},"mobile":{"background-color":"var(--ast-global-color-5)","background-image":"","background-repeat":"repeat","background-position":"center center","background-size":"auto","background-attachment":"scroll","background-type":"","background-media":"","overlay-type":"","overlay-color":"","overlay-opacity":"","overlay-gradient":""}},"iawp_total_views":4},"product_brand":[],"product_cat":[222],"product_tag":[],"class_list":{"0":"post-16942","1":"product","2":"type-product","3":"status-publish","4":"has-post-thumbnail","6":"product_cat-usb-c-cables","7":"desktop-align-left","8":"tablet-align-left","9":"mobile-align-left","11":"first","12":"instock","13":"shipping-taxable","14":"purchasable","15":"product-type-simple"},"acf":[],"_links":{"self":[{"href":"https:\/\/www.fjpremium.com\/de\/wp-json\/wp\/v2\/product\/16942","targetHints":{"allow":["GET"]}}],"collection":[{"href":"https:\/\/www.fjpremium.com\/de\/wp-json\/wp\/v2\/product"}],"about":[{"href":"https:\/\/www.fjpremium.com\/de\/wp-json\/wp\/v2\/types\/product"}],"wp:featuredmedia":[{"embeddable":true,"href":"https:\/\/www.fjpremium.com\/de\/wp-json\/wp\/v2\/media\/16959"}],"wp:attachment":[{"href":"https:\/\/www.fjpremium.com\/de\/wp-json\/wp\/v2\/media?parent=16942"}],"wp:term":[{"taxonomy":"product_brand","embeddable":true,"href":"https:\/\/www.fjpremium.com\/de\/wp-json\/wp\/v2\/product_brand?post=16942"},{"taxonomy":"product_cat","embeddable":true,"href":"https:\/\/www.fjpremium.com\/de\/wp-json\/wp\/v2\/product_cat?post=16942"},{"taxonomy":"product_tag","embeddable":true,"href":"https:\/\/www.fjpremium.com\/de\/wp-json\/wp\/v2\/product_tag?post=16942"}],"curies":[{"name":"wp","href":"https:\/\/api.w.org\/{rel}","templated":true}]}}