{"id":16941,"date":"2021-03-09T09:28:17","date_gmt":"2021-03-09T01:28:17","guid":{"rendered":"https:\/\/www.fjpremium.com\/?post_type=product&#038;p=16941"},"modified":"2023-09-18T16:56:20","modified_gmt":"2023-09-18T08:56:20","slug":"usb-2-0-type-c-male-to-usb-2-0-type-b-usb-b-male-cable","status":"publish","type":"product","link":"https:\/\/www.fjpremium.com\/de\/product\/usb-2-0-type-c-male-to-usb-2-0-type-b-usb-b-male-cable\/","title":{"rendered":"Stecker auf Stecker USB C auf USB-B Kabel"},"content":{"rendered":"<p>Dieses Kabel bietet die perfekte L\u00f6sung f\u00fcr den Anschluss von USB-B-Ger\u00e4ten wie Druckern oder Scannern an USB-Typ-C-Anschl\u00fcsse an Ihrem Computer, Tablet oder anderen Ger\u00e4ten.<\/p>\n<p>Mit der F\u00e4higkeit, Daten mit einer Geschwindigkeit von bis zu 480 Mbit\/s zu \u00fcbertragen und bis zu 5 Volt und 2,4 Ampere Strom zu liefern, sorgt es f\u00fcr eine schnelle und effiziente Verbindung. Dank des symmetrischen USB-C-Designs k\u00f6nnen Sie ihn au\u00dferdem bequem in beide Richtungen anschlie\u00dfen.<\/p>\n<p>Unser USB-C-auf-USB-B-Kabel ist mit Folie und Geflecht abgeschirmt und besteht aus verdrillten Paaren. Es ist resistent gegen EMI\/RFI-Interferenzen und reduziert das \u00dcbersprechen f\u00fcr eine nahtlose Daten\u00fcbertragung.<\/p>\n<p>Seine Spezifikationen:<\/p>\n<ul>\n<li>Anschluss 1: USB Typ-C Stecker<\/li>\n<li>Anschluss 2: USB 2.0 B Stecker<\/li>\n<li>Vergoldeter Kontakt, vernickeltes Geh\u00e4use<\/li>\n<li>Kabel-Leiter: Blanke Kupfer<\/li>\n<li>Isolierung: Gesch\u00e4umte PE-Haut\/HDPE<\/li>\n<li>Kabelquerschnitt: 28\/24AWG<\/li>\n<li>Geh\u00e4use: Spritzgussform<\/li>\n<li>Chip: N\/M<\/li>\n<li>\u00c4u\u00dferer Durchmesser: 4,5\u00b10,2mm<\/li>\n<li>Einhaltung der Vorschriften: RoHS, REACH<\/li>\n<\/ul>\n<p>Und der flexible PVC-Mantel tr\u00e4gt ebenfalls zu seinem robusten Design und seiner lang anhaltenden Leistung bei. Nehmen Sie also noch heute Kontakt mit uns auf und investieren Sie in das Kabel.<\/p>","protected":false},"excerpt":{"rendered":"<p>Wir pr\u00e4sentieren unser USB-C-auf-USB-B-Kabel (Stecker auf Stecker), das eine schnelle und fehlerfreie Daten\u00fcbertragung erm\u00f6glicht und f\u00fcr zuverl\u00e4ssige Verbindungen und erstklassige Leistung sorgt.<\/p>","protected":false},"featured_media":16954,"template":"","meta":{"_acf_changed":false,"_seopress_robots_primary_cat":"","_seopress_titles_title":"Male to Male USB C to USB-B Cable - FARSINCE","_seopress_titles_desc":"","_seopress_robots_index":"","site-sidebar-layout":"default","site-content-layout":"default","ast-site-content-layout":"default","site-content-style":"default","site-sidebar-style":"default","ast-global-header-display":"","ast-banner-title-visibility":"","ast-main-header-display":"","ast-hfb-above-header-display":"","ast-hfb-below-header-display":"","ast-hfb-mobile-header-display":"","site-post-title":"","ast-breadcrumbs-content":"","ast-featured-img":"","footer-sml-layout":"","ast-disable-related-posts":"","theme-transparent-header-meta":"default","adv-header-id-meta":"","stick-header-meta":"","header-above-stick-meta":"","header-main-stick-meta":"","header-below-stick-meta":"","astra-migrate-meta-layouts":"set","ast-page-background-enabled":"default","ast-page-background-meta":{"desktop":{"background-color":"","background-image":"","background-repeat":"repeat","background-position":"center center","background-size":"auto","background-attachment":"scroll","background-type":"","background-media":"","overlay-type":"","overlay-color":"","overlay-opacity":"","overlay-gradient":""},"tablet":{"background-color":"","background-image":"","background-repeat":"repeat","background-position":"center center","background-size":"auto","background-attachment":"scroll","background-type":"","background-media":"","overlay-type":"","overlay-color":"","overlay-opacity":"","overlay-gradient":""},"mobile":{"background-color":"","background-image":"","background-repeat":"repeat","background-position":"center center","background-size":"auto","background-attachment":"scroll","background-type":"","background-media":"","overlay-type":"","overlay-color":"","overlay-opacity":"","overlay-gradient":""}},"ast-content-background-meta":{"desktop":{"background-color":"var(--ast-global-color-5)","background-image":"","background-repeat":"repeat","background-position":"center center","background-size":"auto","background-attachment":"scroll","background-type":"","background-media":"","overlay-type":"","overlay-color":"","overlay-opacity":"","overlay-gradient":""},"tablet":{"background-color":"var(--ast-global-color-5)","background-image":"","background-repeat":"repeat","background-position":"center center","background-size":"auto","background-attachment":"scroll","background-type":"","background-media":"","overlay-type":"","overlay-color":"","overlay-opacity":"","overlay-gradient":""},"mobile":{"background-color":"var(--ast-global-color-5)","background-image":"","background-repeat":"repeat","background-position":"center center","background-size":"auto","background-attachment":"scroll","background-type":"","background-media":"","overlay-type":"","overlay-color":"","overlay-opacity":"","overlay-gradient":""}},"iawp_total_views":5},"product_brand":[],"product_cat":[222],"product_tag":[],"class_list":{"0":"post-16941","1":"product","2":"type-product","3":"status-publish","4":"has-post-thumbnail","6":"product_cat-usb-c-cables","7":"desktop-align-left","8":"tablet-align-left","9":"mobile-align-left","11":"first","12":"instock","13":"shipping-taxable","14":"purchasable","15":"product-type-simple"},"acf":[],"_links":{"self":[{"href":"https:\/\/www.fjpremium.com\/de\/wp-json\/wp\/v2\/product\/16941","targetHints":{"allow":["GET"]}}],"collection":[{"href":"https:\/\/www.fjpremium.com\/de\/wp-json\/wp\/v2\/product"}],"about":[{"href":"https:\/\/www.fjpremium.com\/de\/wp-json\/wp\/v2\/types\/product"}],"wp:featuredmedia":[{"embeddable":true,"href":"https:\/\/www.fjpremium.com\/de\/wp-json\/wp\/v2\/media\/16954"}],"wp:attachment":[{"href":"https:\/\/www.fjpremium.com\/de\/wp-json\/wp\/v2\/media?parent=16941"}],"wp:term":[{"taxonomy":"product_brand","embeddable":true,"href":"https:\/\/www.fjpremium.com\/de\/wp-json\/wp\/v2\/product_brand?post=16941"},{"taxonomy":"product_cat","embeddable":true,"href":"https:\/\/www.fjpremium.com\/de\/wp-json\/wp\/v2\/product_cat?post=16941"},{"taxonomy":"product_tag","embeddable":true,"href":"https:\/\/www.fjpremium.com\/de\/wp-json\/wp\/v2\/product_tag?post=16941"}],"curies":[{"name":"wp","href":"https:\/\/api.w.org\/{rel}","templated":true}]}}