{"id":16939,"date":"2021-03-09T09:26:04","date_gmt":"2021-03-09T01:26:04","guid":{"rendered":"https:\/\/www.fjpremium.com\/?post_type=product&#038;p=16939"},"modified":"2023-09-18T17:09:21","modified_gmt":"2023-09-18T09:09:21","slug":"usb-type-c-to-rs232-serial-db9-female-adapter-cable","status":"publish","type":"product","link":"https:\/\/www.fjpremium.com\/de\/product\/usb-type-c-to-rs232-serial-db9-female-adapter-cable\/","title":{"rendered":"USB zu Seriell RS232 Adapterkabel"},"content":{"rendered":"<p>Unser Adapter arbeitet nahtlos mit Modems, Digitalkameras, Etikettendruckern und vielen anderen Ger\u00e4ten zusammen und bietet eine Daten\u00fcbertragungsrate von 1 Mbit\/s.<\/p>\n<p>Mit einem Prolific FTDI232RL-Chip ist die Installation so einfach wie einstecken und loslegen.<\/p>\n<p>Es funktioniert reibungslos mit Windows 10, 8.1, 8, 7, Vista, XP, Windows 2000, Linux 2.4 oder h\u00f6her und Mac OS X 10.6 und h\u00f6her. Bitte beachten Sie jedoch, dass es nicht mit dem Schneideplotter SCM kompatibel ist.<\/p>\n<p>Seine Spezifikationen:<\/p>\n<ul>\n<li>Anschluss 1: USB-C-Stecker<\/li>\n<li>Anschluss 2: RS232 DB9-Buchse<\/li>\n<li>Vergoldeter Kontakt, vernickeltes Geh\u00e4use<\/li>\n<li>Geh\u00e4use: Kunststoff-Spritzguss<\/li>\n<\/ul>\n<p>Dar\u00fcber hinaus ist dieses langlebige USB-zu-Seriell-RS232-Adapterkabel mit einem RoHS- und REACH-konformen PVC-Mantel ummantelt und entspricht somit den Industriestandards. Nehmen Sie noch heute Kontakt mit uns auf und bestellen Sie das Kabel.<\/p>","protected":false},"excerpt":{"rendered":"<p>Das USB-zu-Seriell-RS232-Adapterkabel von Farsince ist ein zuverl\u00e4ssiges Werkzeug zum Verbinden des USB-Anschlusses des Computers mit seriellen DB9-Ger\u00e4ten und bietet eine m\u00fchelose Plug-and-Play-Einrichtung sowie Hochgeschwindigkeitsdaten\u00fcbertragung.<\/p>","protected":false},"featured_media":0,"template":"","meta":{"_acf_changed":false,"_seopress_robots_primary_cat":"","_seopress_titles_title":"USB to Serial RS232 Adapter Cable - FARSINCE","_seopress_titles_desc":"The USB to serial RS232 adapter cable is a dependable tool for linking the computer&#039;s USB port with serial DB9 devices, offering high-speed data transfer.","_seopress_robots_index":"","site-sidebar-layout":"default","site-content-layout":"default","ast-site-content-layout":"default","site-content-style":"default","site-sidebar-style":"default","ast-global-header-display":"","ast-banner-title-visibility":"","ast-main-header-display":"","ast-hfb-above-header-display":"","ast-hfb-below-header-display":"","ast-hfb-mobile-header-display":"","site-post-title":"","ast-breadcrumbs-content":"","ast-featured-img":"","footer-sml-layout":"","ast-disable-related-posts":"","theme-transparent-header-meta":"default","adv-header-id-meta":"","stick-header-meta":"","header-above-stick-meta":"","header-main-stick-meta":"","header-below-stick-meta":"","astra-migrate-meta-layouts":"set","ast-page-background-enabled":"default","ast-page-background-meta":{"desktop":{"background-color":"","background-image":"","background-repeat":"repeat","background-position":"center center","background-size":"auto","background-attachment":"scroll","background-type":"","background-media":"","overlay-type":"","overlay-color":"","overlay-opacity":"","overlay-gradient":""},"tablet":{"background-color":"","background-image":"","background-repeat":"repeat","background-position":"center center","background-size":"auto","background-attachment":"scroll","background-type":"","background-media":"","overlay-type":"","overlay-color":"","overlay-opacity":"","overlay-gradient":""},"mobile":{"background-color":"","background-image":"","background-repeat":"repeat","background-position":"center center","background-size":"auto","background-attachment":"scroll","background-type":"","background-media":"","overlay-type":"","overlay-color":"","overlay-opacity":"","overlay-gradient":""}},"ast-content-background-meta":{"desktop":{"background-color":"var(--ast-global-color-5)","background-image":"","background-repeat":"repeat","background-position":"center center","background-size":"auto","background-attachment":"scroll","background-type":"","background-media":"","overlay-type":"","overlay-color":"","overlay-opacity":"","overlay-gradient":""},"tablet":{"background-color":"var(--ast-global-color-5)","background-image":"","background-repeat":"repeat","background-position":"center center","background-size":"auto","background-attachment":"scroll","background-type":"","background-media":"","overlay-type":"","overlay-color":"","overlay-opacity":"","overlay-gradient":""},"mobile":{"background-color":"var(--ast-global-color-5)","background-image":"","background-repeat":"repeat","background-position":"center center","background-size":"auto","background-attachment":"scroll","background-type":"","background-media":"","overlay-type":"","overlay-color":"","overlay-opacity":"","overlay-gradient":""}},"iawp_total_views":4},"product_brand":[],"product_cat":[222],"product_tag":[],"class_list":{"0":"post-16939","1":"product","2":"type-product","3":"status-publish","5":"product_cat-usb-c-cables","6":"desktop-align-left","7":"tablet-align-left","8":"mobile-align-left","10":"first","11":"instock","12":"shipping-taxable","13":"purchasable","14":"product-type-simple"},"acf":[],"_links":{"self":[{"href":"https:\/\/www.fjpremium.com\/de\/wp-json\/wp\/v2\/product\/16939","targetHints":{"allow":["GET"]}}],"collection":[{"href":"https:\/\/www.fjpremium.com\/de\/wp-json\/wp\/v2\/product"}],"about":[{"href":"https:\/\/www.fjpremium.com\/de\/wp-json\/wp\/v2\/types\/product"}],"wp:attachment":[{"href":"https:\/\/www.fjpremium.com\/de\/wp-json\/wp\/v2\/media?parent=16939"}],"wp:term":[{"taxonomy":"product_brand","embeddable":true,"href":"https:\/\/www.fjpremium.com\/de\/wp-json\/wp\/v2\/product_brand?post=16939"},{"taxonomy":"product_cat","embeddable":true,"href":"https:\/\/www.fjpremium.com\/de\/wp-json\/wp\/v2\/product_cat?post=16939"},{"taxonomy":"product_tag","embeddable":true,"href":"https:\/\/www.fjpremium.com\/de\/wp-json\/wp\/v2\/product_tag?post=16939"}],"curies":[{"name":"wp","href":"https:\/\/api.w.org\/{rel}","templated":true}]}}