{"id":16932,"date":"2021-03-09T09:23:46","date_gmt":"2021-03-09T01:23:46","guid":{"rendered":"https:\/\/www.fjpremium.com\/?post_type=product&#038;p=16932"},"modified":"2023-09-18T17:10:38","modified_gmt":"2023-09-18T09:10:38","slug":"usb-type-c-to-rs232-serial-db9-male-adapter-cable","status":"publish","type":"product","link":"https:\/\/www.fjpremium.com\/de\/product\/usb-type-c-to-rs232-serial-db9-male-adapter-cable\/","title":{"rendered":"USB C Serielles Adapterkabel, RS232 Seriell DB9"},"content":{"rendered":"<p>Der USB-Typ-C-auf-RS232-DB9-Adapter ist eine vielseitige L\u00f6sung f\u00fcr den Anschluss eines seriellen DB9-Ger\u00e4ts wie eines Modems, einer Digitalkamera, eines Etikettenschreibers oder eines Barcode-Scanners an Ihren Computer \u00fcber einen USB-Anschluss.<\/p>\n<p>Ausgestattet mit einem hochwertigen FTDI232RL-Chip, bietet er eine Daten\u00fcbertragungsrate von 1 Mbps.<\/p>\n<p>Dar\u00fcber hinaus gew\u00e4hrleistet es eine einfache Nutzung mit einer Plug-and-Play-Funktion und Kompatibilit\u00e4t mit Windows 10, 8.1, 8, 7, Vista, XP, 2000, Linux 2.4 oder h\u00f6her und Mac OS X 10.6 und h\u00f6her.<\/p>\n<p>Bitte beachten Sie, dass er trotz seiner Leistung nicht mit dem Schneideplotter SCM kompatibel ist.<\/p>\n<p>Seine Spezifikationen:<\/p>\n<ul>\n<li>Vergoldeter Kontakt, vernickeltes Geh\u00e4use<\/li>\n<li>Geh\u00e4use: Kunststoff-Spritzguss<\/li>\n<li>Chip; FTDI232RL<\/li>\n<\/ul>\n<p>Und jeder Adapter ist in einen RoHS- und REACH-konformen PVC-Mantel eingekapselt, der f\u00fcr zus\u00e4tzliche Haltbarkeit sorgt. Nehmen Sie also noch heute Kontakt mit uns auf und investieren Sie in das serielle USB-C-Adapterkabel.<\/p>","protected":false},"excerpt":{"rendered":"<p>Verbinden Sie serielle DB9-Ger\u00e4te nahtlos mit dem Computer mit diesem seriellen USB-C-Adapterkabel, das Hochgeschwindigkeitsdaten\u00fcbertragung und breite Kompatibilit\u00e4t bietet.<\/p>","protected":false},"featured_media":16933,"template":"","meta":{"_acf_changed":false,"_seopress_robots_primary_cat":"","_seopress_titles_title":"Best USB C Serial Adapter Cable, RS232 Serial DB9 - FARSINCE","_seopress_titles_desc":"","_seopress_robots_index":"","site-sidebar-layout":"default","site-content-layout":"default","ast-site-content-layout":"default","site-content-style":"default","site-sidebar-style":"default","ast-global-header-display":"","ast-banner-title-visibility":"","ast-main-header-display":"","ast-hfb-above-header-display":"","ast-hfb-below-header-display":"","ast-hfb-mobile-header-display":"","site-post-title":"","ast-breadcrumbs-content":"","ast-featured-img":"","footer-sml-layout":"","ast-disable-related-posts":"","theme-transparent-header-meta":"default","adv-header-id-meta":"","stick-header-meta":"","header-above-stick-meta":"","header-main-stick-meta":"","header-below-stick-meta":"","astra-migrate-meta-layouts":"set","ast-page-background-enabled":"default","ast-page-background-meta":{"desktop":{"background-color":"","background-image":"","background-repeat":"repeat","background-position":"center center","background-size":"auto","background-attachment":"scroll","background-type":"","background-media":"","overlay-type":"","overlay-color":"","overlay-opacity":"","overlay-gradient":""},"tablet":{"background-color":"","background-image":"","background-repeat":"repeat","background-position":"center center","background-size":"auto","background-attachment":"scroll","background-type":"","background-media":"","overlay-type":"","overlay-color":"","overlay-opacity":"","overlay-gradient":""},"mobile":{"background-color":"","background-image":"","background-repeat":"repeat","background-position":"center center","background-size":"auto","background-attachment":"scroll","background-type":"","background-media":"","overlay-type":"","overlay-color":"","overlay-opacity":"","overlay-gradient":""}},"ast-content-background-meta":{"desktop":{"background-color":"var(--ast-global-color-5)","background-image":"","background-repeat":"repeat","background-position":"center center","background-size":"auto","background-attachment":"scroll","background-type":"","background-media":"","overlay-type":"","overlay-color":"","overlay-opacity":"","overlay-gradient":""},"tablet":{"background-color":"var(--ast-global-color-5)","background-image":"","background-repeat":"repeat","background-position":"center center","background-size":"auto","background-attachment":"scroll","background-type":"","background-media":"","overlay-type":"","overlay-color":"","overlay-opacity":"","overlay-gradient":""},"mobile":{"background-color":"var(--ast-global-color-5)","background-image":"","background-repeat":"repeat","background-position":"center center","background-size":"auto","background-attachment":"scroll","background-type":"","background-media":"","overlay-type":"","overlay-color":"","overlay-opacity":"","overlay-gradient":""}},"iawp_total_views":9},"product_brand":[],"product_cat":[222],"product_tag":[],"class_list":{"0":"post-16932","1":"product","2":"type-product","3":"status-publish","4":"has-post-thumbnail","6":"product_cat-usb-c-cables","7":"desktop-align-left","8":"tablet-align-left","9":"mobile-align-left","11":"first","12":"instock","13":"shipping-taxable","14":"purchasable","15":"product-type-simple"},"acf":[],"_links":{"self":[{"href":"https:\/\/www.fjpremium.com\/de\/wp-json\/wp\/v2\/product\/16932","targetHints":{"allow":["GET"]}}],"collection":[{"href":"https:\/\/www.fjpremium.com\/de\/wp-json\/wp\/v2\/product"}],"about":[{"href":"https:\/\/www.fjpremium.com\/de\/wp-json\/wp\/v2\/types\/product"}],"wp:featuredmedia":[{"embeddable":true,"href":"https:\/\/www.fjpremium.com\/de\/wp-json\/wp\/v2\/media\/16933"}],"wp:attachment":[{"href":"https:\/\/www.fjpremium.com\/de\/wp-json\/wp\/v2\/media?parent=16932"}],"wp:term":[{"taxonomy":"product_brand","embeddable":true,"href":"https:\/\/www.fjpremium.com\/de\/wp-json\/wp\/v2\/product_brand?post=16932"},{"taxonomy":"product_cat","embeddable":true,"href":"https:\/\/www.fjpremium.com\/de\/wp-json\/wp\/v2\/product_cat?post=16932"},{"taxonomy":"product_tag","embeddable":true,"href":"https:\/\/www.fjpremium.com\/de\/wp-json\/wp\/v2\/product_tag?post=16932"}],"curies":[{"name":"wp","href":"https:\/\/api.w.org\/{rel}","templated":true}]}}