{"id":16791,"date":"2020-12-15T11:45:42","date_gmt":"2020-12-15T03:45:42","guid":{"rendered":"https:\/\/www.fjpremium.com\/?post_type=product&#038;p=16791"},"modified":"2023-12-14T13:56:38","modified_gmt":"2023-12-14T05:56:38","slug":"network-extension-cable-male-to-female-ethernet-rj45-ftp-stp-shielded-connector-short-cable","status":"publish","type":"product","link":"https:\/\/www.fjpremium.com\/de\/product\/network-extension-cable-male-to-female-ethernet-rj45-ftp-stp-shielded-connector-short-cable\/","title":{"rendered":"RJ45 abgeschirmter Stecker, Netzwerk-Verl\u00e4ngerungskabel Stecker zu Buchse"},"content":{"rendered":"<p>Dieses Ethernet-Verl\u00e4ngerungskabel mit geschirmten RJ45-Steckern und -Buchsen eignet sich perfekt f\u00fcr die Verl\u00e4ngerung von Verbindungen durch eine Schalttafel und bietet eine sichere Verbindung von einer Quelle an einem gesch\u00fctzten Ort.<\/p>\n<p>Es erf\u00fcllt oder \u00fcbertrifft die Anforderungen der Kategorie 5E gem\u00e4\u00df den Spezifikationen TIA\/EIA-568-C.2 und ISO\/IEC 11801.<\/p>\n<p>Vergoldete Kontakte und vergossene Zugentlastungsmanschetten in den Steckern sorgen f\u00fcr Langlebigkeit und eine sichere Verbindung.<\/p>\n<p>Und blanke Kupferleiter verbessern die Kabelleistung und entsprechen den Spezifikationen f\u00fcr Kommunikationskabel.<\/p>\n<p>Mit einer hohen Bandbreite von bis zu 500 MHz garantiert unser flexibler und langlebiger geschirmter RJ45-Steckverbinder eine Hochgeschwindigkeits-Daten\u00fcbertragung f\u00fcr Serveranwendungen, Cloud Computing, Video\u00fcberwachung und hochaufl\u00f6sendes Online-Video-Streaming.<\/p>\n<p>Er wurde mit bis zu 600 MHz getestet und unterst\u00fctzt 10 Gigabit Ethernet.<\/p>\n<p>Au\u00dferdem ist der geschirmte Stecker ROHS- und REACH-konform und in verschiedenen Farben und L\u00e4ngen erh\u00e4ltlich.<\/p>\n<p>Es verf\u00fcgt \u00fcber einen Leiter aus blankem Kupfer mit einer Drahtst\u00e4rke von 26AWG oder 24AWG, eine HDPE-Isolierung und eine Aluminiumabschirmung mit einem Ableitdraht.<\/p>\n<p>Der Au\u00dfendurchmesser betr\u00e4gt 6,2\u00b10,2 mm, und die Anschl\u00fcsse sind RJ45-FTP-Stecker und -Buchsen mit vergoldeten 3U-Kontakten.<\/p>\n<p>Entscheiden Sie sich daher f\u00fcr unseren geschirmten RJ45-Steckverbinder, wenn Sie eine hervorragende \u00dcbertragungsleistung, geringe Signalverluste und eine bequeme M\u00f6glichkeit zur Erweiterung der Verbindungen zwischen allen LAN-Netzwerkkomponenten durch ein Panel w\u00fcnschen.<\/p>\n<p>&nbsp;<\/p>\n<h2>Herunterladen:<\/h2>\n<ul>\n<li>Datenblatt RJ45 FTP STP geschirmtes Ethernet-Verl\u00e4ngerungskabel Stecker zu Buchse<\/li>\n<\/ul>\n<h2>Informationen zur Bestellung:<\/h2>\n<p>FS17502A**-xxx: Ethernet-Verl\u00e4ngerungskabel Cat5e F\/UTP Stecker auf Buchse<\/p>\n<p>FS17502B**-xxx: Ethernet-Verl\u00e4ngerungskabel Cat6 F\/UTP Stecker auf Buchse<\/p>\n<p>FS17502C**-xxx: Ethernet-Verl\u00e4ngerungskabel Cat6A S\/FTP Stecker auf Buchse<\/p>\n<ul>\n<li>**=Farbe: GY=GRAU, BK=SCHWARZ, WT=WEISS, BU=BLAU, RD=ROT, YL=GELB, OG=ORANGE, GN=GR\u00dcN<\/li>\n<li>xxx=L\u00e4nge: 030=3,0M, 050=5,0M, 075=7,5M, 100=10M, 200=20M, 300=30M<\/li>\n<li>Zum Beispiel: FS17502BK-0003= Cat6 F\/UTP Stecker auf Buchse Ethernet-Verl\u00e4ngerungskabel, 0.3M L\u00e4nge<\/li>\n<\/ul>","protected":false},"excerpt":{"rendered":"<p>Der geschirmte RJ45-Stecker von Farsince ist ein ideales Netzwerkverl\u00e4ngerungskabel, das eine nahtlose Verbindung zwischen verschiedenen LAN-Netzwerkkomponenten erm\u00f6glicht.<\/p>","protected":false},"featured_media":16858,"template":"","meta":{"_acf_changed":false,"_seopress_robots_primary_cat":"","_seopress_titles_title":"Best RJ45 Shielded Connector - Farsince","_seopress_titles_desc":"Presenting Farsince RJ45 shielded connector, an ideal network extension cable that enables seamless connectivity between various LAN network components.","_seopress_robots_index":"","site-sidebar-layout":"default","site-content-layout":"default","ast-site-content-layout":"default","site-content-style":"default","site-sidebar-style":"default","ast-global-header-display":"","ast-banner-title-visibility":"","ast-main-header-display":"","ast-hfb-above-header-display":"","ast-hfb-below-header-display":"","ast-hfb-mobile-header-display":"","site-post-title":"","ast-breadcrumbs-content":"","ast-featured-img":"","footer-sml-layout":"","ast-disable-related-posts":"","theme-transparent-header-meta":"default","adv-header-id-meta":"","stick-header-meta":"","header-above-stick-meta":"","header-main-stick-meta":"","header-below-stick-meta":"","astra-migrate-meta-layouts":"default","ast-page-background-enabled":"default","ast-page-background-meta":{"desktop":{"background-color":"","background-image":"","background-repeat":"repeat","background-position":"center center","background-size":"auto","background-attachment":"scroll","background-type":"","background-media":"","overlay-type":"","overlay-color":"","overlay-opacity":"","overlay-gradient":""},"tablet":{"background-color":"","background-image":"","background-repeat":"repeat","background-position":"center center","background-size":"auto","background-attachment":"scroll","background-type":"","background-media":"","overlay-type":"","overlay-color":"","overlay-opacity":"","overlay-gradient":""},"mobile":{"background-color":"","background-image":"","background-repeat":"repeat","background-position":"center center","background-size":"auto","background-attachment":"scroll","background-type":"","background-media":"","overlay-type":"","overlay-color":"","overlay-opacity":"","overlay-gradient":""}},"ast-content-background-meta":{"desktop":{"background-color":"var(--ast-global-color-5)","background-image":"","background-repeat":"repeat","background-position":"center center","background-size":"auto","background-attachment":"scroll","background-type":"","background-media":"","overlay-type":"","overlay-color":"","overlay-opacity":"","overlay-gradient":""},"tablet":{"background-color":"var(--ast-global-color-5)","background-image":"","background-repeat":"repeat","background-position":"center center","background-size":"auto","background-attachment":"scroll","background-type":"","background-media":"","overlay-type":"","overlay-color":"","overlay-opacity":"","overlay-gradient":""},"mobile":{"background-color":"var(--ast-global-color-5)","background-image":"","background-repeat":"repeat","background-position":"center center","background-size":"auto","background-attachment":"scroll","background-type":"","background-media":"","overlay-type":"","overlay-color":"","overlay-opacity":"","overlay-gradient":""}},"iawp_total_views":8},"product_brand":[],"product_cat":[631,209],"product_tag":[],"class_list":{"0":"post-16791","1":"product","2":"type-product","3":"status-publish","4":"has-post-thumbnail","6":"product_cat-patch-cables","7":"product_cat-ethernet-cable","8":"desktop-align-left","9":"tablet-align-left","10":"mobile-align-left","12":"first","13":"instock","14":"shipping-taxable","15":"purchasable","16":"product-type-simple"},"acf":[],"_links":{"self":[{"href":"https:\/\/www.fjpremium.com\/de\/wp-json\/wp\/v2\/product\/16791","targetHints":{"allow":["GET"]}}],"collection":[{"href":"https:\/\/www.fjpremium.com\/de\/wp-json\/wp\/v2\/product"}],"about":[{"href":"https:\/\/www.fjpremium.com\/de\/wp-json\/wp\/v2\/types\/product"}],"wp:featuredmedia":[{"embeddable":true,"href":"https:\/\/www.fjpremium.com\/de\/wp-json\/wp\/v2\/media\/16858"}],"wp:attachment":[{"href":"https:\/\/www.fjpremium.com\/de\/wp-json\/wp\/v2\/media?parent=16791"}],"wp:term":[{"taxonomy":"product_brand","embeddable":true,"href":"https:\/\/www.fjpremium.com\/de\/wp-json\/wp\/v2\/product_brand?post=16791"},{"taxonomy":"product_cat","embeddable":true,"href":"https:\/\/www.fjpremium.com\/de\/wp-json\/wp\/v2\/product_cat?post=16791"},{"taxonomy":"product_tag","embeddable":true,"href":"https:\/\/www.fjpremium.com\/de\/wp-json\/wp\/v2\/product_tag?post=16791"}],"curies":[{"name":"wp","href":"https:\/\/api.w.org\/{rel}","templated":true}]}}