{"id":16790,"date":"2020-12-15T11:45:40","date_gmt":"2020-12-15T03:45:40","guid":{"rendered":"https:\/\/www.fjpremium.com\/?post_type=product&#038;p=16790"},"modified":"2023-12-14T13:56:38","modified_gmt":"2023-12-14T05:56:38","slug":"network-extension-cable-male-to-female-ethernet-rj45-utp-unshielded-connector-short-cable","status":"publish","type":"product","link":"https:\/\/www.fjpremium.com\/de\/product\/network-extension-cable-male-to-female-ethernet-rj45-utp-unshielded-connector-short-cable\/","title":{"rendered":"Netzwerk-Verl\u00e4ngerungskabel Stecker zu Buchse Ethernet, RJ45 ungeschirmter Stecker"},"content":{"rendered":"<p>Dieses Netzwerk-Verl\u00e4ngerungskabel eignet sich zuverl\u00e4ssig f\u00fcr die Verl\u00e4ngerung von Verbindungen zwischen verschiedenen LAN-Netzwerkkomponenten durch ein Panel. Es erm\u00f6glicht den Benutzern, Verbindungen von einer Quelle an einem sicheren Ort herzustellen.<\/p>\n<p>Es erf\u00fcllt oder \u00fcbertrifft die Anforderungen der Kategorie 5E gem\u00e4\u00df den Spezifikationen TIA\/EIA-568-C.2 und ISO\/IEC 11801.<\/p>\n<p>Die Steckverbinder sind mit vergoldeten 3U-Kontakten und vergossenen Zugentlastungsmanschetten ausgestattet, die eine lange Lebensdauer und eine sichere Verbindung gew\u00e4hrleisten.<\/p>\n<p>Au\u00dferdem verbessern die blanken Kupferleiter die Kabelleistung und entsprechen den Spezifikationen f\u00fcr Kommunikationskabel.<\/p>\n<p>Unser flexibles und strapazierf\u00e4higes Cat5E-Netzwerkverl\u00e4ngerungskabel bietet eine hohe Bandbreite von bis zu 500 MHz und garantiert damit eine Hochgeschwindigkeits-Daten\u00fcbertragung f\u00fcr Serveranwendungen, Cloud Computing, Video\u00fcberwachung und Online-High-Definition-Video-Streaming.<\/p>\n<p>Er wurde au\u00dferdem mit bis zu 600 MHz getestet und unterst\u00fctzt 10-Gigabit-Ethernet.<\/p>\n<p>Au\u00dferdem ist unser Kabel ROHS- und REACH-konform und in verschiedenen Farben und L\u00e4ngen erh\u00e4ltlich.<\/p>\n<p>Zu seinen Spezifikationen geh\u00f6ren ein Leiter aus blankem Kupfer mit einer Drahtst\u00e4rke von 26AWG oder 24AWG, eine HDPE-Isolierung und ein PVC-Mantel.<\/p>\n<p>Der Au\u00dfendurchmesser betr\u00e4gt 6,2\u00b10,2 mm, die Anschl\u00fcsse sind RJ45 UTP m\u00e4nnlich und FTP weiblich.<\/p>\n<p>Entscheiden Sie sich daher f\u00fcr dieses Netzwerk-Verl\u00e4ngerungskabel, wenn Sie eine hervorragende \u00dcbertragungsleistung, geringe Signalverluste und eine bequeme M\u00f6glichkeit zur Erweiterung der Verbindungen zwischen allen LAN-Netzwerkkomponenten \u00fcber ein Panel w\u00fcnschen.<\/p>\n<p>&nbsp;<\/p>\n<h2>Herunterladen:<\/h2>\n<ul>\n<li>Datenblatt f\u00fcr Ethernet-Verl\u00e4ngerungskabel RJ45, ungeschirmt, Stecker auf Buchse<\/li>\n<\/ul>\n<h2>Informationen zur Bestellung:<\/h2>\n<p>FS17501A**-xxx: Ethernet-Verl\u00e4ngerungskabel Cat5e U\/UTP Stecker auf Buchse<\/p>\n<p>FS17501B**-xxx: Ethernet-Verl\u00e4ngerungskabel Cat6 U\/UTP Stecker auf Buchse<\/p>\n<p>FS17501C**-xxx: Cat6A U\/UTP Stecker auf Buchse Ethernet-Verl\u00e4ngerungskabel<\/p>\n<ul>\n<li>**=Farbe: GY=GRAU, BK=SCHWARZ, WT=WEISS, BU=BLAU, RD=ROT, YL=GELB, OG=ORANGE, GN=GR\u00dcN<\/li>\n<li>xxx=L\u00e4nge: 030=3,0M, 050=5,0M, 075=7,5M, 100=10M, 200=20M, 300=30M<\/li>\n<li>Zum Beispiel: FS17501BK-0003= Cat6 U\/UTP Stecker auf Buchse Ethernet-Verl\u00e4ngerungskabel, 0.3M L\u00e4nge<\/li>\n<\/ul>","protected":false},"excerpt":{"rendered":"<p>Entdecken Sie unser Netzwerk-Verl\u00e4ngerungskabel, eine hochwertige Ethernet-L\u00f6sung von Stecker zu Buchse mit einem ungeschirmten RJ45-Stecker.<\/p>","protected":false},"featured_media":16847,"template":"","meta":{"_acf_changed":false,"_seopress_robots_primary_cat":"","_seopress_titles_title":"","_seopress_titles_desc":"","_seopress_robots_index":"","site-sidebar-layout":"default","site-content-layout":"default","ast-site-content-layout":"default","site-content-style":"default","site-sidebar-style":"default","ast-global-header-display":"","ast-banner-title-visibility":"","ast-main-header-display":"","ast-hfb-above-header-display":"","ast-hfb-below-header-display":"","ast-hfb-mobile-header-display":"","site-post-title":"","ast-breadcrumbs-content":"","ast-featured-img":"","footer-sml-layout":"","ast-disable-related-posts":"","theme-transparent-header-meta":"default","adv-header-id-meta":"","stick-header-meta":"","header-above-stick-meta":"","header-main-stick-meta":"","header-below-stick-meta":"","astra-migrate-meta-layouts":"default","ast-page-background-enabled":"default","ast-page-background-meta":{"desktop":{"background-color":"","background-image":"","background-repeat":"repeat","background-position":"center center","background-size":"auto","background-attachment":"scroll","background-type":"","background-media":"","overlay-type":"","overlay-color":"","overlay-opacity":"","overlay-gradient":""},"tablet":{"background-color":"","background-image":"","background-repeat":"repeat","background-position":"center center","background-size":"auto","background-attachment":"scroll","background-type":"","background-media":"","overlay-type":"","overlay-color":"","overlay-opacity":"","overlay-gradient":""},"mobile":{"background-color":"","background-image":"","background-repeat":"repeat","background-position":"center center","background-size":"auto","background-attachment":"scroll","background-type":"","background-media":"","overlay-type":"","overlay-color":"","overlay-opacity":"","overlay-gradient":""}},"ast-content-background-meta":{"desktop":{"background-color":"var(--ast-global-color-5)","background-image":"","background-repeat":"repeat","background-position":"center center","background-size":"auto","background-attachment":"scroll","background-type":"","background-media":"","overlay-type":"","overlay-color":"","overlay-opacity":"","overlay-gradient":""},"tablet":{"background-color":"var(--ast-global-color-5)","background-image":"","background-repeat":"repeat","background-position":"center center","background-size":"auto","background-attachment":"scroll","background-type":"","background-media":"","overlay-type":"","overlay-color":"","overlay-opacity":"","overlay-gradient":""},"mobile":{"background-color":"var(--ast-global-color-5)","background-image":"","background-repeat":"repeat","background-position":"center center","background-size":"auto","background-attachment":"scroll","background-type":"","background-media":"","overlay-type":"","overlay-color":"","overlay-opacity":"","overlay-gradient":""}},"iawp_total_views":17},"product_brand":[],"product_cat":[631,209],"product_tag":[],"class_list":{"0":"post-16790","1":"product","2":"type-product","3":"status-publish","4":"has-post-thumbnail","6":"product_cat-patch-cables","7":"product_cat-ethernet-cable","8":"desktop-align-left","9":"tablet-align-left","10":"mobile-align-left","12":"first","13":"instock","14":"shipping-taxable","15":"purchasable","16":"product-type-simple"},"acf":[],"_links":{"self":[{"href":"https:\/\/www.fjpremium.com\/de\/wp-json\/wp\/v2\/product\/16790","targetHints":{"allow":["GET"]}}],"collection":[{"href":"https:\/\/www.fjpremium.com\/de\/wp-json\/wp\/v2\/product"}],"about":[{"href":"https:\/\/www.fjpremium.com\/de\/wp-json\/wp\/v2\/types\/product"}],"wp:featuredmedia":[{"embeddable":true,"href":"https:\/\/www.fjpremium.com\/de\/wp-json\/wp\/v2\/media\/16847"}],"wp:attachment":[{"href":"https:\/\/www.fjpremium.com\/de\/wp-json\/wp\/v2\/media?parent=16790"}],"wp:term":[{"taxonomy":"product_brand","embeddable":true,"href":"https:\/\/www.fjpremium.com\/de\/wp-json\/wp\/v2\/product_brand?post=16790"},{"taxonomy":"product_cat","embeddable":true,"href":"https:\/\/www.fjpremium.com\/de\/wp-json\/wp\/v2\/product_cat?post=16790"},{"taxonomy":"product_tag","embeddable":true,"href":"https:\/\/www.fjpremium.com\/de\/wp-json\/wp\/v2\/product_tag?post=16790"}],"curies":[{"name":"wp","href":"https:\/\/api.w.org\/{rel}","templated":true}]}}