{"id":16788,"date":"2020-12-15T11:45:38","date_gmt":"2020-12-15T03:45:38","guid":{"rendered":"https:\/\/www.fjpremium.com\/?post_type=product&#038;p=16788"},"modified":"2023-12-14T13:56:39","modified_gmt":"2023-12-14T05:56:39","slug":"per-terminated-cat6-copper-trunk-cables-6x-utp-male-female-network-cable-trunking","status":"publish","type":"product","link":"https:\/\/www.fjpremium.com\/de\/product\/per-terminated-cat6-copper-trunk-cables-6x-utp-male-female-network-cable-trunking\/","title":{"rendered":"Cat6 UTP Kabel, Stecker-Buchse Netzwerkkabel Trunking"},"content":{"rendered":"<p>Unser Cat6 UTP-Kabel ist ein vorkonfektioniertes Trunking-Kabel, das zur Verbesserung der Effizienz und zur Senkung der Arbeitskosten in gro\u00dfen Netzwerkinfrastrukturen mit einer hohen Dichte an Querverbindungen und Patching-Systemen entwickelt wurde.<\/p>\n<p>Es unterst\u00fctzt 1 Gigabit-Geschwindigkeit und hat 12 lose Buchsenmodule an beiden Enden, die eine einfache Plug-and-Play-Installation erm\u00f6glichen.<\/p>\n<p>Eines der wichtigsten Merkmale dieses Cat6-UTP-Kabels sind die kundenspezifischen Steckertypen, einschlie\u00dflich Stecker-Stecker-, Buchsen-Buchsen- und Stecker-Buchsen-Kombinationen, die auf Ihre speziellen Bed\u00fcrfnisse zugeschnitten werden k\u00f6nnen.<\/p>\n<p>Die hochwertigen Steckverbinder gew\u00e4hrleisten die Zuverl\u00e4ssigkeit und Stabilit\u00e4t des Systems.<\/p>\n<p>Au\u00dferdem sorgt die geflochtene Mesh-H\u00fclle f\u00fcr ein sauberes Kabel und einen besseren Luftstrom, was zu einer besser organisierten und effizienteren Netzwerkumgebung beitr\u00e4gt.<\/p>\n<p>Die schnelle und einfache Installation ist ein weiterer Vorteil des Kabels. Jede Kabelbaugruppe wird rigoros getestet, um eine reibungslose und effiziente Installation zu gew\u00e4hrleisten.<\/p>\n<p>Au\u00dferdem erh\u00e4lt jede Leitungsbaugruppe eine individuelle Identifikationsnummer, was die Verwaltung und Wartung Ihres Netzes erleichtert.<\/p>\n<p>Dar\u00fcber hinaus ist unser cat6 UTP-Kabel in verschiedenen Farben und L\u00e4ngen erh\u00e4ltlich und bietet somit Flexibilit\u00e4t f\u00fcr verschiedene Netzwerkanforderungen.<\/p>\n<p>Es ist au\u00dferdem ROHS- und REACH-konform, so dass unsere Produkte den h\u00f6chsten Umwelt- und Sicherheitsstandards entsprechen.<\/p>\n<p>Die Spezifikationen f\u00fcr dieses cat6 UTP-Kabel umfassen die folgenden:<\/p>\n<ul>\n<li>Leiter: Blankes Kupfer<\/li>\n<li>Kabelquerschnitt: 26AWG oder 24AWG<\/li>\n<li>Isolierung: HDPE<\/li>\n<li>Farben der Isolierung: Blau\/Wei\u00df, Blau; Orange\/Wei\u00df, Orange; Gr\u00fcn\/Wei\u00df, Gr\u00fcn; Braun\/Wei\u00df, Braun<\/li>\n<li>Abschirmung: Keine<\/li>\n<li>Geflecht: Keine<\/li>\n<li>Mantel: PVC<\/li>\n<li>\u00c4u\u00dferer Durchmesser: 6,0\u00b10,2mm<\/li>\n<li>Anschluss 1: RJ45 UTP<\/li>\n<li>Anschluss 1: RJ45 UTP<\/li>\n<li>Kontakt: Vergoldet 3U<\/li>\n<li>Testen: Fluke-Pr\u00fcfger\u00e4t<\/li>\n<\/ul>\n<p>Insgesamt bietet dieses Kabel eine leistungsstarke, zuverl\u00e4ssige und effiziente L\u00f6sung f\u00fcr gro\u00dfe Netzwerkinfrastrukturen.<\/p>\n<p>Vertrauen Sie uns als Ihrem Gro\u00dfhandelslieferanten f\u00fcr hochwertige Kabel, Adapter und Unterhaltungselektronikprodukte und \u00fcberzeugen Sie sich noch heute von der Effizienz und Zuverl\u00e4ssigkeit unserer Produkte.<\/p>\n<h2>Herunterladen:<\/h2>\n<ul>\n<li>Datenblatt f\u00fcr Cat6 vorkonfektioniertes Kupfer-Trunkkabel<\/li>\n<\/ul>\n<h2>Informationen zur Bestellung:<\/h2>\n<p>FS17402A**-xxx: Cat6 U\/UTP Vorkonfektioniertes Kupfer-Trunkkabel, 6 Stecker auf 6 Stecker<\/p>\n<p>FS17402B**-xxx: Cat6 U\/UTP Vorkonfektioniertes Kupfer-Trunkkabel, 6 Stecker auf 6 Buchsen<\/p>\n<p>FS17402C**-xxx: Cat6 U\/UTP Vorkonfektioniertes Kupfer-Trunkkabel, 6 Buchse auf 6 Buchse<\/p>\n<ul>\n<li>**=Farbe: GY=GRAU, BK=SCHWARZ, WT=WEISS, BU=BLAU, RD=ROT, YL=GELB, OG=ORANGE, GN=GR\u00dcN<\/li>\n<li>xxx=L\u00e4nge: 030=3,0M, 050=5,0M, 075=7,5M, 100=10M, 200=20M, 300=30M<\/li>\n<li>Zum Beispiel FS17402BBU-030= Cat6 U\/UTP Pre-Terminated Copper Trunk Cable, 6 Stecker auf 6 Buchsen, 3M L\u00e4nge<\/li>\n<\/ul>","protected":false},"excerpt":{"rendered":"<p>Wir pr\u00e4sentieren das Farsince cat6 UTP-Kabel, eine zuverl\u00e4ssige und effiziente L\u00f6sung f\u00fcr Netzwerkinfrastrukturen mit hoher Dichte.<\/p>","protected":false},"featured_media":16832,"template":"","meta":{"_acf_changed":false,"_seopress_robots_primary_cat":"","_seopress_titles_title":"Best Cat6 UTP Cable - Farsince","_seopress_titles_desc":"","_seopress_robots_index":"","site-sidebar-layout":"default","site-content-layout":"default","ast-site-content-layout":"default","site-content-style":"default","site-sidebar-style":"default","ast-global-header-display":"","ast-banner-title-visibility":"","ast-main-header-display":"","ast-hfb-above-header-display":"","ast-hfb-below-header-display":"","ast-hfb-mobile-header-display":"","site-post-title":"","ast-breadcrumbs-content":"","ast-featured-img":"","footer-sml-layout":"","ast-disable-related-posts":"","theme-transparent-header-meta":"default","adv-header-id-meta":"","stick-header-meta":"","header-above-stick-meta":"","header-main-stick-meta":"","header-below-stick-meta":"","astra-migrate-meta-layouts":"default","ast-page-background-enabled":"default","ast-page-background-meta":{"desktop":{"background-color":"","background-image":"","background-repeat":"repeat","background-position":"center center","background-size":"auto","background-attachment":"scroll","background-type":"","background-media":"","overlay-type":"","overlay-color":"","overlay-opacity":"","overlay-gradient":""},"tablet":{"background-color":"","background-image":"","background-repeat":"repeat","background-position":"center center","background-size":"auto","background-attachment":"scroll","background-type":"","background-media":"","overlay-type":"","overlay-color":"","overlay-opacity":"","overlay-gradient":""},"mobile":{"background-color":"","background-image":"","background-repeat":"repeat","background-position":"center center","background-size":"auto","background-attachment":"scroll","background-type":"","background-media":"","overlay-type":"","overlay-color":"","overlay-opacity":"","overlay-gradient":""}},"ast-content-background-meta":{"desktop":{"background-color":"var(--ast-global-color-5)","background-image":"","background-repeat":"repeat","background-position":"center center","background-size":"auto","background-attachment":"scroll","background-type":"","background-media":"","overlay-type":"","overlay-color":"","overlay-opacity":"","overlay-gradient":""},"tablet":{"background-color":"var(--ast-global-color-5)","background-image":"","background-repeat":"repeat","background-position":"center center","background-size":"auto","background-attachment":"scroll","background-type":"","background-media":"","overlay-type":"","overlay-color":"","overlay-opacity":"","overlay-gradient":""},"mobile":{"background-color":"var(--ast-global-color-5)","background-image":"","background-repeat":"repeat","background-position":"center center","background-size":"auto","background-attachment":"scroll","background-type":"","background-media":"","overlay-type":"","overlay-color":"","overlay-opacity":"","overlay-gradient":""}},"iawp_total_views":15},"product_brand":[],"product_cat":[631,209],"product_tag":[],"class_list":{"0":"post-16788","1":"product","2":"type-product","3":"status-publish","4":"has-post-thumbnail","6":"product_cat-patch-cables","7":"product_cat-ethernet-cable","8":"desktop-align-left","9":"tablet-align-left","10":"mobile-align-left","12":"first","13":"instock","14":"shipping-taxable","15":"purchasable","16":"product-type-simple"},"acf":[],"_links":{"self":[{"href":"https:\/\/www.fjpremium.com\/de\/wp-json\/wp\/v2\/product\/16788","targetHints":{"allow":["GET"]}}],"collection":[{"href":"https:\/\/www.fjpremium.com\/de\/wp-json\/wp\/v2\/product"}],"about":[{"href":"https:\/\/www.fjpremium.com\/de\/wp-json\/wp\/v2\/types\/product"}],"wp:featuredmedia":[{"embeddable":true,"href":"https:\/\/www.fjpremium.com\/de\/wp-json\/wp\/v2\/media\/16832"}],"wp:attachment":[{"href":"https:\/\/www.fjpremium.com\/de\/wp-json\/wp\/v2\/media?parent=16788"}],"wp:term":[{"taxonomy":"product_brand","embeddable":true,"href":"https:\/\/www.fjpremium.com\/de\/wp-json\/wp\/v2\/product_brand?post=16788"},{"taxonomy":"product_cat","embeddable":true,"href":"https:\/\/www.fjpremium.com\/de\/wp-json\/wp\/v2\/product_cat?post=16788"},{"taxonomy":"product_tag","embeddable":true,"href":"https:\/\/www.fjpremium.com\/de\/wp-json\/wp\/v2\/product_tag?post=16788"}],"curies":[{"name":"wp","href":"https:\/\/api.w.org\/{rel}","templated":true}]}}