{"id":16787,"date":"2020-12-15T11:45:37","date_gmt":"2020-12-15T03:45:37","guid":{"rendered":"https:\/\/www.fjpremium.com\/?post_type=product&#038;p=16787"},"modified":"2023-12-14T13:56:40","modified_gmt":"2023-12-14T05:56:40","slug":"per-terminated-cat5e-copper-trunk-cables-6x-utp-male-female-network-cable-trunking","status":"publish","type":"product","link":"https:\/\/www.fjpremium.com\/de\/product\/per-terminated-cat5e-copper-trunk-cables-6x-utp-male-female-network-cable-trunking\/","title":{"rendered":"Per-terminierte Cat5e-Kupfer-Trunk-UTP-Kabel"},"content":{"rendered":"<p>Diese UTP-Kabel sind f\u00fcr 1000Base-T-Geschwindigkeiten ausgelegt und gew\u00e4hrleisten optimale Leistung in jeder Netzwerkumgebung.<\/p>\n<p>Zu seinen Hauptmerkmalen geh\u00f6ren kundenspezifische Steckertypen (Stecker-Stecker, Buchse-Buchse und Stecker-Buchse), die auf Ihre spezifischen Anforderungen zugeschnitten sind, hochwertige Steckverbinder f\u00fcr erh\u00f6hte Systemzuverl\u00e4ssigkeit und -stabilit\u00e4t sowie eine geflochtene Netzh\u00fclle f\u00fcr eine \u00fcbersichtliche Organisation und verbesserte Luftzirkulation.<\/p>\n<p>Die Kabelbaugruppen werden rigoros getestet, um eine effiziente Installation zu gew\u00e4hrleisten, w\u00e4hrend der schnelle und einfache Einrichtungsprozess die Arbeitskosten reduziert.<\/p>\n<p>Jeder Kofferraumbaugruppe wird eine individuelle Identifikationsnummer zugewiesen, um die Verfolgung und Organisation zu erleichtern.<\/p>\n<p>Und die Stammkabel sind in verschiedenen Farben und L\u00e4ngen erh\u00e4ltlich, so dass sie perfekt zu Ihrem Projekt passen.<\/p>\n<p>Diese UTP-Kabel sind au\u00dferdem ROHS- und REACH-konform und bestehen aus blanken Kupferleitern, einer HDPE-Isolierung und einem PVC-Mantel.<\/p>\n<p>Der Au\u00dfendurchmesser betr\u00e4gt 5,0\u00b10,2 mm und ist mit RJ45 UTP-Anschl\u00fcssen mit vergoldeten 3U-Kontakten ausgestattet.<\/p>\n<p>Das von Fluke gepr\u00fcfte Kabel bietet au\u00dferdem eine unvergleichliche Leistung und Effizienz f\u00fcr Ihre Netzwerkanforderungen.<\/p>\n<p>Vertrauen Sie also darauf, dass wir die perfekte Kombination aus Effizienz, Leistung und Qualit\u00e4t f\u00fcr alle Ihre Netzwerkanforderungen liefern.<\/p>\n<h2>Herunterladen:<\/h2>\n<ul>\n<li>Datenblatt f\u00fcr Cat5e vorkonfektioniertes Kupfer-Trunkkabel<\/li>\n<\/ul>\n<h2>Informationen zur Bestellung:<\/h2>\n<p>FS17401A**-xxx: Cat5e U\/UTP Vorkonfektioniertes Kupfer-Trunkkabel, 6 Stecker auf 6 Stecker<\/p>\n<p>FS17401B**-xxx: Cat5e U\/UTP Vorkonfektioniertes Kupfer-Trunkkabel, 6 Stecker auf 6 Buchsen<\/p>\n<p>FS17401C**-xxx: Cat5e U\/UTP Vorkonfektioniertes Kupfer-Trunkkabel, 6 Buchse auf 6 Buchse<\/p>\n<ul>\n<li>**=Farbe: GY=GRAU, BK=SCHWARZ, WT=WEISS, BU=BLAU, RD=ROT, YL=GELB, OG=ORANGE, GN=GR\u00dcN<\/li>\n<li>xxx=L\u00e4nge: 030=3,0M, 050=5,0M, 075=7,5M, 100=10M, 200=20M, 300=30M<\/li>\n<li>Zum Beispiel: FS17401BBU-030= Cat5e U\/UTP Vorkonfektioniertes Kupfer-Trunkkabel, 6 Stecker auf 6 Buchsen, 3M L\u00e4nge<\/li>\n<\/ul>","protected":false},"excerpt":{"rendered":"<p>Erweitern Sie Ihre Projekte mit unseren vorkonfektionierten UTP-Kupfer-Trunk-Kabeln der Kategorie 5e, einer hocheffizienten L\u00f6sung f\u00fcr Querverbindungs- und Patching-Systeme mit hoher Packungsdichte.<\/p>","protected":false},"featured_media":16824,"template":"","meta":{"_acf_changed":false,"_seopress_robots_primary_cat":"","_seopress_titles_title":"Best Per-terminated Cat5e Copper Trunk UTP Cables - Farsince","_seopress_titles_desc":"","_seopress_robots_index":"","site-sidebar-layout":"default","site-content-layout":"default","ast-site-content-layout":"default","site-content-style":"default","site-sidebar-style":"default","ast-global-header-display":"","ast-banner-title-visibility":"","ast-main-header-display":"","ast-hfb-above-header-display":"","ast-hfb-below-header-display":"","ast-hfb-mobile-header-display":"","site-post-title":"","ast-breadcrumbs-content":"","ast-featured-img":"","footer-sml-layout":"","ast-disable-related-posts":"","theme-transparent-header-meta":"default","adv-header-id-meta":"","stick-header-meta":"","header-above-stick-meta":"","header-main-stick-meta":"","header-below-stick-meta":"","astra-migrate-meta-layouts":"default","ast-page-background-enabled":"default","ast-page-background-meta":{"desktop":{"background-color":"","background-image":"","background-repeat":"repeat","background-position":"center center","background-size":"auto","background-attachment":"scroll","background-type":"","background-media":"","overlay-type":"","overlay-color":"","overlay-opacity":"","overlay-gradient":""},"tablet":{"background-color":"","background-image":"","background-repeat":"repeat","background-position":"center center","background-size":"auto","background-attachment":"scroll","background-type":"","background-media":"","overlay-type":"","overlay-color":"","overlay-opacity":"","overlay-gradient":""},"mobile":{"background-color":"","background-image":"","background-repeat":"repeat","background-position":"center center","background-size":"auto","background-attachment":"scroll","background-type":"","background-media":"","overlay-type":"","overlay-color":"","overlay-opacity":"","overlay-gradient":""}},"ast-content-background-meta":{"desktop":{"background-color":"var(--ast-global-color-5)","background-image":"","background-repeat":"repeat","background-position":"center center","background-size":"auto","background-attachment":"scroll","background-type":"","background-media":"","overlay-type":"","overlay-color":"","overlay-opacity":"","overlay-gradient":""},"tablet":{"background-color":"var(--ast-global-color-5)","background-image":"","background-repeat":"repeat","background-position":"center center","background-size":"auto","background-attachment":"scroll","background-type":"","background-media":"","overlay-type":"","overlay-color":"","overlay-opacity":"","overlay-gradient":""},"mobile":{"background-color":"var(--ast-global-color-5)","background-image":"","background-repeat":"repeat","background-position":"center center","background-size":"auto","background-attachment":"scroll","background-type":"","background-media":"","overlay-type":"","overlay-color":"","overlay-opacity":"","overlay-gradient":""}},"iawp_total_views":2},"product_brand":[],"product_cat":[631,209],"product_tag":[],"class_list":{"0":"post-16787","1":"product","2":"type-product","3":"status-publish","4":"has-post-thumbnail","6":"product_cat-patch-cables","7":"product_cat-ethernet-cable","8":"desktop-align-left","9":"tablet-align-left","10":"mobile-align-left","12":"first","13":"instock","14":"shipping-taxable","15":"purchasable","16":"product-type-simple"},"acf":[],"_links":{"self":[{"href":"https:\/\/www.fjpremium.com\/de\/wp-json\/wp\/v2\/product\/16787","targetHints":{"allow":["GET"]}}],"collection":[{"href":"https:\/\/www.fjpremium.com\/de\/wp-json\/wp\/v2\/product"}],"about":[{"href":"https:\/\/www.fjpremium.com\/de\/wp-json\/wp\/v2\/types\/product"}],"wp:featuredmedia":[{"embeddable":true,"href":"https:\/\/www.fjpremium.com\/de\/wp-json\/wp\/v2\/media\/16824"}],"wp:attachment":[{"href":"https:\/\/www.fjpremium.com\/de\/wp-json\/wp\/v2\/media?parent=16787"}],"wp:term":[{"taxonomy":"product_brand","embeddable":true,"href":"https:\/\/www.fjpremium.com\/de\/wp-json\/wp\/v2\/product_brand?post=16787"},{"taxonomy":"product_cat","embeddable":true,"href":"https:\/\/www.fjpremium.com\/de\/wp-json\/wp\/v2\/product_cat?post=16787"},{"taxonomy":"product_tag","embeddable":true,"href":"https:\/\/www.fjpremium.com\/de\/wp-json\/wp\/v2\/product_tag?post=16787"}],"curies":[{"name":"wp","href":"https:\/\/api.w.org\/{rel}","templated":true}]}}