{"id":16783,"date":"2020-12-15T11:45:18","date_gmt":"2020-12-15T03:45:18","guid":{"rendered":"https:\/\/www.fjpremium.com\/?post_type=product&#038;p=16783"},"modified":"2023-12-14T13:56:42","modified_gmt":"2023-12-14T05:56:42","slug":"industrial-first-class-cat7-6a-rj45-shielded-field-termination-plug-with-plastic-boot","status":"publish","type":"product","link":"https:\/\/www.fjpremium.com\/de\/product\/industrial-first-class-cat7-6a-rj45-shielded-field-termination-plug-with-plastic-boot\/","title":{"rendered":"Abgeschirmter RJ45 Cat6A\/7 Field Termination Stecker mit Kunststoffkappe"},"content":{"rendered":"<p>Mit der F\u00e4higkeit, 10-Gigabit-Ethernet-Anwendungen und eine Bandbreite von bis zu 600 MHz zu unterst\u00fctzen, gew\u00e4hrleistet dieser RJ45 cat6A-Stecker eine optimale Netzwerkeffizienz.<\/p>\n<p>Eines der besonderen Merkmale des Steckers ist seine werkzeuglose Konstruktion, die eine schnelle und m\u00fchelose Installation ohne Crimpwerkzeug erm\u00f6glicht.<\/p>\n<p>Das Druckgussgeh\u00e4use aus einer Zinklegierung sorgt f\u00fcr erh\u00f6hte Haltbarkeit und Langlebigkeit.<\/p>\n<p>Au\u00dferdem ist es mit 50u vergoldeten Kontakten und einer Staubkappe ausgestattet, die stabile und zuverl\u00e4ssige Verbindungen unter verschiedenen Bedingungen gew\u00e4hrleisten.<\/p>\n<p>Unser Stecker ist f\u00fcr blanke Kupferdr\u00e4hte AWG24-22 mit Durchmessern von 0,50 bis 0,64 mm geeignet und unterst\u00fctzt sowohl T568A- als auch T568B-Verdrahtungsschemata.<\/p>\n<p>Mit einem maximalen Durchgangswiderstand von 100M\u03a9 und einem minimalen Isolationswiderstand von 500M\u03a9 garantiert er eine effiziente Daten\u00fcbertragung.<\/p>\n<p>Au\u00dferdem weist es eine R\u00fcckflussd\u00e4mpfung von 5,9 dB und einen Betriebstemperaturbereich von -10 bis 60 Grad Celsius auf.<\/p>\n<p>Dar\u00fcber hinaus entspricht dieser RJ45 cat6A-Stecker der ROHS-Zertifizierung und erf\u00fcllt die h\u00f6chsten Umwelt- und Sicherheitsstandards.<\/p>\n<p>Jedes Paket ist in einem Rei\u00dfverschlussbeutel verpackt und enth\u00e4lt Folgendes:<\/p>\n<ul>\n<li>Ein Feldstecker<\/li>\n<li>Eine Staubkappe<\/li>\n<li>Ein Kabelbinder aus Nylon<\/li>\n<li>Benutzerhandbuch<\/li>\n<\/ul>\n<p>Zusammenfassend l\u00e4sst sich sagen, dass unser geschirmter RJ45-Kat6A\/7-Feldabschlussstecker mit Kunststoffmanschette eine erstklassige L\u00f6sung f\u00fcr Hochleistungs-Netzwerkanwendungen darstellt.<\/p>\n<p>Verlassen Sie sich auf uns als Ihren bevorzugten Gro\u00dfhandelslieferanten von hochwertigen Kabeln, Adaptern und Produkten der Unterhaltungselektronik, und kontaktieren Sie uns noch heute!<\/p>\n<h2>Informationen zur Bestellung:<\/h2>\n<ul>\n<li>FS7202-C7: Cat7 Geschirmter Feldabschlussstecker<\/li>\n<li>FS7202-C6A: Cat6A geschirmter Feldabschlussstecker<\/li>\n<\/ul>","protected":false},"excerpt":{"rendered":"<p>Verbessern Sie die Leistung Ihres Netzwerks mit unserem geschirmten RJ45 Cat6A\/7-Feldabschlussstecker, perfekt f\u00fcr Hochleistungsrechenzentren und NAS-Cloud-Speicher.<\/p>","protected":false},"featured_media":16800,"template":"","meta":{"_acf_changed":false,"_seopress_robots_primary_cat":"","_seopress_titles_title":"","_seopress_titles_desc":"","_seopress_robots_index":"","site-sidebar-layout":"default","site-content-layout":"default","ast-site-content-layout":"default","site-content-style":"default","site-sidebar-style":"default","ast-global-header-display":"","ast-banner-title-visibility":"","ast-main-header-display":"","ast-hfb-above-header-display":"","ast-hfb-below-header-display":"","ast-hfb-mobile-header-display":"","site-post-title":"","ast-breadcrumbs-content":"","ast-featured-img":"","footer-sml-layout":"","ast-disable-related-posts":"","theme-transparent-header-meta":"default","adv-header-id-meta":"","stick-header-meta":"","header-above-stick-meta":"","header-main-stick-meta":"","header-below-stick-meta":"","astra-migrate-meta-layouts":"default","ast-page-background-enabled":"default","ast-page-background-meta":{"desktop":{"background-color":"","background-image":"","background-repeat":"repeat","background-position":"center center","background-size":"auto","background-attachment":"scroll","background-type":"","background-media":"","overlay-type":"","overlay-color":"","overlay-opacity":"","overlay-gradient":""},"tablet":{"background-color":"","background-image":"","background-repeat":"repeat","background-position":"center center","background-size":"auto","background-attachment":"scroll","background-type":"","background-media":"","overlay-type":"","overlay-color":"","overlay-opacity":"","overlay-gradient":""},"mobile":{"background-color":"","background-image":"","background-repeat":"repeat","background-position":"center center","background-size":"auto","background-attachment":"scroll","background-type":"","background-media":"","overlay-type":"","overlay-color":"","overlay-opacity":"","overlay-gradient":""}},"ast-content-background-meta":{"desktop":{"background-color":"var(--ast-global-color-5)","background-image":"","background-repeat":"repeat","background-position":"center center","background-size":"auto","background-attachment":"scroll","background-type":"","background-media":"","overlay-type":"","overlay-color":"","overlay-opacity":"","overlay-gradient":""},"tablet":{"background-color":"var(--ast-global-color-5)","background-image":"","background-repeat":"repeat","background-position":"center center","background-size":"auto","background-attachment":"scroll","background-type":"","background-media":"","overlay-type":"","overlay-color":"","overlay-opacity":"","overlay-gradient":""},"mobile":{"background-color":"var(--ast-global-color-5)","background-image":"","background-repeat":"repeat","background-position":"center center","background-size":"auto","background-attachment":"scroll","background-type":"","background-media":"","overlay-type":"","overlay-color":"","overlay-opacity":"","overlay-gradient":""}},"iawp_total_views":28},"product_brand":[],"product_cat":[631,209],"product_tag":[],"class_list":{"0":"post-16783","1":"product","2":"type-product","3":"status-publish","4":"has-post-thumbnail","6":"product_cat-patch-cables","7":"product_cat-ethernet-cable","8":"desktop-align-left","9":"tablet-align-left","10":"mobile-align-left","12":"first","13":"instock","14":"shipping-taxable","15":"purchasable","16":"product-type-simple"},"acf":[],"_links":{"self":[{"href":"https:\/\/www.fjpremium.com\/de\/wp-json\/wp\/v2\/product\/16783","targetHints":{"allow":["GET"]}}],"collection":[{"href":"https:\/\/www.fjpremium.com\/de\/wp-json\/wp\/v2\/product"}],"about":[{"href":"https:\/\/www.fjpremium.com\/de\/wp-json\/wp\/v2\/types\/product"}],"wp:featuredmedia":[{"embeddable":true,"href":"https:\/\/www.fjpremium.com\/de\/wp-json\/wp\/v2\/media\/16800"}],"wp:attachment":[{"href":"https:\/\/www.fjpremium.com\/de\/wp-json\/wp\/v2\/media?parent=16783"}],"wp:term":[{"taxonomy":"product_brand","embeddable":true,"href":"https:\/\/www.fjpremium.com\/de\/wp-json\/wp\/v2\/product_brand?post=16783"},{"taxonomy":"product_cat","embeddable":true,"href":"https:\/\/www.fjpremium.com\/de\/wp-json\/wp\/v2\/product_cat?post=16783"},{"taxonomy":"product_tag","embeddable":true,"href":"https:\/\/www.fjpremium.com\/de\/wp-json\/wp\/v2\/product_tag?post=16783"}],"curies":[{"name":"wp","href":"https:\/\/api.w.org\/{rel}","templated":true}]}}