{"id":16782,"date":"2020-12-15T11:45:17","date_gmt":"2020-12-15T03:45:17","guid":{"rendered":"https:\/\/www.fjpremium.com\/?post_type=product&#038;p=16782"},"modified":"2023-12-14T13:56:42","modified_gmt":"2023-12-14T05:56:42","slug":"cat8-toolless-modular-plug-connector-pre-assemble-rj45-cat8-ethernet-patch-cable-straight-angle","status":"publish","type":"product","link":"https:\/\/www.fjpremium.com\/de\/product\/cat8-toolless-modular-plug-connector-pre-assemble-rj45-cat8-ethernet-patch-cable-straight-angle\/","title":{"rendered":"Ethernet-Patchkabel RJ45 Cat8 werkzeugloser Modular-Steckverbinder"},"content":{"rendered":"<p>Dieser Steckverbinder ist in der Lage, 10G-40G Datennetzwerkgeschwindigkeiten zu liefern und bietet ein unvergleichliches Netzwerkerlebnis.<\/p>\n<p>Das 360-Grad-gesch\u00fctzte Design erf\u00fcllt die IP20-Normen f\u00fcr Wasser- und Staubdichtigkeit und bietet somit optimalen Schutz.<\/p>\n<p>Und das werkzeuglose Design erm\u00f6glicht eine schnelle Installation ohne Crimpwerkzeug.<\/p>\n<p>Unser Steckverbinder hat ein Druckgussgeh\u00e4use aus einer Zinklegierung und 50u vergoldete Kontakte.<\/p>\n<p>Die IDC-Klemmen verf\u00fcgen \u00fcber ein PCB-Design (UL 94-V0), das erh\u00f6hte Stabilit\u00e4t und Leistung bietet.<\/p>\n<p>Der Stecker wird mit einer Staubschutzkappe geliefert und unterst\u00fctzt AWG23-26 Dr\u00e4hte mit einem Au\u00dfendurchmesser von 6,0-8,0 mm.<\/p>\n<p>Dieser Steckverbinder eignet sich f\u00fcr verschiedene Anwendungen im Innen- und Au\u00dfenbereich und ist perfekt f\u00fcr den Einsatz mit PCs, Routern, Switches, Patchpanels, Steckdosen und Maschinen.<\/p>\n<p>Zu den Au\u00dfenanwendungen geh\u00f6ren Geb\u00e4ude, Beleuchtungen und Ger\u00e4tefelder.<\/p>\n<p>Unser Steckverbinder unterst\u00fctzt die Verdrahtungsschemata T568A und T568B und hat eine Einsteckkraft von bis zu 30N (IEC60603-7-5).<\/p>\n<p>Die Haltekraft zwischen Buchse und Stecker betr\u00e4gt 7,7 KGS, und die Kontaktlebensdauer (Steckzyklen) liegt bei mindestens 750 Zyklen.<\/p>\n<p>Au\u00dferdem unterst\u00fctzt es mindestens 20 wiederholte Installationszyklen f\u00fcr IDC und arbeitet bei Temperaturen von -10 bis 60 Grad Celsius.<\/p>\n<p>Mit der Zertifizierung durch GHMT in Deutschland, der CTTL-Pr\u00fcfung nach dem TIA Cat8-Kanaltest \u00fcber 30 m und der CE- und ROHS-Pr\u00fcfung durch SGS erf\u00fcllt dieser Stecker die h\u00f6chsten Industriestandards.<\/p>\n<p>Jedes Paket wird in einem Zip-Beutel geliefert, der einen Feldstecker, eine Staubschutzkappe, eine 1x3 cm lange Kupferfolie und eine Bedienungsanleitung f\u00fcr eine reibungslose Installation enth\u00e4lt.<\/p>\n<p>Insgesamt bietet unser Steckverbinder eine au\u00dfergew\u00f6hnliche L\u00f6sung f\u00fcr leistungsstarke Netzwerkanwendungen.<\/p>\n<p>Vertrauen Sie auf uns als Ihren Gro\u00dfhandelslieferanten f\u00fcr hochwertige Kabel, Adapter und Produkte der Unterhaltungselektronik, und kontaktieren Sie uns noch heute!<\/p>\n<h2>Informationen zur Bestellung:<\/h2>\n<ul>\n<li>FS7201-C8: Cat8 geschirmter Feldabschlussstecker<\/li>\n<li>FS7201-C7: Cat7 Geschirmter Feldabschlussstecker<\/li>\n<li>FS7201-C6A: Cat6A geschirmter Feldabschlussstecker<\/li>\n<li>FS17201\/AG Winkeltyp<\/li>\n<\/ul>","protected":false},"excerpt":{"rendered":"<p>Wir pr\u00e4sentieren unser industrietaugliches Ethernet-Patchkabel RJ45 Cat8 mit werkzeuglosem, modularem Steckverbinder, ideal f\u00fcr Hochleistungsrechenzentren und NAS-Cloud-Speicher.<\/p>","protected":false},"featured_media":16792,"template":"","meta":{"_acf_changed":false,"_seopress_robots_primary_cat":"","_seopress_titles_title":"Best Cat8 Toolless Modular Plug Connector - Farsince","_seopress_titles_desc":"","_seopress_robots_index":"","site-sidebar-layout":"default","site-content-layout":"default","ast-site-content-layout":"default","site-content-style":"default","site-sidebar-style":"default","ast-global-header-display":"","ast-banner-title-visibility":"","ast-main-header-display":"","ast-hfb-above-header-display":"","ast-hfb-below-header-display":"","ast-hfb-mobile-header-display":"","site-post-title":"","ast-breadcrumbs-content":"","ast-featured-img":"","footer-sml-layout":"","ast-disable-related-posts":"","theme-transparent-header-meta":"default","adv-header-id-meta":"","stick-header-meta":"","header-above-stick-meta":"","header-main-stick-meta":"","header-below-stick-meta":"","astra-migrate-meta-layouts":"default","ast-page-background-enabled":"default","ast-page-background-meta":{"desktop":{"background-color":"","background-image":"","background-repeat":"repeat","background-position":"center center","background-size":"auto","background-attachment":"scroll","background-type":"","background-media":"","overlay-type":"","overlay-color":"","overlay-opacity":"","overlay-gradient":""},"tablet":{"background-color":"","background-image":"","background-repeat":"repeat","background-position":"center center","background-size":"auto","background-attachment":"scroll","background-type":"","background-media":"","overlay-type":"","overlay-color":"","overlay-opacity":"","overlay-gradient":""},"mobile":{"background-color":"","background-image":"","background-repeat":"repeat","background-position":"center center","background-size":"auto","background-attachment":"scroll","background-type":"","background-media":"","overlay-type":"","overlay-color":"","overlay-opacity":"","overlay-gradient":""}},"ast-content-background-meta":{"desktop":{"background-color":"var(--ast-global-color-5)","background-image":"","background-repeat":"repeat","background-position":"center center","background-size":"auto","background-attachment":"scroll","background-type":"","background-media":"","overlay-type":"","overlay-color":"","overlay-opacity":"","overlay-gradient":""},"tablet":{"background-color":"var(--ast-global-color-5)","background-image":"","background-repeat":"repeat","background-position":"center center","background-size":"auto","background-attachment":"scroll","background-type":"","background-media":"","overlay-type":"","overlay-color":"","overlay-opacity":"","overlay-gradient":""},"mobile":{"background-color":"var(--ast-global-color-5)","background-image":"","background-repeat":"repeat","background-position":"center center","background-size":"auto","background-attachment":"scroll","background-type":"","background-media":"","overlay-type":"","overlay-color":"","overlay-opacity":"","overlay-gradient":""}},"iawp_total_views":11},"product_brand":[],"product_cat":[631,209],"product_tag":[],"class_list":{"0":"post-16782","1":"product","2":"type-product","3":"status-publish","4":"has-post-thumbnail","6":"product_cat-patch-cables","7":"product_cat-ethernet-cable","8":"desktop-align-left","9":"tablet-align-left","10":"mobile-align-left","12":"first","13":"instock","14":"shipping-taxable","15":"purchasable","16":"product-type-simple"},"acf":[],"_links":{"self":[{"href":"https:\/\/www.fjpremium.com\/de\/wp-json\/wp\/v2\/product\/16782","targetHints":{"allow":["GET"]}}],"collection":[{"href":"https:\/\/www.fjpremium.com\/de\/wp-json\/wp\/v2\/product"}],"about":[{"href":"https:\/\/www.fjpremium.com\/de\/wp-json\/wp\/v2\/types\/product"}],"wp:featuredmedia":[{"embeddable":true,"href":"https:\/\/www.fjpremium.com\/de\/wp-json\/wp\/v2\/media\/16792"}],"wp:attachment":[{"href":"https:\/\/www.fjpremium.com\/de\/wp-json\/wp\/v2\/media?parent=16782"}],"wp:term":[{"taxonomy":"product_brand","embeddable":true,"href":"https:\/\/www.fjpremium.com\/de\/wp-json\/wp\/v2\/product_brand?post=16782"},{"taxonomy":"product_cat","embeddable":true,"href":"https:\/\/www.fjpremium.com\/de\/wp-json\/wp\/v2\/product_cat?post=16782"},{"taxonomy":"product_tag","embeddable":true,"href":"https:\/\/www.fjpremium.com\/de\/wp-json\/wp\/v2\/product_tag?post=16782"}],"curies":[{"name":"wp","href":"https:\/\/api.w.org\/{rel}","templated":true}]}}