{"id":16763,"date":"2020-12-15T11:40:30","date_gmt":"2020-12-15T03:40:30","guid":{"rendered":"https:\/\/www.fjpremium.com\/?post_type=product&#038;p=16763"},"modified":"2023-12-14T13:56:43","modified_gmt":"2023-12-14T05:56:43","slug":"cat-8-f-ftp-ethernet-flat-patch-cord-lan-cable","status":"publish","type":"product","link":"https:\/\/www.fjpremium.com\/de\/product\/cat-8-f-ftp-ethernet-flat-patch-cord-lan-cable\/","title":{"rendered":"Kat. 8 F\/FTP Ethernet Flachbandkabel Lan Kabel"},"content":{"rendered":"<p>Farsince Cat8 F\/FTP Double Fully Shielded Flat Patch Cable ist eine ideale L\u00f6sung f\u00fcr die Herstellung einer Netzwerkverbindung in einer lauten, EMI\/RFI Umgebung. Bauen Sie Ihr Heim- oder B\u00fcronetzwerk mit 10GBase-T Gigabit Ethernet auf. Die F\/FTP-Doppelabschirmung bietet Schutz vor EMI\/RFI-Rauschen und elektromagnetischen St\u00f6rungen und sorgt f\u00fcr eine gute D\u00e4mpfungs- und \u00dcbersprechleistung. Dieses Kabel erf\u00fcllt oder \u00fcbertrifft die Leistung der Kategorie 8.1 in \u00dcbereinstimmung mit den TIA\/EIA-568-C.2 Spezifikationen. Die flachen Ethernet-Kabel sind superflexibel und viel einfacher zu handhaben, wenn sie unter Teppichen, T\u00fcren, Dreharmen und Schubladen oder entlang von W\u00e4nden verlegt werden. Das flache Design hilft, Kabelsalat zu vermeiden und spart Platz. Die Steckverbinder mit vergoldeten Kontakten, vergossenen Zugentlastungsmuffen und eingeklemmten Formen sind korrosionsbest\u00e4ndig, langlebig und gew\u00e4hrleisten eine sichere Verbindung. Blanke Kupferleiter verbessern die Kabelleistung und entsprechen den Spezifikationen f\u00fcr Kommunikationskabel. Flexibles und langlebiges Cat8-Kabel mit hoher Bandbreite von bis zu 2000 MHz garantiert Hochgeschwindigkeitsdaten\u00fcbertragung f\u00fcr Serveranwendungen, Cloud Computing, Video\u00fcberwachung und Online-High-Definition-Video-Streaming<\/p>\n<h3>Wesentliche Merkmale<\/h3>\n<ul>\n<li>Cat8 F\/FTP voll geschirmtes Patchkabel<\/li>\n<li>Verseiltes Kabel f\u00fcr maximale Flexibilit\u00e4t.<\/li>\n<li>Das flache Kabeldesign erleichtert die Arbeit an engen Stellen<\/li>\n<li>Paare einzeln mit Aluminiumfolie abgeschirmt<\/li>\n<li>Erf\u00fcllt oder \u00fcbertrifft die TIA\/EIA -568-C.2 und ISO\/IEC 11801 Spezifikation<\/li>\n<li>Ideal f\u00fcr architektonische Anforderungen in Rechenzentren<\/li>\n<li>Bietet eine hervorragende \u00dcbertragungsleistung und geringe Signalverluste<\/li>\n<li>Verf\u00fcgbar mit verschiedenen Kabelfarben<\/li>\n<li>Verf\u00fcgbar mit verschiedenen L\u00e4ngen<\/li>\n<li>ROHS- und REACH-konform<\/li>\n<\/ul>\n<h2>Spezifikationen<\/h2>\n<ul>\n<li>Leiter : Blanke Kupfer<\/li>\n<li>Drahtst\u00e4rke: 30AWG 7\/0,10\u00b10,008mm<\/li>\n<li>Isolierung: Schaumstoff PE<\/li>\n<li>Isolationsfarbe: Blau\/Wei\u00df, Blau; Orange\/Wei\u00df, Orange; Gr\u00fcn\/Wei\u00df, Gr\u00fcn; Braun\/Wei\u00df, Braun<\/li>\n<li>Abschirmung: Alufolie<\/li>\n<li>Gesamtabschirmung: Alufolie<\/li>\n<li>Abfluss:30AWG 7\/0,10\u00b10,008mm<\/li>\n<li>Mantel: PVC<\/li>\n<li>\u00c4u\u00dferer Durchmesser: (8,5\u00b10,2mm)*(2,8\u00b10,15mm)<\/li>\n<li>Anschluss 1: RJ45 Cat8 FTP<\/li>\n<li>Anschluss 1: RJ45 Cat8 FTP<\/li>\n<li>Kontakt: Vergoldetes 50U, vernickeltes Geh\u00e4use<\/li>\n<li>Testen: Fluke-Pr\u00fcfger\u00e4t<\/li>\n<\/ul>\n<h2>Herunterladen:<\/h2>\n<ul>\n<li>Datenblatt des ultrad\u00fcnnen Cat8 F\/FTP-Flachsteckkabels<\/li>\n<\/ul>\n<h2>Informationen zur Bestellung:<\/h2>\n<p>FS17110F**-xxx: Ultrad\u00fcnnes Ca8 F\/FTP-Flachsteckkabel<\/p>\n<ul>\n<li>**=Farbe: GY=GRAU, BK=SCHWARZ, WT=WEISS, BU=BLAU, RD=ROT, YL=GELB, OG=ORANGE, GN=GR\u00dcN<\/li>\n<li>xxx=L\u00e4nge: 003=0.3M, 005=0.5M, 010=1.0M, 018=1.8M, 030=3.0M, 050=5.0M, 075=7.5M, 100=10M, 200=20M, 300=30M<\/li>\n<li>Zum Beispiel: FS17110FBU-018=Ultra d\u00fcnnes Cat7 F\/FTP Flachkabel, Farbe Blau, 1.8M L\u00e4nge<\/li>\n<\/ul>","protected":false},"excerpt":{"rendered":"<p>Cat8 F\/FTP flach geschirmt verdrillt 4 Paar Patchkabel<\/p>","protected":false},"featured_media":16764,"template":"","meta":{"_acf_changed":false,"_seopress_robots_primary_cat":"","_seopress_titles_title":"Ethernet Flat Patch Cord Lan Cable Cat8 Manufacturer - Farsince","_seopress_titles_desc":"We are a cat8 manufacturer, offering a wide range of cat8 network cable with high quality and reasonable price","_seopress_robots_index":"","site-sidebar-layout":"default","site-content-layout":"default","ast-site-content-layout":"default","site-content-style":"default","site-sidebar-style":"default","ast-global-header-display":"","ast-banner-title-visibility":"","ast-main-header-display":"","ast-hfb-above-header-display":"","ast-hfb-below-header-display":"","ast-hfb-mobile-header-display":"","site-post-title":"","ast-breadcrumbs-content":"","ast-featured-img":"","footer-sml-layout":"","ast-disable-related-posts":"","theme-transparent-header-meta":"default","adv-header-id-meta":"","stick-header-meta":"","header-above-stick-meta":"","header-main-stick-meta":"","header-below-stick-meta":"","astra-migrate-meta-layouts":"default","ast-page-background-enabled":"default","ast-page-background-meta":{"desktop":{"background-color":"","background-image":"","background-repeat":"repeat","background-position":"center center","background-size":"auto","background-attachment":"scroll","background-type":"","background-media":"","overlay-type":"","overlay-color":"","overlay-opacity":"","overlay-gradient":""},"tablet":{"background-color":"","background-image":"","background-repeat":"repeat","background-position":"center center","background-size":"auto","background-attachment":"scroll","background-type":"","background-media":"","overlay-type":"","overlay-color":"","overlay-opacity":"","overlay-gradient":""},"mobile":{"background-color":"","background-image":"","background-repeat":"repeat","background-position":"center center","background-size":"auto","background-attachment":"scroll","background-type":"","background-media":"","overlay-type":"","overlay-color":"","overlay-opacity":"","overlay-gradient":""}},"ast-content-background-meta":{"desktop":{"background-color":"var(--ast-global-color-5)","background-image":"","background-repeat":"repeat","background-position":"center center","background-size":"auto","background-attachment":"scroll","background-type":"","background-media":"","overlay-type":"","overlay-color":"","overlay-opacity":"","overlay-gradient":""},"tablet":{"background-color":"var(--ast-global-color-5)","background-image":"","background-repeat":"repeat","background-position":"center center","background-size":"auto","background-attachment":"scroll","background-type":"","background-media":"","overlay-type":"","overlay-color":"","overlay-opacity":"","overlay-gradient":""},"mobile":{"background-color":"var(--ast-global-color-5)","background-image":"","background-repeat":"repeat","background-position":"center center","background-size":"auto","background-attachment":"scroll","background-type":"","background-media":"","overlay-type":"","overlay-color":"","overlay-opacity":"","overlay-gradient":""}},"iawp_total_views":11},"product_brand":[],"product_cat":[631,209],"product_tag":[],"class_list":{"0":"post-16763","1":"product","2":"type-product","3":"status-publish","4":"has-post-thumbnail","6":"product_cat-patch-cables","7":"product_cat-ethernet-cable","8":"desktop-align-left","9":"tablet-align-left","10":"mobile-align-left","12":"first","13":"instock","14":"shipping-taxable","15":"purchasable","16":"product-type-simple"},"acf":[],"_links":{"self":[{"href":"https:\/\/www.fjpremium.com\/de\/wp-json\/wp\/v2\/product\/16763","targetHints":{"allow":["GET"]}}],"collection":[{"href":"https:\/\/www.fjpremium.com\/de\/wp-json\/wp\/v2\/product"}],"about":[{"href":"https:\/\/www.fjpremium.com\/de\/wp-json\/wp\/v2\/types\/product"}],"wp:featuredmedia":[{"embeddable":true,"href":"https:\/\/www.fjpremium.com\/de\/wp-json\/wp\/v2\/media\/16764"}],"wp:attachment":[{"href":"https:\/\/www.fjpremium.com\/de\/wp-json\/wp\/v2\/media?parent=16763"}],"wp:term":[{"taxonomy":"product_brand","embeddable":true,"href":"https:\/\/www.fjpremium.com\/de\/wp-json\/wp\/v2\/product_brand?post=16763"},{"taxonomy":"product_cat","embeddable":true,"href":"https:\/\/www.fjpremium.com\/de\/wp-json\/wp\/v2\/product_cat?post=16763"},{"taxonomy":"product_tag","embeddable":true,"href":"https:\/\/www.fjpremium.com\/de\/wp-json\/wp\/v2\/product_tag?post=16763"}],"curies":[{"name":"wp","href":"https:\/\/api.w.org\/{rel}","templated":true}]}}