{"id":16755,"date":"2020-12-15T11:38:43","date_gmt":"2020-12-15T03:38:43","guid":{"rendered":"https:\/\/www.fjpremium.com\/?post_type=product&#038;p=16755"},"modified":"2023-12-14T13:56:44","modified_gmt":"2023-12-14T05:56:44","slug":"cat6a-utp-cable-rj45-unshielded-cat6a-patch-cord-cable","status":"publish","type":"product","link":"https:\/\/www.fjpremium.com\/de\/product\/cat6a-utp-cable-rj45-unshielded-cat6a-patch-cord-cable\/","title":{"rendered":"Ungeschirmtes RJ45 Cat6a UTP Patchkabel"},"content":{"rendered":"<p>Dieses Patchkabel wurde f\u00fcr den Anschluss einer Vielzahl von LAN-Netzwerkkomponenten entwickelt, darunter PCs, Computerserver, Drucker, Router, Switchboxen, Netzwerk-Media-Player, NAS, VoIP-Telefone und PoE-Ger\u00e4te.<\/p>\n<p>Bauen Sie damit Ihr Heim- oder B\u00fcronetzwerk mit 10GBase-T Gigabit Ethernet auf, das die Leistung der Kategorie 6 gem\u00e4\u00df den Spezifikationen TIA\/EIA-568-C.2 und ISO\/IEC 11801 erf\u00fcllt oder \u00fcbertrifft.<\/p>\n<p>Unsere Patchkabel sind mit vergoldeten Kontakten, vergossenen Zugentlastungsmanschetten und eingeklebten Formen f\u00fcr die Stecker ausgestattet.<\/p>\n<p>Diese Eigenschaften sind nicht nur korrosionsbest\u00e4ndig, sondern sorgen auch f\u00fcr Langlebigkeit und eine sichere Verbindung.<\/p>\n<p>Es besteht aus blanken Kupferleitern, entspricht den Spezifikationen f\u00fcr Kommunikationskabel und verbessert die Gesamtleistung.<\/p>\n<p>Dieses flexible und langlebige Cat6a U\/UTP-Kabel verf\u00fcgt \u00fcber eine hohe Bandbreite von bis zu 500 MHz und garantiert so eine schnelle Daten\u00fcbertragung f\u00fcr Serveranwendungen, Cloud Computing, Video\u00fcberwachung und Online-High-Definition-Video-Streaming.<\/p>\n<p>Und das 26AWG-Litzenkabel bietet maximale Flexibilit\u00e4t und eignet sich daher perfekt f\u00fcr verschiedene architektonische Anforderungen in Rechenzentren.<\/p>\n<p>Dar\u00fcber hinaus sind unsere Patchkabel in verschiedenen Farben und L\u00e4ngen erh\u00e4ltlich und entsprechen den ROHS- und REACH-Richtlinien.<\/p>\n<p>Er verf\u00fcgt \u00fcber beeindruckende Spezifikationen, darunter:<\/p>\n<ul>\n<li>Leiter: Blankes Kupfer<\/li>\n<li>Drahtst\u00e4rke: 26AWG 7\/0,16\u00b10,015mm<\/li>\n<li>Isolierung: HDPE<\/li>\n<li>Isolationsfarbe: Blau\/Wei\u00df, Blau; Orange\/Wei\u00df, Orange; Gr\u00fcn\/Wei\u00df, Gr\u00fcn; Braun\/Wei\u00df, Braun<\/li>\n<li>Abschirmung: Keine<\/li>\n<li>Geflecht: Keine<\/li>\n<li>Mantel: PVC<\/li>\n<li>\u00c4u\u00dferer Durchmesser: 5,5\u00b10,2mm<\/li>\n<li>Anschluss 1: RJ45 Cat6A UTP<\/li>\n<li>Anschluss 1: RJ45 Cat6A UTP<\/li>\n<li>Kontakt: Vergoldet 3U<\/li>\n<li>Testen: Fluke-Pr\u00fcfger\u00e4t<\/li>\n<\/ul>\n<p>Verbessern Sie daher Ihre Netzwerkinfrastruktur mit dem ungeschirmten RJ45 cat6a UTP-Patchkabel von Farsince, um eine schnelle, zuverl\u00e4ssige und effiziente L\u00f6sung f\u00fcr Ihre Netzwerkanforderungen zu erhalten.<\/p>\n<h2>Herunterladen:<\/h2>\n<ul>\n<li>Datenblatt f\u00fcr Cat6A U\/UTP ungeschirmt verdrillt 4 Paar Patchkabel<\/li>\n<\/ul>\n<h2>Informationen zur Bestellung:<\/h2>\n<p>FS17106**-xxx: Cat6A U\/UTP ungeschirmt verdrillt 4 Paar Patchkabel<\/p>\n<ul>\n<li>**=Farbe: GY=GRAU, BK=SCHWARZ, WT=WEISS, BU=BLAU, RD=ROT, YL=GELB, OG=ORANGE, GN=GR\u00dcN<\/li>\n<li>xxx=L\u00e4nge: 003=0.3M, 005=0.5M, 010=1.0M, 018=1.8M, 030=3.0M, 050=5.0M, 075=7.5M, 100=10M, 200=20M, 300=30M, 400=40M, 500=50M<\/li>\n<li>Zum Beispiel: FS17106BU-018= Cat6A U\/UTP ungeschirmt verdrillt 4 Paar Patchkabel, 1.8M L\u00e4nge<\/li>\n<\/ul>","protected":false},"excerpt":{"rendered":"<p>Verbessern Sie die Leistung Ihres LAN-Netzwerks mit dem hochwertigen ungeschirmten RJ45 cat6a UTP-Patchkabel von Farsince.<\/p>","protected":false},"featured_media":16756,"template":"","meta":{"_acf_changed":false,"_seopress_robots_primary_cat":"","_seopress_titles_title":"Best Cat6a UTP Patch Cord Cable - Farsince","_seopress_titles_desc":"","_seopress_robots_index":"","site-sidebar-layout":"default","site-content-layout":"default","ast-site-content-layout":"default","site-content-style":"default","site-sidebar-style":"default","ast-global-header-display":"","ast-banner-title-visibility":"","ast-main-header-display":"","ast-hfb-above-header-display":"","ast-hfb-below-header-display":"","ast-hfb-mobile-header-display":"","site-post-title":"","ast-breadcrumbs-content":"","ast-featured-img":"","footer-sml-layout":"","ast-disable-related-posts":"","theme-transparent-header-meta":"default","adv-header-id-meta":"","stick-header-meta":"","header-above-stick-meta":"","header-main-stick-meta":"","header-below-stick-meta":"","astra-migrate-meta-layouts":"default","ast-page-background-enabled":"default","ast-page-background-meta":{"desktop":{"background-color":"","background-image":"","background-repeat":"repeat","background-position":"center center","background-size":"auto","background-attachment":"scroll","background-type":"","background-media":"","overlay-type":"","overlay-color":"","overlay-opacity":"","overlay-gradient":""},"tablet":{"background-color":"","background-image":"","background-repeat":"repeat","background-position":"center center","background-size":"auto","background-attachment":"scroll","background-type":"","background-media":"","overlay-type":"","overlay-color":"","overlay-opacity":"","overlay-gradient":""},"mobile":{"background-color":"","background-image":"","background-repeat":"repeat","background-position":"center center","background-size":"auto","background-attachment":"scroll","background-type":"","background-media":"","overlay-type":"","overlay-color":"","overlay-opacity":"","overlay-gradient":""}},"ast-content-background-meta":{"desktop":{"background-color":"var(--ast-global-color-5)","background-image":"","background-repeat":"repeat","background-position":"center center","background-size":"auto","background-attachment":"scroll","background-type":"","background-media":"","overlay-type":"","overlay-color":"","overlay-opacity":"","overlay-gradient":""},"tablet":{"background-color":"var(--ast-global-color-5)","background-image":"","background-repeat":"repeat","background-position":"center center","background-size":"auto","background-attachment":"scroll","background-type":"","background-media":"","overlay-type":"","overlay-color":"","overlay-opacity":"","overlay-gradient":""},"mobile":{"background-color":"var(--ast-global-color-5)","background-image":"","background-repeat":"repeat","background-position":"center center","background-size":"auto","background-attachment":"scroll","background-type":"","background-media":"","overlay-type":"","overlay-color":"","overlay-opacity":"","overlay-gradient":""}},"iawp_total_views":4},"product_brand":[],"product_cat":[631,209],"product_tag":[],"class_list":{"0":"post-16755","1":"product","2":"type-product","3":"status-publish","4":"has-post-thumbnail","6":"product_cat-patch-cables","7":"product_cat-ethernet-cable","8":"desktop-align-left","9":"tablet-align-left","10":"mobile-align-left","12":"first","13":"instock","14":"shipping-taxable","15":"purchasable","16":"product-type-simple"},"acf":[],"_links":{"self":[{"href":"https:\/\/www.fjpremium.com\/de\/wp-json\/wp\/v2\/product\/16755","targetHints":{"allow":["GET"]}}],"collection":[{"href":"https:\/\/www.fjpremium.com\/de\/wp-json\/wp\/v2\/product"}],"about":[{"href":"https:\/\/www.fjpremium.com\/de\/wp-json\/wp\/v2\/types\/product"}],"wp:featuredmedia":[{"embeddable":true,"href":"https:\/\/www.fjpremium.com\/de\/wp-json\/wp\/v2\/media\/16756"}],"wp:attachment":[{"href":"https:\/\/www.fjpremium.com\/de\/wp-json\/wp\/v2\/media?parent=16755"}],"wp:term":[{"taxonomy":"product_brand","embeddable":true,"href":"https:\/\/www.fjpremium.com\/de\/wp-json\/wp\/v2\/product_brand?post=16755"},{"taxonomy":"product_cat","embeddable":true,"href":"https:\/\/www.fjpremium.com\/de\/wp-json\/wp\/v2\/product_cat?post=16755"},{"taxonomy":"product_tag","embeddable":true,"href":"https:\/\/www.fjpremium.com\/de\/wp-json\/wp\/v2\/product_tag?post=16755"}],"curies":[{"name":"wp","href":"https:\/\/api.w.org\/{rel}","templated":true}]}}