{"id":16746,"date":"2020-12-15T11:36:57","date_gmt":"2020-12-15T03:36:57","guid":{"rendered":"https:\/\/www.fjpremium.com\/?post_type=product&#038;p=16746"},"modified":"2023-12-14T13:56:45","modified_gmt":"2023-12-14T05:56:45","slug":"cat6-ftp-ethernet-patch-cord-cable-shield-rj45-plug-ftp-cat6-cable","status":"publish","type":"product","link":"https:\/\/www.fjpremium.com\/de\/product\/cat6-ftp-ethernet-patch-cord-cable-shield-rj45-plug-ftp-cat6-cable\/","title":{"rendered":"Abschirmung FTP RJ45 Stecker Cat6 Ethernet Patch Kabel"},"content":{"rendered":"<p>Erstellen Sie ein zuverl\u00e4ssiges Heim- oder B\u00fcronetzwerk mit 1000 Base-T Gigabit Ethernet mit diesem fortschrittlichen RJ45-Stecker-Cat6-Ethernet-Patchkabel, das maximalen Schutz gegen elektromagnetische St\u00f6rungen bietet.<\/p>\n<p>Damit k\u00f6nnen Sie Hochgeschwindigkeits-Daten\u00fcbertragungen f\u00fcr Serveranwendungen, Cloud Computing, Video\u00fcberwachung und Online-High-Definition-Video-Streaming nutzen.<\/p>\n<p>Das als Cat6 F\/UTP Shielded Patch Cable konzipierte Kabel bietet dank seiner verseilten Kabelkonstruktion und einer Gesamtabschirmung, die einen hervorragenden Schutz vor EMI\/RFI-St\u00f6rungen bietet, maximale Flexibilit\u00e4t.<\/p>\n<p>Die RJ45-Stecker des Cat6-Ethernet-Patchkabels verf\u00fcgen au\u00dferdem \u00fcber vergoldete Kontakte, vergossene Zugentlastungsmanschetten und eingeklemmte Formen in den Steckern f\u00fcr eine sichere Verbindung.<\/p>\n<p>Es besteht aus blanken Kupferleitern (CCA), erf\u00fcllt die Spezifikationen f\u00fcr Kommunikationskabel und bietet eine hohe Bandbreite von bis zu 500 MHz.<\/p>\n<p>Dar\u00fcber hinaus entspricht unser Kabel den Spezifikationen TIA\/EIA-568-C.2 und ISO\/IEC 11801 und eignet sich somit perfekt f\u00fcr die Anforderungen der Rechenzentrumsarchitektur.<\/p>\n<p>Erh\u00e4ltlich in verschiedenen Farben und L\u00e4ngen, k\u00f6nnen Sie leicht das richtige Kabel f\u00fcr Ihre speziellen Anforderungen finden.<\/p>\n<p>Au\u00dferdem ist es ROHS- und REACH-konform, d. h., es ist umweltfreundlich und entspricht den Sicherheitsstandards.<\/p>\n<p>Spezifikationen:<\/p>\n<ul>\n<li>Leiter: Blankes Kupfer oder CCA<\/li>\n<li>Drahtst\u00e4rke: 30\/28\/26\/24AWG<\/li>\n<li>Isolierung: HDPE<\/li>\n<li>Isolationsfarbe: Blau\/Wei\u00df, Blau; Orange\/Wei\u00df, Orange; Gr\u00fcn\/Wei\u00df, Gr\u00fcn; Braun\/Wei\u00df, Braun<\/li>\n<li>Abschirmung: Drahtseil<\/li>\n<li>Geflecht: Keine<\/li>\n<li>Mantel: PVC<\/li>\n<li>Au\u00dfendurchmesser: 6,0\u00b10,2mm<\/li>\n<li>Anschluss 1: RJ45 Cat6 FTP<\/li>\n<li>Anschluss 2: RJ45 Cat6 FTP<\/li>\n<li>Kontakt: Vergoldet 3U, Geh\u00e4use vernickelt<\/li>\n<li>Testen: Fluke-Pr\u00fcfger\u00e4t<\/li>\n<\/ul>\n<p>Erweitern Sie daher Ihre Netzwerkinfrastruktur mit diesem RJ45-Stecker-Cat6-Ethernet-Patchkabel, das f\u00fcr optimale Leistung und Zuverl\u00e4ssigkeit in anspruchsvollen, ger\u00e4uschempfindlichen Umgebungen entwickelt wurde.<\/p>\n<h2>Herunterladen:<\/h2>\n<ul>\n<li>Datenblatt Cat6 F\/UTP ungeschirmtes verdrilltes 4-Paar-Ethernet-Patchkabel<\/li>\n<\/ul>\n<h2>Informationen zur Bestellung:<\/h2>\n<p>FS17104**-xxx: Cat6 F\/UTP Netzwerk-Patchkabel<\/p>\n<ul>\n<li>**=Farbe: GY=GRAU, BK=SCHWARZ, WT=WEISS, BU=BLAU, RD=ROT, YL=GELB, OG=ORANGE, GN=GR\u00dcN<\/li>\n<li>xxx=L\u00e4nge: 003=0.3M, 005=0.5M, 010=1.0M, 018=1.8M, 030=3.0M, 050=5.0M, 075=7.5M, 100=10M, 200=20M, 300=30M, 400=40M, 500=50M<\/li>\n<li>Zum Beispiel: FS17104BU-018= Cat6 F\/UTP-Ethernet-Patchkabel, Farbe Blau, 1.8M L\u00e4nge<\/li>\n<\/ul>","protected":false},"excerpt":{"rendered":"<p>Unser geschirmtes FTP-RJ45-Stecker-Cat6-Ethernet-Patchkabel verbindet perfekt verschiedene LAN-Netzwerkkomponenten in einer lauten EMI\/RFI-Umgebung.<\/p>","protected":false},"featured_media":16747,"template":"","meta":{"_acf_changed":false,"_seopress_robots_primary_cat":"","_seopress_titles_title":"Best RJ45 Plug Cat6 Ethernet Patch Cord Cable - Farsince","_seopress_titles_desc":"","_seopress_robots_index":"","site-sidebar-layout":"default","site-content-layout":"default","ast-site-content-layout":"default","site-content-style":"default","site-sidebar-style":"default","ast-global-header-display":"","ast-banner-title-visibility":"","ast-main-header-display":"","ast-hfb-above-header-display":"","ast-hfb-below-header-display":"","ast-hfb-mobile-header-display":"","site-post-title":"","ast-breadcrumbs-content":"","ast-featured-img":"","footer-sml-layout":"","ast-disable-related-posts":"","theme-transparent-header-meta":"default","adv-header-id-meta":"","stick-header-meta":"","header-above-stick-meta":"","header-main-stick-meta":"","header-below-stick-meta":"","astra-migrate-meta-layouts":"default","ast-page-background-enabled":"default","ast-page-background-meta":{"desktop":{"background-color":"","background-image":"","background-repeat":"repeat","background-position":"center center","background-size":"auto","background-attachment":"scroll","background-type":"","background-media":"","overlay-type":"","overlay-color":"","overlay-opacity":"","overlay-gradient":""},"tablet":{"background-color":"","background-image":"","background-repeat":"repeat","background-position":"center center","background-size":"auto","background-attachment":"scroll","background-type":"","background-media":"","overlay-type":"","overlay-color":"","overlay-opacity":"","overlay-gradient":""},"mobile":{"background-color":"","background-image":"","background-repeat":"repeat","background-position":"center center","background-size":"auto","background-attachment":"scroll","background-type":"","background-media":"","overlay-type":"","overlay-color":"","overlay-opacity":"","overlay-gradient":""}},"ast-content-background-meta":{"desktop":{"background-color":"var(--ast-global-color-5)","background-image":"","background-repeat":"repeat","background-position":"center center","background-size":"auto","background-attachment":"scroll","background-type":"","background-media":"","overlay-type":"","overlay-color":"","overlay-opacity":"","overlay-gradient":""},"tablet":{"background-color":"var(--ast-global-color-5)","background-image":"","background-repeat":"repeat","background-position":"center center","background-size":"auto","background-attachment":"scroll","background-type":"","background-media":"","overlay-type":"","overlay-color":"","overlay-opacity":"","overlay-gradient":""},"mobile":{"background-color":"var(--ast-global-color-5)","background-image":"","background-repeat":"repeat","background-position":"center center","background-size":"auto","background-attachment":"scroll","background-type":"","background-media":"","overlay-type":"","overlay-color":"","overlay-opacity":"","overlay-gradient":""}},"iawp_total_views":13},"product_brand":[],"product_cat":[631,209],"product_tag":[],"class_list":{"0":"post-16746","1":"product","2":"type-product","3":"status-publish","4":"has-post-thumbnail","6":"product_cat-patch-cables","7":"product_cat-ethernet-cable","8":"desktop-align-left","9":"tablet-align-left","10":"mobile-align-left","12":"first","13":"instock","14":"shipping-taxable","15":"purchasable","16":"product-type-simple"},"acf":[],"_links":{"self":[{"href":"https:\/\/www.fjpremium.com\/de\/wp-json\/wp\/v2\/product\/16746","targetHints":{"allow":["GET"]}}],"collection":[{"href":"https:\/\/www.fjpremium.com\/de\/wp-json\/wp\/v2\/product"}],"about":[{"href":"https:\/\/www.fjpremium.com\/de\/wp-json\/wp\/v2\/types\/product"}],"wp:featuredmedia":[{"embeddable":true,"href":"https:\/\/www.fjpremium.com\/de\/wp-json\/wp\/v2\/media\/16747"}],"wp:attachment":[{"href":"https:\/\/www.fjpremium.com\/de\/wp-json\/wp\/v2\/media?parent=16746"}],"wp:term":[{"taxonomy":"product_brand","embeddable":true,"href":"https:\/\/www.fjpremium.com\/de\/wp-json\/wp\/v2\/product_brand?post=16746"},{"taxonomy":"product_cat","embeddable":true,"href":"https:\/\/www.fjpremium.com\/de\/wp-json\/wp\/v2\/product_cat?post=16746"},{"taxonomy":"product_tag","embeddable":true,"href":"https:\/\/www.fjpremium.com\/de\/wp-json\/wp\/v2\/product_tag?post=16746"}],"curies":[{"name":"wp","href":"https:\/\/api.w.org\/{rel}","templated":true}]}}