{"id":16737,"date":"2020-12-15T11:35:05","date_gmt":"2020-12-15T03:35:05","guid":{"rendered":"https:\/\/www.fjpremium.com\/?post_type=product&#038;p=16737"},"modified":"2023-12-14T13:56:45","modified_gmt":"2023-12-14T05:56:45","slug":"cat6-utp-flat-ethernet-cable-slim-utp-cat6-flat-network-patch-cable","status":"publish","type":"product","link":"https:\/\/www.fjpremium.com\/de\/product\/cat6-utp-flat-ethernet-cable-slim-utp-cat6-flat-network-patch-cable\/","title":{"rendered":"Schlankes Cat6 UTP-Flach-Ethernet-Kabel"},"content":{"rendered":"<p>Erleben Sie nahtlose Heim- oder B\u00fcronetzwerke mit 1000 Base-T Gigabit Ethernet mit diesem flachen Ethernet-Kabel, das f\u00fcr m\u00fcheloses Management und Installation in engen R\u00e4umen entwickelt wurde.<\/p>\n<p>Mit wichtigen Merkmalen wie dem ungeschirmten Cat6 U\/UTP-Design f\u00fcr optimale Leistung und maximale Flexibilit\u00e4t vermeidet es Kabelgewirr und spart gleichzeitig Platz, so dass es die erste Wahl f\u00fcr die Verlegung unter Teppichen, T\u00fcren, Dreharmen, Schubladen oder entlang von W\u00e4nden ist.<\/p>\n<p>Unser flaches Ethernet-Kabel ist perfekt auf die architektonischen Anforderungen von Rechenzentren abgestimmt und entspricht den Spezifikationen TIA\/EIA -568B Kategorie 6 und ISO\/IEC 11801.<\/p>\n<p>Sie k\u00f6nnen das perfekte Kabel mit verschiedenen Farb- und L\u00e4ngenoptionen f\u00fcr Ihre Bed\u00fcrfnisse finden. Es ist umweltfreundlich und sicher und entspricht den ROHS- und REACH-Normen.<\/p>\n<p>Dar\u00fcber hinaus sorgen die vergoldeten Kontakte, die vergossenen Zugentlastungsmanschetten und die blanken Kupfer- oder CCA-Leiter f\u00fcr Langlebigkeit, eine sichere Verbindung und eine verbesserte Kabelleistung gem\u00e4\u00df den Spezifikationen f\u00fcr Kommunikationskabel.<\/p>\n<p>Spezifikationen:<\/p>\n<ul>\n<li>Drahtst\u00e4rke: 30\/28AWG<\/li>\n<li>Isolierung: HDPE<\/li>\n<li>Isolationsfarbe: Blau\/Wei\u00df, Blau; Orange\/Wei\u00df, Orange; Gr\u00fcn\/Wei\u00df, Gr\u00fcn; Braun\/Wei\u00df, Braun<\/li>\n<li>Abschirmung: Keine<\/li>\n<li>Geflecht: Keine<\/li>\n<li>Mantel: PVC<\/li>\n<li>\u00c4u\u00dferer Durchmesser: 1,5*6,05\u00b10,2mm<\/li>\n<li>Anschluss 1: RJ45 Cat6 UTP<\/li>\n<li>Anschluss 1: RJ45 Cat6 UTP<\/li>\n<li>Testen: Fluke-Pr\u00fcfger\u00e4t<\/li>\n<\/ul>\n<p>Kurz gesagt, erneuern Sie Ihr Netzwerk und erh\u00f6hen Sie die Konnektivit\u00e4t mit dem ungeschirmten flachen Ethernet-Kabel cat6 U\/UTP von Farsince.<\/p>\n<h2>Herunterladen:<\/h2>\n<ul>\n<li>Datenblatt f\u00fcr Cat6 U\/UTP Flaches ungeschirmtes verdrilltes 4-Paar-Ethernet-Patchkabel<\/li>\n<\/ul>\n<h2>Informationen zur Bestellung:<\/h2>\n<p>FS17103F**-xxx: Cat6 U\/UTP Flaches Netzwerk-Patchkabel<\/p>\n<ul>\n<li>**=Farbe: GY=GRAU, BK=SCHWARZ, WT=WEISS, BU=BLAU, RD=ROT, YL=GELB, OG=ORANGE, GN=GR\u00dcN<\/li>\n<li>xxx=L\u00e4nge: 003=0.3M, 005=0.5M, 010=1.0M, 018=1.8M, 030=3.0M, 050=5.0M, 075=7.5M, 100=10M, 200=20M, 300=30M, 400=40M, 500=50M<\/li>\n<li>Zum Beispiel: FS17103FBU-018= Cat6 U\/UTP Flach-Ethernet-Patchkabel, Farbe Blau, 1.8M L\u00e4nge<\/li>\n<\/ul>","protected":false},"excerpt":{"rendered":"<p>Entdecken Sie unser ungeschirmtes flaches Ethernet-Kabel cat6 U\/UTP, eine ideale Verbindungsl\u00f6sung f\u00fcr verschiedene LAN-Netzwerkkomponenten wie PCs, Server, Drucker usw.<\/p>","protected":false},"featured_media":16738,"template":"","meta":{"_acf_changed":false,"_seopress_robots_primary_cat":"","_seopress_titles_title":"Best Slim Cat6 UTP Flat Ethernet Cable - Farsince","_seopress_titles_desc":"","_seopress_robots_index":"","site-sidebar-layout":"default","site-content-layout":"default","ast-site-content-layout":"default","site-content-style":"default","site-sidebar-style":"default","ast-global-header-display":"","ast-banner-title-visibility":"","ast-main-header-display":"","ast-hfb-above-header-display":"","ast-hfb-below-header-display":"","ast-hfb-mobile-header-display":"","site-post-title":"","ast-breadcrumbs-content":"","ast-featured-img":"","footer-sml-layout":"","ast-disable-related-posts":"","theme-transparent-header-meta":"default","adv-header-id-meta":"","stick-header-meta":"","header-above-stick-meta":"","header-main-stick-meta":"","header-below-stick-meta":"","astra-migrate-meta-layouts":"default","ast-page-background-enabled":"default","ast-page-background-meta":{"desktop":{"background-color":"","background-image":"","background-repeat":"repeat","background-position":"center center","background-size":"auto","background-attachment":"scroll","background-type":"","background-media":"","overlay-type":"","overlay-color":"","overlay-opacity":"","overlay-gradient":""},"tablet":{"background-color":"","background-image":"","background-repeat":"repeat","background-position":"center center","background-size":"auto","background-attachment":"scroll","background-type":"","background-media":"","overlay-type":"","overlay-color":"","overlay-opacity":"","overlay-gradient":""},"mobile":{"background-color":"","background-image":"","background-repeat":"repeat","background-position":"center center","background-size":"auto","background-attachment":"scroll","background-type":"","background-media":"","overlay-type":"","overlay-color":"","overlay-opacity":"","overlay-gradient":""}},"ast-content-background-meta":{"desktop":{"background-color":"var(--ast-global-color-5)","background-image":"","background-repeat":"repeat","background-position":"center center","background-size":"auto","background-attachment":"scroll","background-type":"","background-media":"","overlay-type":"","overlay-color":"","overlay-opacity":"","overlay-gradient":""},"tablet":{"background-color":"var(--ast-global-color-5)","background-image":"","background-repeat":"repeat","background-position":"center center","background-size":"auto","background-attachment":"scroll","background-type":"","background-media":"","overlay-type":"","overlay-color":"","overlay-opacity":"","overlay-gradient":""},"mobile":{"background-color":"var(--ast-global-color-5)","background-image":"","background-repeat":"repeat","background-position":"center center","background-size":"auto","background-attachment":"scroll","background-type":"","background-media":"","overlay-type":"","overlay-color":"","overlay-opacity":"","overlay-gradient":""}},"iawp_total_views":5},"product_brand":[],"product_cat":[631,209],"product_tag":[],"class_list":{"0":"post-16737","1":"product","2":"type-product","3":"status-publish","4":"has-post-thumbnail","6":"product_cat-patch-cables","7":"product_cat-ethernet-cable","8":"desktop-align-left","9":"tablet-align-left","10":"mobile-align-left","12":"first","13":"instock","14":"shipping-taxable","15":"purchasable","16":"product-type-simple"},"acf":[],"_links":{"self":[{"href":"https:\/\/www.fjpremium.com\/de\/wp-json\/wp\/v2\/product\/16737","targetHints":{"allow":["GET"]}}],"collection":[{"href":"https:\/\/www.fjpremium.com\/de\/wp-json\/wp\/v2\/product"}],"about":[{"href":"https:\/\/www.fjpremium.com\/de\/wp-json\/wp\/v2\/types\/product"}],"wp:featuredmedia":[{"embeddable":true,"href":"https:\/\/www.fjpremium.com\/de\/wp-json\/wp\/v2\/media\/16738"}],"wp:attachment":[{"href":"https:\/\/www.fjpremium.com\/de\/wp-json\/wp\/v2\/media?parent=16737"}],"wp:term":[{"taxonomy":"product_brand","embeddable":true,"href":"https:\/\/www.fjpremium.com\/de\/wp-json\/wp\/v2\/product_brand?post=16737"},{"taxonomy":"product_cat","embeddable":true,"href":"https:\/\/www.fjpremium.com\/de\/wp-json\/wp\/v2\/product_cat?post=16737"},{"taxonomy":"product_tag","embeddable":true,"href":"https:\/\/www.fjpremium.com\/de\/wp-json\/wp\/v2\/product_tag?post=16737"}],"curies":[{"name":"wp","href":"https:\/\/api.w.org\/{rel}","templated":true}]}}