{"id":16728,"date":"2020-12-15T11:33:24","date_gmt":"2020-12-15T03:33:24","guid":{"rendered":"https:\/\/www.fjpremium.com\/?post_type=product&#038;p=16728"},"modified":"2023-12-14T13:56:46","modified_gmt":"2023-12-14T05:56:46","slug":"cat5e-ftp-ethernet-patch-cable-shield-cat5-5e-network-patch-cord","status":"publish","type":"product","link":"https:\/\/www.fjpremium.com\/de\/product\/cat5e-ftp-ethernet-patch-cable-shield-cat5-5e-network-patch-cord\/","title":{"rendered":"FTP Cat5e Ethernet Patch Kabel Abschirmung Cat5e Netzwerk Patch Kabel"},"content":{"rendered":"<p>Erstellen Sie ein Heim- oder B\u00fcronetzwerk mit 1000 Base-T Gigabit Ethernet mit diesem Cat5e-Ethernet-Patchkabel, das mit seiner F\/UTP-Abschirmung vor EMI\/RFI-Rauschen und elektromagnetischen St\u00f6rungen sch\u00fctzt.<\/p>\n<p>Es erf\u00fcllt oder \u00fcbertrifft die Leistungsstandards der Kategorie 5e gem\u00e4\u00df den TIA\/EIA-568-C.2-Spezifikationen und verf\u00fcgt \u00fcber vergoldete Steckverbinder, geformte Zugentlastungsmanschetten und zahnlose Formen f\u00fcr Korrosionsbest\u00e4ndigkeit, Langlebigkeit und sichere Verbindungen.<\/p>\n<p>Dar\u00fcber hinaus wird mit blanken Kupfer- oder CCA-Leitern eine verbesserte Kabelleistung gew\u00e4hrleistet, die den Anforderungen an Kommunikationskabel entspricht.<\/p>\n<p>Zu den Hauptmerkmalen unseres Cat5e-Ethernet-Patchkabels geh\u00f6ren die Cat5e F\/UTP-Abschirmung und das Litzenkabel f\u00fcr maximale Flexibilit\u00e4t.<\/p>\n<p>Es ist in verschiedenen Farben und L\u00e4ngen erh\u00e4ltlich, um den architektonischen Anforderungen von Rechenzentren gerecht zu werden.<\/p>\n<p>Es ist umweltfreundlich und sicher und entspricht der ROHS- und REACH-Richtlinie.<\/p>\n<p>Weitere Spezifikationen f\u00fcr unser Cat5e-Ethernet-Patchkabel sind 30\/28\/26\/24AWG-Drahtst\u00e4rke, HDPE-Isolierung, farbcodierte Isolierung, Abschirmung des Drahtseils, PVC-Mantel und ein Au\u00dfendurchmesser von 5,3\u00b10,2mm.<\/p>\n<p>Beide Stecker sind RJ45 cat5e FTP, mit vergoldeten 3U-Kontakten und vernickelten Geh\u00e4usen. Und jedes Kabel wird zur Qualit\u00e4tssicherung von Fluke getestet.<\/p>\n<p>Verbessern Sie also Ihre Netzwerkkonnektivit\u00e4t mit dem vielseitigen und robustencat5e Ethernet-Patchkabel.<\/p>\n<h2>Herunterladen:<\/h2>\n<ul>\n<li>Datenblatt Cat5e F\/UTP ungeschirmtes verdrilltes 4-Paar-Ethernet-Patchkabel<\/li>\n<\/ul>\n<h2>Informationen zur Bestellung:<\/h2>\n<p>FS17102**-xxx: Cat5e F\/UTP Netzwerk-Patchkabel<\/p>\n<ul>\n<li>**=Farbe: GY=GRAU, BK=SCHWARZ, WT=WEISS, BU=BLAU, RD=ROT, YL=GELB, OG=ORANGE, GN=GR\u00dcN<\/li>\n<li>xxx=L\u00e4nge: 003=0.3M, 005=0.5M, 010=1.0M, 018=1.8M, 030=3.0M, 050=5.0M, 075=7.5M, 100=10M, 200=20M, 300=30M, 400=40M, 500=50M<\/li>\n<li>Zum Beispiel: FS17102BU-018= Cat5e F\/UTP-Ethernet-Patchkabel, Farbe Blau, 1.8M L\u00e4nge<\/li>\n<\/ul>","protected":false},"excerpt":{"rendered":"<p>Dieses Cat5e-Ethernet-Patchkabel ist eine zuverl\u00e4ssige L\u00f6sung f\u00fcr die Herstellung von Verbindungen in lauten EMI\/RFI-Umgebungen mit verschiedenen LAN-Netzwerkkomponenten.<\/p>","protected":false},"featured_media":16729,"template":"","meta":{"_acf_changed":false,"_seopress_robots_primary_cat":"","_seopress_titles_title":"Best FTP Cat5e Ethernet Patch Cable - Farsince","_seopress_titles_desc":"","_seopress_robots_index":"","site-sidebar-layout":"default","site-content-layout":"default","ast-site-content-layout":"default","site-content-style":"default","site-sidebar-style":"default","ast-global-header-display":"","ast-banner-title-visibility":"","ast-main-header-display":"","ast-hfb-above-header-display":"","ast-hfb-below-header-display":"","ast-hfb-mobile-header-display":"","site-post-title":"","ast-breadcrumbs-content":"","ast-featured-img":"","footer-sml-layout":"","ast-disable-related-posts":"","theme-transparent-header-meta":"default","adv-header-id-meta":"","stick-header-meta":"","header-above-stick-meta":"","header-main-stick-meta":"","header-below-stick-meta":"","astra-migrate-meta-layouts":"set","ast-page-background-enabled":"default","ast-page-background-meta":{"desktop":{"background-color":"","background-image":"","background-repeat":"repeat","background-position":"center center","background-size":"auto","background-attachment":"scroll","background-type":"","background-media":"","overlay-type":"","overlay-color":"","overlay-opacity":"","overlay-gradient":""},"tablet":{"background-color":"","background-image":"","background-repeat":"repeat","background-position":"center center","background-size":"auto","background-attachment":"scroll","background-type":"","background-media":"","overlay-type":"","overlay-color":"","overlay-opacity":"","overlay-gradient":""},"mobile":{"background-color":"","background-image":"","background-repeat":"repeat","background-position":"center center","background-size":"auto","background-attachment":"scroll","background-type":"","background-media":"","overlay-type":"","overlay-color":"","overlay-opacity":"","overlay-gradient":""}},"ast-content-background-meta":{"desktop":{"background-color":"var(--ast-global-color-5)","background-image":"","background-repeat":"repeat","background-position":"center center","background-size":"auto","background-attachment":"scroll","background-type":"","background-media":"","overlay-type":"","overlay-color":"","overlay-opacity":"","overlay-gradient":""},"tablet":{"background-color":"var(--ast-global-color-5)","background-image":"","background-repeat":"repeat","background-position":"center center","background-size":"auto","background-attachment":"scroll","background-type":"","background-media":"","overlay-type":"","overlay-color":"","overlay-opacity":"","overlay-gradient":""},"mobile":{"background-color":"var(--ast-global-color-5)","background-image":"","background-repeat":"repeat","background-position":"center center","background-size":"auto","background-attachment":"scroll","background-type":"","background-media":"","overlay-type":"","overlay-color":"","overlay-opacity":"","overlay-gradient":""}},"iawp_total_views":5},"product_brand":[],"product_cat":[631,209],"product_tag":[],"class_list":{"0":"post-16728","1":"product","2":"type-product","3":"status-publish","4":"has-post-thumbnail","6":"product_cat-patch-cables","7":"product_cat-ethernet-cable","8":"desktop-align-left","9":"tablet-align-left","10":"mobile-align-left","12":"first","13":"instock","14":"shipping-taxable","15":"purchasable","16":"product-type-simple"},"acf":[],"_links":{"self":[{"href":"https:\/\/www.fjpremium.com\/de\/wp-json\/wp\/v2\/product\/16728","targetHints":{"allow":["GET"]}}],"collection":[{"href":"https:\/\/www.fjpremium.com\/de\/wp-json\/wp\/v2\/product"}],"about":[{"href":"https:\/\/www.fjpremium.com\/de\/wp-json\/wp\/v2\/types\/product"}],"wp:featuredmedia":[{"embeddable":true,"href":"https:\/\/www.fjpremium.com\/de\/wp-json\/wp\/v2\/media\/16729"}],"wp:attachment":[{"href":"https:\/\/www.fjpremium.com\/de\/wp-json\/wp\/v2\/media?parent=16728"}],"wp:term":[{"taxonomy":"product_brand","embeddable":true,"href":"https:\/\/www.fjpremium.com\/de\/wp-json\/wp\/v2\/product_brand?post=16728"},{"taxonomy":"product_cat","embeddable":true,"href":"https:\/\/www.fjpremium.com\/de\/wp-json\/wp\/v2\/product_cat?post=16728"},{"taxonomy":"product_tag","embeddable":true,"href":"https:\/\/www.fjpremium.com\/de\/wp-json\/wp\/v2\/product_tag?post=16728"}],"curies":[{"name":"wp","href":"https:\/\/api.w.org\/{rel}","templated":true}]}}