{"id":16634,"date":"2020-12-10T17:11:38","date_gmt":"2020-12-10T09:11:38","guid":{"rendered":"https:\/\/www.fjpremium.com\/?post_type=product&#038;p=16634"},"modified":"2023-12-14T13:55:33","modified_gmt":"2023-12-14T05:55:33","slug":"cat-5e-f-utp-ethernet-installation-bulk-cable-305m-roll-box","status":"publish","type":"product","link":"https:\/\/www.fjpremium.com\/de\/product\/cat-5e-f-utp-ethernet-installation-bulk-cable-305m-roll-box\/","title":{"rendered":"Bulk Cat5e Kabel F\/UTP Ethernet Installation 305m Rollbox"},"content":{"rendered":"<p>Farsince CAT5e F-UTP Foiled Ethernet-Installationskabel, ist ideal f\u00fcr die Hochleistungs-Datenkommunikation f\u00fcr Sprache, Daten, Video und Sicherheit F\u00e4higkeiten. Dieses Kabel erm\u00f6glicht 1000Base-T Gigabit Ethernet und erm\u00f6glicht eine schnellere Bandbreite bis zu 100MHz Bestehend aus vier Paaren von 24 Gauge solide blanke Kupferleiter, mit einem Gesamt Aluminiumfolie Schild, um elektromagnetische St\u00f6rungen (EMI) in elektrisch lauten Umgebungen abzuwehren, hat die CAT5 F-UTP Bulk-Ethernet-Kabel eine Gesamt PVC\/CMR\/CMP\/LSZH\/PE Mantel und sequentielle Fu\u00df oder Meter Markierungen auf dem Mantel, so dass Sie immer wissen, wie viel es links.<\/p>\n<h3>Wesentliche Merkmale<\/h3>\n<ul>\n<li>F\/UTP<\/li>\n<li>24AWG 0,50mm Massiv sauerstofffreies Kupfer oder CCA<\/li>\n<li>HDPE-Isolierung.<\/li>\n<li>PVC\/CMR\/CMP\/LSZH \/PE Manteloptionen<\/li>\n<li>Mehr Farboptionen<\/li>\n<li>Gepr\u00fcft mit Fluke und Netzwerkanalysator<\/li>\n<li>ROHS- und REACH-Konformit\u00e4t<\/li>\n<li>CPR Eca, Dca Zertifiziert<\/li>\n<\/ul>\n<h3>Einhaltung der Normen<\/h3>\n<ul>\n<li>IEC\/ISO 11801 2. Klasse D<\/li>\n<li>ANSI\/TIA568C.2 Kategorie 5e<\/li>\n<li>ISO\/IEC 61156-5 Kategorie 5e<\/li>\n<\/ul>\n<h2>Spezifikationen<\/h2>\n<ul>\n<li>Leiter: 24AWG (1\/0,50mm), massives blankes Kupfer oder CCA<\/li>\n<li>Isolierung: HDPE<\/li>\n<li>Abschirmung: Ungeschirmt<\/li>\n<li>Umflechtung: keine<\/li>\n<li>Au\u00dfendurchmesser: 6,0 \u00b1 0,2 mm<\/li>\n<li>Mantel-Optionen: PVC, LSZH, CM, CMR (Riser), CMP (Plenum), PE (Outdoor),<\/li>\n<li>Farbe: Grau\/Wei\u00df\/Blau\/Schwarz oder kundenspezifisch<\/li>\n<\/ul>\n<h2>Herunterladen:<\/h2>\n<ul>\n<li>Datenblatt f\u00fcr Cat5e F\/UTP Netwoking Installationskabel lose<\/li>\n<\/ul>\n<h2>Informationen zur Bestellung:<\/h2>\n<ul>\n<li>FS17002-C: PVC<\/li>\n<li>FS17002-L: LSZH<\/li>\n<li>FS17002-M: CM-Bewertung<\/li>\n<li>FS17002-R: CMR-Erh\u00f6hung<\/li>\n<li>FS17002-P: CMP-Plenum<\/li>\n<li>FS17002-E: PE f\u00fcr den Au\u00dfenbereich<\/li>\n<\/ul>","protected":false},"excerpt":{"rendered":"<p>24AWG Massivkupfer oder CCA, 305meter\/1000ft, mehr Farb- und Mantelmaterialoptionen bulk ethernet Kabel<\/p>","protected":false},"featured_media":16635,"template":"","meta":{"_acf_changed":false,"_seopress_robots_primary_cat":"","_seopress_titles_title":"Bulk Cat 5e Cable - Farsince","_seopress_titles_desc":"","_seopress_robots_index":"","site-sidebar-layout":"default","site-content-layout":"default","ast-site-content-layout":"default","site-content-style":"default","site-sidebar-style":"default","ast-global-header-display":"","ast-banner-title-visibility":"","ast-main-header-display":"","ast-hfb-above-header-display":"","ast-hfb-below-header-display":"","ast-hfb-mobile-header-display":"","site-post-title":"","ast-breadcrumbs-content":"","ast-featured-img":"","footer-sml-layout":"","ast-disable-related-posts":"","theme-transparent-header-meta":"default","adv-header-id-meta":"","stick-header-meta":"","header-above-stick-meta":"","header-main-stick-meta":"","header-below-stick-meta":"","astra-migrate-meta-layouts":"default","ast-page-background-enabled":"default","ast-page-background-meta":{"desktop":{"background-color":"","background-image":"","background-repeat":"repeat","background-position":"center center","background-size":"auto","background-attachment":"scroll","background-type":"","background-media":"","overlay-type":"","overlay-color":"","overlay-opacity":"","overlay-gradient":""},"tablet":{"background-color":"","background-image":"","background-repeat":"repeat","background-position":"center center","background-size":"auto","background-attachment":"scroll","background-type":"","background-media":"","overlay-type":"","overlay-color":"","overlay-opacity":"","overlay-gradient":""},"mobile":{"background-color":"","background-image":"","background-repeat":"repeat","background-position":"center center","background-size":"auto","background-attachment":"scroll","background-type":"","background-media":"","overlay-type":"","overlay-color":"","overlay-opacity":"","overlay-gradient":""}},"ast-content-background-meta":{"desktop":{"background-color":"var(--ast-global-color-5)","background-image":"","background-repeat":"repeat","background-position":"center center","background-size":"auto","background-attachment":"scroll","background-type":"","background-media":"","overlay-type":"","overlay-color":"","overlay-opacity":"","overlay-gradient":""},"tablet":{"background-color":"var(--ast-global-color-5)","background-image":"","background-repeat":"repeat","background-position":"center center","background-size":"auto","background-attachment":"scroll","background-type":"","background-media":"","overlay-type":"","overlay-color":"","overlay-opacity":"","overlay-gradient":""},"mobile":{"background-color":"var(--ast-global-color-5)","background-image":"","background-repeat":"repeat","background-position":"center center","background-size":"auto","background-attachment":"scroll","background-type":"","background-media":"","overlay-type":"","overlay-color":"","overlay-opacity":"","overlay-gradient":""}},"iawp_total_views":14},"product_brand":[],"product_cat":[460,252,209],"product_tag":[],"class_list":{"0":"post-16634","1":"product","2":"type-product","3":"status-publish","4":"has-post-thumbnail","6":"product_cat-featured-products","7":"product_cat-bulk-cables","8":"product_cat-ethernet-cable","9":"desktop-align-left","10":"tablet-align-left","11":"mobile-align-left","13":"first","14":"instock","15":"shipping-taxable","16":"purchasable","17":"product-type-simple"},"acf":[],"_links":{"self":[{"href":"https:\/\/www.fjpremium.com\/de\/wp-json\/wp\/v2\/product\/16634","targetHints":{"allow":["GET"]}}],"collection":[{"href":"https:\/\/www.fjpremium.com\/de\/wp-json\/wp\/v2\/product"}],"about":[{"href":"https:\/\/www.fjpremium.com\/de\/wp-json\/wp\/v2\/types\/product"}],"wp:featuredmedia":[{"embeddable":true,"href":"https:\/\/www.fjpremium.com\/de\/wp-json\/wp\/v2\/media\/16635"}],"wp:attachment":[{"href":"https:\/\/www.fjpremium.com\/de\/wp-json\/wp\/v2\/media?parent=16634"}],"wp:term":[{"taxonomy":"product_brand","embeddable":true,"href":"https:\/\/www.fjpremium.com\/de\/wp-json\/wp\/v2\/product_brand?post=16634"},{"taxonomy":"product_cat","embeddable":true,"href":"https:\/\/www.fjpremium.com\/de\/wp-json\/wp\/v2\/product_cat?post=16634"},{"taxonomy":"product_tag","embeddable":true,"href":"https:\/\/www.fjpremium.com\/de\/wp-json\/wp\/v2\/product_tag?post=16634"}],"curies":[{"name":"wp","href":"https:\/\/api.w.org\/{rel}","templated":true}]}}