{"id":16613,"date":"2020-12-10T17:06:12","date_gmt":"2020-12-10T09:06:12","guid":{"rendered":"https:\/\/www.fjpremium.com\/?post_type=product&#038;p=16613"},"modified":"2023-12-14T13:55:34","modified_gmt":"2023-12-14T05:55:34","slug":"cat-7-s-ftp-duplex-shielded-and-foiled-twisted-pair-ethernet-installation-cable-600mhz","status":"publish","type":"product","link":"https:\/\/www.fjpremium.com\/de\/product\/cat-7-s-ftp-duplex-shielded-and-foiled-twisted-pair-ethernet-installation-cable-600mhz\/","title":{"rendered":"Cat7 S\/FTP Duplex geschirmtes und verdrilltes Twisted-Pair-Ethernet-Installationskabel, 600MHZ"},"content":{"rendered":"<p>Mit seiner F\u00e4higkeit, 10-Gigabit-Daten\u00fcbertragungen und eine Bandbreite von bis zu 1000 MHz zu unterst\u00fctzen, gew\u00e4hrleistet dieses Cat7 S\/FTP-Kabel eine schnelle und zuverl\u00e4ssige Verbindung f\u00fcr Ihr Netzwerk.<\/p>\n<p>Und es ist perfekt f\u00fcr leistungsstarke Sprach-, Daten-, Video- und Sicherheitsanwendungen.<\/p>\n<p>Unser Cat7 S\/FTP-Kabel besteht aus vier einzeln abgeschirmten Paaren von blanken 23-Gauge-Kupferleitern und einer Gesamtabschirmung aus Aluminium-Magnesium-Legierung, die elektromagnetische St\u00f6rungen (EMI) in elektrisch lauten Umgebungen wirksam abwehrt.<\/p>\n<p>Au\u00dferdem verf\u00fcgt es \u00fcber einen LSZH-Mantel und fortlaufende Fu\u00df- oder Metermarkierungen, so dass Sie die verbleibende L\u00e4nge w\u00e4hrend der Installation leicht verfolgen k\u00f6nnen.<\/p>\n<p>Dieses Cat7 S\/FTP-Kabel verf\u00fcgt \u00fcber 23AWG 0,57mm massive sauerstofffreie Kupferleiter, Schaumstoffisolierung und eine Vielzahl von Manteloptionen wie PVC, CMR, CMP, LSZH und PE.<\/p>\n<p>Au\u00dferdem ist es in mehreren Farboptionen erh\u00e4ltlich, und Fluke- und Netzwerkanalysatoren testen seine Leistung.<\/p>\n<p>Au\u00dferdem ist das Kabel ROHS- und REACH-konform und besitzt die CPR Eca- und Dca-Zertifizierungen.<\/p>\n<p>Au\u00dferdem entspricht es den Normen IEC\/ISO 11801, ISO\/IEC 61156-5 und ANSI\/TIA568C.2.<\/p>\n<p>Zu den Spezifikationen des Kabels geh\u00f6ren die folgenden:<\/p>\n<ul>\n<li>Individuelle Paarabschirmung: Alufolie<\/li>\n<li>Geflecht: 16\/5\/0.12 AL-MG<\/li>\n<li>\u00c4u\u00dferer Durchmesser: 8,0 \u00b1 0,2 mm<\/li>\n<li>Verf\u00fcgbare Farben: Grau, Wei\u00df, Blau, Schwarz, oder kundenspezifische Farben<\/li>\n<\/ul>\n<p>Verbessern Sie Ihre Netzwerkinfrastruktur mit unserem robusten und zuverl\u00e4ssigen cat7 S\/FTP-Kabel f\u00fcr unvergleichliche Leistung und Konnektivit\u00e4t.<\/p>\n<h2>Herunterladen:<\/h2>\n<ul>\n<li>Datenblatt f\u00fcr Cat7A S\/FTP Netwoking Installationskabel lose<\/li>\n<\/ul>\n<h2>Informationen zur Bestellung:<\/h2>\n<ul>\n<li>FS17009-C: PVC<\/li>\n<li>FS17009-L: LSZH<\/li>\n<li>FS17009-M: CM-Bewertung<\/li>\n<li>FS17009-R: CMR Steigrohr<\/li>\n<li>FS17009-P: CMP-Plenum<\/li>\n<li>FS17009-E: PE f\u00fcr den Au\u00dfenbereich<\/li>\n<\/ul>","protected":false},"excerpt":{"rendered":"<p>Erweitern Sie Ihren Datenkommunikationsbedarf mit unserem geschirmten und folierten Twisted-Pair-Ethernet-Installationskabel Cat7 S\/FTP Duplex.<\/p>","protected":false},"featured_media":16614,"template":"","meta":{"_acf_changed":false,"_seopress_robots_primary_cat":"","_seopress_titles_title":"Cat7 S\/FTP Duplex Shielded And Foiled Twisted Pair Cable - Farsince","_seopress_titles_desc":"Experience the best in network connectivity with Farsince&#039;s Cat 7 S\/FTP Cable. Our cable supports 600MHz and provides reliable and seamless connection for high-speed data transfer. ","_seopress_robots_index":"","site-sidebar-layout":"default","site-content-layout":"default","ast-site-content-layout":"default","site-content-style":"default","site-sidebar-style":"default","ast-global-header-display":"","ast-banner-title-visibility":"","ast-main-header-display":"","ast-hfb-above-header-display":"","ast-hfb-below-header-display":"","ast-hfb-mobile-header-display":"","site-post-title":"","ast-breadcrumbs-content":"","ast-featured-img":"","footer-sml-layout":"","ast-disable-related-posts":"","theme-transparent-header-meta":"default","adv-header-id-meta":"","stick-header-meta":"","header-above-stick-meta":"","header-main-stick-meta":"","header-below-stick-meta":"","astra-migrate-meta-layouts":"set","ast-page-background-enabled":"default","ast-page-background-meta":{"desktop":{"background-color":"","background-image":"","background-repeat":"repeat","background-position":"center center","background-size":"auto","background-attachment":"scroll","background-type":"","background-media":"","overlay-type":"","overlay-color":"","overlay-opacity":"","overlay-gradient":""},"tablet":{"background-color":"","background-image":"","background-repeat":"repeat","background-position":"center center","background-size":"auto","background-attachment":"scroll","background-type":"","background-media":"","overlay-type":"","overlay-color":"","overlay-opacity":"","overlay-gradient":""},"mobile":{"background-color":"","background-image":"","background-repeat":"repeat","background-position":"center center","background-size":"auto","background-attachment":"scroll","background-type":"","background-media":"","overlay-type":"","overlay-color":"","overlay-opacity":"","overlay-gradient":""}},"ast-content-background-meta":{"desktop":{"background-color":"var(--ast-global-color-5)","background-image":"","background-repeat":"repeat","background-position":"center center","background-size":"auto","background-attachment":"scroll","background-type":"","background-media":"","overlay-type":"","overlay-color":"","overlay-opacity":"","overlay-gradient":""},"tablet":{"background-color":"var(--ast-global-color-5)","background-image":"","background-repeat":"repeat","background-position":"center center","background-size":"auto","background-attachment":"scroll","background-type":"","background-media":"","overlay-type":"","overlay-color":"","overlay-opacity":"","overlay-gradient":""},"mobile":{"background-color":"var(--ast-global-color-5)","background-image":"","background-repeat":"repeat","background-position":"center center","background-size":"auto","background-attachment":"scroll","background-type":"","background-media":"","overlay-type":"","overlay-color":"","overlay-opacity":"","overlay-gradient":""}},"iawp_total_views":23},"product_brand":[],"product_cat":[460,252,209],"product_tag":[],"class_list":{"0":"post-16613","1":"product","2":"type-product","3":"status-publish","4":"has-post-thumbnail","6":"product_cat-featured-products","7":"product_cat-bulk-cables","8":"product_cat-ethernet-cable","9":"desktop-align-left","10":"tablet-align-left","11":"mobile-align-left","13":"first","14":"instock","15":"shipping-taxable","16":"purchasable","17":"product-type-simple"},"acf":[],"_links":{"self":[{"href":"https:\/\/www.fjpremium.com\/de\/wp-json\/wp\/v2\/product\/16613","targetHints":{"allow":["GET"]}}],"collection":[{"href":"https:\/\/www.fjpremium.com\/de\/wp-json\/wp\/v2\/product"}],"about":[{"href":"https:\/\/www.fjpremium.com\/de\/wp-json\/wp\/v2\/types\/product"}],"wp:featuredmedia":[{"embeddable":true,"href":"https:\/\/www.fjpremium.com\/de\/wp-json\/wp\/v2\/media\/16614"}],"wp:attachment":[{"href":"https:\/\/www.fjpremium.com\/de\/wp-json\/wp\/v2\/media?parent=16613"}],"wp:term":[{"taxonomy":"product_brand","embeddable":true,"href":"https:\/\/www.fjpremium.com\/de\/wp-json\/wp\/v2\/product_brand?post=16613"},{"taxonomy":"product_cat","embeddable":true,"href":"https:\/\/www.fjpremium.com\/de\/wp-json\/wp\/v2\/product_cat?post=16613"},{"taxonomy":"product_tag","embeddable":true,"href":"https:\/\/www.fjpremium.com\/de\/wp-json\/wp\/v2\/product_tag?post=16613"}],"curies":[{"name":"wp","href":"https:\/\/api.w.org\/{rel}","templated":true}]}}