{"id":16606,"date":"2020-12-10T17:03:30","date_gmt":"2020-12-10T09:03:30","guid":{"rendered":"https:\/\/www.fjpremium.com\/?post_type=product&#038;p=16606"},"modified":"2023-12-14T13:55:50","modified_gmt":"2023-12-14T05:55:50","slug":"cat-7a-s-ftp-shielded-and-foiled-twisted-pair-ethernet-installation-cable-1000mhz","status":"publish","type":"product","link":"https:\/\/www.fjpremium.com\/de\/product\/cat-7a-s-ftp-shielded-and-foiled-twisted-pair-ethernet-installation-cable-1000mhz\/","title":{"rendered":"Cat 7A S\/FTP geschirmtes, verdrilltes Ethernet-Installationskabel, 1000MHZ"},"content":{"rendered":"<p>Unser geschirmtes Twisted-Pair-Kabel unterst\u00fctzt die 10-Gigabit-Daten\u00fcbertragung und bietet eine h\u00f6here Bandbreite von bis zu 1000 MHz.<\/p>\n<p>Jedes einzeln abgeschirmte Paar besteht aus massiven, blanken 23-Gauge-Kupferleitern, die einen verbesserten Schutz gegen elektromagnetische St\u00f6rungen (EMI) in elektrisch verrauschten Umgebungen bieten.<\/p>\n<p>Das Kabel hat au\u00dferdem einen LSZH-Mantel und eine fortlaufende Fu\u00df- oder Metermarkierung auf dem Mantel, um die verbleibende L\u00e4nge im Auge zu behalten.<\/p>\n<p>Zu den Hauptmerkmalen dieses geschirmten Twisted-Pair-Kabels geh\u00f6rt seine S\/FTP-Konstruktion, die aus 23AWG, 0,57mm massiven sauerstofffreien Kupferleitern und einer Schaumstoffisolierung besteht.<\/p>\n<p>Zu den verschiedenen Manteloptionen geh\u00f6ren PVC, CMR, CMP, LSZH und PE. Und es wird in einer breiten Palette von Farben angeboten, um verschiedenen Vorlieben gerecht zu werden.<\/p>\n<p>Dar\u00fcber hinaus gew\u00e4hrleisten die strengen Tests von Fluke und Network Analyzer die zuverl\u00e4ssige Leistung des Kabels, w\u00e4hrend die Einhaltung der RoHS- und REACH-Normen sowie die CPR Eca- und Dca-Zertifizierung die Einhaltung der Branchenvorschriften garantieren.<\/p>\n<p>Und es erf\u00fcllt die Standardanforderungen von IEC\/ISO 11801, ISO\/IEC 61156-5 und ANSI\/TIA568C.2.<\/p>\n<p>Zu den Spezifikationen des Kabels geh\u00f6ren die folgenden:<\/p>\n<ul>\n<li>Abschirmung: Individuelle Paarabschirmung durch Aluminiumfolie<\/li>\n<li>Geflecht: 16\/5\/0.12 AL-MG<\/li>\n<li>Au\u00dfendurchmesser: 8,0 \u00b1 0,2 mm<\/li>\n<li>Farben: Grau, Wei\u00df, Blau, Schwarz, oder individuell nach Ihren W\u00fcnschen<\/li>\n<\/ul>\n<p>Ganz gleich, ob Sie ein neues Netzwerk aufbauen oder ein bestehendes aufr\u00fcsten wollen, dieses vielseitige und zuverl\u00e4ssige geschirmte Twisted-Pair-Kabel ist die ultimative L\u00f6sung f\u00fcr Ihre Netzwerkanforderungen.<\/p>\n<h2>Herunterladen:<\/h2>\n<ul>\n<li>Datenblatt f\u00fcr Cat7A S\/FTP Netwoking Installationskabel lose<\/li>\n<\/ul>\n<h2>Informationen zur Bestellung:<\/h2>\n<ul>\n<li>FS17009-C: PVC<\/li>\n<li>FS17009-L: LSZH<\/li>\n<li>FS17009-M: CM-Bewertung<\/li>\n<li>FS17009-R: CMR Steigrohr<\/li>\n<li>FS17009-P: CMP-Plenum<\/li>\n<li>FS17009-E: PE f\u00fcr den Au\u00dfenbereich<\/li>\n<\/ul>","protected":false},"excerpt":{"rendered":"<p>Dieses geschirmte Twisted-Pair-Ethernet-Installationskabel der Kategorie 7A S\/FTP ist ideal f\u00fcr Hochleistungs-Datenkommunikationsanwendungen.<\/p>","protected":false},"featured_media":16607,"template":"","meta":{"_acf_changed":false,"_seopress_robots_primary_cat":"","_seopress_titles_title":"Shielded Foiled Twisted Pair Ethernet Cable - Farsince","_seopress_titles_desc":"","_seopress_robots_index":"","site-sidebar-layout":"default","site-content-layout":"default","ast-site-content-layout":"default","site-content-style":"default","site-sidebar-style":"default","ast-global-header-display":"","ast-banner-title-visibility":"","ast-main-header-display":"","ast-hfb-above-header-display":"","ast-hfb-below-header-display":"","ast-hfb-mobile-header-display":"","site-post-title":"","ast-breadcrumbs-content":"","ast-featured-img":"","footer-sml-layout":"","ast-disable-related-posts":"","theme-transparent-header-meta":"default","adv-header-id-meta":"","stick-header-meta":"","header-above-stick-meta":"","header-main-stick-meta":"","header-below-stick-meta":"","astra-migrate-meta-layouts":"default","ast-page-background-enabled":"default","ast-page-background-meta":{"desktop":{"background-color":"","background-image":"","background-repeat":"repeat","background-position":"center center","background-size":"auto","background-attachment":"scroll","background-type":"","background-media":"","overlay-type":"","overlay-color":"","overlay-opacity":"","overlay-gradient":""},"tablet":{"background-color":"","background-image":"","background-repeat":"repeat","background-position":"center center","background-size":"auto","background-attachment":"scroll","background-type":"","background-media":"","overlay-type":"","overlay-color":"","overlay-opacity":"","overlay-gradient":""},"mobile":{"background-color":"","background-image":"","background-repeat":"repeat","background-position":"center center","background-size":"auto","background-attachment":"scroll","background-type":"","background-media":"","overlay-type":"","overlay-color":"","overlay-opacity":"","overlay-gradient":""}},"ast-content-background-meta":{"desktop":{"background-color":"var(--ast-global-color-5)","background-image":"","background-repeat":"repeat","background-position":"center center","background-size":"auto","background-attachment":"scroll","background-type":"","background-media":"","overlay-type":"","overlay-color":"","overlay-opacity":"","overlay-gradient":""},"tablet":{"background-color":"var(--ast-global-color-5)","background-image":"","background-repeat":"repeat","background-position":"center center","background-size":"auto","background-attachment":"scroll","background-type":"","background-media":"","overlay-type":"","overlay-color":"","overlay-opacity":"","overlay-gradient":""},"mobile":{"background-color":"var(--ast-global-color-5)","background-image":"","background-repeat":"repeat","background-position":"center center","background-size":"auto","background-attachment":"scroll","background-type":"","background-media":"","overlay-type":"","overlay-color":"","overlay-opacity":"","overlay-gradient":""}},"iawp_total_views":49},"product_brand":[],"product_cat":[460,252,209],"product_tag":[],"class_list":{"0":"post-16606","1":"product","2":"type-product","3":"status-publish","4":"has-post-thumbnail","6":"product_cat-featured-products","7":"product_cat-bulk-cables","8":"product_cat-ethernet-cable","9":"desktop-align-left","10":"tablet-align-left","11":"mobile-align-left","13":"first","14":"instock","15":"shipping-taxable","16":"purchasable","17":"product-type-simple"},"acf":[],"_links":{"self":[{"href":"https:\/\/www.fjpremium.com\/de\/wp-json\/wp\/v2\/product\/16606","targetHints":{"allow":["GET"]}}],"collection":[{"href":"https:\/\/www.fjpremium.com\/de\/wp-json\/wp\/v2\/product"}],"about":[{"href":"https:\/\/www.fjpremium.com\/de\/wp-json\/wp\/v2\/types\/product"}],"wp:featuredmedia":[{"embeddable":true,"href":"https:\/\/www.fjpremium.com\/de\/wp-json\/wp\/v2\/media\/16607"}],"wp:attachment":[{"href":"https:\/\/www.fjpremium.com\/de\/wp-json\/wp\/v2\/media?parent=16606"}],"wp:term":[{"taxonomy":"product_brand","embeddable":true,"href":"https:\/\/www.fjpremium.com\/de\/wp-json\/wp\/v2\/product_brand?post=16606"},{"taxonomy":"product_cat","embeddable":true,"href":"https:\/\/www.fjpremium.com\/de\/wp-json\/wp\/v2\/product_cat?post=16606"},{"taxonomy":"product_tag","embeddable":true,"href":"https:\/\/www.fjpremium.com\/de\/wp-json\/wp\/v2\/product_tag?post=16606"}],"curies":[{"name":"wp","href":"https:\/\/api.w.org\/{rel}","templated":true}]}}