{"id":16505,"date":"2020-10-23T14:53:01","date_gmt":"2020-10-23T06:53:01","guid":{"rendered":"https:\/\/www.fjpremium.com\/?post_type=product&#038;p=16505"},"modified":"2023-10-07T09:55:32","modified_gmt":"2023-10-07T01:55:32","slug":"vga-to-vga-pc-computer-monitor-extension-cable","status":"publish","type":"product","link":"https:\/\/www.fjpremium.com\/de\/product\/vga-to-vga-pc-computer-monitor-extension-cable\/","title":{"rendered":"VGA zu VGA PC Computer Monitor Verl\u00e4ngerungskabel"},"content":{"rendered":"<p>Dieses Monitor-Verl\u00e4ngerungskabel ist ein wertvolles Bindeglied, mit dem Sie die Verbindung zwischen Ihrem HDTV, Monitor oder Projektor und VGA-Quellger\u00e4ten erweitern k\u00f6nnen.<\/p>\n<p>Durch die Unterst\u00fctzung von Videosignalen mit einer Aufl\u00f6sung von bis zu 1920\u00d71200 (WUXGA) wird sichergestellt, dass Ihre Bilder scharf und klar bleiben.<\/p>\n<p>\u00dcber die visuelle Leistung hinaus ist es mit 24-K-vergoldeten Anschl\u00fcssen ausgestattet, die f\u00fcr ihre \u00fcberragenden Signal\u00fcbertragungsf\u00e4higkeiten bekannt sind.<\/p>\n<p>Und die Qualit\u00e4t der Materialien und der Konstruktion bietet auch einen soliden Schutz gegen EMI\/RFI-St\u00f6rungen.<\/p>\n<p>Um die Qualit\u00e4t weiter zu gew\u00e4hrleisten, unterst\u00fctzt das Kabel Videoaufl\u00f6sungen bis zu 2048\u00d71536 (QXGA) - einschlie\u00dflich 1920\u00d71200 (WUXGA), 1600\u00d71200 (UXGA), 1680\u00d71050 (WSXGA+), 1400\u00d71050 (SXGA+), 1280\u00d7800 (WXGA), 1024\u00d7768 (XGA), 800\u00d7600 (SVGA), 640\u00d7480 (VGA).<\/p>\n<p>Seine Spezifikationen:<\/p>\n<ul>\n<li>Kabel-Leiter: Blanke Kupfer<\/li>\n<li>Drahtst\u00e4rke: 30AWG (1-10M), 28AWG(15-30M)<\/li>\n<li>Isolierung: HDPE<\/li>\n<li>Abschirmung: Aluminiumfolie, Geflecht<\/li>\n<li>Mantel: PVC<\/li>\n<li>Konform: RoHS, REACH<\/li>\n<\/ul>\n<p>Au\u00dferdem garantiert die Schraubenkonstruktion eine sichere Verbindung, die keinen Raum f\u00fcr lose Enden l\u00e4sst. Nehmen Sie noch heute Kontakt mit uns auf und investieren Sie in dieses Produkt.<\/p>","protected":false},"excerpt":{"rendered":"<p>Wir pr\u00e4sentieren das VGA-auf-VGA-PC-Computermonitor-Verl\u00e4ngerungskabel von Farsince, perfekt f\u00fcr Heimkino- oder Desktop-Audio-Video-Anwendungen.<\/p>","protected":false},"featured_media":16529,"template":"","meta":{"_acf_changed":false,"_seopress_robots_primary_cat":"","_seopress_titles_title":"VGA to VGA PC Computer Monitor Extension Cable - FARSINCE","_seopress_titles_desc":"","_seopress_robots_index":"","site-sidebar-layout":"default","site-content-layout":"default","ast-site-content-layout":"default","site-content-style":"default","site-sidebar-style":"default","ast-global-header-display":"","ast-banner-title-visibility":"","ast-main-header-display":"","ast-hfb-above-header-display":"","ast-hfb-below-header-display":"","ast-hfb-mobile-header-display":"","site-post-title":"","ast-breadcrumbs-content":"","ast-featured-img":"","footer-sml-layout":"","ast-disable-related-posts":"","theme-transparent-header-meta":"default","adv-header-id-meta":"","stick-header-meta":"","header-above-stick-meta":"","header-main-stick-meta":"","header-below-stick-meta":"","astra-migrate-meta-layouts":"set","ast-page-background-enabled":"default","ast-page-background-meta":{"desktop":{"background-color":"","background-image":"","background-repeat":"repeat","background-position":"center center","background-size":"auto","background-attachment":"scroll","background-type":"","background-media":"","overlay-type":"","overlay-color":"","overlay-opacity":"","overlay-gradient":""},"tablet":{"background-color":"","background-image":"","background-repeat":"repeat","background-position":"center center","background-size":"auto","background-attachment":"scroll","background-type":"","background-media":"","overlay-type":"","overlay-color":"","overlay-opacity":"","overlay-gradient":""},"mobile":{"background-color":"","background-image":"","background-repeat":"repeat","background-position":"center center","background-size":"auto","background-attachment":"scroll","background-type":"","background-media":"","overlay-type":"","overlay-color":"","overlay-opacity":"","overlay-gradient":""}},"ast-content-background-meta":{"desktop":{"background-color":"var(--ast-global-color-5)","background-image":"","background-repeat":"repeat","background-position":"center center","background-size":"auto","background-attachment":"scroll","background-type":"","background-media":"","overlay-type":"","overlay-color":"","overlay-opacity":"","overlay-gradient":""},"tablet":{"background-color":"var(--ast-global-color-5)","background-image":"","background-repeat":"repeat","background-position":"center center","background-size":"auto","background-attachment":"scroll","background-type":"","background-media":"","overlay-type":"","overlay-color":"","overlay-opacity":"","overlay-gradient":""},"mobile":{"background-color":"var(--ast-global-color-5)","background-image":"","background-repeat":"repeat","background-position":"center center","background-size":"auto","background-attachment":"scroll","background-type":"","background-media":"","overlay-type":"","overlay-color":"","overlay-opacity":"","overlay-gradient":""}},"iawp_total_views":5},"product_brand":[],"product_cat":[214],"product_tag":[],"class_list":{"0":"post-16505","1":"product","2":"type-product","3":"status-publish","4":"has-post-thumbnail","6":"product_cat-dvi-vga","7":"desktop-align-left","8":"tablet-align-left","9":"mobile-align-left","11":"first","12":"instock","13":"shipping-taxable","14":"purchasable","15":"product-type-simple"},"acf":[],"_links":{"self":[{"href":"https:\/\/www.fjpremium.com\/de\/wp-json\/wp\/v2\/product\/16505","targetHints":{"allow":["GET"]}}],"collection":[{"href":"https:\/\/www.fjpremium.com\/de\/wp-json\/wp\/v2\/product"}],"about":[{"href":"https:\/\/www.fjpremium.com\/de\/wp-json\/wp\/v2\/types\/product"}],"wp:featuredmedia":[{"embeddable":true,"href":"https:\/\/www.fjpremium.com\/de\/wp-json\/wp\/v2\/media\/16529"}],"wp:attachment":[{"href":"https:\/\/www.fjpremium.com\/de\/wp-json\/wp\/v2\/media?parent=16505"}],"wp:term":[{"taxonomy":"product_brand","embeddable":true,"href":"https:\/\/www.fjpremium.com\/de\/wp-json\/wp\/v2\/product_brand?post=16505"},{"taxonomy":"product_cat","embeddable":true,"href":"https:\/\/www.fjpremium.com\/de\/wp-json\/wp\/v2\/product_cat?post=16505"},{"taxonomy":"product_tag","embeddable":true,"href":"https:\/\/www.fjpremium.com\/de\/wp-json\/wp\/v2\/product_tag?post=16505"}],"curies":[{"name":"wp","href":"https:\/\/api.w.org\/{rel}","templated":true}]}}