{"id":16504,"date":"2020-10-23T14:53:00","date_gmt":"2020-10-23T06:53:00","guid":{"rendered":"https:\/\/www.fjpremium.com\/?post_type=product&#038;p=16504"},"modified":"2023-10-07T09:58:08","modified_gmt":"2023-10-07T01:58:08","slug":"vga-to-vga-pc-computer-monitor-cable","status":"publish","type":"product","link":"https:\/\/www.fjpremium.com\/de\/product\/vga-to-vga-pc-computer-monitor-cable\/","title":{"rendered":"VGA zu VGA PC Computer Monitor Kabel"},"content":{"rendered":"<p>Mit einem 3+7 Stecker-zu-Stecker 1080p Super-VGA-Displaykabel ist unser Kabel die erste Wahl f\u00fcr alle Heimkino- und Desktop-Audio-Video-Anwendungen.<\/p>\n<p>Er erreicht eine Aufl\u00f6sung von bis zu 2048\u00d71536 (QXGA) und ist damit eine leistungsstarke Erg\u00e4nzung f\u00fcr Ihr audiovisuelles System. Dar\u00fcber hinaus ist er resistent gegen EMI\/RFI-Interferenzen und gew\u00e4hrleistet eine saubere, ungest\u00f6rte Signal\u00fcbertragung.<\/p>\n<p>Dieses VGA-zu-VGA-Kabel f\u00fcr PC-Monitore ist mit 24-K-vergoldeten Steckern ausgestattet und garantiert eine hervorragende Signal\u00fcbertragung.<\/p>\n<p>Um eine lebenslange Leistung zu gew\u00e4hrleisten, sind die Leiter vollst\u00e4ndig abgeschirmt. Ein wichtiges Merkmal ist, dass er von 1920\u00d71200 (WUXGA) bis 640\u00d7480 (VGA), einschlie\u00dflich 1080P (Full HD), alles abdeckt.<\/p>\n<p>Seine Spezifikationen:<\/p>\n<ul>\n<li>Kabel-Leiter: Blanke Kupfer<\/li>\n<li>Drahtst\u00e4rke: 30AWG (1-10M), 28AWG(15-30M)<\/li>\n<li>Isolierung: HDPE<\/li>\n<li>Mantel: PVC<\/li>\n<li>Konform: RoHS, REACH<\/li>\n<\/ul>\n<p>Au\u00dferdem sind hochwertige Ferritkerne enthalten, die das \u00dcbersprechen minimieren und vor EMI und RFI sch\u00fctzen. Nehmen Sie daher noch heute Kontakt mit uns auf und nehmen Sie das Kabel in Ihren Bestand auf.<\/p>","protected":false},"excerpt":{"rendered":"<p>Schlie\u00dfen Sie den PC, den Projektor oder das Fernsehger\u00e4t mit dem FARSINCE VGA-auf-VGA-PC-Monitorkabel an, das f\u00fcr eine hochwertige, st\u00f6rungsfreie Signal\u00fcbertragung ausgelegt ist.<\/p>","protected":false},"featured_media":16521,"template":"","meta":{"_acf_changed":false,"_seopress_robots_primary_cat":"","_seopress_titles_title":"Best VGA to VGA PC Computer Monitor Cable - FARSINCE","_seopress_titles_desc":"","_seopress_robots_index":"","site-sidebar-layout":"default","site-content-layout":"default","ast-site-content-layout":"default","site-content-style":"default","site-sidebar-style":"default","ast-global-header-display":"","ast-banner-title-visibility":"","ast-main-header-display":"","ast-hfb-above-header-display":"","ast-hfb-below-header-display":"","ast-hfb-mobile-header-display":"","site-post-title":"","ast-breadcrumbs-content":"","ast-featured-img":"","footer-sml-layout":"","ast-disable-related-posts":"","theme-transparent-header-meta":"default","adv-header-id-meta":"","stick-header-meta":"","header-above-stick-meta":"","header-main-stick-meta":"","header-below-stick-meta":"","astra-migrate-meta-layouts":"set","ast-page-background-enabled":"default","ast-page-background-meta":{"desktop":{"background-color":"","background-image":"","background-repeat":"repeat","background-position":"center center","background-size":"auto","background-attachment":"scroll","background-type":"","background-media":"","overlay-type":"","overlay-color":"","overlay-opacity":"","overlay-gradient":""},"tablet":{"background-color":"","background-image":"","background-repeat":"repeat","background-position":"center center","background-size":"auto","background-attachment":"scroll","background-type":"","background-media":"","overlay-type":"","overlay-color":"","overlay-opacity":"","overlay-gradient":""},"mobile":{"background-color":"","background-image":"","background-repeat":"repeat","background-position":"center center","background-size":"auto","background-attachment":"scroll","background-type":"","background-media":"","overlay-type":"","overlay-color":"","overlay-opacity":"","overlay-gradient":""}},"ast-content-background-meta":{"desktop":{"background-color":"var(--ast-global-color-5)","background-image":"","background-repeat":"repeat","background-position":"center center","background-size":"auto","background-attachment":"scroll","background-type":"","background-media":"","overlay-type":"","overlay-color":"","overlay-opacity":"","overlay-gradient":""},"tablet":{"background-color":"var(--ast-global-color-5)","background-image":"","background-repeat":"repeat","background-position":"center center","background-size":"auto","background-attachment":"scroll","background-type":"","background-media":"","overlay-type":"","overlay-color":"","overlay-opacity":"","overlay-gradient":""},"mobile":{"background-color":"var(--ast-global-color-5)","background-image":"","background-repeat":"repeat","background-position":"center center","background-size":"auto","background-attachment":"scroll","background-type":"","background-media":"","overlay-type":"","overlay-color":"","overlay-opacity":"","overlay-gradient":""}},"iawp_total_views":11},"product_brand":[],"product_cat":[214],"product_tag":[],"class_list":{"0":"post-16504","1":"product","2":"type-product","3":"status-publish","4":"has-post-thumbnail","6":"product_cat-dvi-vga","7":"desktop-align-left","8":"tablet-align-left","9":"mobile-align-left","11":"first","12":"instock","13":"shipping-taxable","14":"purchasable","15":"product-type-simple"},"acf":[],"_links":{"self":[{"href":"https:\/\/www.fjpremium.com\/de\/wp-json\/wp\/v2\/product\/16504","targetHints":{"allow":["GET"]}}],"collection":[{"href":"https:\/\/www.fjpremium.com\/de\/wp-json\/wp\/v2\/product"}],"about":[{"href":"https:\/\/www.fjpremium.com\/de\/wp-json\/wp\/v2\/types\/product"}],"wp:featuredmedia":[{"embeddable":true,"href":"https:\/\/www.fjpremium.com\/de\/wp-json\/wp\/v2\/media\/16521"}],"wp:attachment":[{"href":"https:\/\/www.fjpremium.com\/de\/wp-json\/wp\/v2\/media?parent=16504"}],"wp:term":[{"taxonomy":"product_brand","embeddable":true,"href":"https:\/\/www.fjpremium.com\/de\/wp-json\/wp\/v2\/product_brand?post=16504"},{"taxonomy":"product_cat","embeddable":true,"href":"https:\/\/www.fjpremium.com\/de\/wp-json\/wp\/v2\/product_cat?post=16504"},{"taxonomy":"product_tag","embeddable":true,"href":"https:\/\/www.fjpremium.com\/de\/wp-json\/wp\/v2\/product_tag?post=16504"}],"curies":[{"name":"wp","href":"https:\/\/api.w.org\/{rel}","templated":true}]}}