{"id":16472,"date":"2020-09-21T16:44:06","date_gmt":"2020-09-21T08:44:06","guid":{"rendered":"https:\/\/www.fjpremium.com\/?post_type=product&#038;p=16472"},"modified":"2023-12-14T13:58:55","modified_gmt":"2023-12-14T05:58:55","slug":"braided-usb-2-0-type-c-to-type-c-3a-quick-charging-cable","status":"publish","type":"product","link":"https:\/\/www.fjpremium.com\/de\/product\/braided-usb-2-0-type-c-to-type-c-3a-quick-charging-cable\/","title":{"rendered":"Geflochtenes USB 2.0 Typ C auf Typ C 3A Schnellladekabel"},"content":{"rendered":"<p>Unser leistungsstarkes Schnellladekabel ist die ideale Wahl f\u00fcr den Anschluss von Ger\u00e4ten mit einem USB-C-Anschluss an einen Computer, ein Tablet oder ein anderes Ger\u00e4t mit einem USB-C-Anschluss.<\/p>\n<p>Es ist mit einer 5V-3A-Schnellladetechnik ausgestattet und unterst\u00fctzt eine Hochgeschwindigkeits-Daten\u00fcbertragungsrate von bis zu 480Mbps.<\/p>\n<p>Der USB-C-Stecker dieses Kabels verf\u00fcgt \u00fcber ein symmetrisches Design, das es benutzerfreundlich und m\u00fchelos macht.<\/p>\n<p>Es spielt keine Rolle, ob Sie ihn verkehrt herum oder mit der rechten Seite nach oben einstecken; er wird jedes Mal beim ersten Mal eingesteckt, wodurch eine Besch\u00e4digung des Anschlusses verhindert wird.<\/p>\n<p>Das Schnellladekabel ist mit einer flexiblen PVC-Ummantelung und gegossenen Zugentlastungssteckern ausgestattet, um die Haltbarkeit zu erh\u00f6hen.<\/p>\n<p>Das Baumwollgeflecht und das Aluminium-Metallgeh\u00e4use erh\u00f6hen die Robustheit und den Schutz zus\u00e4tzlich.<\/p>\n<p>Au\u00dferdem ist das Kabel dank seiner Folien- und Geflechtabschirmung gegen EMI\/RFI-St\u00f6rungen gesch\u00fctzt.<\/p>\n<p>Die Twisted-Pair-Konstruktion tr\u00e4gt zur Verringerung des \u00dcbersprechens bei und gew\u00e4hrleistet eine schnelle, fehlerfreie Daten\u00fcbertragung.<\/p>\n<p>Au\u00dferdem verf\u00fcgt unser Kabel \u00fcber einen USB 2.0 Typ-C-Stecker an beiden Enden mit vergoldeten Kontakten und einem vernickelten Geh\u00e4use f\u00fcr optimale Leitf\u00e4higkeit und Langlebigkeit.<\/p>\n<p>Und der Kabelleiter besteht aus einer Stromleitung von 70\/0,08mm2 und einer Datenleitung von 16\/0,08mm3, isoliert mit HDPE.<\/p>\n<p>Mit einem Kabelquerschnitt von 22AWG und einem Au\u00dfendurchmesser von 3,8\u00b10,2mm ist es robust und dennoch flexibel.<\/p>\n<p>Au\u00dferdem entspricht es vollst\u00e4ndig den RoHS-Normen, was seine Sicherheit und Umweltvertr\u00e4glichkeit gew\u00e4hrleistet.<\/p>\n<p>Unser geflochtenes USB 2.0 Typ C auf Typ C 3A-Schnellladekabel wurde nach Industriestandards getestet und wird durch eine 2-Jahres-Garantie von FARSINCE unterst\u00fctzt. Es ist Ihre zuverl\u00e4ssige L\u00f6sung f\u00fcr alle Ihre Lade- und Daten\u00fcbertragungsanforderungen.<\/p>\n<h2>Informationen zur Bestellung:<\/h2>\n<ul>\n<li>FS21004-003: 0,3 m<\/li>\n<li>FS21004-005: 0,5 m<\/li>\n<li>FS21004-010: 1.0m<\/li>\n<li>FS21004-015: 1.5m<\/li>\n<li>FS21004-020: 2,0 m<\/li>\n<\/ul>","protected":false},"excerpt":{"rendered":"<p>Erleben Sie mit diesem geflochtenen USB 2.0 Typ C auf Typ C 3A-Schnellladekabel Lade- und Daten\u00fcbertragungsfunktionen der n\u00e4chsten Generation.<\/p>","protected":false},"featured_media":16473,"template":"","meta":{"_acf_changed":false,"_seopress_robots_primary_cat":"","_seopress_titles_title":"Type C to Type C 3A Quick Charging Cable - Farsince","_seopress_titles_desc":"","_seopress_robots_index":"","site-sidebar-layout":"default","site-content-layout":"default","ast-site-content-layout":"default","site-content-style":"default","site-sidebar-style":"default","ast-global-header-display":"","ast-banner-title-visibility":"","ast-main-header-display":"","ast-hfb-above-header-display":"","ast-hfb-below-header-display":"","ast-hfb-mobile-header-display":"","site-post-title":"","ast-breadcrumbs-content":"","ast-featured-img":"","footer-sml-layout":"","ast-disable-related-posts":"","theme-transparent-header-meta":"default","adv-header-id-meta":"","stick-header-meta":"","header-above-stick-meta":"","header-main-stick-meta":"","header-below-stick-meta":"","astra-migrate-meta-layouts":"default","ast-page-background-enabled":"default","ast-page-background-meta":{"desktop":{"background-color":"","background-image":"","background-repeat":"repeat","background-position":"center center","background-size":"auto","background-attachment":"scroll","background-type":"","background-media":"","overlay-type":"","overlay-color":"","overlay-opacity":"","overlay-gradient":""},"tablet":{"background-color":"","background-image":"","background-repeat":"repeat","background-position":"center center","background-size":"auto","background-attachment":"scroll","background-type":"","background-media":"","overlay-type":"","overlay-color":"","overlay-opacity":"","overlay-gradient":""},"mobile":{"background-color":"","background-image":"","background-repeat":"repeat","background-position":"center center","background-size":"auto","background-attachment":"scroll","background-type":"","background-media":"","overlay-type":"","overlay-color":"","overlay-opacity":"","overlay-gradient":""}},"ast-content-background-meta":{"desktop":{"background-color":"var(--ast-global-color-5)","background-image":"","background-repeat":"repeat","background-position":"center center","background-size":"auto","background-attachment":"scroll","background-type":"","background-media":"","overlay-type":"","overlay-color":"","overlay-opacity":"","overlay-gradient":""},"tablet":{"background-color":"var(--ast-global-color-5)","background-image":"","background-repeat":"repeat","background-position":"center center","background-size":"auto","background-attachment":"scroll","background-type":"","background-media":"","overlay-type":"","overlay-color":"","overlay-opacity":"","overlay-gradient":""},"mobile":{"background-color":"var(--ast-global-color-5)","background-image":"","background-repeat":"repeat","background-position":"center center","background-size":"auto","background-attachment":"scroll","background-type":"","background-media":"","overlay-type":"","overlay-color":"","overlay-opacity":"","overlay-gradient":""}},"iawp_total_views":10},"product_brand":[],"product_cat":[636],"product_tag":[],"class_list":{"0":"post-16472","1":"product","2":"type-product","3":"status-publish","4":"has-post-thumbnail","6":"product_cat-usb-2-0-cables","7":"desktop-align-left","8":"tablet-align-left","9":"mobile-align-left","11":"first","12":"instock","13":"shipping-taxable","14":"purchasable","15":"product-type-simple"},"acf":[],"_links":{"self":[{"href":"https:\/\/www.fjpremium.com\/de\/wp-json\/wp\/v2\/product\/16472","targetHints":{"allow":["GET"]}}],"collection":[{"href":"https:\/\/www.fjpremium.com\/de\/wp-json\/wp\/v2\/product"}],"about":[{"href":"https:\/\/www.fjpremium.com\/de\/wp-json\/wp\/v2\/types\/product"}],"wp:featuredmedia":[{"embeddable":true,"href":"https:\/\/www.fjpremium.com\/de\/wp-json\/wp\/v2\/media\/16473"}],"wp:attachment":[{"href":"https:\/\/www.fjpremium.com\/de\/wp-json\/wp\/v2\/media?parent=16472"}],"wp:term":[{"taxonomy":"product_brand","embeddable":true,"href":"https:\/\/www.fjpremium.com\/de\/wp-json\/wp\/v2\/product_brand?post=16472"},{"taxonomy":"product_cat","embeddable":true,"href":"https:\/\/www.fjpremium.com\/de\/wp-json\/wp\/v2\/product_cat?post=16472"},{"taxonomy":"product_tag","embeddable":true,"href":"https:\/\/www.fjpremium.com\/de\/wp-json\/wp\/v2\/product_tag?post=16472"}],"curies":[{"name":"wp","href":"https:\/\/api.w.org\/{rel}","templated":true}]}}