{"id":16468,"date":"2020-09-21T16:41:59","date_gmt":"2020-09-21T08:41:59","guid":{"rendered":"https:\/\/www.fjpremium.com\/?post_type=product&#038;p=16468"},"modified":"2023-12-14T13:58:56","modified_gmt":"2023-12-14T05:58:56","slug":"braided-usb-2-0-a-male-to-lightning-8pin-male-2-4a-fast-charger-sync-charging-cable","status":"publish","type":"product","link":"https:\/\/www.fjpremium.com\/de\/product\/braided-usb-2-0-a-male-to-lightning-8pin-male-2-4a-fast-charger-sync-charging-cable\/","title":{"rendered":"Geflochtenes USB 2.0 A Stecker zu Lightning 8pin Stecker 2.4A Schnelles Ladeger\u00e4t Sync &amp; Ladekabel"},"content":{"rendered":"<p>Dieses Kabel wurde speziell f\u00fcr die schnelle Synchronisierung und Aufladung der neuesten Generation von Apple-Ger\u00e4ten entwickelt und verf\u00fcgt \u00fcber eine 5V 2,4A Schnellladetechnologie.<\/p>\n<p>Mit einer \u00dcbertragungsrate von bis zu 480 Mbit\/s ist Ihre Datenverwaltung schnell und m\u00fchelos.<\/p>\n<p>Das verwicklungsfreie Nylongeflecht wurde auf mindestens 6.000 Biegezyklen getestet und garantiert Zuverl\u00e4ssigkeit und Langlebigkeit.<\/p>\n<p>Das 2,4A-Schnelllade-, Synchronisations- und Ladekabel wird durch die geformten Gelenke aus Aluminium-Metall erg\u00e4nzt, die Robustheit gew\u00e4hrleisten und die \u00c4sthetik verbessern.<\/p>\n<p>Seine Spezifikationen:<\/p>\n<ul>\n<li>Vergoldeter Kontakt, vernickeltes Geh\u00e4use<\/li>\n<li>Kabel-Leiter: Stromleitung 30\/0,1mm2, Datenleitung 7\/0,1mm2<\/li>\n<li>Isolierung: HDPE<\/li>\n<li>Kabelquerschnitt: 23AWG<\/li>\n<li>Geh\u00e4use: Aluminium-Schale<\/li>\n<li>Mantel: PVC+ Baumwolle geflochten<\/li>\n<li>\u00c4u\u00dferer Durchmesser: 3,8\u00b10,2mm<\/li>\n<li>Konformit\u00e4t: RoHS<\/li>\n<\/ul>\n<p>Dar\u00fcber hinaus garantieren wir mit einer soliden 2-Jahres-Garantie die hochwertige Leistung des Ger\u00e4ts, was es zu einer guten Investition macht. Nehmen Sie also noch heute Kontakt mit uns auf und nehmen Sie ihn in Ihren Bestand auf.<\/p>","protected":false},"excerpt":{"rendered":"<p>Laden Sie Apple-Ger\u00e4te hoch und \u00fcbertragen Sie nahtlos Daten mit dem auf Langlebigkeit und Geschwindigkeit ausgelegten 2,4-A-Schnellladeger\u00e4t-Synchronisierungs- und Ladekabel von FARSINCE.<\/p>","protected":false},"featured_media":16469,"template":"","meta":{"_acf_changed":false,"_seopress_robots_primary_cat":"","_seopress_titles_title":"Braided USB 2.0 A Male to Lightning 8Pin Male 2.4A Fast Charger Cable - Farsince","_seopress_titles_desc":"Charge your Apple devices with Farsince&#039;s Braided USB 2.0 A Male to Lightning 8Pin Male 2.4A Fast Charger Cable. Our cable supports fast charging and data transfer, making it perfect for your iPhone, iPad, or iPod.","_seopress_robots_index":"","site-sidebar-layout":"default","site-content-layout":"default","ast-site-content-layout":"default","site-content-style":"default","site-sidebar-style":"default","ast-global-header-display":"","ast-banner-title-visibility":"","ast-main-header-display":"","ast-hfb-above-header-display":"","ast-hfb-below-header-display":"","ast-hfb-mobile-header-display":"","site-post-title":"","ast-breadcrumbs-content":"","ast-featured-img":"","footer-sml-layout":"","ast-disable-related-posts":"","theme-transparent-header-meta":"default","adv-header-id-meta":"","stick-header-meta":"","header-above-stick-meta":"","header-main-stick-meta":"","header-below-stick-meta":"","astra-migrate-meta-layouts":"set","ast-page-background-enabled":"default","ast-page-background-meta":{"desktop":{"background-color":"","background-image":"","background-repeat":"repeat","background-position":"center center","background-size":"auto","background-attachment":"scroll","background-type":"","background-media":"","overlay-type":"","overlay-color":"","overlay-opacity":"","overlay-gradient":""},"tablet":{"background-color":"","background-image":"","background-repeat":"repeat","background-position":"center center","background-size":"auto","background-attachment":"scroll","background-type":"","background-media":"","overlay-type":"","overlay-color":"","overlay-opacity":"","overlay-gradient":""},"mobile":{"background-color":"","background-image":"","background-repeat":"repeat","background-position":"center center","background-size":"auto","background-attachment":"scroll","background-type":"","background-media":"","overlay-type":"","overlay-color":"","overlay-opacity":"","overlay-gradient":""}},"ast-content-background-meta":{"desktop":{"background-color":"var(--ast-global-color-5)","background-image":"","background-repeat":"repeat","background-position":"center center","background-size":"auto","background-attachment":"scroll","background-type":"","background-media":"","overlay-type":"","overlay-color":"","overlay-opacity":"","overlay-gradient":""},"tablet":{"background-color":"var(--ast-global-color-5)","background-image":"","background-repeat":"repeat","background-position":"center center","background-size":"auto","background-attachment":"scroll","background-type":"","background-media":"","overlay-type":"","overlay-color":"","overlay-opacity":"","overlay-gradient":""},"mobile":{"background-color":"var(--ast-global-color-5)","background-image":"","background-repeat":"repeat","background-position":"center center","background-size":"auto","background-attachment":"scroll","background-type":"","background-media":"","overlay-type":"","overlay-color":"","overlay-opacity":"","overlay-gradient":""}},"iawp_total_views":3},"product_brand":[],"product_cat":[636],"product_tag":[],"class_list":{"0":"post-16468","1":"product","2":"type-product","3":"status-publish","4":"has-post-thumbnail","6":"product_cat-usb-2-0-cables","7":"desktop-align-left","8":"tablet-align-left","9":"mobile-align-left","11":"first","12":"instock","13":"shipping-taxable","14":"purchasable","15":"product-type-simple"},"acf":[],"_links":{"self":[{"href":"https:\/\/www.fjpremium.com\/de\/wp-json\/wp\/v2\/product\/16468","targetHints":{"allow":["GET"]}}],"collection":[{"href":"https:\/\/www.fjpremium.com\/de\/wp-json\/wp\/v2\/product"}],"about":[{"href":"https:\/\/www.fjpremium.com\/de\/wp-json\/wp\/v2\/types\/product"}],"wp:featuredmedia":[{"embeddable":true,"href":"https:\/\/www.fjpremium.com\/de\/wp-json\/wp\/v2\/media\/16469"}],"wp:attachment":[{"href":"https:\/\/www.fjpremium.com\/de\/wp-json\/wp\/v2\/media?parent=16468"}],"wp:term":[{"taxonomy":"product_brand","embeddable":true,"href":"https:\/\/www.fjpremium.com\/de\/wp-json\/wp\/v2\/product_brand?post=16468"},{"taxonomy":"product_cat","embeddable":true,"href":"https:\/\/www.fjpremium.com\/de\/wp-json\/wp\/v2\/product_cat?post=16468"},{"taxonomy":"product_tag","embeddable":true,"href":"https:\/\/www.fjpremium.com\/de\/wp-json\/wp\/v2\/product_tag?post=16468"}],"curies":[{"name":"wp","href":"https:\/\/api.w.org\/{rel}","templated":true}]}}