{"id":16459,"date":"2020-09-21T16:39:04","date_gmt":"2020-09-21T08:39:04","guid":{"rendered":"https:\/\/www.fjpremium.com\/?post_type=product&#038;p=16459"},"modified":"2023-12-14T13:58:57","modified_gmt":"2023-12-14T05:58:57","slug":"5a-braided-usb-supercharger-cable-usb-type-c-5a-fast-charging-data-cable-for-huawei-samsung-smartphone-qc-3-0","status":"publish","type":"product","link":"https:\/\/www.fjpremium.com\/de\/product\/5a-braided-usb-supercharger-cable-usb-type-c-5a-fast-charging-data-cable-for-huawei-samsung-smartphone-qc-3-0\/","title":{"rendered":"5A Geflochtenes USB Supercharger Kabel USB Typ C 5a Schnelllade-Datenkabel"},"content":{"rendered":"<p>Dieses Schnelllade-Datenkabel verf\u00fcgt \u00fcber ein USB 2.0 Typ-C-Stecker-auf-Typ-A-Stecker-Kabel und ist damit perfekt f\u00fcr den Anschluss eines Smartphones, Tablets oder anderen mobilen Ger\u00e4ts mit USB-C-Anschluss an einen Computer mit USB-A-Anschluss geeignet.<\/p>\n<p>Es unterst\u00fctzt eine 4,5 V 5 A Super-Fast-Ladung und bietet eine \u00dcbertragungsrate von bis zu 480 Mbit\/s, damit Ihre Ger\u00e4te schnell aufgeladen werden k\u00f6nnen und die Daten\u00fcbertragung reibungslos und effizient verl\u00e4uft.<\/p>\n<p>Eines der herausragenden Merkmale dieses Kabels ist das symmetrische Design des USB-C-Steckers.<\/p>\n<p>Sie k\u00f6nnen ihn mit der Oberseite nach unten oder mit der Unterseite nach oben einstecken, das spielt keine Rolle. Er wird jedes Mal beim ersten Mal eingesteckt, ohne dass der Anschluss besch\u00e4digt wird.<\/p>\n<p>Das verwicklungsfreie, nylongeflochtene Design unseres Schnelllade-Datenkabels sorgt daf\u00fcr, dass es mindestens 6.000 Biegezyklen standh\u00e4lt, und macht es damit robust und langlebig.<\/p>\n<p>Die nahtlos eingegossenen Verbindungen aus Aluminiummetall tragen zur Haltbarkeit und zum attraktiven Aussehen des Kabels bei.<\/p>\n<p>Das Kabel unterst\u00fctzt au\u00dferdem die Schnellladetechnologie 2.0 und 3.0 und verf\u00fcgt \u00fcber einen 56K-Ohm-Pull-up-Widerstand im USB-C-Anschluss, um Ihr Mobilger\u00e4t vor Sch\u00e4den zu sch\u00fctzen.<\/p>\n<p>Es verf\u00fcgt \u00fcber einen flexiblen PVC-Mantel und eine Abschirmung aus Folie und Geflecht, die eine bessere Leistung und Langlebigkeit gew\u00e4hrleisten.<\/p>\n<p>Mit vergoldeten Kontakten und einer vernickelten Ummantelung sorgt unser Kabel au\u00dferdem f\u00fcr optimale Leitf\u00e4higkeit.<\/p>\n<p>Die Stromleitung variiert je nach L\u00e4nge von 80\/0,08mm2 (0,3m\/0,5m\/1m) bis 130\/0,08mm2 (1,5m\/2m), die Datenleitung betr\u00e4gt 16\/0,08mm*2.<\/p>\n<p>Es ist mit HDPE isoliert und verf\u00fcgt \u00fcber eine Drahtst\u00e4rke von 21AWG-19AWG. Sie entspricht den RoHS-Normen, hat eine 2-Jahres-Garantie von FARSINCE und wurde nach Industriestandards getestet.<\/p>\n<p>Steigen Sie daher noch heute auf dieses hochwertige Schnelllade-Datenkabel um, um ein schnelleres und effizienteres Lade- und Daten\u00fcbertragungserlebnis zu erhalten.<\/p>\n<h2>Informationen zur Bestellung:<\/h2>\n<ul>\n<li>FS21002-003: 0,3 m<\/li>\n<li>FS21002-005: 0,5 m<\/li>\n<li>FS21002-010: 1.0m<\/li>\n<li>FS21002-015: 1.5m<\/li>\n<li>FS21002-020: 2,0 m<\/li>\n<\/ul>","protected":false},"excerpt":{"rendered":"<p>Wir pr\u00e4sentieren das FARSINCE 5A geflochtene USB-Supercharger-Kabel, Schnelllade-Datenkabel, Ihre ultimative L\u00f6sung f\u00fcr schnelles und effizientes Laden und Daten\u00fcbertragung.<\/p>","protected":false},"featured_media":16460,"template":"","meta":{"_acf_changed":false,"_seopress_robots_primary_cat":"","_seopress_titles_title":"Fast Charging Data Cable - Farsince","_seopress_titles_desc":"","_seopress_robots_index":"","site-sidebar-layout":"default","site-content-layout":"default","ast-site-content-layout":"default","site-content-style":"default","site-sidebar-style":"default","ast-global-header-display":"","ast-banner-title-visibility":"","ast-main-header-display":"","ast-hfb-above-header-display":"","ast-hfb-below-header-display":"","ast-hfb-mobile-header-display":"","site-post-title":"","ast-breadcrumbs-content":"","ast-featured-img":"","footer-sml-layout":"","ast-disable-related-posts":"","theme-transparent-header-meta":"default","adv-header-id-meta":"","stick-header-meta":"","header-above-stick-meta":"","header-main-stick-meta":"","header-below-stick-meta":"","astra-migrate-meta-layouts":"default","ast-page-background-enabled":"default","ast-page-background-meta":{"desktop":{"background-color":"","background-image":"","background-repeat":"repeat","background-position":"center center","background-size":"auto","background-attachment":"scroll","background-type":"","background-media":"","overlay-type":"","overlay-color":"","overlay-opacity":"","overlay-gradient":""},"tablet":{"background-color":"","background-image":"","background-repeat":"repeat","background-position":"center center","background-size":"auto","background-attachment":"scroll","background-type":"","background-media":"","overlay-type":"","overlay-color":"","overlay-opacity":"","overlay-gradient":""},"mobile":{"background-color":"","background-image":"","background-repeat":"repeat","background-position":"center center","background-size":"auto","background-attachment":"scroll","background-type":"","background-media":"","overlay-type":"","overlay-color":"","overlay-opacity":"","overlay-gradient":""}},"ast-content-background-meta":{"desktop":{"background-color":"var(--ast-global-color-5)","background-image":"","background-repeat":"repeat","background-position":"center center","background-size":"auto","background-attachment":"scroll","background-type":"","background-media":"","overlay-type":"","overlay-color":"","overlay-opacity":"","overlay-gradient":""},"tablet":{"background-color":"var(--ast-global-color-5)","background-image":"","background-repeat":"repeat","background-position":"center center","background-size":"auto","background-attachment":"scroll","background-type":"","background-media":"","overlay-type":"","overlay-color":"","overlay-opacity":"","overlay-gradient":""},"mobile":{"background-color":"var(--ast-global-color-5)","background-image":"","background-repeat":"repeat","background-position":"center center","background-size":"auto","background-attachment":"scroll","background-type":"","background-media":"","overlay-type":"","overlay-color":"","overlay-opacity":"","overlay-gradient":""}},"iawp_total_views":16},"product_brand":[],"product_cat":[636],"product_tag":[],"class_list":{"0":"post-16459","1":"product","2":"type-product","3":"status-publish","4":"has-post-thumbnail","6":"product_cat-usb-2-0-cables","7":"desktop-align-left","8":"tablet-align-left","9":"mobile-align-left","11":"first","12":"instock","13":"shipping-taxable","14":"purchasable","15":"product-type-simple"},"acf":[],"_links":{"self":[{"href":"https:\/\/www.fjpremium.com\/de\/wp-json\/wp\/v2\/product\/16459","targetHints":{"allow":["GET"]}}],"collection":[{"href":"https:\/\/www.fjpremium.com\/de\/wp-json\/wp\/v2\/product"}],"about":[{"href":"https:\/\/www.fjpremium.com\/de\/wp-json\/wp\/v2\/types\/product"}],"wp:featuredmedia":[{"embeddable":true,"href":"https:\/\/www.fjpremium.com\/de\/wp-json\/wp\/v2\/media\/16460"}],"wp:attachment":[{"href":"https:\/\/www.fjpremium.com\/de\/wp-json\/wp\/v2\/media?parent=16459"}],"wp:term":[{"taxonomy":"product_brand","embeddable":true,"href":"https:\/\/www.fjpremium.com\/de\/wp-json\/wp\/v2\/product_brand?post=16459"},{"taxonomy":"product_cat","embeddable":true,"href":"https:\/\/www.fjpremium.com\/de\/wp-json\/wp\/v2\/product_cat?post=16459"},{"taxonomy":"product_tag","embeddable":true,"href":"https:\/\/www.fjpremium.com\/de\/wp-json\/wp\/v2\/product_tag?post=16459"}],"curies":[{"name":"wp","href":"https:\/\/api.w.org\/{rel}","templated":true}]}}