{"id":16427,"date":"2020-09-09T16:13:33","date_gmt":"2020-09-09T08:13:33","guid":{"rendered":"https:\/\/www.fjpremium.com\/?post_type=product&#038;p=16427"},"modified":"2023-10-07T13:54:53","modified_gmt":"2023-10-07T05:54:53","slug":"high-quality-lfh59-dms-59-to-dual-dvi-i-dual-link-female-y-splitter-graphics-card-monitor-cable","status":"publish","type":"product","link":"https:\/\/www.fjpremium.com\/de\/product\/high-quality-lfh59-dms-59-to-dual-dvi-i-dual-link-female-y-splitter-graphics-card-monitor-cable\/","title":{"rendered":"Hochwertiges LFH59 (DMS-59) auf Dual DVI-I Dual link female Y Splitter Grafikkarten-Monitor Kabel"},"content":{"rendered":"<p>Das Kabel ist perfekt f\u00fcr den Anschluss von zwei DisplayPort-Monitoren an Ihre mit DMS\/LFH ausgestattete Grafikkarte geeignet und liefert erstaunliche 4K x 2K-Aufl\u00f6sungen (3840 x 2160) und unterst\u00fctzt eine maximale HBR2-Bandbreite von 21,6 Gbit\/s.<\/p>\n<p>Er ist mit den meisten DMS-59-Grafikkarten kompatibel, darunter Matrox, NVIDIA, PNY, ATI und HP, und \u00f6ffnet das Tor zur Ultra-High-Definition-Anzeige.<\/p>\n<p>Wir bieten DMS59-zu-Dual-HDMI-, DVI-, VGA- und DVI+VGA-Splitterkabel an, um den unterschiedlichsten Anforderungen gerecht zu werden.<\/p>\n<p>Dar\u00fcber hinaus versprechen die hochwertigen geformten Stecker, die vergoldeten Kontakte und die robuste, geformte Konstruktion unseres Grafikkarten-Monitor-Kabels Langlebigkeit und gleichbleibende Leistung.<\/p>\n<p>Seine Spezifikationen:<\/p>\n<ul>\n<li>Kabel-Leiter: Blanke Kupfer<\/li>\n<li>Isolierung: Gesch\u00e4umte PE-Haut\/HDPE<\/li>\n<li>Kabelquerschnitt: 28AWG<\/li>\n<li>Dreifach abgeschirmt: verdrilltes Paar aus Aluminiumfolie, Gesamtaluminiumfolie, Geflecht<\/li>\n<li>Geh\u00e4use: Kunststoff-Spritzgu\u00df<\/li>\n<li>Mantel: PVC<\/li>\n<li>\u00c4u\u00dferer Durchmesser: 7,3\u00b10,2mm<\/li>\n<li>Einhaltung der Vorschriften: RoHS, REACH<\/li>\n<\/ul>\n<p>Setzen Sie sich also noch heute mit uns in Verbindung und investieren Sie in das System, um die wahre Leistung der hochwertigen Bildgebung zu erleben.<\/p>\n<p>&nbsp;<\/p>","protected":false},"excerpt":{"rendered":"<p>Entfesseln Sie \u00fcberlegene Grafikleistung mit dem Y-Splitter-Grafikkarten-Monitorkabel von FARSINCE, das hochaufl\u00f6sende Bilder mit einer Aufl\u00f6sung von bis zu 4K x 2K unterst\u00fctzt.<\/p>","protected":false},"featured_media":16440,"template":"","meta":{"_acf_changed":false,"_seopress_robots_primary_cat":"","_seopress_titles_title":"Y Splitter Graphics Card Monitor Cable - Farsince","_seopress_titles_desc":"","_seopress_robots_index":"","site-sidebar-layout":"default","site-content-layout":"default","ast-site-content-layout":"default","site-content-style":"default","site-sidebar-style":"default","ast-global-header-display":"","ast-banner-title-visibility":"","ast-main-header-display":"","ast-hfb-above-header-display":"","ast-hfb-below-header-display":"","ast-hfb-mobile-header-display":"","site-post-title":"","ast-breadcrumbs-content":"","ast-featured-img":"","footer-sml-layout":"","ast-disable-related-posts":"","theme-transparent-header-meta":"default","adv-header-id-meta":"","stick-header-meta":"","header-above-stick-meta":"","header-main-stick-meta":"","header-below-stick-meta":"","astra-migrate-meta-layouts":"set","ast-page-background-enabled":"default","ast-page-background-meta":{"desktop":{"background-color":"","background-image":"","background-repeat":"repeat","background-position":"center center","background-size":"auto","background-attachment":"scroll","background-type":"","background-media":"","overlay-type":"","overlay-color":"","overlay-opacity":"","overlay-gradient":""},"tablet":{"background-color":"","background-image":"","background-repeat":"repeat","background-position":"center center","background-size":"auto","background-attachment":"scroll","background-type":"","background-media":"","overlay-type":"","overlay-color":"","overlay-opacity":"","overlay-gradient":""},"mobile":{"background-color":"","background-image":"","background-repeat":"repeat","background-position":"center center","background-size":"auto","background-attachment":"scroll","background-type":"","background-media":"","overlay-type":"","overlay-color":"","overlay-opacity":"","overlay-gradient":""}},"ast-content-background-meta":{"desktop":{"background-color":"var(--ast-global-color-5)","background-image":"","background-repeat":"repeat","background-position":"center center","background-size":"auto","background-attachment":"scroll","background-type":"","background-media":"","overlay-type":"","overlay-color":"","overlay-opacity":"","overlay-gradient":""},"tablet":{"background-color":"var(--ast-global-color-5)","background-image":"","background-repeat":"repeat","background-position":"center center","background-size":"auto","background-attachment":"scroll","background-type":"","background-media":"","overlay-type":"","overlay-color":"","overlay-opacity":"","overlay-gradient":""},"mobile":{"background-color":"var(--ast-global-color-5)","background-image":"","background-repeat":"repeat","background-position":"center center","background-size":"auto","background-attachment":"scroll","background-type":"","background-media":"","overlay-type":"","overlay-color":"","overlay-opacity":"","overlay-gradient":""}},"iawp_total_views":8},"product_brand":[],"product_cat":[212],"product_tag":[],"class_list":{"0":"post-16427","1":"product","2":"type-product","3":"status-publish","4":"has-post-thumbnail","6":"product_cat-displayport","7":"desktop-align-left","8":"tablet-align-left","9":"mobile-align-left","11":"first","12":"instock","13":"shipping-taxable","14":"purchasable","15":"product-type-simple"},"acf":[],"_links":{"self":[{"href":"https:\/\/www.fjpremium.com\/de\/wp-json\/wp\/v2\/product\/16427","targetHints":{"allow":["GET"]}}],"collection":[{"href":"https:\/\/www.fjpremium.com\/de\/wp-json\/wp\/v2\/product"}],"about":[{"href":"https:\/\/www.fjpremium.com\/de\/wp-json\/wp\/v2\/types\/product"}],"wp:featuredmedia":[{"embeddable":true,"href":"https:\/\/www.fjpremium.com\/de\/wp-json\/wp\/v2\/media\/16440"}],"wp:attachment":[{"href":"https:\/\/www.fjpremium.com\/de\/wp-json\/wp\/v2\/media?parent=16427"}],"wp:term":[{"taxonomy":"product_brand","embeddable":true,"href":"https:\/\/www.fjpremium.com\/de\/wp-json\/wp\/v2\/product_brand?post=16427"},{"taxonomy":"product_cat","embeddable":true,"href":"https:\/\/www.fjpremium.com\/de\/wp-json\/wp\/v2\/product_cat?post=16427"},{"taxonomy":"product_tag","embeddable":true,"href":"https:\/\/www.fjpremium.com\/de\/wp-json\/wp\/v2\/product_tag?post=16427"}],"curies":[{"name":"wp","href":"https:\/\/api.w.org\/{rel}","templated":true}]}}