{"id":16425,"date":"2020-09-09T16:13:31","date_gmt":"2020-09-09T08:13:31","guid":{"rendered":"https:\/\/www.fjpremium.com\/?post_type=product&#038;p=16425"},"modified":"2023-10-07T17:19:27","modified_gmt":"2023-10-07T09:19:27","slug":"high-quality-lfh59-dms-59-to-dual-displayport-female-y-splitter-graphics-card-monitor-cable","status":"publish","type":"product","link":"https:\/\/www.fjpremium.com\/de\/product\/high-quality-lfh59-dms-59-to-dual-displayport-female-y-splitter-graphics-card-monitor-cable\/","title":{"rendered":"LFH59 (DMS-59) auf Dual DisplayPort weiblich Y Splitterkabel f\u00fcr Monitore"},"content":{"rendered":"<p>Diese Kabel f\u00fcr Monitore wurden speziell f\u00fcr den nahtlosen Anschluss von zwei DisplayPort-Monitoren an mit DMS\/LFH ausgestattete Grafikkarten entwickelt und stellen sicher, dass Sie die wahre Leistung der \u00fcberlegenen Grafik nutzen k\u00f6nnen.<\/p>\n<p>Sie unterst\u00fctzen atemberaubende Aufl\u00f6sungen von bis zu 4k x 2k (3840 x 2160) und garantieren dank einer robusten HBR2-Bandbreite von 21,6 Gbit\/s ein beeindruckendes Seherlebnis.<\/p>\n<p>Au\u00dferdem ist die Kompatibilit\u00e4t sehr gro\u00df, von bekannten Grafikkartenmarken wie Matrox bis hin zu NVIDIA und ATI.<\/p>\n<p>Die Kabel zeichnen sich durch vergoldete Kontakte und eine robuste, gegossene Konstruktion aus, die Langlebigkeit und Zuverl\u00e4ssigkeit ohne Kompromisse gew\u00e4hrleistet.<\/p>\n<p>Seine Spezifikationen:<\/p>\n<ul>\n<li>Kabel-Leiter: Blanke Kupfer<\/li>\n<li>Isolierung: Gesch\u00e4umte PE-Haut\/HDPE<\/li>\n<li>Kabelquerschnitt: 28AWG<\/li>\n<li>Dreifach abgeschirmt: verdrilltes Paar aus Aluminiumfolie, Gesamtaluminiumfolie, Geflecht<\/li>\n<li>Geh\u00e4use: Kunststoff-Spritzgu\u00df<\/li>\n<li>Mantel: PVC<\/li>\n<li>\u00c4u\u00dferer Durchmesser: 7,3\u00b10,2mm<\/li>\n<li>Einhaltung der Vorschriften: RoHS, REACH<\/li>\n<\/ul>\n<p>Erweitern Sie Ihre Anzeigem\u00f6glichkeiten mit zus\u00e4tzlichen Optionen, denn wir bieten auch Varianten f\u00fcr duale HDMI-, DVI-, VGA- und DVI+VGA-Splitterkabel an. Kontaktieren Sie uns also noch heute und bestellen Sie sie.<\/p>","protected":false},"excerpt":{"rendered":"<p>Nutzen Sie die Leistung der hochwertigen DisplayPort-zu-LFH59-Splitterkabel von FARSINCE f\u00fcr Monitore und stellen Sie die Kompatibilit\u00e4t mit den wichtigsten Grafikkartenmarken sicher.<\/p>","protected":false},"featured_media":16429,"template":"","meta":{"_acf_changed":false,"_seopress_robots_primary_cat":"","_seopress_titles_title":"Best Y Splitter Cables for Monitors - Farsince","_seopress_titles_desc":"","_seopress_robots_index":"","site-sidebar-layout":"default","site-content-layout":"default","ast-site-content-layout":"default","site-content-style":"default","site-sidebar-style":"default","ast-global-header-display":"","ast-banner-title-visibility":"","ast-main-header-display":"","ast-hfb-above-header-display":"","ast-hfb-below-header-display":"","ast-hfb-mobile-header-display":"","site-post-title":"","ast-breadcrumbs-content":"","ast-featured-img":"","footer-sml-layout":"","ast-disable-related-posts":"","theme-transparent-header-meta":"default","adv-header-id-meta":"","stick-header-meta":"","header-above-stick-meta":"","header-main-stick-meta":"","header-below-stick-meta":"","astra-migrate-meta-layouts":"set","ast-page-background-enabled":"default","ast-page-background-meta":{"desktop":{"background-color":"","background-image":"","background-repeat":"repeat","background-position":"center center","background-size":"auto","background-attachment":"scroll","background-type":"","background-media":"","overlay-type":"","overlay-color":"","overlay-opacity":"","overlay-gradient":""},"tablet":{"background-color":"","background-image":"","background-repeat":"repeat","background-position":"center center","background-size":"auto","background-attachment":"scroll","background-type":"","background-media":"","overlay-type":"","overlay-color":"","overlay-opacity":"","overlay-gradient":""},"mobile":{"background-color":"","background-image":"","background-repeat":"repeat","background-position":"center center","background-size":"auto","background-attachment":"scroll","background-type":"","background-media":"","overlay-type":"","overlay-color":"","overlay-opacity":"","overlay-gradient":""}},"ast-content-background-meta":{"desktop":{"background-color":"var(--ast-global-color-5)","background-image":"","background-repeat":"repeat","background-position":"center center","background-size":"auto","background-attachment":"scroll","background-type":"","background-media":"","overlay-type":"","overlay-color":"","overlay-opacity":"","overlay-gradient":""},"tablet":{"background-color":"var(--ast-global-color-5)","background-image":"","background-repeat":"repeat","background-position":"center center","background-size":"auto","background-attachment":"scroll","background-type":"","background-media":"","overlay-type":"","overlay-color":"","overlay-opacity":"","overlay-gradient":""},"mobile":{"background-color":"var(--ast-global-color-5)","background-image":"","background-repeat":"repeat","background-position":"center center","background-size":"auto","background-attachment":"scroll","background-type":"","background-media":"","overlay-type":"","overlay-color":"","overlay-opacity":"","overlay-gradient":""}},"iawp_total_views":7},"product_brand":[],"product_cat":[212],"product_tag":[],"class_list":{"0":"post-16425","1":"product","2":"type-product","3":"status-publish","4":"has-post-thumbnail","6":"product_cat-displayport","7":"desktop-align-left","8":"tablet-align-left","9":"mobile-align-left","11":"first","12":"instock","13":"shipping-taxable","14":"purchasable","15":"product-type-simple"},"acf":[],"_links":{"self":[{"href":"https:\/\/www.fjpremium.com\/de\/wp-json\/wp\/v2\/product\/16425","targetHints":{"allow":["GET"]}}],"collection":[{"href":"https:\/\/www.fjpremium.com\/de\/wp-json\/wp\/v2\/product"}],"about":[{"href":"https:\/\/www.fjpremium.com\/de\/wp-json\/wp\/v2\/types\/product"}],"wp:featuredmedia":[{"embeddable":true,"href":"https:\/\/www.fjpremium.com\/de\/wp-json\/wp\/v2\/media\/16429"}],"wp:attachment":[{"href":"https:\/\/www.fjpremium.com\/de\/wp-json\/wp\/v2\/media?parent=16425"}],"wp:term":[{"taxonomy":"product_brand","embeddable":true,"href":"https:\/\/www.fjpremium.com\/de\/wp-json\/wp\/v2\/product_brand?post=16425"},{"taxonomy":"product_cat","embeddable":true,"href":"https:\/\/www.fjpremium.com\/de\/wp-json\/wp\/v2\/product_cat?post=16425"},{"taxonomy":"product_tag","embeddable":true,"href":"https:\/\/www.fjpremium.com\/de\/wp-json\/wp\/v2\/product_tag?post=16425"}],"curies":[{"name":"wp","href":"https:\/\/api.w.org\/{rel}","templated":true}]}}