{"id":16412,"date":"2020-09-09T16:09:46","date_gmt":"2020-09-09T08:09:46","guid":{"rendered":"https:\/\/www.fjpremium.com\/?post_type=product&#038;p=16412"},"modified":"2023-10-07T14:16:31","modified_gmt":"2023-10-07T06:16:31","slug":"mini-displayport-1-2-thunderbolt-2-to-vga-coupler-mini-dp-to-vga-adapter-1080p","status":"publish","type":"product","link":"https:\/\/www.fjpremium.com\/de\/product\/mini-displayport-1-2-thunderbolt-2-to-vga-coupler-mini-dp-to-vga-adapter-1080p\/","title":{"rendered":"Mini DisplayPort 1.2 (Thunderbolt 2) auf VGA-Koppler Mini DisplayPort auf VGA-Adapter 1080p"},"content":{"rendered":"<p>Dieser hochwertige Adapter verbindet Ihren mit Mini DisplayPort (Thunderbolt 2) ausgestatteten Laptop oder Desktop m\u00fchelos mit einer Reihe von Ger\u00e4ten, darunter HDTVs, Monitore, Projektoren, Flachbildschirme und digitale CRT-Bildschirme mit VGA-Eingang.<\/p>\n<p>Er erm\u00f6glicht eine kristallklare Videowiedergabe mit Unterst\u00fctzung f\u00fcr Full-HD-Aufl\u00f6sungen von bis zu 1920\u00d71080@60Hz und gew\u00e4hrleistet gleichzeitig eine einwandfreie Audio\u00fcbertragung f\u00fcr unkomprimierte digitale 7.1-, 5.1- oder 2-Kanal-Audiosignale und sorgt so f\u00fcr ein fesselndes Multimedia-Erlebnis.<\/p>\n<p>Dieser Mini-DisplayPort-auf-VGA-Adapter wurde mit hochwertigen Materialien und einer pr\u00e4zisen Konstruktion gefertigt und garantiert eine lebenslange, zuverl\u00e4ssige Leistung.<\/p>\n<p>Seine Spezifikationen:<\/p>\n<ul>\n<li>Geh\u00e4use: ABS-Schale<\/li>\n<li>Chipsatz: ANX9833<\/li>\n<li>Einhaltung der Vorschriften: RoHS, REACH<\/li>\n<\/ul>\n<p>Dar\u00fcber hinaus bieten die vollst\u00e4ndig abgeschirmten Leiter vollst\u00e4ndige Immunit\u00e4t gegen EMI\/RFI-Interferenzen, und die vergoldeten 24-K-Stecker gew\u00e4hrleisten eine hervorragende Signal\u00fcbertragung. Wenden Sie sich also noch heute an uns und bestellen Sie es.<\/p>","protected":false},"excerpt":{"rendered":"<p>Erleben Sie nahtlose Konnektivit\u00e4t mit dem FARSINCE Mini-DisplayPort-zu-VGA-Adapterkoppler, ideal f\u00fcr Heimkino- und Desktop-Anwendungen.<\/p>","protected":false},"featured_media":16419,"template":"","meta":{"_acf_changed":false,"_seopress_robots_primary_cat":"","_seopress_titles_title":"Mini DisplayPort to VGA Adapter 1080p - Farsince","_seopress_titles_desc":"","_seopress_robots_index":"","site-sidebar-layout":"default","site-content-layout":"default","ast-site-content-layout":"default","site-content-style":"default","site-sidebar-style":"default","ast-global-header-display":"","ast-banner-title-visibility":"","ast-main-header-display":"","ast-hfb-above-header-display":"","ast-hfb-below-header-display":"","ast-hfb-mobile-header-display":"","site-post-title":"","ast-breadcrumbs-content":"","ast-featured-img":"","footer-sml-layout":"","ast-disable-related-posts":"","theme-transparent-header-meta":"default","adv-header-id-meta":"","stick-header-meta":"","header-above-stick-meta":"","header-main-stick-meta":"","header-below-stick-meta":"","astra-migrate-meta-layouts":"set","ast-page-background-enabled":"default","ast-page-background-meta":{"desktop":{"background-color":"","background-image":"","background-repeat":"repeat","background-position":"center center","background-size":"auto","background-attachment":"scroll","background-type":"","background-media":"","overlay-type":"","overlay-color":"","overlay-opacity":"","overlay-gradient":""},"tablet":{"background-color":"","background-image":"","background-repeat":"repeat","background-position":"center center","background-size":"auto","background-attachment":"scroll","background-type":"","background-media":"","overlay-type":"","overlay-color":"","overlay-opacity":"","overlay-gradient":""},"mobile":{"background-color":"","background-image":"","background-repeat":"repeat","background-position":"center center","background-size":"auto","background-attachment":"scroll","background-type":"","background-media":"","overlay-type":"","overlay-color":"","overlay-opacity":"","overlay-gradient":""}},"ast-content-background-meta":{"desktop":{"background-color":"var(--ast-global-color-5)","background-image":"","background-repeat":"repeat","background-position":"center center","background-size":"auto","background-attachment":"scroll","background-type":"","background-media":"","overlay-type":"","overlay-color":"","overlay-opacity":"","overlay-gradient":""},"tablet":{"background-color":"var(--ast-global-color-5)","background-image":"","background-repeat":"repeat","background-position":"center center","background-size":"auto","background-attachment":"scroll","background-type":"","background-media":"","overlay-type":"","overlay-color":"","overlay-opacity":"","overlay-gradient":""},"mobile":{"background-color":"var(--ast-global-color-5)","background-image":"","background-repeat":"repeat","background-position":"center center","background-size":"auto","background-attachment":"scroll","background-type":"","background-media":"","overlay-type":"","overlay-color":"","overlay-opacity":"","overlay-gradient":""}},"iawp_total_views":4},"product_brand":[],"product_cat":[212],"product_tag":[],"class_list":{"0":"post-16412","1":"product","2":"type-product","3":"status-publish","4":"has-post-thumbnail","6":"product_cat-displayport","7":"desktop-align-left","8":"tablet-align-left","9":"mobile-align-left","11":"first","12":"instock","13":"shipping-taxable","14":"purchasable","15":"product-type-simple"},"acf":[],"_links":{"self":[{"href":"https:\/\/www.fjpremium.com\/de\/wp-json\/wp\/v2\/product\/16412","targetHints":{"allow":["GET"]}}],"collection":[{"href":"https:\/\/www.fjpremium.com\/de\/wp-json\/wp\/v2\/product"}],"about":[{"href":"https:\/\/www.fjpremium.com\/de\/wp-json\/wp\/v2\/types\/product"}],"wp:featuredmedia":[{"embeddable":true,"href":"https:\/\/www.fjpremium.com\/de\/wp-json\/wp\/v2\/media\/16419"}],"wp:attachment":[{"href":"https:\/\/www.fjpremium.com\/de\/wp-json\/wp\/v2\/media?parent=16412"}],"wp:term":[{"taxonomy":"product_brand","embeddable":true,"href":"https:\/\/www.fjpremium.com\/de\/wp-json\/wp\/v2\/product_brand?post=16412"},{"taxonomy":"product_cat","embeddable":true,"href":"https:\/\/www.fjpremium.com\/de\/wp-json\/wp\/v2\/product_cat?post=16412"},{"taxonomy":"product_tag","embeddable":true,"href":"https:\/\/www.fjpremium.com\/de\/wp-json\/wp\/v2\/product_tag?post=16412"}],"curies":[{"name":"wp","href":"https:\/\/api.w.org\/{rel}","templated":true}]}}