{"id":16411,"date":"2020-09-09T16:09:45","date_gmt":"2020-09-09T08:09:45","guid":{"rendered":"https:\/\/www.fjpremium.com\/?post_type=product&#038;p=16411"},"modified":"2023-10-07T17:22:22","modified_gmt":"2023-10-07T09:22:22","slug":"mini-displayport-1-2-thunderbolt-2-to-displayport-coupler-mini-dp-to-dp-adapter-4k-60hz","status":"publish","type":"product","link":"https:\/\/www.fjpremium.com\/de\/product\/mini-displayport-1-2-thunderbolt-2-to-displayport-coupler-mini-dp-to-dp-adapter-4k-60hz\/","title":{"rendered":"Mini DisplayPort 1.2 (Thunderbolt 2) auf DisplayPort Koppler Mini DP Adapter 4K 60hz"},"content":{"rendered":"<p>Der fachm\u00e4nnisch konstruierte Adapterkoppler erleichtert die Videoverbindung von einem mit Mini DisplayPort ausgestatteten Chromebook oder Laptop direkt zu Bildschirmen mit DisplayPort-Eing\u00e4ngen.<\/p>\n<p>Mit Unterst\u00fctzung f\u00fcr Aufl\u00f6sungen von bis zu 4K@30 (3840\u00d72160, Ultra HD) und 1080P (Full HD) bietet er eine unvergleichliche Bildqualit\u00e4t. Und Sie k\u00f6nnen in verlustfreie Audioformate eintauchen, von 7.1 bis 2-Kanal.<\/p>\n<p>Unser Mini-DP-Adapter entspricht den DisplayPort 1.2-Standards und garantiert optimale Leistung f\u00fcr High-End-Anwendungen. Es handelt sich um einen unidirektionalen Adapter, der ausschlie\u00dflich f\u00fcr die Konvertierung von Mini DisplayPort in HDMI entwickelt wurde.<\/p>\n<p>F\u00fcr eine einwandfreie Signalintegrit\u00e4t verf\u00fcgt es \u00fcber vollst\u00e4ndig abgeschirmte EMI\/RFI-resistente Leiter und 24-K-vergoldete Anschl\u00fcsse.<\/p>\n<p>Seine Spezifikationen:<\/p>\n<ul>\n<li>Vergoldeter Kontakt; vergoldetes Geh\u00e4use<\/li>\n<li>Geh\u00e4use: ABS-Schale<\/li>\n<li>Chipsatz: keine<\/li>\n<li>Mantel: PVC<\/li>\n<li>Einhaltung der Vorschriften: RoHS, REACH<\/li>\n<\/ul>\n<p>Au\u00dferdem wird er von einer 5-Jahres-Garantie von Farsince unterst\u00fctzt. Daher kontaktieren Sie uns noch heute und f\u00fcgen Sie diesen Adapter zu Ihrem Bestand hinzu.<\/p>","protected":false},"excerpt":{"rendered":"<p>Erleben Sie \u00fcberragende Konnektivit\u00e4t mit dem Mini-DP-Adapterkoppler von FARSINCE, der bis zu 4K@30 unterst\u00fctzt und einwandfreie Video- und Audioqualit\u00e4t gew\u00e4hrleistet.<\/p>","protected":false},"featured_media":16413,"template":"","meta":{"_acf_changed":false,"_seopress_robots_primary_cat":"","_seopress_titles_title":"Best Mini DP Adapter 4K 60hz - Farsince","_seopress_titles_desc":"","_seopress_robots_index":"","site-sidebar-layout":"default","site-content-layout":"default","ast-site-content-layout":"default","site-content-style":"default","site-sidebar-style":"default","ast-global-header-display":"","ast-banner-title-visibility":"","ast-main-header-display":"","ast-hfb-above-header-display":"","ast-hfb-below-header-display":"","ast-hfb-mobile-header-display":"","site-post-title":"","ast-breadcrumbs-content":"","ast-featured-img":"","footer-sml-layout":"","ast-disable-related-posts":"","theme-transparent-header-meta":"default","adv-header-id-meta":"","stick-header-meta":"","header-above-stick-meta":"","header-main-stick-meta":"","header-below-stick-meta":"","astra-migrate-meta-layouts":"set","ast-page-background-enabled":"default","ast-page-background-meta":{"desktop":{"background-color":"","background-image":"","background-repeat":"repeat","background-position":"center center","background-size":"auto","background-attachment":"scroll","background-type":"","background-media":"","overlay-type":"","overlay-color":"","overlay-opacity":"","overlay-gradient":""},"tablet":{"background-color":"","background-image":"","background-repeat":"repeat","background-position":"center center","background-size":"auto","background-attachment":"scroll","background-type":"","background-media":"","overlay-type":"","overlay-color":"","overlay-opacity":"","overlay-gradient":""},"mobile":{"background-color":"","background-image":"","background-repeat":"repeat","background-position":"center center","background-size":"auto","background-attachment":"scroll","background-type":"","background-media":"","overlay-type":"","overlay-color":"","overlay-opacity":"","overlay-gradient":""}},"ast-content-background-meta":{"desktop":{"background-color":"var(--ast-global-color-5)","background-image":"","background-repeat":"repeat","background-position":"center center","background-size":"auto","background-attachment":"scroll","background-type":"","background-media":"","overlay-type":"","overlay-color":"","overlay-opacity":"","overlay-gradient":""},"tablet":{"background-color":"var(--ast-global-color-5)","background-image":"","background-repeat":"repeat","background-position":"center center","background-size":"auto","background-attachment":"scroll","background-type":"","background-media":"","overlay-type":"","overlay-color":"","overlay-opacity":"","overlay-gradient":""},"mobile":{"background-color":"var(--ast-global-color-5)","background-image":"","background-repeat":"repeat","background-position":"center center","background-size":"auto","background-attachment":"scroll","background-type":"","background-media":"","overlay-type":"","overlay-color":"","overlay-opacity":"","overlay-gradient":""}},"iawp_total_views":4},"product_brand":[],"product_cat":[212],"product_tag":[],"class_list":{"0":"post-16411","1":"product","2":"type-product","3":"status-publish","4":"has-post-thumbnail","6":"product_cat-displayport","7":"desktop-align-left","8":"tablet-align-left","9":"mobile-align-left","11":"first","12":"instock","13":"shipping-taxable","14":"purchasable","15":"product-type-simple"},"acf":[],"_links":{"self":[{"href":"https:\/\/www.fjpremium.com\/de\/wp-json\/wp\/v2\/product\/16411","targetHints":{"allow":["GET"]}}],"collection":[{"href":"https:\/\/www.fjpremium.com\/de\/wp-json\/wp\/v2\/product"}],"about":[{"href":"https:\/\/www.fjpremium.com\/de\/wp-json\/wp\/v2\/types\/product"}],"wp:featuredmedia":[{"embeddable":true,"href":"https:\/\/www.fjpremium.com\/de\/wp-json\/wp\/v2\/media\/16413"}],"wp:attachment":[{"href":"https:\/\/www.fjpremium.com\/de\/wp-json\/wp\/v2\/media?parent=16411"}],"wp:term":[{"taxonomy":"product_brand","embeddable":true,"href":"https:\/\/www.fjpremium.com\/de\/wp-json\/wp\/v2\/product_brand?post=16411"},{"taxonomy":"product_cat","embeddable":true,"href":"https:\/\/www.fjpremium.com\/de\/wp-json\/wp\/v2\/product_cat?post=16411"},{"taxonomy":"product_tag","embeddable":true,"href":"https:\/\/www.fjpremium.com\/de\/wp-json\/wp\/v2\/product_tag?post=16411"}],"curies":[{"name":"wp","href":"https:\/\/api.w.org\/{rel}","templated":true}]}}