{"id":16402,"date":"2020-09-09T16:07:25","date_gmt":"2020-09-09T08:07:25","guid":{"rendered":"https:\/\/www.fjpremium.com\/?post_type=product&#038;p=16402"},"modified":"2023-10-07T17:23:48","modified_gmt":"2023-10-07T09:23:48","slug":"mini-displayport-mini-dp-thunderbolt-2-to-4k-hdmi-2-0-coupler-hdmi-out-to-displayport-in-adapter-up-to-4k-60hz","status":"publish","type":"product","link":"https:\/\/www.fjpremium.com\/de\/product\/mini-displayport-mini-dp-thunderbolt-2-to-4k-hdmi-2-0-coupler-hdmi-out-to-displayport-in-adapter-up-to-4k-60hz\/","title":{"rendered":"Mini DisplayPort Mini DP (Thunderbolt 2) auf 4K HDMI 2.0 Koppler Displayport auf HDMI Adapter 4k 60hz"},"content":{"rendered":"<p>Unser hochwertiger Adapter ist so konzipiert, dass Sie Ihr mini DisplayPort-f\u00e4higes Chromebook oder Laptop nahtlos an HDMI-Bildschirme anschlie\u00dfen k\u00f6nnen.<\/p>\n<p>Er wandelt die digitalen Mini DisplayPort-Videosignale m\u00fchelos in HDMI um und erm\u00f6glicht so gestochen scharfe Bilder bis zu 4K@30 (3840\u00d72160, Ultra HD) und 1080P (Full HD). Au\u00dferdem sorgt er f\u00fcr ein unverf\u00e4lschtes Audioerlebnis, kompatibel mit digitalen 7.1, 5.1 oder 2 Kan\u00e4len.<\/p>\n<p>Dieser Adapter wurde in \u00dcbereinstimmung mit den DisplayPort 1.2-Standards entwickelt und erf\u00fcllt die Anforderungen von Hochleistungsanwendungen.<\/p>\n<p>Die robuste Konstruktion verspricht eine dauerhafte Leistung. EMI\/RFI-St\u00f6rungen werden mit den vollst\u00e4ndig geschirmten Leitern in Schach gehalten, w\u00e4hrend die 24-K-vergoldeten Stecker eine optimale Signalintegrit\u00e4t garantieren.<\/p>\n<p>Seine Spezifikationen:<\/p>\n<ul>\n<li>Geh\u00e4use: ABS-Schale<\/li>\n<li>Chipsatz: PS8121E<\/li>\n<li>Mantel: PVC<\/li>\n<li>Einhaltung der Vorschriften: RoHS, REACH<\/li>\n<\/ul>\n<p>Au\u00dferdem ist er durch die 2-Jahres-Garantie von FARSINCE abgesichert. Kontaktieren Sie uns also noch heute und investieren Sie in den Displayport zu HDMI Adapter 4k 60hz.<\/p>","protected":false},"excerpt":{"rendered":"<p>Vorstellung des Displayport-zu-HDMI-Adapters 4k 60 Hz von FARSINCE, pr\u00e4zisionsgefertigt f\u00fcr h\u00f6chste Leistung, abgesichert durch eine 2-j\u00e4hrige Garantie.<\/p>","protected":false},"featured_media":16403,"template":"","meta":{"_acf_changed":false,"_seopress_robots_primary_cat":"","_seopress_titles_title":"Best Displayport to HDMI Adapter 4k 60hz - Farsince","_seopress_titles_desc":"","_seopress_robots_index":"","site-sidebar-layout":"default","site-content-layout":"default","ast-site-content-layout":"default","site-content-style":"default","site-sidebar-style":"default","ast-global-header-display":"","ast-banner-title-visibility":"","ast-main-header-display":"","ast-hfb-above-header-display":"","ast-hfb-below-header-display":"","ast-hfb-mobile-header-display":"","site-post-title":"","ast-breadcrumbs-content":"","ast-featured-img":"","footer-sml-layout":"","ast-disable-related-posts":"","theme-transparent-header-meta":"default","adv-header-id-meta":"","stick-header-meta":"","header-above-stick-meta":"","header-main-stick-meta":"","header-below-stick-meta":"","astra-migrate-meta-layouts":"set","ast-page-background-enabled":"default","ast-page-background-meta":{"desktop":{"background-color":"","background-image":"","background-repeat":"repeat","background-position":"center center","background-size":"auto","background-attachment":"scroll","background-type":"","background-media":"","overlay-type":"","overlay-color":"","overlay-opacity":"","overlay-gradient":""},"tablet":{"background-color":"","background-image":"","background-repeat":"repeat","background-position":"center center","background-size":"auto","background-attachment":"scroll","background-type":"","background-media":"","overlay-type":"","overlay-color":"","overlay-opacity":"","overlay-gradient":""},"mobile":{"background-color":"","background-image":"","background-repeat":"repeat","background-position":"center center","background-size":"auto","background-attachment":"scroll","background-type":"","background-media":"","overlay-type":"","overlay-color":"","overlay-opacity":"","overlay-gradient":""}},"ast-content-background-meta":{"desktop":{"background-color":"var(--ast-global-color-5)","background-image":"","background-repeat":"repeat","background-position":"center center","background-size":"auto","background-attachment":"scroll","background-type":"","background-media":"","overlay-type":"","overlay-color":"","overlay-opacity":"","overlay-gradient":""},"tablet":{"background-color":"var(--ast-global-color-5)","background-image":"","background-repeat":"repeat","background-position":"center center","background-size":"auto","background-attachment":"scroll","background-type":"","background-media":"","overlay-type":"","overlay-color":"","overlay-opacity":"","overlay-gradient":""},"mobile":{"background-color":"var(--ast-global-color-5)","background-image":"","background-repeat":"repeat","background-position":"center center","background-size":"auto","background-attachment":"scroll","background-type":"","background-media":"","overlay-type":"","overlay-color":"","overlay-opacity":"","overlay-gradient":""}},"iawp_total_views":5},"product_brand":[],"product_cat":[212],"product_tag":[],"class_list":{"0":"post-16402","1":"product","2":"type-product","3":"status-publish","4":"has-post-thumbnail","6":"product_cat-displayport","7":"desktop-align-left","8":"tablet-align-left","9":"mobile-align-left","11":"first","12":"instock","13":"shipping-taxable","14":"purchasable","15":"product-type-simple"},"acf":[],"_links":{"self":[{"href":"https:\/\/www.fjpremium.com\/de\/wp-json\/wp\/v2\/product\/16402","targetHints":{"allow":["GET"]}}],"collection":[{"href":"https:\/\/www.fjpremium.com\/de\/wp-json\/wp\/v2\/product"}],"about":[{"href":"https:\/\/www.fjpremium.com\/de\/wp-json\/wp\/v2\/types\/product"}],"wp:featuredmedia":[{"embeddable":true,"href":"https:\/\/www.fjpremium.com\/de\/wp-json\/wp\/v2\/media\/16403"}],"wp:attachment":[{"href":"https:\/\/www.fjpremium.com\/de\/wp-json\/wp\/v2\/media?parent=16402"}],"wp:term":[{"taxonomy":"product_brand","embeddable":true,"href":"https:\/\/www.fjpremium.com\/de\/wp-json\/wp\/v2\/product_brand?post=16402"},{"taxonomy":"product_cat","embeddable":true,"href":"https:\/\/www.fjpremium.com\/de\/wp-json\/wp\/v2\/product_cat?post=16402"},{"taxonomy":"product_tag","embeddable":true,"href":"https:\/\/www.fjpremium.com\/de\/wp-json\/wp\/v2\/product_tag?post=16402"}],"curies":[{"name":"wp","href":"https:\/\/api.w.org\/{rel}","templated":true}]}}