{"id":16392,"date":"2020-09-09T16:02:39","date_gmt":"2020-09-09T08:02:39","guid":{"rendered":"https:\/\/www.fjpremium.com\/?post_type=product&#038;p=16392"},"modified":"2023-10-07T14:50:45","modified_gmt":"2023-10-07T06:50:45","slug":"mini-displayport-to-mini-displayport-cable-mini-dp-male-to-mini-dp-male-cable-4k-resolution","status":"publish","type":"product","link":"https:\/\/www.fjpremium.com\/de\/product\/mini-displayport-to-mini-displayport-cable-mini-dp-male-to-mini-dp-male-cable-4k-resolution\/","title":{"rendered":"Mini DisplayPort auf Mini DisplayPort Kabel DP Stecker auf DP Stecker Kabel 4K Aufl\u00f6sung"},"content":{"rendered":"<p>Dieses vielseitige Kabel verbindet mit Mini DisplayPort oder Thunderbolt 2 ausgestattete Ger\u00e4te wie MacBooks, Laptops oder Desktops m\u00fchelos mit HDTVs, Monitoren, Projektoren und anderen Ger\u00e4ten mit Mini DisplayPort oder Thunderbolt 2-Eingang.<\/p>\n<p>Es sorgt f\u00fcr atemberaubende Bilder, indem es Aufl\u00f6sungen bis zu 4K*2K (3840\u00d72160, Ultra HD) und 1080P (Full HD) unterst\u00fctzt. So genie\u00dfen Sie eine einwandfreie \u00dcbertragung von Video- und Audiosignalen f\u00fcr fesselndes Videostreaming und Gaming.<\/p>\n<p>Das DP-Stecker-auf-DP-Stecker-Kabel entspricht dem DisplayPort 1.2-Standard und bietet leistungsstarke Kompatibilit\u00e4t.<\/p>\n<p>Seine Spezifikationen:<\/p>\n<ul>\n<li>Kabelleitung: Verzinnter Copp<\/li>\n<li>Isolierung: Gesch\u00e4umte PE-Haut\/HDPE<\/li>\n<li>Drahtst\u00e4rke: 32AWG<\/li>\n<li>Dreifach abgeschirmt: verdrilltes Paar aus Aluminiumfolie, Gesamtaluminiumfolie, Geflecht<\/li>\n<li>Geh\u00e4use: ABS-Schale oder Spritzgu\u00df<\/li>\n<li>Mantel: PVC<\/li>\n<li>\u00c4u\u00dferer Durchmesser: 4,8\u00b10,2mm<\/li>\n<li>Einhaltung der Vorschriften: RoHS, REACH<\/li>\n<\/ul>\n<p>Dar\u00fcber hinaus bieten die vollst\u00e4ndig geschirmten Leiter Immunit\u00e4t gegen EMI\/RFI-St\u00f6rungen, und die vergoldeten Anschl\u00fcsse sorgen f\u00fcr eine hervorragende Signal\u00fcbertragung.<\/p>\n<p>Nehmen Sie daher noch heute Kontakt mit uns auf und f\u00fcgen Sie es Ihrem Bestand hinzu, um eine zuverl\u00e4ssige Leistung mit hoher Bandbreite zu erhalten.<\/p>","protected":false},"excerpt":{"rendered":"<p>Erleben Sie eine nahtlose Audio-Video-Verbindung mit dem FARSINCE DP-Stecker-auf-DP-Stecker-Kabel, Ihrer bevorzugten L\u00f6sung f\u00fcr erweiterte Heimkino- und Desktop-Anwendungen.<\/p>","protected":false},"featured_media":16393,"template":"","meta":{"_acf_changed":false,"_seopress_robots_primary_cat":"","_seopress_titles_title":"Best DP Male to DP Male Cable 4K Resolution - Farsince","_seopress_titles_desc":"","_seopress_robots_index":"","site-sidebar-layout":"default","site-content-layout":"default","ast-site-content-layout":"default","site-content-style":"default","site-sidebar-style":"default","ast-global-header-display":"","ast-banner-title-visibility":"","ast-main-header-display":"","ast-hfb-above-header-display":"","ast-hfb-below-header-display":"","ast-hfb-mobile-header-display":"","site-post-title":"","ast-breadcrumbs-content":"","ast-featured-img":"","footer-sml-layout":"","ast-disable-related-posts":"","theme-transparent-header-meta":"default","adv-header-id-meta":"","stick-header-meta":"","header-above-stick-meta":"","header-main-stick-meta":"","header-below-stick-meta":"","astra-migrate-meta-layouts":"set","ast-page-background-enabled":"default","ast-page-background-meta":{"desktop":{"background-color":"","background-image":"","background-repeat":"repeat","background-position":"center center","background-size":"auto","background-attachment":"scroll","background-type":"","background-media":"","overlay-type":"","overlay-color":"","overlay-opacity":"","overlay-gradient":""},"tablet":{"background-color":"","background-image":"","background-repeat":"repeat","background-position":"center center","background-size":"auto","background-attachment":"scroll","background-type":"","background-media":"","overlay-type":"","overlay-color":"","overlay-opacity":"","overlay-gradient":""},"mobile":{"background-color":"","background-image":"","background-repeat":"repeat","background-position":"center center","background-size":"auto","background-attachment":"scroll","background-type":"","background-media":"","overlay-type":"","overlay-color":"","overlay-opacity":"","overlay-gradient":""}},"ast-content-background-meta":{"desktop":{"background-color":"var(--ast-global-color-5)","background-image":"","background-repeat":"repeat","background-position":"center center","background-size":"auto","background-attachment":"scroll","background-type":"","background-media":"","overlay-type":"","overlay-color":"","overlay-opacity":"","overlay-gradient":""},"tablet":{"background-color":"var(--ast-global-color-5)","background-image":"","background-repeat":"repeat","background-position":"center center","background-size":"auto","background-attachment":"scroll","background-type":"","background-media":"","overlay-type":"","overlay-color":"","overlay-opacity":"","overlay-gradient":""},"mobile":{"background-color":"var(--ast-global-color-5)","background-image":"","background-repeat":"repeat","background-position":"center center","background-size":"auto","background-attachment":"scroll","background-type":"","background-media":"","overlay-type":"","overlay-color":"","overlay-opacity":"","overlay-gradient":""}},"iawp_total_views":5},"product_brand":[],"product_cat":[460,212],"product_tag":[],"class_list":{"0":"post-16392","1":"product","2":"type-product","3":"status-publish","4":"has-post-thumbnail","6":"product_cat-featured-products","7":"product_cat-displayport","8":"desktop-align-left","9":"tablet-align-left","10":"mobile-align-left","12":"first","13":"instock","14":"shipping-taxable","15":"purchasable","16":"product-type-simple"},"acf":[],"_links":{"self":[{"href":"https:\/\/www.fjpremium.com\/de\/wp-json\/wp\/v2\/product\/16392","targetHints":{"allow":["GET"]}}],"collection":[{"href":"https:\/\/www.fjpremium.com\/de\/wp-json\/wp\/v2\/product"}],"about":[{"href":"https:\/\/www.fjpremium.com\/de\/wp-json\/wp\/v2\/types\/product"}],"wp:featuredmedia":[{"embeddable":true,"href":"https:\/\/www.fjpremium.com\/de\/wp-json\/wp\/v2\/media\/16393"}],"wp:attachment":[{"href":"https:\/\/www.fjpremium.com\/de\/wp-json\/wp\/v2\/media?parent=16392"}],"wp:term":[{"taxonomy":"product_brand","embeddable":true,"href":"https:\/\/www.fjpremium.com\/de\/wp-json\/wp\/v2\/product_brand?post=16392"},{"taxonomy":"product_cat","embeddable":true,"href":"https:\/\/www.fjpremium.com\/de\/wp-json\/wp\/v2\/product_cat?post=16392"},{"taxonomy":"product_tag","embeddable":true,"href":"https:\/\/www.fjpremium.com\/de\/wp-json\/wp\/v2\/product_tag?post=16392"}],"curies":[{"name":"wp","href":"https:\/\/api.w.org\/{rel}","templated":true}]}}