{"id":16357,"date":"2020-09-09T15:54:07","date_gmt":"2020-09-09T07:54:07","guid":{"rendered":"https:\/\/www.fjpremium.com\/?post_type=product&#038;p=16357"},"modified":"2023-10-07T17:25:06","modified_gmt":"2023-10-07T09:25:06","slug":"right-left-up-down-displayport-male-to-displayport-female-dp-to-dp-extender-coupler-adapter-up-to-4k","status":"publish","type":"product","link":"https:\/\/www.fjpremium.com\/de\/product\/right-left-up-down-displayport-male-to-displayport-female-dp-to-dp-extender-coupler-adapter-up-to-4k\/","title":{"rendered":"Rechts links oben unten DisplayPort zu DisplayPort Adapter DP zu DP Extender Koppler Adapter bis zu 4K"},"content":{"rendered":"<p>Dieser vielseitige DisplayPort-zu-DisplayPort-Adapter, der in den Richtungswinkeln links, rechts, oben und unten erh\u00e4ltlich ist, gew\u00e4hrleistet eine einwandfreie Audio- und Videosynchronisation.<\/p>\n<p>Es ist ideal f\u00fcr die Verl\u00e4ngerung Ihres aktuellen DisplayPort-Kabels zu Ger\u00e4ten mit DisplayPort-Eingang, einschlie\u00dflich HD-Monitoren, Projektoren, Laptops und Desktops.<\/p>\n<p>Das 90-Grad-Winkeldesign eignet sich hervorragend f\u00fcr beengte Platzverh\u00e4ltnisse und erweist sich als unverzichtbar f\u00fcr enge Tischecken und schmale Wandabst\u00e4nde und erm\u00f6glicht sogar die Installation unter Montagewinkeln.<\/p>\n<p>Seine Spezifikationen:<\/p>\n<ul>\n<li>Anschluss 1: DisplayPort 1.2v 20 Pin Stecker<\/li>\n<li>Anschluss 2: DisplayPort 1.2v 20 Pin Buchse<\/li>\n<li>Vergoldeter Kontakt; vergoldetes Geh\u00e4use<\/li>\n<li>Geh\u00e4use: ABS-Schale<\/li>\n<li>Einhaltung der Vorschriften: RoHS, REACH<\/li>\n<\/ul>\n<p>Dar\u00fcber hinaus unterst\u00fctzt er eine Videoaufl\u00f6sung von bis zu 4K@60Hz und die Plug-and-Play-Funktionalit\u00e4t sorgt f\u00fcr eine einfache und problemlose Einrichtung. Kontaktieren Sie uns daher noch heute und bestellen Sie den Adapter.<\/p>","protected":false},"excerpt":{"rendered":"<p>Wir pr\u00e4sentieren den DisplayPort-auf-DisplayPort-Adapter (rechts, links, oben, unten) von FARSINCE, der in vier Richtungswinkeln erh\u00e4ltlich ist und bis zu 4K@60Hz unterst\u00fctzt, perfekt f\u00fcr enge R\u00e4ume.<\/p>","protected":false},"featured_media":16384,"template":"","meta":{"_acf_changed":false,"_seopress_robots_primary_cat":"","_seopress_titles_title":"Best DisplayPort to DisplayPort Adapter - Farsince","_seopress_titles_desc":"Presenting FARSINCE&#039;s right left up down DisplayPort to  DisplayPort adapter, supporting up to 4K@60Hz, perfect for tight spaces.","_seopress_robots_index":"","site-sidebar-layout":"default","site-content-layout":"default","ast-site-content-layout":"default","site-content-style":"default","site-sidebar-style":"default","ast-global-header-display":"","ast-banner-title-visibility":"","ast-main-header-display":"","ast-hfb-above-header-display":"","ast-hfb-below-header-display":"","ast-hfb-mobile-header-display":"","site-post-title":"","ast-breadcrumbs-content":"","ast-featured-img":"","footer-sml-layout":"","ast-disable-related-posts":"","theme-transparent-header-meta":"default","adv-header-id-meta":"","stick-header-meta":"","header-above-stick-meta":"","header-main-stick-meta":"","header-below-stick-meta":"","astra-migrate-meta-layouts":"set","ast-page-background-enabled":"default","ast-page-background-meta":{"desktop":{"background-color":"","background-image":"","background-repeat":"repeat","background-position":"center center","background-size":"auto","background-attachment":"scroll","background-type":"","background-media":"","overlay-type":"","overlay-color":"","overlay-opacity":"","overlay-gradient":""},"tablet":{"background-color":"","background-image":"","background-repeat":"repeat","background-position":"center center","background-size":"auto","background-attachment":"scroll","background-type":"","background-media":"","overlay-type":"","overlay-color":"","overlay-opacity":"","overlay-gradient":""},"mobile":{"background-color":"","background-image":"","background-repeat":"repeat","background-position":"center center","background-size":"auto","background-attachment":"scroll","background-type":"","background-media":"","overlay-type":"","overlay-color":"","overlay-opacity":"","overlay-gradient":""}},"ast-content-background-meta":{"desktop":{"background-color":"var(--ast-global-color-5)","background-image":"","background-repeat":"repeat","background-position":"center center","background-size":"auto","background-attachment":"scroll","background-type":"","background-media":"","overlay-type":"","overlay-color":"","overlay-opacity":"","overlay-gradient":""},"tablet":{"background-color":"var(--ast-global-color-5)","background-image":"","background-repeat":"repeat","background-position":"center center","background-size":"auto","background-attachment":"scroll","background-type":"","background-media":"","overlay-type":"","overlay-color":"","overlay-opacity":"","overlay-gradient":""},"mobile":{"background-color":"var(--ast-global-color-5)","background-image":"","background-repeat":"repeat","background-position":"center center","background-size":"auto","background-attachment":"scroll","background-type":"","background-media":"","overlay-type":"","overlay-color":"","overlay-opacity":"","overlay-gradient":""}},"iawp_total_views":4},"product_brand":[],"product_cat":[212],"product_tag":[],"class_list":{"0":"post-16357","1":"product","2":"type-product","3":"status-publish","4":"has-post-thumbnail","6":"product_cat-displayport","7":"desktop-align-left","8":"tablet-align-left","9":"mobile-align-left","11":"first","12":"instock","13":"shipping-taxable","14":"purchasable","15":"product-type-simple"},"acf":[],"_links":{"self":[{"href":"https:\/\/www.fjpremium.com\/de\/wp-json\/wp\/v2\/product\/16357","targetHints":{"allow":["GET"]}}],"collection":[{"href":"https:\/\/www.fjpremium.com\/de\/wp-json\/wp\/v2\/product"}],"about":[{"href":"https:\/\/www.fjpremium.com\/de\/wp-json\/wp\/v2\/types\/product"}],"wp:featuredmedia":[{"embeddable":true,"href":"https:\/\/www.fjpremium.com\/de\/wp-json\/wp\/v2\/media\/16384"}],"wp:attachment":[{"href":"https:\/\/www.fjpremium.com\/de\/wp-json\/wp\/v2\/media?parent=16357"}],"wp:term":[{"taxonomy":"product_brand","embeddable":true,"href":"https:\/\/www.fjpremium.com\/de\/wp-json\/wp\/v2\/product_brand?post=16357"},{"taxonomy":"product_cat","embeddable":true,"href":"https:\/\/www.fjpremium.com\/de\/wp-json\/wp\/v2\/product_cat?post=16357"},{"taxonomy":"product_tag","embeddable":true,"href":"https:\/\/www.fjpremium.com\/de\/wp-json\/wp\/v2\/product_tag?post=16357"}],"curies":[{"name":"wp","href":"https:\/\/api.w.org\/{rel}","templated":true}]}}