{"id":16356,"date":"2020-09-09T15:54:06","date_gmt":"2020-09-09T07:54:06","guid":{"rendered":"https:\/\/www.fjpremium.com\/?post_type=product&#038;p=16356"},"modified":"2023-10-07T14:17:42","modified_gmt":"2023-10-07T06:17:42","slug":"displayport-female-to-displayport-female-dp-to-dp-extension-coupler-adapter-up-to-4k","status":"publish","type":"product","link":"https:\/\/www.fjpremium.com\/de\/product\/displayport-female-to-displayport-female-dp-to-dp-extension-coupler-adapter-up-to-4k\/","title":{"rendered":"DisplayPort Buchse auf DisplayPort Buchse DP auf DP Adapter bis zu 4K"},"content":{"rendered":"<p>Mit diesem unverzichtbaren Zubeh\u00f6r k\u00f6nnen Sie zwei DisplayPort-Kabel mit Stecker nahtlos miteinander verbinden und so die Kabell\u00e4nge effektiv verl\u00e4ngern, ohne die Videoqualit\u00e4t zu beeintr\u00e4chtigen.<\/p>\n<p>Er unterst\u00fctzt Full HD mit bis zu 4K@60Hz und sorgt so f\u00fcr eine ultrahochaufl\u00f6sende Darstellung.<\/p>\n<p>Au\u00dferdem verhindert es ein versehentliches Trennen der Verbindung und ist eine perfekte L\u00f6sung f\u00fcr die Verl\u00e4ngerung eines DisplayPort-Kabels zu einem DisplayPort-MST-Hub oder einem Computer mit DP-, DP++- oder DisplayPort++-Ausgang.<\/p>\n<p>Mit seinem robusten Geh\u00e4use und den vergoldeten Anschl\u00fcssen sorgt unser DP-zu-DP-Adapter f\u00fcr minimale Signalverluste und garantiert eine au\u00dfergew\u00f6hnliche Leistung und Langlebigkeit.<\/p>\n<p>Seine Spezifikationen:<\/p>\n<ul>\n<li>Anschluss 1: DisplayPort 1.2v 20 Pin Buchse<\/li>\n<li>Anschluss 2: DisplayPort 1.2v 20 Pin Buchse<\/li>\n<li>Geh\u00e4use: Spritzgie\u00dfen<\/li>\n<li>Einhaltung der Vorschriften: RoHS, REACH<\/li>\n<\/ul>\n<p>Und Sie werden den Komfort der Plug-and-Play-Technologie genie\u00dfen. Wenden Sie sich also noch heute an uns und nehmen Sie es in Ihren Bestand auf.<\/p>","protected":false},"excerpt":{"rendered":"<p>Optimieren Sie die Videoausgabe mit dem FARSINCE DP-zu-DP-Adapterkoppler, der 4K@60Hz f\u00fcr die HD-Anzeige unterst\u00fctzt und ideal f\u00fcr die Verl\u00e4ngerung von Kabeln ist.<\/p>","protected":false},"featured_media":16378,"template":"","meta":{"_acf_changed":false,"_seopress_robots_primary_cat":"","_seopress_titles_title":"Best DP to DP Adapter up to 4K - Farsince","_seopress_titles_desc":"","_seopress_robots_index":"","site-sidebar-layout":"default","site-content-layout":"default","ast-site-content-layout":"default","site-content-style":"default","site-sidebar-style":"default","ast-global-header-display":"","ast-banner-title-visibility":"","ast-main-header-display":"","ast-hfb-above-header-display":"","ast-hfb-below-header-display":"","ast-hfb-mobile-header-display":"","site-post-title":"","ast-breadcrumbs-content":"","ast-featured-img":"","footer-sml-layout":"","ast-disable-related-posts":"","theme-transparent-header-meta":"default","adv-header-id-meta":"","stick-header-meta":"","header-above-stick-meta":"","header-main-stick-meta":"","header-below-stick-meta":"","astra-migrate-meta-layouts":"set","ast-page-background-enabled":"default","ast-page-background-meta":{"desktop":{"background-color":"","background-image":"","background-repeat":"repeat","background-position":"center center","background-size":"auto","background-attachment":"scroll","background-type":"","background-media":"","overlay-type":"","overlay-color":"","overlay-opacity":"","overlay-gradient":""},"tablet":{"background-color":"","background-image":"","background-repeat":"repeat","background-position":"center center","background-size":"auto","background-attachment":"scroll","background-type":"","background-media":"","overlay-type":"","overlay-color":"","overlay-opacity":"","overlay-gradient":""},"mobile":{"background-color":"","background-image":"","background-repeat":"repeat","background-position":"center center","background-size":"auto","background-attachment":"scroll","background-type":"","background-media":"","overlay-type":"","overlay-color":"","overlay-opacity":"","overlay-gradient":""}},"ast-content-background-meta":{"desktop":{"background-color":"var(--ast-global-color-5)","background-image":"","background-repeat":"repeat","background-position":"center center","background-size":"auto","background-attachment":"scroll","background-type":"","background-media":"","overlay-type":"","overlay-color":"","overlay-opacity":"","overlay-gradient":""},"tablet":{"background-color":"var(--ast-global-color-5)","background-image":"","background-repeat":"repeat","background-position":"center center","background-size":"auto","background-attachment":"scroll","background-type":"","background-media":"","overlay-type":"","overlay-color":"","overlay-opacity":"","overlay-gradient":""},"mobile":{"background-color":"var(--ast-global-color-5)","background-image":"","background-repeat":"repeat","background-position":"center center","background-size":"auto","background-attachment":"scroll","background-type":"","background-media":"","overlay-type":"","overlay-color":"","overlay-opacity":"","overlay-gradient":""}},"iawp_total_views":12},"product_brand":[],"product_cat":[212],"product_tag":[],"class_list":{"0":"post-16356","1":"product","2":"type-product","3":"status-publish","4":"has-post-thumbnail","6":"product_cat-displayport","7":"desktop-align-left","8":"tablet-align-left","9":"mobile-align-left","11":"first","12":"instock","13":"shipping-taxable","14":"purchasable","15":"product-type-simple"},"acf":[],"_links":{"self":[{"href":"https:\/\/www.fjpremium.com\/de\/wp-json\/wp\/v2\/product\/16356","targetHints":{"allow":["GET"]}}],"collection":[{"href":"https:\/\/www.fjpremium.com\/de\/wp-json\/wp\/v2\/product"}],"about":[{"href":"https:\/\/www.fjpremium.com\/de\/wp-json\/wp\/v2\/types\/product"}],"wp:featuredmedia":[{"embeddable":true,"href":"https:\/\/www.fjpremium.com\/de\/wp-json\/wp\/v2\/media\/16378"}],"wp:attachment":[{"href":"https:\/\/www.fjpremium.com\/de\/wp-json\/wp\/v2\/media?parent=16356"}],"wp:term":[{"taxonomy":"product_brand","embeddable":true,"href":"https:\/\/www.fjpremium.com\/de\/wp-json\/wp\/v2\/product_brand?post=16356"},{"taxonomy":"product_cat","embeddable":true,"href":"https:\/\/www.fjpremium.com\/de\/wp-json\/wp\/v2\/product_cat?post=16356"},{"taxonomy":"product_tag","embeddable":true,"href":"https:\/\/www.fjpremium.com\/de\/wp-json\/wp\/v2\/product_tag?post=16356"}],"curies":[{"name":"wp","href":"https:\/\/api.w.org\/{rel}","templated":true}]}}